{"id":13124,"date":"2023-05-30T08:06:36","date_gmt":"2023-05-30T08:06:36","guid":{"rendered":"https:\/\/boutique-durag.com\/produit\/durag-rose-clair-fluorescent\/"},"modified":"2024-09-17T14:42:34","modified_gmt":"2024-09-17T14:42:34","slug":"durag-rose-clair-fluorescent","status":"publish","type":"product","link":"https:\/\/boutique-durag.com\/es\/producto\/durag-rose-clair-fluorescent\/","title":{"rendered":"Durag rosa claro fluorescente"},"content":{"rendered":"<h2 style=\"text-align: center\">Completa tu peinado con un durag rosa claro para mujer<\/h2>\n<p>A <a href=\"https:\/\/boutique-durag.com\/produit\/durag-rose \/\" title=\"Durag pink\" class=\"broken_link\">durag pink<\/a> que te dejar\u00e1 un efecto impresionante y \u00fanico gracias a su color fluorescente, un <strong>durag<\/strong> que te permitir\u00e1 crear tu propio estilo en para encontrar el peinado que m\u00e1s te favorece.<\/p>\n<h3>Caracter\u00edsticas del durag rosa claro sedoso fluorescente<\/h3>\n<ul>\n<li>Ayuda en la obtenci\u00f3n de ondas y fijaci\u00f3n del cabello<\/li>\n<li> Nuestros durags est\u00e1n hechos a mano para garantizar la m\u00e1s alta calidad<\/li>\n<li>Color: rosa claro<\/li>\n<li>Materiales: poli\u00e9ster<\/li>\n<li>Se recomienda lavar a mano, dejar secar en plano <\/li>\n<p><\/ ul><\/p>\n","protected":false},"excerpt":{"rendered":"<p>Completa tu peinado con un durag rosa claro para mujer A durag pink que te dejar\u00e1 un efecto impresionante y \u00fanico gracias a su color fluorescente, un durag que te permitir\u00e1 crear tu propio estilo en para encontrar el peinado que m\u00e1s te favorece. Caracter\u00edsticas del durag rosa claro sedoso fluorescente Ayuda en la obtenci\u00f3n [&hellip;]<\/p>\n","protected":false},"featured_media":11326,"comment_status":"open","ping_status":"closed","template":"","meta":[],"product_cat":[624,631],"product_tag":[],"class_list":{"0":"post-13124","1":"product","2":"type-product","3":"status-publish","4":"has-post-thumbnail","6":"product_cat-durag-fluorescente","7":"product_cat-durag-seda","9":"first","10":"instock","11":"shipping-taxable","12":"purchasable","13":"product-type-simple"},"yoast_head":"<title>Durag rosa claro fluorescente entrega gratuita | Ahorre un 30% en su pedido<\/title>\n<meta name=\"description\" content=\"Reciba su Durag rosa claro fluorescente hoy mismo y benef\u00edciese de env\u00edo gratuito | 24\/48h dispatch\" \/>\n<meta name=\"robots\" content=\"index, follow, max-snippet:-1, max-image-preview:large, max-video-preview:-1\" \/>\n<link rel=\"canonical\" href=\"https:\/\/boutique-durag.com\/es\/producto\/durag-rose-clair-fluorescent\/\" \/>\n<meta property=\"og:locale\" content=\"es_ES\" \/>\n<meta property=\"og:type\" content=\"article\" \/>\n<meta property=\"og:title\" content=\"Durag rosa claro fluorescente entrega gratuita | Ahorre un 30% en su pedido\" \/>\n<meta property=\"og:description\" content=\"Reciba su Durag rosa claro fluorescente hoy mismo y benef\u00edciese de env\u00edo gratuito | 24\/48h dispatch\" \/>\n<meta property=\"og:url\" content=\"https:\/\/boutique-durag.com\/es\/producto\/durag-rose-clair-fluorescent\/\" \/>\n<meta property=\"og:site_name\" content=\"Tienda Durag\" \/>\n<meta property=\"article:modified_time\" content=\"2024-09-17T14:42:34+00:00\" \/>\n<meta property=\"og:image\" content=\"https:\/\/boutique-durag.com\/wp-content\/uploads\/2023\/05\/Durag_rose_clair_fluorescent_-_Durag-Shop.jpg\" \/>\n\t<meta property=\"og:image:width\" content=\"640\" \/>\n\t<meta property=\"og:image:height\" content=\"640\" \/>\n\t<meta property=\"og:image:type\" content=\"image\/jpeg\" \/>\n<meta name=\"twitter:card\" content=\"summary_large_image\" \/>\n<script type=\"application\/ld+json\" class=\"yoast-schema-graph\">{\"@context\":\"https:\/\/schema.org\",\"@graph\":[{\"@type\":\"WebPage\",\"@id\":\"https:\/\/boutique-durag.com\/es\/producto\/durag-rose-clair-fluorescent\/\",\"url\":\"https:\/\/boutique-durag.com\/es\/producto\/durag-rose-clair-fluorescent\/\",\"name\":\"Durag rosa claro fluorescente entrega gratuita | Ahorre un 30% en su pedido\",\"isPartOf\":{\"@id\":\"https:\/\/boutique-durag.com\/es\/#website\"},\"primaryImageOfPage\":{\"@id\":\"https:\/\/boutique-durag.com\/es\/producto\/durag-rose-clair-fluorescent\/#primaryimage\"},\"image\":{\"@id\":\"https:\/\/boutique-durag.com\/es\/producto\/durag-rose-clair-fluorescent\/#primaryimage\"},\"thumbnailUrl\":\"https:\/\/boutique-durag.com\/wp-content\/uploads\/2023\/05\/Durag_rose_clair_fluorescent_-_Durag-Shop.jpg\",\"datePublished\":\"2023-05-30T08:06:36+00:00\",\"dateModified\":\"2024-09-17T14:42:34+00:00\",\"description\":\"Reciba su Durag rosa claro fluorescente hoy mismo y benef\u00edciese de env\u00edo gratuito | 24\/48h dispatch\",\"breadcrumb\":{\"@id\":\"https:\/\/boutique-durag.com\/es\/producto\/durag-rose-clair-fluorescent\/#breadcrumb\"},\"inLanguage\":\"es\",\"potentialAction\":[{\"@type\":\"ReadAction\",\"target\":[\"https:\/\/boutique-durag.com\/es\/producto\/durag-rose-clair-fluorescent\/\"]}]},{\"@type\":\"ImageObject\",\"inLanguage\":\"es\",\"@id\":\"https:\/\/boutique-durag.com\/es\/producto\/durag-rose-clair-fluorescent\/#primaryimage\",\"url\":\"https:\/\/boutique-durag.com\/wp-content\/uploads\/2023\/05\/Durag_rose_clair_fluorescent_-_Durag-Shop.jpg\",\"contentUrl\":\"https:\/\/boutique-durag.com\/wp-content\/uploads\/2023\/05\/Durag_rose_clair_fluorescent_-_Durag-Shop.jpg\",\"width\":640,\"height\":640},{\"@type\":\"BreadcrumbList\",\"@id\":\"https:\/\/boutique-durag.com\/es\/producto\/durag-rose-clair-fluorescent\/#breadcrumb\",\"itemListElement\":[{\"@type\":\"ListItem\",\"position\":1,\"name\":\"Boutique durag\",\"item\":\"https:\/\/boutique-durag.com\/es\/inicio\/\"},{\"@type\":\"ListItem\",\"position\":2,\"name\":\"Tienda\",\"item\":\"https:\/\/boutique-durag.com\/es\/tienda\/\"},{\"@type\":\"ListItem\",\"position\":3,\"name\":\"Durag Fluorescente\",\"item\":\"https:\/\/boutique-durag.com\/es\/colecciones\/durag-fluorescente\/\"},{\"@type\":\"ListItem\",\"position\":4,\"name\":\"Durag rosa claro fluorescente\"}]},{\"@type\":\"WebSite\",\"@id\":\"https:\/\/boutique-durag.com\/es\/#website\",\"url\":\"https:\/\/boutique-durag.com\/es\/\",\"name\":\"Tienda Durag\",\"description\":\"Tienda francesa de ropa de calle para hombre y mujer dedicada al mundo del durag y la cultura hip-hop. Descubre nuestra selecci\u00f3n de durag.\",\"publisher\":{\"@id\":\"https:\/\/boutique-durag.com\/es\/#organization\"},\"potentialAction\":[{\"@type\":\"SearchAction\",\"target\":{\"@type\":\"EntryPoint\",\"urlTemplate\":\"https:\/\/boutique-durag.com\/es\/?s={search_term_string}\"},\"query-input\":{\"@type\":\"PropertyValueSpecification\",\"valueRequired\":true,\"valueName\":\"search_term_string\"}}],\"inLanguage\":\"es\"},{\"@type\":\"Organization\",\"@id\":\"https:\/\/boutique-durag.com\/es\/#organization\",\"name\":\"Tienda Durag\",\"url\":\"https:\/\/boutique-durag.com\/es\/\",\"logo\":{\"@type\":\"ImageObject\",\"inLanguage\":\"es\",\"@id\":\"https:\/\/boutique-durag.com\/es\/#\/schema\/logo\/image\/\",\"url\":\"https:\/\/boutique-durag.com\/wp-content\/uploads\/2023\/05\/cropped-Site-Logo-3-1.png\",\"contentUrl\":\"https:\/\/boutique-durag.com\/wp-content\/uploads\/2023\/05\/cropped-Site-Logo-3-1.png\",\"width\":400,\"height\":100,\"caption\":\"Tienda Durag\"},\"image\":{\"@id\":\"https:\/\/boutique-durag.com\/es\/#\/schema\/logo\/image\/\"}}]}<\/script>","yoast_head_json":{"title":"Durag rosa claro fluorescente entrega gratuita | Ahorre un 30% en su pedido","description":"Reciba su Durag rosa claro fluorescente hoy mismo y benef\u00edciese de env\u00edo gratuito | 24\/48h dispatch","robots":{"index":"index","follow":"follow","max-snippet":"max-snippet:-1","max-image-preview":"max-image-preview:large","max-video-preview":"max-video-preview:-1"},"canonical":"https:\/\/boutique-durag.com\/es\/producto\/durag-rose-clair-fluorescent\/","og_locale":"es_ES","og_type":"article","og_title":"Durag rosa claro fluorescente entrega gratuita | Ahorre un 30% en su pedido","og_description":"Reciba su Durag rosa claro fluorescente hoy mismo y benef\u00edciese de env\u00edo gratuito | 24\/48h dispatch","og_url":"https:\/\/boutique-durag.com\/es\/producto\/durag-rose-clair-fluorescent\/","og_site_name":"Tienda Durag","article_modified_time":"2024-09-17T14:42:34+00:00","og_image":[{"width":640,"height":640,"url":"https:\/\/boutique-durag.com\/wp-content\/uploads\/2023\/05\/Durag_rose_clair_fluorescent_-_Durag-Shop.jpg","type":"image\/jpeg"}],"twitter_card":"summary_large_image","schema":{"@context":"https:\/\/schema.org","@graph":[{"@type":"WebPage","@id":"https:\/\/boutique-durag.com\/es\/producto\/durag-rose-clair-fluorescent\/","url":"https:\/\/boutique-durag.com\/es\/producto\/durag-rose-clair-fluorescent\/","name":"Durag rosa claro fluorescente entrega gratuita | Ahorre un 30% en su pedido","isPartOf":{"@id":"https:\/\/boutique-durag.com\/es\/#website"},"primaryImageOfPage":{"@id":"https:\/\/boutique-durag.com\/es\/producto\/durag-rose-clair-fluorescent\/#primaryimage"},"image":{"@id":"https:\/\/boutique-durag.com\/es\/producto\/durag-rose-clair-fluorescent\/#primaryimage"},"thumbnailUrl":"https:\/\/boutique-durag.com\/wp-content\/uploads\/2023\/05\/Durag_rose_clair_fluorescent_-_Durag-Shop.jpg","datePublished":"2023-05-30T08:06:36+00:00","dateModified":"2024-09-17T14:42:34+00:00","description":"Reciba su Durag rosa claro fluorescente hoy mismo y benef\u00edciese de env\u00edo gratuito | 24\/48h dispatch","breadcrumb":{"@id":"https:\/\/boutique-durag.com\/es\/producto\/durag-rose-clair-fluorescent\/#breadcrumb"},"inLanguage":"es","potentialAction":[{"@type":"ReadAction","target":["https:\/\/boutique-durag.com\/es\/producto\/durag-rose-clair-fluorescent\/"]}]},{"@type":"ImageObject","inLanguage":"es","@id":"https:\/\/boutique-durag.com\/es\/producto\/durag-rose-clair-fluorescent\/#primaryimage","url":"https:\/\/boutique-durag.com\/wp-content\/uploads\/2023\/05\/Durag_rose_clair_fluorescent_-_Durag-Shop.jpg","contentUrl":"https:\/\/boutique-durag.com\/wp-content\/uploads\/2023\/05\/Durag_rose_clair_fluorescent_-_Durag-Shop.jpg","width":640,"height":640},{"@type":"BreadcrumbList","@id":"https:\/\/boutique-durag.com\/es\/producto\/durag-rose-clair-fluorescent\/#breadcrumb","itemListElement":[{"@type":"ListItem","position":1,"name":"Boutique durag","item":"https:\/\/boutique-durag.com\/es\/inicio\/"},{"@type":"ListItem","position":2,"name":"Tienda","item":"https:\/\/boutique-durag.com\/es\/tienda\/"},{"@type":"ListItem","position":3,"name":"Durag Fluorescente","item":"https:\/\/boutique-durag.com\/es\/colecciones\/durag-fluorescente\/"},{"@type":"ListItem","position":4,"name":"Durag rosa claro fluorescente"}]},{"@type":"WebSite","@id":"https:\/\/boutique-durag.com\/es\/#website","url":"https:\/\/boutique-durag.com\/es\/","name":"Tienda Durag","description":"Tienda francesa de ropa de calle para hombre y mujer dedicada al mundo del durag y la cultura hip-hop. Descubre nuestra selecci\u00f3n de durag.","publisher":{"@id":"https:\/\/boutique-durag.com\/es\/#organization"},"potentialAction":[{"@type":"SearchAction","target":{"@type":"EntryPoint","urlTemplate":"https:\/\/boutique-durag.com\/es\/?s={search_term_string}"},"query-input":{"@type":"PropertyValueSpecification","valueRequired":true,"valueName":"search_term_string"}}],"inLanguage":"es"},{"@type":"Organization","@id":"https:\/\/boutique-durag.com\/es\/#organization","name":"Tienda Durag","url":"https:\/\/boutique-durag.com\/es\/","logo":{"@type":"ImageObject","inLanguage":"es","@id":"https:\/\/boutique-durag.com\/es\/#\/schema\/logo\/image\/","url":"https:\/\/boutique-durag.com\/wp-content\/uploads\/2023\/05\/cropped-Site-Logo-3-1.png","contentUrl":"https:\/\/boutique-durag.com\/wp-content\/uploads\/2023\/05\/cropped-Site-Logo-3-1.png","width":400,"height":100,"caption":"Tienda Durag"},"image":{"@id":"https:\/\/boutique-durag.com\/es\/#\/schema\/logo\/image\/"}}]}},"_links":{"self":[{"href":"https:\/\/boutique-durag.com\/es\/wp-json\/wp\/v2\/product\/13124"}],"collection":[{"href":"https:\/\/boutique-durag.com\/es\/wp-json\/wp\/v2\/product"}],"about":[{"href":"https:\/\/boutique-durag.com\/es\/wp-json\/wp\/v2\/types\/product"}],"replies":[{"embeddable":true,"href":"https:\/\/boutique-durag.com\/es\/wp-json\/wp\/v2\/comments?post=13124"}],"wp:featuredmedia":[{"embeddable":true,"href":"https:\/\/boutique-durag.com\/es\/wp-json\/wp\/v2\/media\/11326"}],"wp:attachment":[{"href":"https:\/\/boutique-durag.com\/es\/wp-json\/wp\/v2\/media?parent=13124"}],"wp:term":[{"taxonomy":"product_cat","embeddable":true,"href":"https:\/\/boutique-durag.com\/es\/wp-json\/wp\/v2\/product_cat?post=13124"},{"taxonomy":"product_tag","embeddable":true,"href":"https:\/\/boutique-durag.com\/es\/wp-json\/wp\/v2\/product_tag?post=13124"}],"curies":[{"name":"wp","href":"https:\/\/api.w.org\/{rel}","templated":true}]}}