{"id":13075,"date":"2023-05-30T08:10:40","date_gmt":"2023-05-30T08:10:40","guid":{"rendered":"https:\/\/boutique-durag.com\/produit\/durag-rose-velours\/"},"modified":"2024-09-17T14:42:00","modified_gmt":"2024-09-17T14:42:00","slug":"durag-rose-velours","status":"publish","type":"product","link":"https:\/\/boutique-durag.com\/es\/producto\/durag-rose-velours\/","title":{"rendered":"Durag rosa terciopelo"},"content":{"rendered":"<h2 style=\"text-align: center\">Un <strong>durag<\/strong> rosa para mujer que ofrece una comodidad inigualable para cuidar tu cabello<\/h2>\n<p>Un accesorio de terciopelo especialmente dise\u00f1ado para garantizarte una sensaci\u00f3n de bienestar, este <strong>durag rosa<\/strong> ultrac\u00f3modo de llevar te aportar\u00e1 un extra de color y un toque personal para realzar tu corte de pelo.<\/p>\n<h3>Caracter\u00edsticas del durag terciopelo rosa<\/h3>\n<ul>\n<li>Ayuda a crear ondas y mantener el cabello en su lugar<\/li>\n<li>Hecho a mano para garantizarte la mejor calidad<\/li>\n<li>Color: rosa<\/li>\n<li>Materiales: terciopelo y poli\u00e9ster<\/li>\n<li>Se recomienda limpiar a mano, secar en plano<\/li>\n<\/ul>\n","protected":false},"excerpt":{"rendered":"<p>Un durag rosa para mujer que ofrece una comodidad inigualable para cuidar tu cabello Un accesorio de terciopelo especialmente dise\u00f1ado para garantizarte una sensaci\u00f3n de bienestar, este durag rosa ultrac\u00f3modo de llevar te aportar\u00e1 un extra de color y un toque personal para realzar tu corte de pelo. Caracter\u00edsticas del durag terciopelo rosa Ayuda a [&hellip;]<\/p>\n","protected":false},"featured_media":11372,"comment_status":"open","ping_status":"closed","template":"","meta":[],"product_cat":[632],"product_tag":[],"class_list":{"0":"post-13075","1":"product","2":"type-product","3":"status-publish","4":"has-post-thumbnail","6":"product_cat-durag-terciopelo","8":"first","9":"instock","10":"shipping-taxable","11":"purchasable","12":"product-type-simple"},"yoast_head":"<title>Durag rosa terciopelo entrega gratuita | Ahorre un 30% en su pedido<\/title>\n<meta name=\"description\" content=\"Reciba su Durag rosa terciopelo hoy mismo y benef\u00edciese de env\u00edo gratuito | 24\/48h dispatch\" \/>\n<meta name=\"robots\" content=\"index, follow, max-snippet:-1, max-image-preview:large, max-video-preview:-1\" \/>\n<link rel=\"canonical\" href=\"https:\/\/boutique-durag.com\/es\/producto\/durag-rose-velours\/\" \/>\n<meta property=\"og:locale\" content=\"es_ES\" \/>\n<meta property=\"og:type\" content=\"article\" \/>\n<meta property=\"og:title\" content=\"Durag rosa terciopelo entrega gratuita | Ahorre un 30% en su pedido\" \/>\n<meta property=\"og:description\" content=\"Reciba su Durag rosa terciopelo hoy mismo y benef\u00edciese de env\u00edo gratuito | 24\/48h dispatch\" \/>\n<meta property=\"og:url\" content=\"https:\/\/boutique-durag.com\/es\/producto\/durag-rose-velours\/\" \/>\n<meta property=\"og:site_name\" content=\"Tienda Durag\" \/>\n<meta property=\"article:modified_time\" content=\"2024-09-17T14:42:00+00:00\" \/>\n<meta property=\"og:image\" content=\"https:\/\/boutique-durag.com\/wp-content\/uploads\/2023\/05\/Durag_rose_en_velours_-_Durag-Shop.jpg\" \/>\n\t<meta property=\"og:image:width\" content=\"640\" \/>\n\t<meta property=\"og:image:height\" content=\"640\" \/>\n\t<meta property=\"og:image:type\" content=\"image\/jpeg\" \/>\n<meta name=\"twitter:card\" content=\"summary_large_image\" \/>\n<script type=\"application\/ld+json\" class=\"yoast-schema-graph\">{\"@context\":\"https:\/\/schema.org\",\"@graph\":[{\"@type\":\"WebPage\",\"@id\":\"https:\/\/boutique-durag.com\/es\/producto\/durag-rose-velours\/\",\"url\":\"https:\/\/boutique-durag.com\/es\/producto\/durag-rose-velours\/\",\"name\":\"Durag rosa terciopelo entrega gratuita | Ahorre un 30% en su pedido\",\"isPartOf\":{\"@id\":\"https:\/\/boutique-durag.com\/es\/#website\"},\"primaryImageOfPage\":{\"@id\":\"https:\/\/boutique-durag.com\/es\/producto\/durag-rose-velours\/#primaryimage\"},\"image\":{\"@id\":\"https:\/\/boutique-durag.com\/es\/producto\/durag-rose-velours\/#primaryimage\"},\"thumbnailUrl\":\"https:\/\/boutique-durag.com\/wp-content\/uploads\/2023\/05\/Durag_rose_en_velours_-_Durag-Shop.jpg\",\"datePublished\":\"2023-05-30T08:10:40+00:00\",\"dateModified\":\"2024-09-17T14:42:00+00:00\",\"description\":\"Reciba su Durag rosa terciopelo hoy mismo y benef\u00edciese de env\u00edo gratuito | 24\/48h dispatch\",\"breadcrumb\":{\"@id\":\"https:\/\/boutique-durag.com\/es\/producto\/durag-rose-velours\/#breadcrumb\"},\"inLanguage\":\"es\",\"potentialAction\":[{\"@type\":\"ReadAction\",\"target\":[\"https:\/\/boutique-durag.com\/es\/producto\/durag-rose-velours\/\"]}]},{\"@type\":\"ImageObject\",\"inLanguage\":\"es\",\"@id\":\"https:\/\/boutique-durag.com\/es\/producto\/durag-rose-velours\/#primaryimage\",\"url\":\"https:\/\/boutique-durag.com\/wp-content\/uploads\/2023\/05\/Durag_rose_en_velours_-_Durag-Shop.jpg\",\"contentUrl\":\"https:\/\/boutique-durag.com\/wp-content\/uploads\/2023\/05\/Durag_rose_en_velours_-_Durag-Shop.jpg\",\"width\":640,\"height\":640},{\"@type\":\"BreadcrumbList\",\"@id\":\"https:\/\/boutique-durag.com\/es\/producto\/durag-rose-velours\/#breadcrumb\",\"itemListElement\":[{\"@type\":\"ListItem\",\"position\":1,\"name\":\"Boutique durag\",\"item\":\"https:\/\/boutique-durag.com\/es\/inicio\/\"},{\"@type\":\"ListItem\",\"position\":2,\"name\":\"Tienda\",\"item\":\"https:\/\/boutique-durag.com\/es\/tienda\/\"},{\"@type\":\"ListItem\",\"position\":3,\"name\":\"Durag Terciopelo\",\"item\":\"https:\/\/boutique-durag.com\/es\/colecciones\/durag-terciopelo\/\"},{\"@type\":\"ListItem\",\"position\":4,\"name\":\"Durag rosa terciopelo\"}]},{\"@type\":\"WebSite\",\"@id\":\"https:\/\/boutique-durag.com\/es\/#website\",\"url\":\"https:\/\/boutique-durag.com\/es\/\",\"name\":\"Tienda Durag\",\"description\":\"Tienda francesa de ropa de calle para hombre y mujer dedicada al mundo del durag y la cultura hip-hop. Descubre nuestra selecci\u00f3n de durag.\",\"publisher\":{\"@id\":\"https:\/\/boutique-durag.com\/es\/#organization\"},\"potentialAction\":[{\"@type\":\"SearchAction\",\"target\":{\"@type\":\"EntryPoint\",\"urlTemplate\":\"https:\/\/boutique-durag.com\/es\/?s={search_term_string}\"},\"query-input\":{\"@type\":\"PropertyValueSpecification\",\"valueRequired\":true,\"valueName\":\"search_term_string\"}}],\"inLanguage\":\"es\"},{\"@type\":\"Organization\",\"@id\":\"https:\/\/boutique-durag.com\/es\/#organization\",\"name\":\"Tienda Durag\",\"url\":\"https:\/\/boutique-durag.com\/es\/\",\"logo\":{\"@type\":\"ImageObject\",\"inLanguage\":\"es\",\"@id\":\"https:\/\/boutique-durag.com\/es\/#\/schema\/logo\/image\/\",\"url\":\"https:\/\/boutique-durag.com\/wp-content\/uploads\/2023\/05\/cropped-Site-Logo-3-1.png\",\"contentUrl\":\"https:\/\/boutique-durag.com\/wp-content\/uploads\/2023\/05\/cropped-Site-Logo-3-1.png\",\"width\":400,\"height\":100,\"caption\":\"Tienda Durag\"},\"image\":{\"@id\":\"https:\/\/boutique-durag.com\/es\/#\/schema\/logo\/image\/\"}}]}<\/script>","yoast_head_json":{"title":"Durag rosa terciopelo entrega gratuita | Ahorre un 30% en su pedido","description":"Reciba su Durag rosa terciopelo hoy mismo y benef\u00edciese de env\u00edo gratuito | 24\/48h dispatch","robots":{"index":"index","follow":"follow","max-snippet":"max-snippet:-1","max-image-preview":"max-image-preview:large","max-video-preview":"max-video-preview:-1"},"canonical":"https:\/\/boutique-durag.com\/es\/producto\/durag-rose-velours\/","og_locale":"es_ES","og_type":"article","og_title":"Durag rosa terciopelo entrega gratuita | Ahorre un 30% en su pedido","og_description":"Reciba su Durag rosa terciopelo hoy mismo y benef\u00edciese de env\u00edo gratuito | 24\/48h dispatch","og_url":"https:\/\/boutique-durag.com\/es\/producto\/durag-rose-velours\/","og_site_name":"Tienda Durag","article_modified_time":"2024-09-17T14:42:00+00:00","og_image":[{"width":640,"height":640,"url":"https:\/\/boutique-durag.com\/wp-content\/uploads\/2023\/05\/Durag_rose_en_velours_-_Durag-Shop.jpg","type":"image\/jpeg"}],"twitter_card":"summary_large_image","schema":{"@context":"https:\/\/schema.org","@graph":[{"@type":"WebPage","@id":"https:\/\/boutique-durag.com\/es\/producto\/durag-rose-velours\/","url":"https:\/\/boutique-durag.com\/es\/producto\/durag-rose-velours\/","name":"Durag rosa terciopelo entrega gratuita | Ahorre un 30% en su pedido","isPartOf":{"@id":"https:\/\/boutique-durag.com\/es\/#website"},"primaryImageOfPage":{"@id":"https:\/\/boutique-durag.com\/es\/producto\/durag-rose-velours\/#primaryimage"},"image":{"@id":"https:\/\/boutique-durag.com\/es\/producto\/durag-rose-velours\/#primaryimage"},"thumbnailUrl":"https:\/\/boutique-durag.com\/wp-content\/uploads\/2023\/05\/Durag_rose_en_velours_-_Durag-Shop.jpg","datePublished":"2023-05-30T08:10:40+00:00","dateModified":"2024-09-17T14:42:00+00:00","description":"Reciba su Durag rosa terciopelo hoy mismo y benef\u00edciese de env\u00edo gratuito | 24\/48h dispatch","breadcrumb":{"@id":"https:\/\/boutique-durag.com\/es\/producto\/durag-rose-velours\/#breadcrumb"},"inLanguage":"es","potentialAction":[{"@type":"ReadAction","target":["https:\/\/boutique-durag.com\/es\/producto\/durag-rose-velours\/"]}]},{"@type":"ImageObject","inLanguage":"es","@id":"https:\/\/boutique-durag.com\/es\/producto\/durag-rose-velours\/#primaryimage","url":"https:\/\/boutique-durag.com\/wp-content\/uploads\/2023\/05\/Durag_rose_en_velours_-_Durag-Shop.jpg","contentUrl":"https:\/\/boutique-durag.com\/wp-content\/uploads\/2023\/05\/Durag_rose_en_velours_-_Durag-Shop.jpg","width":640,"height":640},{"@type":"BreadcrumbList","@id":"https:\/\/boutique-durag.com\/es\/producto\/durag-rose-velours\/#breadcrumb","itemListElement":[{"@type":"ListItem","position":1,"name":"Boutique durag","item":"https:\/\/boutique-durag.com\/es\/inicio\/"},{"@type":"ListItem","position":2,"name":"Tienda","item":"https:\/\/boutique-durag.com\/es\/tienda\/"},{"@type":"ListItem","position":3,"name":"Durag Terciopelo","item":"https:\/\/boutique-durag.com\/es\/colecciones\/durag-terciopelo\/"},{"@type":"ListItem","position":4,"name":"Durag rosa terciopelo"}]},{"@type":"WebSite","@id":"https:\/\/boutique-durag.com\/es\/#website","url":"https:\/\/boutique-durag.com\/es\/","name":"Tienda Durag","description":"Tienda francesa de ropa de calle para hombre y mujer dedicada al mundo del durag y la cultura hip-hop. Descubre nuestra selecci\u00f3n de durag.","publisher":{"@id":"https:\/\/boutique-durag.com\/es\/#organization"},"potentialAction":[{"@type":"SearchAction","target":{"@type":"EntryPoint","urlTemplate":"https:\/\/boutique-durag.com\/es\/?s={search_term_string}"},"query-input":{"@type":"PropertyValueSpecification","valueRequired":true,"valueName":"search_term_string"}}],"inLanguage":"es"},{"@type":"Organization","@id":"https:\/\/boutique-durag.com\/es\/#organization","name":"Tienda Durag","url":"https:\/\/boutique-durag.com\/es\/","logo":{"@type":"ImageObject","inLanguage":"es","@id":"https:\/\/boutique-durag.com\/es\/#\/schema\/logo\/image\/","url":"https:\/\/boutique-durag.com\/wp-content\/uploads\/2023\/05\/cropped-Site-Logo-3-1.png","contentUrl":"https:\/\/boutique-durag.com\/wp-content\/uploads\/2023\/05\/cropped-Site-Logo-3-1.png","width":400,"height":100,"caption":"Tienda Durag"},"image":{"@id":"https:\/\/boutique-durag.com\/es\/#\/schema\/logo\/image\/"}}]}},"_links":{"self":[{"href":"https:\/\/boutique-durag.com\/es\/wp-json\/wp\/v2\/product\/13075"}],"collection":[{"href":"https:\/\/boutique-durag.com\/es\/wp-json\/wp\/v2\/product"}],"about":[{"href":"https:\/\/boutique-durag.com\/es\/wp-json\/wp\/v2\/types\/product"}],"replies":[{"embeddable":true,"href":"https:\/\/boutique-durag.com\/es\/wp-json\/wp\/v2\/comments?post=13075"}],"wp:featuredmedia":[{"embeddable":true,"href":"https:\/\/boutique-durag.com\/es\/wp-json\/wp\/v2\/media\/11372"}],"wp:attachment":[{"href":"https:\/\/boutique-durag.com\/es\/wp-json\/wp\/v2\/media?parent=13075"}],"wp:term":[{"taxonomy":"product_cat","embeddable":true,"href":"https:\/\/boutique-durag.com\/es\/wp-json\/wp\/v2\/product_cat?post=13075"},{"taxonomy":"product_tag","embeddable":true,"href":"https:\/\/boutique-durag.com\/es\/wp-json\/wp\/v2\/product_tag?post=13075"}],"curies":[{"name":"wp","href":"https:\/\/api.w.org\/{rel}","templated":true}]}}