{"id":12924,"date":"2023-05-30T08:12:25","date_gmt":"2023-05-30T08:12:25","guid":{"rendered":"https:\/\/boutique-durag.com\/produit\/lot-durag-classique\/"},"modified":"2024-09-17T14:40:24","modified_gmt":"2024-09-17T14:40:24","slug":"lot-durag-classique","status":"publish","type":"product","link":"https:\/\/boutique-durag.com\/es\/producto\/lot-durag-classique\/","title":{"rendered":"Pack 6 durag cl\u00e1sico"},"content":{"rendered":"<h2 style=\"text-align: center\">Un paquete para los fan\u00e1ticos del durag de seda<\/h2>\n<p>Un paquete de 6 <strong>durag<\/strong> directamente de nuestro <a href=\"https:\/\/ boutique-durag.com\/es\/collections\/durag-clasico\/\" rel=\"noopener noreferrer\" target=\"_blank\" title=\"Classic durag collection\">colecci\u00f3n cl\u00e1sica<\/a> te permitir\u00e1 beneficiarte de una gama de colores para combinar perfectamente con tus outfits y realzar tu look gracias a las m\u00faltiples opciones que ofrece este complemento.<\/p>\n<h3>Caracter\u00edsticas del paquete durag de seda<\/h3>\n<ul>\n<li>Ideal para crear ondas y fijar el cabello en su lugar<\/li>\n<li>Color: negro\/blanco\/azul\/rojo\/amarillo\/naranja<\/li>\n<li>Hecho a mano para una calidad \u00f3ptima<\/li>\n<li> Materiales: seda y poli\u00e9ster<\/li>\n<li>Se recomienda lavar a mano, secar en plano<\/li>\n<\/ul>\n","protected":false},"excerpt":{"rendered":"<p>Un paquete para los fan\u00e1ticos del durag de seda Un paquete de 6 durag directamente de nuestro colecci\u00f3n cl\u00e1sica te permitir\u00e1 beneficiarte de una gama de colores para combinar perfectamente con tus outfits y realzar tu look gracias a las m\u00faltiples opciones que ofrece este complemento. Caracter\u00edsticas del paquete durag de seda Ideal para crear [&hellip;]<\/p>\n","protected":false},"featured_media":11520,"comment_status":"open","ping_status":"closed","template":"","meta":[],"product_cat":[635],"product_tag":[],"class_list":{"0":"post-12924","1":"product","2":"type-product","3":"status-publish","4":"has-post-thumbnail","6":"product_cat-lote-durag","8":"first","9":"instock","10":"shipping-taxable","11":"purchasable","12":"product-type-simple"},"yoast_head":"<title>Pack 6 durag cl\u00e1sico entrega gratuita | Ahorre un 30% en su pedido<\/title>\n<meta name=\"description\" content=\"Reciba su Pack 6 durag cl\u00e1sico hoy mismo y benef\u00edciese de env\u00edo gratuito | 24\/48h dispatch\" \/>\n<meta name=\"robots\" content=\"index, follow, max-snippet:-1, max-image-preview:large, max-video-preview:-1\" \/>\n<link rel=\"canonical\" href=\"https:\/\/boutique-durag.com\/es\/producto\/lot-durag-classique\/\" \/>\n<meta property=\"og:locale\" content=\"es_ES\" \/>\n<meta property=\"og:type\" content=\"article\" \/>\n<meta property=\"og:title\" content=\"Pack 6 durag cl\u00e1sico entrega gratuita | Ahorre un 30% en su pedido\" \/>\n<meta property=\"og:description\" content=\"Reciba su Pack 6 durag cl\u00e1sico hoy mismo y benef\u00edciese de env\u00edo gratuito | 24\/48h dispatch\" \/>\n<meta property=\"og:url\" content=\"https:\/\/boutique-durag.com\/es\/producto\/lot-durag-classique\/\" \/>\n<meta property=\"og:site_name\" content=\"Tienda Durag\" \/>\n<meta property=\"article:modified_time\" content=\"2024-09-17T14:40:24+00:00\" \/>\n<meta property=\"og:image\" content=\"https:\/\/boutique-durag.com\/wp-content\/uploads\/2023\/05\/Lot_durag_classique_-_Durag-Shop.png\" \/>\n\t<meta property=\"og:image:width\" content=\"2000\" \/>\n\t<meta property=\"og:image:height\" content=\"1500\" \/>\n\t<meta property=\"og:image:type\" content=\"image\/png\" \/>\n<meta name=\"twitter:card\" content=\"summary_large_image\" \/>\n<script type=\"application\/ld+json\" class=\"yoast-schema-graph\">{\"@context\":\"https:\/\/schema.org\",\"@graph\":[{\"@type\":\"WebPage\",\"@id\":\"https:\/\/boutique-durag.com\/es\/producto\/lot-durag-classique\/\",\"url\":\"https:\/\/boutique-durag.com\/es\/producto\/lot-durag-classique\/\",\"name\":\"Pack 6 durag cl\u00e1sico entrega gratuita | Ahorre un 30% en su pedido\",\"isPartOf\":{\"@id\":\"https:\/\/boutique-durag.com\/es\/#website\"},\"primaryImageOfPage\":{\"@id\":\"https:\/\/boutique-durag.com\/es\/producto\/lot-durag-classique\/#primaryimage\"},\"image\":{\"@id\":\"https:\/\/boutique-durag.com\/es\/producto\/lot-durag-classique\/#primaryimage\"},\"thumbnailUrl\":\"https:\/\/boutique-durag.com\/wp-content\/uploads\/2023\/05\/Lot_durag_classique_-_Durag-Shop.png\",\"datePublished\":\"2023-05-30T08:12:25+00:00\",\"dateModified\":\"2024-09-17T14:40:24+00:00\",\"description\":\"Reciba su Pack 6 durag cl\u00e1sico hoy mismo y benef\u00edciese de env\u00edo gratuito | 24\/48h dispatch\",\"breadcrumb\":{\"@id\":\"https:\/\/boutique-durag.com\/es\/producto\/lot-durag-classique\/#breadcrumb\"},\"inLanguage\":\"es\",\"potentialAction\":[{\"@type\":\"ReadAction\",\"target\":[\"https:\/\/boutique-durag.com\/es\/producto\/lot-durag-classique\/\"]}]},{\"@type\":\"ImageObject\",\"inLanguage\":\"es\",\"@id\":\"https:\/\/boutique-durag.com\/es\/producto\/lot-durag-classique\/#primaryimage\",\"url\":\"https:\/\/boutique-durag.com\/wp-content\/uploads\/2023\/05\/Lot_durag_classique_-_Durag-Shop.png\",\"contentUrl\":\"https:\/\/boutique-durag.com\/wp-content\/uploads\/2023\/05\/Lot_durag_classique_-_Durag-Shop.png\",\"width\":2000,\"height\":1500},{\"@type\":\"BreadcrumbList\",\"@id\":\"https:\/\/boutique-durag.com\/es\/producto\/lot-durag-classique\/#breadcrumb\",\"itemListElement\":[{\"@type\":\"ListItem\",\"position\":1,\"name\":\"Boutique durag\",\"item\":\"https:\/\/boutique-durag.com\/es\/inicio\/\"},{\"@type\":\"ListItem\",\"position\":2,\"name\":\"Tienda\",\"item\":\"https:\/\/boutique-durag.com\/es\/tienda\/\"},{\"@type\":\"ListItem\",\"position\":3,\"name\":\"Lote Durag\",\"item\":\"https:\/\/boutique-durag.com\/es\/colecciones\/lote-durag\/\"},{\"@type\":\"ListItem\",\"position\":4,\"name\":\"Pack 6 durag cl\u00e1sico\"}]},{\"@type\":\"WebSite\",\"@id\":\"https:\/\/boutique-durag.com\/es\/#website\",\"url\":\"https:\/\/boutique-durag.com\/es\/\",\"name\":\"Tienda Durag\",\"description\":\"Tienda francesa de ropa de calle para hombre y mujer dedicada al mundo del durag y la cultura hip-hop. Descubre nuestra selecci\u00f3n de durag.\",\"publisher\":{\"@id\":\"https:\/\/boutique-durag.com\/es\/#organization\"},\"potentialAction\":[{\"@type\":\"SearchAction\",\"target\":{\"@type\":\"EntryPoint\",\"urlTemplate\":\"https:\/\/boutique-durag.com\/es\/?s={search_term_string}\"},\"query-input\":{\"@type\":\"PropertyValueSpecification\",\"valueRequired\":true,\"valueName\":\"search_term_string\"}}],\"inLanguage\":\"es\"},{\"@type\":\"Organization\",\"@id\":\"https:\/\/boutique-durag.com\/es\/#organization\",\"name\":\"Tienda Durag\",\"url\":\"https:\/\/boutique-durag.com\/es\/\",\"logo\":{\"@type\":\"ImageObject\",\"inLanguage\":\"es\",\"@id\":\"https:\/\/boutique-durag.com\/es\/#\/schema\/logo\/image\/\",\"url\":\"https:\/\/boutique-durag.com\/wp-content\/uploads\/2023\/05\/cropped-Site-Logo-3-1.png\",\"contentUrl\":\"https:\/\/boutique-durag.com\/wp-content\/uploads\/2023\/05\/cropped-Site-Logo-3-1.png\",\"width\":400,\"height\":100,\"caption\":\"Tienda Durag\"},\"image\":{\"@id\":\"https:\/\/boutique-durag.com\/es\/#\/schema\/logo\/image\/\"}}]}<\/script>","yoast_head_json":{"title":"Pack 6 durag cl\u00e1sico entrega gratuita | Ahorre un 30% en su pedido","description":"Reciba su Pack 6 durag cl\u00e1sico hoy mismo y benef\u00edciese de env\u00edo gratuito | 24\/48h dispatch","robots":{"index":"index","follow":"follow","max-snippet":"max-snippet:-1","max-image-preview":"max-image-preview:large","max-video-preview":"max-video-preview:-1"},"canonical":"https:\/\/boutique-durag.com\/es\/producto\/lot-durag-classique\/","og_locale":"es_ES","og_type":"article","og_title":"Pack 6 durag cl\u00e1sico entrega gratuita | Ahorre un 30% en su pedido","og_description":"Reciba su Pack 6 durag cl\u00e1sico hoy mismo y benef\u00edciese de env\u00edo gratuito | 24\/48h dispatch","og_url":"https:\/\/boutique-durag.com\/es\/producto\/lot-durag-classique\/","og_site_name":"Tienda Durag","article_modified_time":"2024-09-17T14:40:24+00:00","og_image":[{"width":2000,"height":1500,"url":"https:\/\/boutique-durag.com\/wp-content\/uploads\/2023\/05\/Lot_durag_classique_-_Durag-Shop.png","type":"image\/png"}],"twitter_card":"summary_large_image","schema":{"@context":"https:\/\/schema.org","@graph":[{"@type":"WebPage","@id":"https:\/\/boutique-durag.com\/es\/producto\/lot-durag-classique\/","url":"https:\/\/boutique-durag.com\/es\/producto\/lot-durag-classique\/","name":"Pack 6 durag cl\u00e1sico entrega gratuita | Ahorre un 30% en su pedido","isPartOf":{"@id":"https:\/\/boutique-durag.com\/es\/#website"},"primaryImageOfPage":{"@id":"https:\/\/boutique-durag.com\/es\/producto\/lot-durag-classique\/#primaryimage"},"image":{"@id":"https:\/\/boutique-durag.com\/es\/producto\/lot-durag-classique\/#primaryimage"},"thumbnailUrl":"https:\/\/boutique-durag.com\/wp-content\/uploads\/2023\/05\/Lot_durag_classique_-_Durag-Shop.png","datePublished":"2023-05-30T08:12:25+00:00","dateModified":"2024-09-17T14:40:24+00:00","description":"Reciba su Pack 6 durag cl\u00e1sico hoy mismo y benef\u00edciese de env\u00edo gratuito | 24\/48h dispatch","breadcrumb":{"@id":"https:\/\/boutique-durag.com\/es\/producto\/lot-durag-classique\/#breadcrumb"},"inLanguage":"es","potentialAction":[{"@type":"ReadAction","target":["https:\/\/boutique-durag.com\/es\/producto\/lot-durag-classique\/"]}]},{"@type":"ImageObject","inLanguage":"es","@id":"https:\/\/boutique-durag.com\/es\/producto\/lot-durag-classique\/#primaryimage","url":"https:\/\/boutique-durag.com\/wp-content\/uploads\/2023\/05\/Lot_durag_classique_-_Durag-Shop.png","contentUrl":"https:\/\/boutique-durag.com\/wp-content\/uploads\/2023\/05\/Lot_durag_classique_-_Durag-Shop.png","width":2000,"height":1500},{"@type":"BreadcrumbList","@id":"https:\/\/boutique-durag.com\/es\/producto\/lot-durag-classique\/#breadcrumb","itemListElement":[{"@type":"ListItem","position":1,"name":"Boutique durag","item":"https:\/\/boutique-durag.com\/es\/inicio\/"},{"@type":"ListItem","position":2,"name":"Tienda","item":"https:\/\/boutique-durag.com\/es\/tienda\/"},{"@type":"ListItem","position":3,"name":"Lote Durag","item":"https:\/\/boutique-durag.com\/es\/colecciones\/lote-durag\/"},{"@type":"ListItem","position":4,"name":"Pack 6 durag cl\u00e1sico"}]},{"@type":"WebSite","@id":"https:\/\/boutique-durag.com\/es\/#website","url":"https:\/\/boutique-durag.com\/es\/","name":"Tienda Durag","description":"Tienda francesa de ropa de calle para hombre y mujer dedicada al mundo del durag y la cultura hip-hop. Descubre nuestra selecci\u00f3n de durag.","publisher":{"@id":"https:\/\/boutique-durag.com\/es\/#organization"},"potentialAction":[{"@type":"SearchAction","target":{"@type":"EntryPoint","urlTemplate":"https:\/\/boutique-durag.com\/es\/?s={search_term_string}"},"query-input":{"@type":"PropertyValueSpecification","valueRequired":true,"valueName":"search_term_string"}}],"inLanguage":"es"},{"@type":"Organization","@id":"https:\/\/boutique-durag.com\/es\/#organization","name":"Tienda Durag","url":"https:\/\/boutique-durag.com\/es\/","logo":{"@type":"ImageObject","inLanguage":"es","@id":"https:\/\/boutique-durag.com\/es\/#\/schema\/logo\/image\/","url":"https:\/\/boutique-durag.com\/wp-content\/uploads\/2023\/05\/cropped-Site-Logo-3-1.png","contentUrl":"https:\/\/boutique-durag.com\/wp-content\/uploads\/2023\/05\/cropped-Site-Logo-3-1.png","width":400,"height":100,"caption":"Tienda Durag"},"image":{"@id":"https:\/\/boutique-durag.com\/es\/#\/schema\/logo\/image\/"}}]}},"_links":{"self":[{"href":"https:\/\/boutique-durag.com\/es\/wp-json\/wp\/v2\/product\/12924"}],"collection":[{"href":"https:\/\/boutique-durag.com\/es\/wp-json\/wp\/v2\/product"}],"about":[{"href":"https:\/\/boutique-durag.com\/es\/wp-json\/wp\/v2\/types\/product"}],"replies":[{"embeddable":true,"href":"https:\/\/boutique-durag.com\/es\/wp-json\/wp\/v2\/comments?post=12924"}],"wp:featuredmedia":[{"embeddable":true,"href":"https:\/\/boutique-durag.com\/es\/wp-json\/wp\/v2\/media\/11520"}],"wp:attachment":[{"href":"https:\/\/boutique-durag.com\/es\/wp-json\/wp\/v2\/media?parent=12924"}],"wp:term":[{"taxonomy":"product_cat","embeddable":true,"href":"https:\/\/boutique-durag.com\/es\/wp-json\/wp\/v2\/product_cat?post=12924"},{"taxonomy":"product_tag","embeddable":true,"href":"https:\/\/boutique-durag.com\/es\/wp-json\/wp\/v2\/product_tag?post=12924"}],"curies":[{"name":"wp","href":"https:\/\/api.w.org\/{rel}","templated":true}]}}