{"id":12920,"date":"2023-05-30T08:12:27","date_gmt":"2023-05-30T08:12:27","guid":{"rendered":"https:\/\/boutique-durag.com\/produit\/lot-durag-rouge-velours-classique\/"},"modified":"2024-09-17T14:40:22","modified_gmt":"2024-09-17T14:40:22","slug":"lot-durag-rouge-velours-classique","status":"publish","type":"product","link":"https:\/\/boutique-durag.com\/es\/producto\/lot-durag-rouge-velours-classique\/","title":{"rendered":"Conjunto de terciopelo rojo y durag cl\u00e1sico."},"content":{"rendered":"<h2 style=\"text-align: center\">El paquete perfecto para los fan\u00e1ticos de los durags rojos<\/h2>\n<p>Ya no te conformes con un solo <strong>durag rojo<\/strong>, esta caja te brinda la oportunidad de ampliar tu colecci\u00f3n de <strong>accesorios de moda<\/strong>.<\/p>\n<h3>Caracter\u00edsticas del paquete durag rojo en seda y terciopelo<\/h3>\n<ul>\n<li>Ayuda a crear ondas y mantener el estilo en su lugar.<\/li>\n<li>Un durag rojo cl\u00e1sico y un durag de terciopelo en el mismo tono.<\/li>\n<li>Color: rojo.<\/li>\n<li>Hecho a mano para una calidad \u00f3ptima.<\/li>\n<li>Se recomienda limpiar a mano y secar en plano.<\/li>\n<\/ul>\n","protected":false},"excerpt":{"rendered":"<p>El paquete perfecto para los fan\u00e1ticos de los durags rojos Ya no te conformes con un solo durag rojo, esta caja te brinda la oportunidad de ampliar tu colecci\u00f3n de accesorios de moda. Caracter\u00edsticas del paquete durag rojo en seda y terciopelo Ayuda a crear ondas y mantener el estilo en su lugar. Un durag [&hellip;]<\/p>\n","protected":false},"featured_media":11526,"comment_status":"open","ping_status":"closed","template":"","meta":[],"product_cat":[635],"product_tag":[],"class_list":{"0":"post-12920","1":"product","2":"type-product","3":"status-publish","4":"has-post-thumbnail","6":"product_cat-lote-durag","8":"first","9":"instock","10":"shipping-taxable","11":"purchasable","12":"product-type-simple"},"yoast_head":"<title>Conjunto de terciopelo rojo y durag cl\u00e1sico. entrega gratuita | Ahorre un 30% en su pedido<\/title>\n<meta name=\"description\" content=\"Reciba su Conjunto de terciopelo rojo y durag cl\u00e1sico. hoy mismo y benef\u00edciese de env\u00edo gratuito | 24\/48h dispatch\" \/>\n<meta name=\"robots\" content=\"index, follow, max-snippet:-1, max-image-preview:large, max-video-preview:-1\" \/>\n<link rel=\"canonical\" href=\"https:\/\/boutique-durag.com\/es\/producto\/lot-durag-rouge-velours-classique\/\" \/>\n<meta property=\"og:locale\" content=\"es_ES\" \/>\n<meta property=\"og:type\" content=\"article\" \/>\n<meta property=\"og:title\" content=\"Conjunto de terciopelo rojo y durag cl\u00e1sico. entrega gratuita | Ahorre un 30% en su pedido\" \/>\n<meta property=\"og:description\" content=\"Reciba su Conjunto de terciopelo rojo y durag cl\u00e1sico. hoy mismo y benef\u00edciese de env\u00edo gratuito | 24\/48h dispatch\" \/>\n<meta property=\"og:url\" content=\"https:\/\/boutique-durag.com\/es\/producto\/lot-durag-rouge-velours-classique\/\" \/>\n<meta property=\"og:site_name\" content=\"Tienda Durag\" \/>\n<meta property=\"article:modified_time\" content=\"2024-09-17T14:40:22+00:00\" \/>\n<meta property=\"og:image\" content=\"https:\/\/boutique-durag.com\/wp-content\/uploads\/2023\/05\/Lotdeduragrougeenveloursetclassique-Durag-Shop.jpg\" \/>\n\t<meta property=\"og:image:width\" content=\"800\" \/>\n\t<meta property=\"og:image:height\" content=\"800\" \/>\n\t<meta property=\"og:image:type\" content=\"image\/jpeg\" \/>\n<meta name=\"twitter:card\" content=\"summary_large_image\" \/>\n<script type=\"application\/ld+json\" class=\"yoast-schema-graph\">{\"@context\":\"https:\/\/schema.org\",\"@graph\":[{\"@type\":\"WebPage\",\"@id\":\"https:\/\/boutique-durag.com\/es\/producto\/lot-durag-rouge-velours-classique\/\",\"url\":\"https:\/\/boutique-durag.com\/es\/producto\/lot-durag-rouge-velours-classique\/\",\"name\":\"Conjunto de terciopelo rojo y durag cl\u00e1sico. entrega gratuita | Ahorre un 30% en su pedido\",\"isPartOf\":{\"@id\":\"https:\/\/boutique-durag.com\/es\/#website\"},\"primaryImageOfPage\":{\"@id\":\"https:\/\/boutique-durag.com\/es\/producto\/lot-durag-rouge-velours-classique\/#primaryimage\"},\"image\":{\"@id\":\"https:\/\/boutique-durag.com\/es\/producto\/lot-durag-rouge-velours-classique\/#primaryimage\"},\"thumbnailUrl\":\"https:\/\/boutique-durag.com\/wp-content\/uploads\/2023\/05\/Lotdeduragrougeenveloursetclassique-Durag-Shop.jpg\",\"datePublished\":\"2023-05-30T08:12:27+00:00\",\"dateModified\":\"2024-09-17T14:40:22+00:00\",\"description\":\"Reciba su Conjunto de terciopelo rojo y durag cl\u00e1sico. hoy mismo y benef\u00edciese de env\u00edo gratuito | 24\/48h dispatch\",\"breadcrumb\":{\"@id\":\"https:\/\/boutique-durag.com\/es\/producto\/lot-durag-rouge-velours-classique\/#breadcrumb\"},\"inLanguage\":\"es\",\"potentialAction\":[{\"@type\":\"ReadAction\",\"target\":[\"https:\/\/boutique-durag.com\/es\/producto\/lot-durag-rouge-velours-classique\/\"]}]},{\"@type\":\"ImageObject\",\"inLanguage\":\"es\",\"@id\":\"https:\/\/boutique-durag.com\/es\/producto\/lot-durag-rouge-velours-classique\/#primaryimage\",\"url\":\"https:\/\/boutique-durag.com\/wp-content\/uploads\/2023\/05\/Lotdeduragrougeenveloursetclassique-Durag-Shop.jpg\",\"contentUrl\":\"https:\/\/boutique-durag.com\/wp-content\/uploads\/2023\/05\/Lotdeduragrougeenveloursetclassique-Durag-Shop.jpg\",\"width\":800,\"height\":800},{\"@type\":\"BreadcrumbList\",\"@id\":\"https:\/\/boutique-durag.com\/es\/producto\/lot-durag-rouge-velours-classique\/#breadcrumb\",\"itemListElement\":[{\"@type\":\"ListItem\",\"position\":1,\"name\":\"Boutique durag\",\"item\":\"https:\/\/boutique-durag.com\/es\/inicio\/\"},{\"@type\":\"ListItem\",\"position\":2,\"name\":\"Tienda\",\"item\":\"https:\/\/boutique-durag.com\/es\/tienda\/\"},{\"@type\":\"ListItem\",\"position\":3,\"name\":\"Lote Durag\",\"item\":\"https:\/\/boutique-durag.com\/es\/colecciones\/lote-durag\/\"},{\"@type\":\"ListItem\",\"position\":4,\"name\":\"Conjunto de terciopelo rojo y durag cl\u00e1sico.\"}]},{\"@type\":\"WebSite\",\"@id\":\"https:\/\/boutique-durag.com\/es\/#website\",\"url\":\"https:\/\/boutique-durag.com\/es\/\",\"name\":\"Tienda Durag\",\"description\":\"Tienda francesa de ropa de calle para hombre y mujer dedicada al mundo del durag y la cultura hip-hop. Descubre nuestra selecci\u00f3n de durag.\",\"publisher\":{\"@id\":\"https:\/\/boutique-durag.com\/es\/#organization\"},\"potentialAction\":[{\"@type\":\"SearchAction\",\"target\":{\"@type\":\"EntryPoint\",\"urlTemplate\":\"https:\/\/boutique-durag.com\/es\/?s={search_term_string}\"},\"query-input\":{\"@type\":\"PropertyValueSpecification\",\"valueRequired\":true,\"valueName\":\"search_term_string\"}}],\"inLanguage\":\"es\"},{\"@type\":\"Organization\",\"@id\":\"https:\/\/boutique-durag.com\/es\/#organization\",\"name\":\"Tienda Durag\",\"url\":\"https:\/\/boutique-durag.com\/es\/\",\"logo\":{\"@type\":\"ImageObject\",\"inLanguage\":\"es\",\"@id\":\"https:\/\/boutique-durag.com\/es\/#\/schema\/logo\/image\/\",\"url\":\"https:\/\/boutique-durag.com\/wp-content\/uploads\/2023\/05\/cropped-Site-Logo-3-1.png\",\"contentUrl\":\"https:\/\/boutique-durag.com\/wp-content\/uploads\/2023\/05\/cropped-Site-Logo-3-1.png\",\"width\":400,\"height\":100,\"caption\":\"Tienda Durag\"},\"image\":{\"@id\":\"https:\/\/boutique-durag.com\/es\/#\/schema\/logo\/image\/\"}}]}<\/script>","yoast_head_json":{"title":"Conjunto de terciopelo rojo y durag cl\u00e1sico. entrega gratuita | Ahorre un 30% en su pedido","description":"Reciba su Conjunto de terciopelo rojo y durag cl\u00e1sico. hoy mismo y benef\u00edciese de env\u00edo gratuito | 24\/48h dispatch","robots":{"index":"index","follow":"follow","max-snippet":"max-snippet:-1","max-image-preview":"max-image-preview:large","max-video-preview":"max-video-preview:-1"},"canonical":"https:\/\/boutique-durag.com\/es\/producto\/lot-durag-rouge-velours-classique\/","og_locale":"es_ES","og_type":"article","og_title":"Conjunto de terciopelo rojo y durag cl\u00e1sico. entrega gratuita | Ahorre un 30% en su pedido","og_description":"Reciba su Conjunto de terciopelo rojo y durag cl\u00e1sico. hoy mismo y benef\u00edciese de env\u00edo gratuito | 24\/48h dispatch","og_url":"https:\/\/boutique-durag.com\/es\/producto\/lot-durag-rouge-velours-classique\/","og_site_name":"Tienda Durag","article_modified_time":"2024-09-17T14:40:22+00:00","og_image":[{"width":800,"height":800,"url":"https:\/\/boutique-durag.com\/wp-content\/uploads\/2023\/05\/Lotdeduragrougeenveloursetclassique-Durag-Shop.jpg","type":"image\/jpeg"}],"twitter_card":"summary_large_image","schema":{"@context":"https:\/\/schema.org","@graph":[{"@type":"WebPage","@id":"https:\/\/boutique-durag.com\/es\/producto\/lot-durag-rouge-velours-classique\/","url":"https:\/\/boutique-durag.com\/es\/producto\/lot-durag-rouge-velours-classique\/","name":"Conjunto de terciopelo rojo y durag cl\u00e1sico. entrega gratuita | Ahorre un 30% en su pedido","isPartOf":{"@id":"https:\/\/boutique-durag.com\/es\/#website"},"primaryImageOfPage":{"@id":"https:\/\/boutique-durag.com\/es\/producto\/lot-durag-rouge-velours-classique\/#primaryimage"},"image":{"@id":"https:\/\/boutique-durag.com\/es\/producto\/lot-durag-rouge-velours-classique\/#primaryimage"},"thumbnailUrl":"https:\/\/boutique-durag.com\/wp-content\/uploads\/2023\/05\/Lotdeduragrougeenveloursetclassique-Durag-Shop.jpg","datePublished":"2023-05-30T08:12:27+00:00","dateModified":"2024-09-17T14:40:22+00:00","description":"Reciba su Conjunto de terciopelo rojo y durag cl\u00e1sico. hoy mismo y benef\u00edciese de env\u00edo gratuito | 24\/48h dispatch","breadcrumb":{"@id":"https:\/\/boutique-durag.com\/es\/producto\/lot-durag-rouge-velours-classique\/#breadcrumb"},"inLanguage":"es","potentialAction":[{"@type":"ReadAction","target":["https:\/\/boutique-durag.com\/es\/producto\/lot-durag-rouge-velours-classique\/"]}]},{"@type":"ImageObject","inLanguage":"es","@id":"https:\/\/boutique-durag.com\/es\/producto\/lot-durag-rouge-velours-classique\/#primaryimage","url":"https:\/\/boutique-durag.com\/wp-content\/uploads\/2023\/05\/Lotdeduragrougeenveloursetclassique-Durag-Shop.jpg","contentUrl":"https:\/\/boutique-durag.com\/wp-content\/uploads\/2023\/05\/Lotdeduragrougeenveloursetclassique-Durag-Shop.jpg","width":800,"height":800},{"@type":"BreadcrumbList","@id":"https:\/\/boutique-durag.com\/es\/producto\/lot-durag-rouge-velours-classique\/#breadcrumb","itemListElement":[{"@type":"ListItem","position":1,"name":"Boutique durag","item":"https:\/\/boutique-durag.com\/es\/inicio\/"},{"@type":"ListItem","position":2,"name":"Tienda","item":"https:\/\/boutique-durag.com\/es\/tienda\/"},{"@type":"ListItem","position":3,"name":"Lote Durag","item":"https:\/\/boutique-durag.com\/es\/colecciones\/lote-durag\/"},{"@type":"ListItem","position":4,"name":"Conjunto de terciopelo rojo y durag cl\u00e1sico."}]},{"@type":"WebSite","@id":"https:\/\/boutique-durag.com\/es\/#website","url":"https:\/\/boutique-durag.com\/es\/","name":"Tienda Durag","description":"Tienda francesa de ropa de calle para hombre y mujer dedicada al mundo del durag y la cultura hip-hop. Descubre nuestra selecci\u00f3n de durag.","publisher":{"@id":"https:\/\/boutique-durag.com\/es\/#organization"},"potentialAction":[{"@type":"SearchAction","target":{"@type":"EntryPoint","urlTemplate":"https:\/\/boutique-durag.com\/es\/?s={search_term_string}"},"query-input":{"@type":"PropertyValueSpecification","valueRequired":true,"valueName":"search_term_string"}}],"inLanguage":"es"},{"@type":"Organization","@id":"https:\/\/boutique-durag.com\/es\/#organization","name":"Tienda Durag","url":"https:\/\/boutique-durag.com\/es\/","logo":{"@type":"ImageObject","inLanguage":"es","@id":"https:\/\/boutique-durag.com\/es\/#\/schema\/logo\/image\/","url":"https:\/\/boutique-durag.com\/wp-content\/uploads\/2023\/05\/cropped-Site-Logo-3-1.png","contentUrl":"https:\/\/boutique-durag.com\/wp-content\/uploads\/2023\/05\/cropped-Site-Logo-3-1.png","width":400,"height":100,"caption":"Tienda Durag"},"image":{"@id":"https:\/\/boutique-durag.com\/es\/#\/schema\/logo\/image\/"}}]}},"_links":{"self":[{"href":"https:\/\/boutique-durag.com\/es\/wp-json\/wp\/v2\/product\/12920"}],"collection":[{"href":"https:\/\/boutique-durag.com\/es\/wp-json\/wp\/v2\/product"}],"about":[{"href":"https:\/\/boutique-durag.com\/es\/wp-json\/wp\/v2\/types\/product"}],"replies":[{"embeddable":true,"href":"https:\/\/boutique-durag.com\/es\/wp-json\/wp\/v2\/comments?post=12920"}],"wp:featuredmedia":[{"embeddable":true,"href":"https:\/\/boutique-durag.com\/es\/wp-json\/wp\/v2\/media\/11526"}],"wp:attachment":[{"href":"https:\/\/boutique-durag.com\/es\/wp-json\/wp\/v2\/media?parent=12920"}],"wp:term":[{"taxonomy":"product_cat","embeddable":true,"href":"https:\/\/boutique-durag.com\/es\/wp-json\/wp\/v2\/product_cat?post=12920"},{"taxonomy":"product_tag","embeddable":true,"href":"https:\/\/boutique-durag.com\/es\/wp-json\/wp\/v2\/product_tag?post=12920"}],"curies":[{"name":"wp","href":"https:\/\/api.w.org\/{rel}","templated":true}]}}