{"id":12877,"date":"2023-05-30T08:36:38","date_gmt":"2023-05-30T08:36:38","guid":{"rendered":"https:\/\/boutique-durag.com\/produit\/brosse-wave-incurvee-marron\/"},"modified":"2024-09-17T14:39:55","modified_gmt":"2024-09-17T14:39:55","slug":"brosse-wave-incurvee-marron","status":"publish","type":"product","link":"https:\/\/boutique-durag.com\/es\/producto\/brosse-wave-incurvee-marron\/","title":{"rendered":"cepillo de onda curva marr\u00f3n"},"content":{"rendered":"<h2>Encuentra el mejor accesorio para los wavers: El cepillo curvo para ondas<\/h2>\n<ul>\n<li>Este <strong>cepillo especial para vacilantes<\/strong> es muy pr\u00e1ctico y agradable de utilizar durante las <strong>sesiones de cepillado largas<\/strong>.<\/li>\n<li>Fabricado con materiales suaves, no <strong>provoca ninguna irritaci\u00f3n<\/strong> en la piel ni en el cuero cabelludo.<\/li>\n<li>Este cepillo tambi\u00e9n es muy <strong>suave para el rostro<\/strong> y se puede utilizar para cepillar la barba.<\/li>\n<li>Ideal para <strong>uso frecuente<\/strong>, no perjudica la salud de tu cabello.<\/li>\n<li>Sus cerdas est\u00e1n dise\u00f1adas para <strong>aplanar el cabello<\/strong> de forma r\u00e1pida y sencilla.<\/li>\n<li><strong>Entrega gratuita<\/strong>.<\/li>\n<\/ul>\n<p>\u00bfQuieres trabajar en tu corona? El <a href=\"https:\/\/boutique-durag.com\/produit\/brosse-wave-couronne\/\">cepillo para ondas de corona<\/a> est\u00e1 aqu\u00ed para ti.<\/p>\n<p>Categor\u00eda: <a href=\"https:\/\/boutique-durag.com\/es\/collections\/onda-brosse\/\" class=\"broken_link\">cepillo ondas<\/a>.<\/p>\n","protected":false},"excerpt":{"rendered":"<p>Encuentra el mejor accesorio para los wavers: El cepillo curvo para ondas Este cepillo especial para vacilantes es muy pr\u00e1ctico y agradable de utilizar durante las sesiones de cepillado largas. Fabricado con materiales suaves, no provoca ninguna irritaci\u00f3n en la piel ni en el cuero cabelludo. Este cepillo tambi\u00e9n es muy suave para el rostro [&hellip;]<\/p>\n","protected":false},"featured_media":11575,"comment_status":"open","ping_status":"closed","template":"","meta":[],"product_cat":[611],"product_tag":[],"class_list":{"0":"post-12877","1":"product","2":"type-product","3":"status-publish","4":"has-post-thumbnail","6":"product_cat-onda-brosse","8":"first","9":"instock","10":"shipping-taxable","11":"purchasable","12":"product-type-simple"},"yoast_head":"<title>cepillo de onda curva marr\u00f3n entrega gratuita | Ahorre un 30% en su pedido<\/title>\n<meta name=\"description\" content=\"Reciba su cepillo de onda curva marr\u00f3n hoy mismo y benef\u00edciese de env\u00edo gratuito | 24\/48h dispatch\" \/>\n<meta name=\"robots\" content=\"index, follow, max-snippet:-1, max-image-preview:large, max-video-preview:-1\" \/>\n<link rel=\"canonical\" href=\"https:\/\/boutique-durag.com\/es\/producto\/brosse-wave-incurvee-marron\/\" \/>\n<meta property=\"og:locale\" content=\"es_ES\" \/>\n<meta property=\"og:type\" content=\"article\" \/>\n<meta property=\"og:title\" content=\"cepillo de onda curva marr\u00f3n entrega gratuita | Ahorre un 30% en su pedido\" \/>\n<meta property=\"og:description\" content=\"Reciba su cepillo de onda curva marr\u00f3n hoy mismo y benef\u00edciese de env\u00edo gratuito | 24\/48h dispatch\" \/>\n<meta property=\"og:url\" content=\"https:\/\/boutique-durag.com\/es\/producto\/brosse-wave-incurvee-marron\/\" \/>\n<meta property=\"og:site_name\" content=\"Tienda Durag\" \/>\n<meta property=\"article:modified_time\" content=\"2024-09-17T14:39:55+00:00\" \/>\n<meta property=\"og:image\" content=\"https:\/\/boutique-durag.com\/wp-content\/uploads\/2023\/05\/product-image-1597875589.jpg\" \/>\n\t<meta property=\"og:image:width\" content=\"640\" \/>\n\t<meta property=\"og:image:height\" content=\"640\" \/>\n\t<meta property=\"og:image:type\" content=\"image\/jpeg\" \/>\n<meta name=\"twitter:card\" content=\"summary_large_image\" \/>\n<meta name=\"twitter:label1\" content=\"Tiempo de lectura\" \/>\n\t<meta name=\"twitter:data1\" content=\"1 minuto\" \/>\n<script type=\"application\/ld+json\" class=\"yoast-schema-graph\">{\"@context\":\"https:\/\/schema.org\",\"@graph\":[{\"@type\":\"WebPage\",\"@id\":\"https:\/\/boutique-durag.com\/es\/producto\/brosse-wave-incurvee-marron\/\",\"url\":\"https:\/\/boutique-durag.com\/es\/producto\/brosse-wave-incurvee-marron\/\",\"name\":\"cepillo de onda curva marr\u00f3n entrega gratuita | Ahorre un 30% en su pedido\",\"isPartOf\":{\"@id\":\"https:\/\/boutique-durag.com\/es\/#website\"},\"primaryImageOfPage\":{\"@id\":\"https:\/\/boutique-durag.com\/es\/producto\/brosse-wave-incurvee-marron\/#primaryimage\"},\"image\":{\"@id\":\"https:\/\/boutique-durag.com\/es\/producto\/brosse-wave-incurvee-marron\/#primaryimage\"},\"thumbnailUrl\":\"https:\/\/boutique-durag.com\/wp-content\/uploads\/2023\/05\/product-image-1597875589.jpg\",\"datePublished\":\"2023-05-30T08:36:38+00:00\",\"dateModified\":\"2024-09-17T14:39:55+00:00\",\"description\":\"Reciba su cepillo de onda curva marr\u00f3n hoy mismo y benef\u00edciese de env\u00edo gratuito | 24\/48h dispatch\",\"breadcrumb\":{\"@id\":\"https:\/\/boutique-durag.com\/es\/producto\/brosse-wave-incurvee-marron\/#breadcrumb\"},\"inLanguage\":\"es\",\"potentialAction\":[{\"@type\":\"ReadAction\",\"target\":[\"https:\/\/boutique-durag.com\/es\/producto\/brosse-wave-incurvee-marron\/\"]}]},{\"@type\":\"ImageObject\",\"inLanguage\":\"es\",\"@id\":\"https:\/\/boutique-durag.com\/es\/producto\/brosse-wave-incurvee-marron\/#primaryimage\",\"url\":\"https:\/\/boutique-durag.com\/wp-content\/uploads\/2023\/05\/product-image-1597875589.jpg\",\"contentUrl\":\"https:\/\/boutique-durag.com\/wp-content\/uploads\/2023\/05\/product-image-1597875589.jpg\",\"width\":640,\"height\":640},{\"@type\":\"BreadcrumbList\",\"@id\":\"https:\/\/boutique-durag.com\/es\/producto\/brosse-wave-incurvee-marron\/#breadcrumb\",\"itemListElement\":[{\"@type\":\"ListItem\",\"position\":1,\"name\":\"Boutique durag\",\"item\":\"https:\/\/boutique-durag.com\/es\/inicio\/\"},{\"@type\":\"ListItem\",\"position\":2,\"name\":\"Tienda\",\"item\":\"https:\/\/boutique-durag.com\/es\/tienda\/\"},{\"@type\":\"ListItem\",\"position\":3,\"name\":\"Onda Brosse\",\"item\":\"https:\/\/boutique-durag.com\/es\/colecciones\/onda-brosse\/\"},{\"@type\":\"ListItem\",\"position\":4,\"name\":\"cepillo de onda curva marr\u00f3n\"}]},{\"@type\":\"WebSite\",\"@id\":\"https:\/\/boutique-durag.com\/es\/#website\",\"url\":\"https:\/\/boutique-durag.com\/es\/\",\"name\":\"Tienda Durag\",\"description\":\"Tienda francesa de ropa de calle para hombre y mujer dedicada al mundo del durag y la cultura hip-hop. Descubre nuestra selecci\u00f3n de durag.\",\"publisher\":{\"@id\":\"https:\/\/boutique-durag.com\/es\/#organization\"},\"potentialAction\":[{\"@type\":\"SearchAction\",\"target\":{\"@type\":\"EntryPoint\",\"urlTemplate\":\"https:\/\/boutique-durag.com\/es\/?s={search_term_string}\"},\"query-input\":{\"@type\":\"PropertyValueSpecification\",\"valueRequired\":true,\"valueName\":\"search_term_string\"}}],\"inLanguage\":\"es\"},{\"@type\":\"Organization\",\"@id\":\"https:\/\/boutique-durag.com\/es\/#organization\",\"name\":\"Tienda Durag\",\"url\":\"https:\/\/boutique-durag.com\/es\/\",\"logo\":{\"@type\":\"ImageObject\",\"inLanguage\":\"es\",\"@id\":\"https:\/\/boutique-durag.com\/es\/#\/schema\/logo\/image\/\",\"url\":\"https:\/\/boutique-durag.com\/wp-content\/uploads\/2023\/05\/cropped-Site-Logo-3-1.png\",\"contentUrl\":\"https:\/\/boutique-durag.com\/wp-content\/uploads\/2023\/05\/cropped-Site-Logo-3-1.png\",\"width\":400,\"height\":100,\"caption\":\"Tienda Durag\"},\"image\":{\"@id\":\"https:\/\/boutique-durag.com\/es\/#\/schema\/logo\/image\/\"}}]}<\/script>","yoast_head_json":{"title":"cepillo de onda curva marr\u00f3n entrega gratuita | Ahorre un 30% en su pedido","description":"Reciba su cepillo de onda curva marr\u00f3n hoy mismo y benef\u00edciese de env\u00edo gratuito | 24\/48h dispatch","robots":{"index":"index","follow":"follow","max-snippet":"max-snippet:-1","max-image-preview":"max-image-preview:large","max-video-preview":"max-video-preview:-1"},"canonical":"https:\/\/boutique-durag.com\/es\/producto\/brosse-wave-incurvee-marron\/","og_locale":"es_ES","og_type":"article","og_title":"cepillo de onda curva marr\u00f3n entrega gratuita | Ahorre un 30% en su pedido","og_description":"Reciba su cepillo de onda curva marr\u00f3n hoy mismo y benef\u00edciese de env\u00edo gratuito | 24\/48h dispatch","og_url":"https:\/\/boutique-durag.com\/es\/producto\/brosse-wave-incurvee-marron\/","og_site_name":"Tienda Durag","article_modified_time":"2024-09-17T14:39:55+00:00","og_image":[{"width":640,"height":640,"url":"https:\/\/boutique-durag.com\/wp-content\/uploads\/2023\/05\/product-image-1597875589.jpg","type":"image\/jpeg"}],"twitter_card":"summary_large_image","twitter_misc":{"Tiempo de lectura":"1 minuto"},"schema":{"@context":"https:\/\/schema.org","@graph":[{"@type":"WebPage","@id":"https:\/\/boutique-durag.com\/es\/producto\/brosse-wave-incurvee-marron\/","url":"https:\/\/boutique-durag.com\/es\/producto\/brosse-wave-incurvee-marron\/","name":"cepillo de onda curva marr\u00f3n entrega gratuita | Ahorre un 30% en su pedido","isPartOf":{"@id":"https:\/\/boutique-durag.com\/es\/#website"},"primaryImageOfPage":{"@id":"https:\/\/boutique-durag.com\/es\/producto\/brosse-wave-incurvee-marron\/#primaryimage"},"image":{"@id":"https:\/\/boutique-durag.com\/es\/producto\/brosse-wave-incurvee-marron\/#primaryimage"},"thumbnailUrl":"https:\/\/boutique-durag.com\/wp-content\/uploads\/2023\/05\/product-image-1597875589.jpg","datePublished":"2023-05-30T08:36:38+00:00","dateModified":"2024-09-17T14:39:55+00:00","description":"Reciba su cepillo de onda curva marr\u00f3n hoy mismo y benef\u00edciese de env\u00edo gratuito | 24\/48h dispatch","breadcrumb":{"@id":"https:\/\/boutique-durag.com\/es\/producto\/brosse-wave-incurvee-marron\/#breadcrumb"},"inLanguage":"es","potentialAction":[{"@type":"ReadAction","target":["https:\/\/boutique-durag.com\/es\/producto\/brosse-wave-incurvee-marron\/"]}]},{"@type":"ImageObject","inLanguage":"es","@id":"https:\/\/boutique-durag.com\/es\/producto\/brosse-wave-incurvee-marron\/#primaryimage","url":"https:\/\/boutique-durag.com\/wp-content\/uploads\/2023\/05\/product-image-1597875589.jpg","contentUrl":"https:\/\/boutique-durag.com\/wp-content\/uploads\/2023\/05\/product-image-1597875589.jpg","width":640,"height":640},{"@type":"BreadcrumbList","@id":"https:\/\/boutique-durag.com\/es\/producto\/brosse-wave-incurvee-marron\/#breadcrumb","itemListElement":[{"@type":"ListItem","position":1,"name":"Boutique durag","item":"https:\/\/boutique-durag.com\/es\/inicio\/"},{"@type":"ListItem","position":2,"name":"Tienda","item":"https:\/\/boutique-durag.com\/es\/tienda\/"},{"@type":"ListItem","position":3,"name":"Onda Brosse","item":"https:\/\/boutique-durag.com\/es\/colecciones\/onda-brosse\/"},{"@type":"ListItem","position":4,"name":"cepillo de onda curva marr\u00f3n"}]},{"@type":"WebSite","@id":"https:\/\/boutique-durag.com\/es\/#website","url":"https:\/\/boutique-durag.com\/es\/","name":"Tienda Durag","description":"Tienda francesa de ropa de calle para hombre y mujer dedicada al mundo del durag y la cultura hip-hop. Descubre nuestra selecci\u00f3n de durag.","publisher":{"@id":"https:\/\/boutique-durag.com\/es\/#organization"},"potentialAction":[{"@type":"SearchAction","target":{"@type":"EntryPoint","urlTemplate":"https:\/\/boutique-durag.com\/es\/?s={search_term_string}"},"query-input":{"@type":"PropertyValueSpecification","valueRequired":true,"valueName":"search_term_string"}}],"inLanguage":"es"},{"@type":"Organization","@id":"https:\/\/boutique-durag.com\/es\/#organization","name":"Tienda Durag","url":"https:\/\/boutique-durag.com\/es\/","logo":{"@type":"ImageObject","inLanguage":"es","@id":"https:\/\/boutique-durag.com\/es\/#\/schema\/logo\/image\/","url":"https:\/\/boutique-durag.com\/wp-content\/uploads\/2023\/05\/cropped-Site-Logo-3-1.png","contentUrl":"https:\/\/boutique-durag.com\/wp-content\/uploads\/2023\/05\/cropped-Site-Logo-3-1.png","width":400,"height":100,"caption":"Tienda Durag"},"image":{"@id":"https:\/\/boutique-durag.com\/es\/#\/schema\/logo\/image\/"}}]}},"_links":{"self":[{"href":"https:\/\/boutique-durag.com\/es\/wp-json\/wp\/v2\/product\/12877"}],"collection":[{"href":"https:\/\/boutique-durag.com\/es\/wp-json\/wp\/v2\/product"}],"about":[{"href":"https:\/\/boutique-durag.com\/es\/wp-json\/wp\/v2\/types\/product"}],"replies":[{"embeddable":true,"href":"https:\/\/boutique-durag.com\/es\/wp-json\/wp\/v2\/comments?post=12877"}],"wp:featuredmedia":[{"embeddable":true,"href":"https:\/\/boutique-durag.com\/es\/wp-json\/wp\/v2\/media\/11575"}],"wp:attachment":[{"href":"https:\/\/boutique-durag.com\/es\/wp-json\/wp\/v2\/media?parent=12877"}],"wp:term":[{"taxonomy":"product_cat","embeddable":true,"href":"https:\/\/boutique-durag.com\/es\/wp-json\/wp\/v2\/product_cat?post=12877"},{"taxonomy":"product_tag","embeddable":true,"href":"https:\/\/boutique-durag.com\/es\/wp-json\/wp\/v2\/product_tag?post=12877"}],"curies":[{"name":"wp","href":"https:\/\/api.w.org\/{rel}","templated":true}]}}