{"id":12852,"date":"2023-05-30T08:36:43","date_gmt":"2023-05-30T08:36:43","guid":{"rendered":"https:\/\/boutique-durag.com\/produit\/brosse-waves-360\/"},"modified":"2024-09-17T14:39:47","modified_gmt":"2024-09-17T14:39:47","slug":"brosse-waves-360","status":"publish","type":"product","link":"https:\/\/boutique-durag.com\/es\/producto\/brosse-waves-360\/","title":{"rendered":"cepillo ondas 360"},"content":{"rendered":"<h2><span data-mce-fragment=\"1\">Cepillo para hacer ondas 360, este cepillo te permite &#8220;reposar&#8221; tu cabello en poco tiempo, no da\u00f1a tu cuero cabelludo, porque su cerda es relativamente suave ( pero lo suficientemente dif\u00edcil como para borrarlo con cepillo)<\/span><\/h2>\n<ul>\n<li><strong>F\u00e1cil de usar<\/strong> durante sesiones largas<\/li>\n<li><strong>No irrita la piel<\/strong> ni el cuero cabelludo<\/li>\n<li><strong>Suficientemente suave para el rostro<\/strong> y puede usarse para la barba<\/li>\n<li><strong>Usar frecuentemente<\/strong> sin causar da\u00f1os a la salud del cabello<\/li>\n<li><strong>Ideal para alisar el cabello<\/strong>, lo que permite obtener ondas lo m\u00e1s r\u00e1pido posible<\/li>\n<li><strong><u>Entrega gratuita<\/u><\/strong><\/li>\n<\/ul>\n<p>\u00bfBuscas un <a href=\"https:\/\/boutique-durag.com\/es\/produit\/brosse-wave-soft\/\">cepillo para ondas suaves<\/a>?<\/p>\n<p><strong>\ufeff<\/strong>\ufeffcategor\u00eda: <a href=\"https:\/\/boutique-durag.com\/es\/collections\/onda- pincel\/\" class=\"broken_link\">pincel ondulado<\/a><\/p>\n","protected":false},"excerpt":{"rendered":"<p>Cepillo para hacer ondas 360, este cepillo te permite &#8220;reposar&#8221; tu cabello en poco tiempo, no da\u00f1a tu cuero cabelludo, porque su cerda es relativamente suave ( pero lo suficientemente dif\u00edcil como para borrarlo con cepillo) F\u00e1cil de usar durante sesiones largas No irrita la piel ni el cuero cabelludo Suficientemente suave para el rostro [&hellip;]<\/p>\n","protected":false},"featured_media":11597,"comment_status":"open","ping_status":"closed","template":"","meta":[],"product_cat":[611],"product_tag":[],"class_list":{"0":"post-12852","1":"product","2":"type-product","3":"status-publish","4":"has-post-thumbnail","6":"product_cat-onda-brosse","8":"first","9":"instock","10":"shipping-taxable","11":"purchasable","12":"product-type-variable"},"yoast_head":"<title>cepillo ondas 360 entrega gratuita | Ahorre un 30% en su pedido<\/title>\n<meta name=\"description\" content=\"Reciba su cepillo ondas 360 hoy mismo y benef\u00edciese de env\u00edo gratuito | 24\/48h dispatch\" \/>\n<meta name=\"robots\" content=\"index, follow, max-snippet:-1, max-image-preview:large, max-video-preview:-1\" \/>\n<link rel=\"canonical\" href=\"https:\/\/boutique-durag.com\/es\/producto\/brosse-waves-360\/\" \/>\n<meta property=\"og:locale\" content=\"es_ES\" \/>\n<meta property=\"og:type\" content=\"article\" \/>\n<meta property=\"og:title\" content=\"cepillo ondas 360 entrega gratuita | Ahorre un 30% en su pedido\" \/>\n<meta property=\"og:description\" content=\"Reciba su cepillo ondas 360 hoy mismo y benef\u00edciese de env\u00edo gratuito | 24\/48h dispatch\" \/>\n<meta property=\"og:url\" content=\"https:\/\/boutique-durag.com\/es\/producto\/brosse-waves-360\/\" \/>\n<meta property=\"og:site_name\" content=\"Tienda Durag\" \/>\n<meta property=\"article:modified_time\" content=\"2024-09-17T14:39:47+00:00\" \/>\n<meta property=\"og:image\" content=\"https:\/\/boutique-durag.com\/wp-content\/uploads\/2023\/05\/Hbebe7c8f11ef4c82b950a4378870ba15S.jpg\" \/>\n\t<meta property=\"og:image:width\" content=\"1500\" \/>\n\t<meta property=\"og:image:height\" content=\"1500\" \/>\n\t<meta property=\"og:image:type\" content=\"image\/jpeg\" \/>\n<meta name=\"twitter:card\" content=\"summary_large_image\" \/>\n<meta name=\"twitter:label1\" content=\"Tiempo de lectura\" \/>\n\t<meta name=\"twitter:data1\" content=\"1 minuto\" \/>\n<script type=\"application\/ld+json\" class=\"yoast-schema-graph\">{\"@context\":\"https:\/\/schema.org\",\"@graph\":[{\"@type\":\"WebPage\",\"@id\":\"https:\/\/boutique-durag.com\/es\/producto\/brosse-waves-360\/\",\"url\":\"https:\/\/boutique-durag.com\/es\/producto\/brosse-waves-360\/\",\"name\":\"cepillo ondas 360 entrega gratuita | Ahorre un 30% en su pedido\",\"isPartOf\":{\"@id\":\"https:\/\/boutique-durag.com\/es\/#website\"},\"primaryImageOfPage\":{\"@id\":\"https:\/\/boutique-durag.com\/es\/producto\/brosse-waves-360\/#primaryimage\"},\"image\":{\"@id\":\"https:\/\/boutique-durag.com\/es\/producto\/brosse-waves-360\/#primaryimage\"},\"thumbnailUrl\":\"https:\/\/boutique-durag.com\/wp-content\/uploads\/2023\/05\/Hbebe7c8f11ef4c82b950a4378870ba15S.jpg\",\"datePublished\":\"2023-05-30T08:36:43+00:00\",\"dateModified\":\"2024-09-17T14:39:47+00:00\",\"description\":\"Reciba su cepillo ondas 360 hoy mismo y benef\u00edciese de env\u00edo gratuito | 24\/48h dispatch\",\"breadcrumb\":{\"@id\":\"https:\/\/boutique-durag.com\/es\/producto\/brosse-waves-360\/#breadcrumb\"},\"inLanguage\":\"es\",\"potentialAction\":[{\"@type\":\"ReadAction\",\"target\":[\"https:\/\/boutique-durag.com\/es\/producto\/brosse-waves-360\/\"]}]},{\"@type\":\"ImageObject\",\"inLanguage\":\"es\",\"@id\":\"https:\/\/boutique-durag.com\/es\/producto\/brosse-waves-360\/#primaryimage\",\"url\":\"https:\/\/boutique-durag.com\/wp-content\/uploads\/2023\/05\/Hbebe7c8f11ef4c82b950a4378870ba15S.jpg\",\"contentUrl\":\"https:\/\/boutique-durag.com\/wp-content\/uploads\/2023\/05\/Hbebe7c8f11ef4c82b950a4378870ba15S.jpg\",\"width\":1500,\"height\":1500},{\"@type\":\"BreadcrumbList\",\"@id\":\"https:\/\/boutique-durag.com\/es\/producto\/brosse-waves-360\/#breadcrumb\",\"itemListElement\":[{\"@type\":\"ListItem\",\"position\":1,\"name\":\"Boutique durag\",\"item\":\"https:\/\/boutique-durag.com\/es\/inicio\/\"},{\"@type\":\"ListItem\",\"position\":2,\"name\":\"Tienda\",\"item\":\"https:\/\/boutique-durag.com\/es\/tienda\/\"},{\"@type\":\"ListItem\",\"position\":3,\"name\":\"Onda Brosse\",\"item\":\"https:\/\/boutique-durag.com\/es\/colecciones\/onda-brosse\/\"},{\"@type\":\"ListItem\",\"position\":4,\"name\":\"cepillo ondas 360\"}]},{\"@type\":\"WebSite\",\"@id\":\"https:\/\/boutique-durag.com\/es\/#website\",\"url\":\"https:\/\/boutique-durag.com\/es\/\",\"name\":\"Tienda Durag\",\"description\":\"Tienda francesa de ropa de calle para hombre y mujer dedicada al mundo del durag y la cultura hip-hop. Descubre nuestra selecci\u00f3n de durag.\",\"publisher\":{\"@id\":\"https:\/\/boutique-durag.com\/es\/#organization\"},\"potentialAction\":[{\"@type\":\"SearchAction\",\"target\":{\"@type\":\"EntryPoint\",\"urlTemplate\":\"https:\/\/boutique-durag.com\/es\/?s={search_term_string}\"},\"query-input\":{\"@type\":\"PropertyValueSpecification\",\"valueRequired\":true,\"valueName\":\"search_term_string\"}}],\"inLanguage\":\"es\"},{\"@type\":\"Organization\",\"@id\":\"https:\/\/boutique-durag.com\/es\/#organization\",\"name\":\"Tienda Durag\",\"url\":\"https:\/\/boutique-durag.com\/es\/\",\"logo\":{\"@type\":\"ImageObject\",\"inLanguage\":\"es\",\"@id\":\"https:\/\/boutique-durag.com\/es\/#\/schema\/logo\/image\/\",\"url\":\"https:\/\/boutique-durag.com\/wp-content\/uploads\/2023\/05\/cropped-Site-Logo-3-1.png\",\"contentUrl\":\"https:\/\/boutique-durag.com\/wp-content\/uploads\/2023\/05\/cropped-Site-Logo-3-1.png\",\"width\":400,\"height\":100,\"caption\":\"Tienda Durag\"},\"image\":{\"@id\":\"https:\/\/boutique-durag.com\/es\/#\/schema\/logo\/image\/\"}}]}<\/script>","yoast_head_json":{"title":"cepillo ondas 360 entrega gratuita | Ahorre un 30% en su pedido","description":"Reciba su cepillo ondas 360 hoy mismo y benef\u00edciese de env\u00edo gratuito | 24\/48h dispatch","robots":{"index":"index","follow":"follow","max-snippet":"max-snippet:-1","max-image-preview":"max-image-preview:large","max-video-preview":"max-video-preview:-1"},"canonical":"https:\/\/boutique-durag.com\/es\/producto\/brosse-waves-360\/","og_locale":"es_ES","og_type":"article","og_title":"cepillo ondas 360 entrega gratuita | Ahorre un 30% en su pedido","og_description":"Reciba su cepillo ondas 360 hoy mismo y benef\u00edciese de env\u00edo gratuito | 24\/48h dispatch","og_url":"https:\/\/boutique-durag.com\/es\/producto\/brosse-waves-360\/","og_site_name":"Tienda Durag","article_modified_time":"2024-09-17T14:39:47+00:00","og_image":[{"width":1500,"height":1500,"url":"https:\/\/boutique-durag.com\/wp-content\/uploads\/2023\/05\/Hbebe7c8f11ef4c82b950a4378870ba15S.jpg","type":"image\/jpeg"}],"twitter_card":"summary_large_image","twitter_misc":{"Tiempo de lectura":"1 minuto"},"schema":{"@context":"https:\/\/schema.org","@graph":[{"@type":"WebPage","@id":"https:\/\/boutique-durag.com\/es\/producto\/brosse-waves-360\/","url":"https:\/\/boutique-durag.com\/es\/producto\/brosse-waves-360\/","name":"cepillo ondas 360 entrega gratuita | Ahorre un 30% en su pedido","isPartOf":{"@id":"https:\/\/boutique-durag.com\/es\/#website"},"primaryImageOfPage":{"@id":"https:\/\/boutique-durag.com\/es\/producto\/brosse-waves-360\/#primaryimage"},"image":{"@id":"https:\/\/boutique-durag.com\/es\/producto\/brosse-waves-360\/#primaryimage"},"thumbnailUrl":"https:\/\/boutique-durag.com\/wp-content\/uploads\/2023\/05\/Hbebe7c8f11ef4c82b950a4378870ba15S.jpg","datePublished":"2023-05-30T08:36:43+00:00","dateModified":"2024-09-17T14:39:47+00:00","description":"Reciba su cepillo ondas 360 hoy mismo y benef\u00edciese de env\u00edo gratuito | 24\/48h dispatch","breadcrumb":{"@id":"https:\/\/boutique-durag.com\/es\/producto\/brosse-waves-360\/#breadcrumb"},"inLanguage":"es","potentialAction":[{"@type":"ReadAction","target":["https:\/\/boutique-durag.com\/es\/producto\/brosse-waves-360\/"]}]},{"@type":"ImageObject","inLanguage":"es","@id":"https:\/\/boutique-durag.com\/es\/producto\/brosse-waves-360\/#primaryimage","url":"https:\/\/boutique-durag.com\/wp-content\/uploads\/2023\/05\/Hbebe7c8f11ef4c82b950a4378870ba15S.jpg","contentUrl":"https:\/\/boutique-durag.com\/wp-content\/uploads\/2023\/05\/Hbebe7c8f11ef4c82b950a4378870ba15S.jpg","width":1500,"height":1500},{"@type":"BreadcrumbList","@id":"https:\/\/boutique-durag.com\/es\/producto\/brosse-waves-360\/#breadcrumb","itemListElement":[{"@type":"ListItem","position":1,"name":"Boutique durag","item":"https:\/\/boutique-durag.com\/es\/inicio\/"},{"@type":"ListItem","position":2,"name":"Tienda","item":"https:\/\/boutique-durag.com\/es\/tienda\/"},{"@type":"ListItem","position":3,"name":"Onda Brosse","item":"https:\/\/boutique-durag.com\/es\/colecciones\/onda-brosse\/"},{"@type":"ListItem","position":4,"name":"cepillo ondas 360"}]},{"@type":"WebSite","@id":"https:\/\/boutique-durag.com\/es\/#website","url":"https:\/\/boutique-durag.com\/es\/","name":"Tienda Durag","description":"Tienda francesa de ropa de calle para hombre y mujer dedicada al mundo del durag y la cultura hip-hop. Descubre nuestra selecci\u00f3n de durag.","publisher":{"@id":"https:\/\/boutique-durag.com\/es\/#organization"},"potentialAction":[{"@type":"SearchAction","target":{"@type":"EntryPoint","urlTemplate":"https:\/\/boutique-durag.com\/es\/?s={search_term_string}"},"query-input":{"@type":"PropertyValueSpecification","valueRequired":true,"valueName":"search_term_string"}}],"inLanguage":"es"},{"@type":"Organization","@id":"https:\/\/boutique-durag.com\/es\/#organization","name":"Tienda Durag","url":"https:\/\/boutique-durag.com\/es\/","logo":{"@type":"ImageObject","inLanguage":"es","@id":"https:\/\/boutique-durag.com\/es\/#\/schema\/logo\/image\/","url":"https:\/\/boutique-durag.com\/wp-content\/uploads\/2023\/05\/cropped-Site-Logo-3-1.png","contentUrl":"https:\/\/boutique-durag.com\/wp-content\/uploads\/2023\/05\/cropped-Site-Logo-3-1.png","width":400,"height":100,"caption":"Tienda Durag"},"image":{"@id":"https:\/\/boutique-durag.com\/es\/#\/schema\/logo\/image\/"}}]}},"_links":{"self":[{"href":"https:\/\/boutique-durag.com\/es\/wp-json\/wp\/v2\/product\/12852"}],"collection":[{"href":"https:\/\/boutique-durag.com\/es\/wp-json\/wp\/v2\/product"}],"about":[{"href":"https:\/\/boutique-durag.com\/es\/wp-json\/wp\/v2\/types\/product"}],"replies":[{"embeddable":true,"href":"https:\/\/boutique-durag.com\/es\/wp-json\/wp\/v2\/comments?post=12852"}],"wp:featuredmedia":[{"embeddable":true,"href":"https:\/\/boutique-durag.com\/es\/wp-json\/wp\/v2\/media\/11597"}],"wp:attachment":[{"href":"https:\/\/boutique-durag.com\/es\/wp-json\/wp\/v2\/media?parent=12852"}],"wp:term":[{"taxonomy":"product_cat","embeddable":true,"href":"https:\/\/boutique-durag.com\/es\/wp-json\/wp\/v2\/product_cat?post=12852"},{"taxonomy":"product_tag","embeddable":true,"href":"https:\/\/boutique-durag.com\/es\/wp-json\/wp\/v2\/product_tag?post=12852"}],"curies":[{"name":"wp","href":"https:\/\/api.w.org\/{rel}","templated":true}]}}