{"id":12835,"date":"2023-05-30T08:44:20","date_gmt":"2023-05-30T08:44:20","guid":{"rendered":"https:\/\/boutique-durag.com\/produit\/durag-velours-supreme-louis-vuitton\/"},"modified":"2024-12-09T07:00:26","modified_gmt":"2024-12-09T07:00:26","slug":"durag-velours-supreme-louis-vuitton","status":"publish","type":"product","link":"https:\/\/boutique-durag.com\/es\/producto\/durag-velours-supreme-louis-vuitton\/","title":{"rendered":"durag velours Supreme louis Vuitton"},"content":{"rendered":"<h2>D\u00e9couvre le <strong>Durag Velours Supreme Louis Vuitton<\/strong>, le buzz de cette collaboration entre les deux marques \u00e0 fait l&#8217;effet d&#8217;un <strong>rafra\u00eechissement<\/strong> et tout le monde voulait au moins un accessoire de la collection. Nous vous proposons ce <strong>Durag<\/strong> qui vous aidera \u00e0 \u00eatre styl\u00e9(e) et \u00e0 prot\u00e9ger vos cheveux en toute occasion.<\/h2>\n<ul>\n<li>Ce <strong>Durag Velours Supreme Louis Vuitton<\/strong> est parfait si vous \u00eates \u00e0 la recherche d&#8217;un <strong>accessoire de qualit\u00e9<\/strong> qui ne vous laisse pas des marques sur le front et qui peut \u00eatre port\u00e9 <strong>pendant des heures<\/strong> sans aucun souci.<\/li>\n<li>Il est <strong>con\u00e7u pour s&#8217;adapter \u00e0 tous les types de cheveux<\/strong>, que vous ayez des tresses, des waves ou des dreadlocks, ce durag vous sera d&#8217;une <strong>grande aide<\/strong>.<\/li>\n<li>Ce <strong>Durag<\/strong> vous permet d&#8217;\u00e9conomiser beaucoup de temps car il est <strong>facile et rapide \u00e0 attacher<\/strong> et parfait pour les jours o\u00f9 vous n&#8217;avez pas vos contours.<\/li>\n<li>Cet accessoire est <strong>adapt\u00e9 \u00e0 toutes les saisons<\/strong> de l&#8217;ann\u00e9e, l&#8217;hiver il prot\u00e8ge vos cheveux des dommages caus\u00e9s par le froid et en \u00e9t\u00e9 il les prot\u00e8ge des dommages pouvant \u00eatre caus\u00e9s par le soleil.<\/li>\n<li>Ce Durag Velours Supreme Louis Vuitton poss\u00e8de des <strong>finitions soign\u00e9es<\/strong> pour que tu puisses te sentir bien en toute occasion.<\/li>\n<li><strong><u>Livraison standard gratuite<\/u><\/strong><\/li>\n<\/ul>\n<p>Vous avez aim\u00e9 ce Durag exclusif ? D\u00e9couvrez un autre : le <a href=\"https:\/\/boutique-durag.com\/es\/producto\/durag-velours-louis-vuitton-rouge\/\">Durag Louis Vuitton<\/a><\/p>\n<div>\n<div><\/div>\n<\/div>\n","protected":false},"excerpt":{"rendered":"<p>D\u00e9couvre le Durag Velours Supreme Louis Vuitton, le buzz de cette collaboration entre les deux marques \u00e0 fait l&#8217;effet d&#8217;un rafra\u00eechissement et tout le monde voulait au moins un accessoire de la collection. Nous vous proposons ce Durag qui vous aidera \u00e0 \u00eatre styl\u00e9(e) et \u00e0 prot\u00e9ger vos cheveux en toute occasion. Ce Durag Velours [&hellip;]<\/p>\n","protected":false},"featured_media":11616,"comment_status":"open","ping_status":"closed","template":"","meta":[],"product_cat":[612,632],"product_tag":[],"class_list":{"0":"post-12835","1":"product","2":"type-product","3":"status-publish","4":"has-post-thumbnail","6":"product_cat-durag-es","7":"product_cat-durag-terciopelo","9":"first","10":"outofstock","11":"shipping-taxable","12":"purchasable","13":"product-type-simple"},"yoast_head":"<title>durag velours Supreme louis Vuitton entrega gratuita | Ahorre un 30% en su pedido<\/title>\n<meta name=\"description\" content=\"Reciba su durag velours Supreme louis Vuitton hoy mismo y benef\u00edciese de env\u00edo gratuito | 24\/48h dispatch\" \/>\n<meta name=\"robots\" content=\"index, follow, max-snippet:-1, max-image-preview:large, max-video-preview:-1\" \/>\n<link rel=\"canonical\" href=\"https:\/\/boutique-durag.com\/es\/producto\/durag-velours-supreme-louis-vuitton\/\" \/>\n<meta property=\"og:locale\" content=\"es_ES\" \/>\n<meta property=\"og:type\" content=\"article\" \/>\n<meta property=\"og:title\" content=\"durag velours Supreme louis Vuitton entrega gratuita | Ahorre un 30% en su pedido\" \/>\n<meta property=\"og:description\" content=\"Reciba su durag velours Supreme louis Vuitton hoy mismo y benef\u00edciese de env\u00edo gratuito | 24\/48h dispatch\" \/>\n<meta property=\"og:url\" content=\"https:\/\/boutique-durag.com\/es\/producto\/durag-velours-supreme-louis-vuitton\/\" \/>\n<meta property=\"og:site_name\" content=\"Tienda Durag\" \/>\n<meta property=\"article:modified_time\" content=\"2024-12-09T07:00:26+00:00\" \/>\n<meta property=\"og:image\" content=\"https:\/\/boutique-durag.com\/wp-content\/uploads\/2023\/05\/He73c09eeabce49fc83b929fb52d800462.jpg\" \/>\n\t<meta property=\"og:image:width\" content=\"800\" \/>\n\t<meta property=\"og:image:height\" content=\"800\" \/>\n\t<meta property=\"og:image:type\" content=\"image\/jpeg\" \/>\n<meta name=\"twitter:card\" content=\"summary_large_image\" \/>\n<meta name=\"twitter:label1\" content=\"Tiempo de lectura\" \/>\n\t<meta name=\"twitter:data1\" content=\"1 minuto\" \/>\n<script type=\"application\/ld+json\" class=\"yoast-schema-graph\">{\"@context\":\"https:\/\/schema.org\",\"@graph\":[{\"@type\":\"WebPage\",\"@id\":\"https:\/\/boutique-durag.com\/es\/producto\/durag-velours-supreme-louis-vuitton\/\",\"url\":\"https:\/\/boutique-durag.com\/es\/producto\/durag-velours-supreme-louis-vuitton\/\",\"name\":\"durag velours Supreme louis Vuitton entrega gratuita | Ahorre un 30% en su pedido\",\"isPartOf\":{\"@id\":\"https:\/\/boutique-durag.com\/es\/#website\"},\"primaryImageOfPage\":{\"@id\":\"https:\/\/boutique-durag.com\/es\/producto\/durag-velours-supreme-louis-vuitton\/#primaryimage\"},\"image\":{\"@id\":\"https:\/\/boutique-durag.com\/es\/producto\/durag-velours-supreme-louis-vuitton\/#primaryimage\"},\"thumbnailUrl\":\"https:\/\/boutique-durag.com\/wp-content\/uploads\/2023\/05\/He73c09eeabce49fc83b929fb52d800462.jpg\",\"datePublished\":\"2023-05-30T08:44:20+00:00\",\"dateModified\":\"2024-12-09T07:00:26+00:00\",\"description\":\"Reciba su durag velours Supreme louis Vuitton hoy mismo y benef\u00edciese de env\u00edo gratuito | 24\/48h dispatch\",\"breadcrumb\":{\"@id\":\"https:\/\/boutique-durag.com\/es\/producto\/durag-velours-supreme-louis-vuitton\/#breadcrumb\"},\"inLanguage\":\"es\",\"potentialAction\":[{\"@type\":\"ReadAction\",\"target\":[\"https:\/\/boutique-durag.com\/es\/producto\/durag-velours-supreme-louis-vuitton\/\"]}]},{\"@type\":\"ImageObject\",\"inLanguage\":\"es\",\"@id\":\"https:\/\/boutique-durag.com\/es\/producto\/durag-velours-supreme-louis-vuitton\/#primaryimage\",\"url\":\"https:\/\/boutique-durag.com\/wp-content\/uploads\/2023\/05\/He73c09eeabce49fc83b929fb52d800462.jpg\",\"contentUrl\":\"https:\/\/boutique-durag.com\/wp-content\/uploads\/2023\/05\/He73c09eeabce49fc83b929fb52d800462.jpg\",\"width\":800,\"height\":800},{\"@type\":\"BreadcrumbList\",\"@id\":\"https:\/\/boutique-durag.com\/es\/producto\/durag-velours-supreme-louis-vuitton\/#breadcrumb\",\"itemListElement\":[{\"@type\":\"ListItem\",\"position\":1,\"name\":\"Boutique durag\",\"item\":\"https:\/\/boutique-durag.com\/es\/inicio\/\"},{\"@type\":\"ListItem\",\"position\":2,\"name\":\"Tienda\",\"item\":\"https:\/\/boutique-durag.com\/es\/tienda\/\"},{\"@type\":\"ListItem\",\"position\":3,\"name\":\"Durag\",\"item\":\"https:\/\/boutique-durag.com\/es\/colecciones\/durag-es\/\"},{\"@type\":\"ListItem\",\"position\":4,\"name\":\"durag velours Supreme louis Vuitton\"}]},{\"@type\":\"WebSite\",\"@id\":\"https:\/\/boutique-durag.com\/es\/#website\",\"url\":\"https:\/\/boutique-durag.com\/es\/\",\"name\":\"Tienda Durag\",\"description\":\"Tienda francesa de ropa de calle para hombre y mujer dedicada al mundo del durag y la cultura hip-hop. Descubre nuestra selecci\u00f3n de durag.\",\"publisher\":{\"@id\":\"https:\/\/boutique-durag.com\/es\/#organization\"},\"potentialAction\":[{\"@type\":\"SearchAction\",\"target\":{\"@type\":\"EntryPoint\",\"urlTemplate\":\"https:\/\/boutique-durag.com\/es\/?s={search_term_string}\"},\"query-input\":{\"@type\":\"PropertyValueSpecification\",\"valueRequired\":true,\"valueName\":\"search_term_string\"}}],\"inLanguage\":\"es\"},{\"@type\":\"Organization\",\"@id\":\"https:\/\/boutique-durag.com\/es\/#organization\",\"name\":\"Tienda Durag\",\"url\":\"https:\/\/boutique-durag.com\/es\/\",\"logo\":{\"@type\":\"ImageObject\",\"inLanguage\":\"es\",\"@id\":\"https:\/\/boutique-durag.com\/es\/#\/schema\/logo\/image\/\",\"url\":\"https:\/\/boutique-durag.com\/wp-content\/uploads\/2023\/05\/cropped-Site-Logo-3-1.png\",\"contentUrl\":\"https:\/\/boutique-durag.com\/wp-content\/uploads\/2023\/05\/cropped-Site-Logo-3-1.png\",\"width\":400,\"height\":100,\"caption\":\"Tienda Durag\"},\"image\":{\"@id\":\"https:\/\/boutique-durag.com\/es\/#\/schema\/logo\/image\/\"}}]}<\/script>","yoast_head_json":{"title":"durag velours Supreme louis Vuitton entrega gratuita | Ahorre un 30% en su pedido","description":"Reciba su durag velours Supreme louis Vuitton hoy mismo y benef\u00edciese de env\u00edo gratuito | 24\/48h dispatch","robots":{"index":"index","follow":"follow","max-snippet":"max-snippet:-1","max-image-preview":"max-image-preview:large","max-video-preview":"max-video-preview:-1"},"canonical":"https:\/\/boutique-durag.com\/es\/producto\/durag-velours-supreme-louis-vuitton\/","og_locale":"es_ES","og_type":"article","og_title":"durag velours Supreme louis Vuitton entrega gratuita | Ahorre un 30% en su pedido","og_description":"Reciba su durag velours Supreme louis Vuitton hoy mismo y benef\u00edciese de env\u00edo gratuito | 24\/48h dispatch","og_url":"https:\/\/boutique-durag.com\/es\/producto\/durag-velours-supreme-louis-vuitton\/","og_site_name":"Tienda Durag","article_modified_time":"2024-12-09T07:00:26+00:00","og_image":[{"width":800,"height":800,"url":"https:\/\/boutique-durag.com\/wp-content\/uploads\/2023\/05\/He73c09eeabce49fc83b929fb52d800462.jpg","type":"image\/jpeg"}],"twitter_card":"summary_large_image","twitter_misc":{"Tiempo de lectura":"1 minuto"},"schema":{"@context":"https:\/\/schema.org","@graph":[{"@type":"WebPage","@id":"https:\/\/boutique-durag.com\/es\/producto\/durag-velours-supreme-louis-vuitton\/","url":"https:\/\/boutique-durag.com\/es\/producto\/durag-velours-supreme-louis-vuitton\/","name":"durag velours Supreme louis Vuitton entrega gratuita | Ahorre un 30% en su pedido","isPartOf":{"@id":"https:\/\/boutique-durag.com\/es\/#website"},"primaryImageOfPage":{"@id":"https:\/\/boutique-durag.com\/es\/producto\/durag-velours-supreme-louis-vuitton\/#primaryimage"},"image":{"@id":"https:\/\/boutique-durag.com\/es\/producto\/durag-velours-supreme-louis-vuitton\/#primaryimage"},"thumbnailUrl":"https:\/\/boutique-durag.com\/wp-content\/uploads\/2023\/05\/He73c09eeabce49fc83b929fb52d800462.jpg","datePublished":"2023-05-30T08:44:20+00:00","dateModified":"2024-12-09T07:00:26+00:00","description":"Reciba su durag velours Supreme louis Vuitton hoy mismo y benef\u00edciese de env\u00edo gratuito | 24\/48h dispatch","breadcrumb":{"@id":"https:\/\/boutique-durag.com\/es\/producto\/durag-velours-supreme-louis-vuitton\/#breadcrumb"},"inLanguage":"es","potentialAction":[{"@type":"ReadAction","target":["https:\/\/boutique-durag.com\/es\/producto\/durag-velours-supreme-louis-vuitton\/"]}]},{"@type":"ImageObject","inLanguage":"es","@id":"https:\/\/boutique-durag.com\/es\/producto\/durag-velours-supreme-louis-vuitton\/#primaryimage","url":"https:\/\/boutique-durag.com\/wp-content\/uploads\/2023\/05\/He73c09eeabce49fc83b929fb52d800462.jpg","contentUrl":"https:\/\/boutique-durag.com\/wp-content\/uploads\/2023\/05\/He73c09eeabce49fc83b929fb52d800462.jpg","width":800,"height":800},{"@type":"BreadcrumbList","@id":"https:\/\/boutique-durag.com\/es\/producto\/durag-velours-supreme-louis-vuitton\/#breadcrumb","itemListElement":[{"@type":"ListItem","position":1,"name":"Boutique durag","item":"https:\/\/boutique-durag.com\/es\/inicio\/"},{"@type":"ListItem","position":2,"name":"Tienda","item":"https:\/\/boutique-durag.com\/es\/tienda\/"},{"@type":"ListItem","position":3,"name":"Durag","item":"https:\/\/boutique-durag.com\/es\/colecciones\/durag-es\/"},{"@type":"ListItem","position":4,"name":"durag velours Supreme louis Vuitton"}]},{"@type":"WebSite","@id":"https:\/\/boutique-durag.com\/es\/#website","url":"https:\/\/boutique-durag.com\/es\/","name":"Tienda Durag","description":"Tienda francesa de ropa de calle para hombre y mujer dedicada al mundo del durag y la cultura hip-hop. Descubre nuestra selecci\u00f3n de durag.","publisher":{"@id":"https:\/\/boutique-durag.com\/es\/#organization"},"potentialAction":[{"@type":"SearchAction","target":{"@type":"EntryPoint","urlTemplate":"https:\/\/boutique-durag.com\/es\/?s={search_term_string}"},"query-input":{"@type":"PropertyValueSpecification","valueRequired":true,"valueName":"search_term_string"}}],"inLanguage":"es"},{"@type":"Organization","@id":"https:\/\/boutique-durag.com\/es\/#organization","name":"Tienda Durag","url":"https:\/\/boutique-durag.com\/es\/","logo":{"@type":"ImageObject","inLanguage":"es","@id":"https:\/\/boutique-durag.com\/es\/#\/schema\/logo\/image\/","url":"https:\/\/boutique-durag.com\/wp-content\/uploads\/2023\/05\/cropped-Site-Logo-3-1.png","contentUrl":"https:\/\/boutique-durag.com\/wp-content\/uploads\/2023\/05\/cropped-Site-Logo-3-1.png","width":400,"height":100,"caption":"Tienda Durag"},"image":{"@id":"https:\/\/boutique-durag.com\/es\/#\/schema\/logo\/image\/"}}]}},"_links":{"self":[{"href":"https:\/\/boutique-durag.com\/es\/wp-json\/wp\/v2\/product\/12835"}],"collection":[{"href":"https:\/\/boutique-durag.com\/es\/wp-json\/wp\/v2\/product"}],"about":[{"href":"https:\/\/boutique-durag.com\/es\/wp-json\/wp\/v2\/types\/product"}],"replies":[{"embeddable":true,"href":"https:\/\/boutique-durag.com\/es\/wp-json\/wp\/v2\/comments?post=12835"}],"wp:featuredmedia":[{"embeddable":true,"href":"https:\/\/boutique-durag.com\/es\/wp-json\/wp\/v2\/media\/11616"}],"wp:attachment":[{"href":"https:\/\/boutique-durag.com\/es\/wp-json\/wp\/v2\/media?parent=12835"}],"wp:term":[{"taxonomy":"product_cat","embeddable":true,"href":"https:\/\/boutique-durag.com\/es\/wp-json\/wp\/v2\/product_cat?post=12835"},{"taxonomy":"product_tag","embeddable":true,"href":"https:\/\/boutique-durag.com\/es\/wp-json\/wp\/v2\/product_tag?post=12835"}],"curies":[{"name":"wp","href":"https:\/\/api.w.org\/{rel}","templated":true}]}}