{"id":12834,"date":"2023-05-30T08:44:20","date_gmt":"2023-05-30T08:44:20","guid":{"rendered":"https:\/\/boutique-durag.com\/produit\/durag-gucci\/"},"modified":"2024-09-17T14:39:21","modified_gmt":"2024-09-17T14:39:21","slug":"durag-gucci","status":"publish","type":"product","link":"https:\/\/boutique-durag.com\/es\/producto\/durag-gucci\/","title":{"rendered":"durag gucci"},"content":{"rendered":"<h2>Este <strong>durag gucci<\/strong> es el m\u00e1s buscado y <strong>trendy<\/strong>, por eso te lo ofrecemos para que destaques, \u00a1la originalidad est\u00e1 a tu alcance!<\/h2>\n<ul>\n<li>Este <strong>durag gucci est\u00e1 hecho para ti<\/strong> si buscas una marca que no te deje marcas en la frente. Puedes usarlo <strong>sin preocuparte por las horas<\/strong> que te durar\u00e1.<\/li>\n<li>Es <strong>perfecto para todo tipo de cabello<\/strong>, para proteger tu corte ya sea que tengas trenzas, ondas o rastas, este durag te ser\u00e1 <strong>de gran ayuda<\/strong> fuerte&gt;. <\/li>\n<li>Este durag de Gucci ahorra un tiempo considerable, <strong>es muy f\u00e1cil de colocar<\/strong> y es ideal para esos d\u00edas en los que no tienes tiempo para hacer tus contornos.<\/li>\n<li>Este durag de Gucci est\u00e1 <strong>equipado para cada estaci\u00f3n<\/strong> del a\u00f1o, en invierno proteger\u00e1 tu cabello del fr\u00edo y en verano de los da\u00f1os solares.<\/li>\n<li><span style=\"color: #000000\"><a href=\"https:\/\/cdn.shopify.com\/s\/files\/1\/0434\/1239\/0045\/files\/durag_gucci.pdf?v=1627496601 \" rel=\"noopener\" style=\"color: #000000;text-decoration: underline\" target=\"_blank\">Este durag de Gucci<\/a><\/span> tiene <strong>detalles muy bien hechos<\/strong> que te permitir\u00e1 mantenerte elegante en todo momento.<\/li>\n<li><strong><u>Entrega est\u00e1ndar gratuita<\/u><\/strong><\/li>\n<\/ul>\n<h2>\u00bfC\u00f3mo atar un <b>Durag Gucci<\/b>?<\/h2>\n<ol>\n<li><b>Dale la vuelta<\/b> al durag de modo que la <b>costura central<\/b> quede en el exterior del durag. De esta forma, la costura central no comprimir\u00e1 tu cabello y no dejar\u00e1 marcas en \u00e9l.<\/li>\n<li><b>Use<\/b> el durag sobre su cabeza como una capucha, de modo que la parte posterior del durag quede plana a lo largo de su cuello y la parte delantera quede unos cent\u00edmetros por encima de sus ojos. Puedes subir o bajar la parte delantera seg\u00fan tus deseos, pero justo por encima de las cejas es perfecto.<\/li>\n<li><b>Toma<\/b> una tira de durag en cada mano y luego <b>cruza<\/b> las dos tiras en la parte posterior de tu cabeza. Debe quedar lo suficientemente apretado para que el durag no se deshaga.<\/li>\n<li><b>Aprieta<\/b> las correas, luego <b>cruzalas<\/b> a la altura de la frente, de modo que vuelvan a la parte posterior de la cabeza en la direcci\u00f3n opuesta y queden planas.<\/li>\n<li><b>Ata<\/b> el extremo restante de cada correa en la parte posterior de tu cabeza con un nudo.<\/li>\n<li><b>M\u00edrate<\/b> en un espejo y haz ajustes si es necesario.<\/li>\n<\/ol>\n","protected":false},"excerpt":{"rendered":"<p>Este durag gucci es el m\u00e1s buscado y trendy, por eso te lo ofrecemos para que destaques, \u00a1la originalidad est\u00e1 a tu alcance! Este durag gucci est\u00e1 hecho para ti si buscas una marca que no te deje marcas en la frente. Puedes usarlo sin preocuparte por las horas que te durar\u00e1. Es perfecto para [&hellip;]<\/p>\n","protected":false},"featured_media":11615,"comment_status":"open","ping_status":"closed","template":"","meta":[],"product_cat":[612],"product_tag":[],"class_list":{"0":"post-12834","1":"product","2":"type-product","3":"status-publish","4":"has-post-thumbnail","6":"product_cat-durag-es","8":"first","9":"instock","10":"shipping-taxable","11":"purchasable","12":"product-type-simple"},"yoast_head":"<title>durag gucci entrega gratuita | Ahorre un 30% en su pedido<\/title>\n<meta name=\"description\" content=\"Reciba su durag gucci hoy mismo y benef\u00edciese de env\u00edo gratuito | 24\/48h dispatch\" \/>\n<meta name=\"robots\" content=\"index, follow, max-snippet:-1, max-image-preview:large, max-video-preview:-1\" \/>\n<link rel=\"canonical\" href=\"https:\/\/boutique-durag.com\/es\/producto\/durag-gucci\/\" \/>\n<meta property=\"og:locale\" content=\"es_ES\" \/>\n<meta property=\"og:type\" content=\"article\" \/>\n<meta property=\"og:title\" content=\"durag gucci entrega gratuita | Ahorre un 30% en su pedido\" \/>\n<meta property=\"og:description\" content=\"Reciba su durag gucci hoy mismo y benef\u00edciese de env\u00edo gratuito | 24\/48h dispatch\" \/>\n<meta property=\"og:url\" content=\"https:\/\/boutique-durag.com\/es\/producto\/durag-gucci\/\" \/>\n<meta property=\"og:site_name\" content=\"Tienda Durag\" \/>\n<meta property=\"article:modified_time\" content=\"2024-09-17T14:39:21+00:00\" \/>\n<meta property=\"og:image\" content=\"https:\/\/boutique-durag.com\/wp-content\/uploads\/2023\/05\/gucci.jpg\" \/>\n\t<meta property=\"og:image:width\" content=\"1000\" \/>\n\t<meta property=\"og:image:height\" content=\"1000\" \/>\n\t<meta property=\"og:image:type\" content=\"image\/jpeg\" \/>\n<meta name=\"twitter:card\" content=\"summary_large_image\" \/>\n<meta name=\"twitter:label1\" content=\"Tiempo de lectura\" \/>\n\t<meta name=\"twitter:data1\" content=\"2 minutos\" \/>\n<script type=\"application\/ld+json\" class=\"yoast-schema-graph\">{\"@context\":\"https:\/\/schema.org\",\"@graph\":[{\"@type\":\"WebPage\",\"@id\":\"https:\/\/boutique-durag.com\/es\/producto\/durag-gucci\/\",\"url\":\"https:\/\/boutique-durag.com\/es\/producto\/durag-gucci\/\",\"name\":\"durag gucci entrega gratuita | Ahorre un 30% en su pedido\",\"isPartOf\":{\"@id\":\"https:\/\/boutique-durag.com\/es\/#website\"},\"primaryImageOfPage\":{\"@id\":\"https:\/\/boutique-durag.com\/es\/producto\/durag-gucci\/#primaryimage\"},\"image\":{\"@id\":\"https:\/\/boutique-durag.com\/es\/producto\/durag-gucci\/#primaryimage\"},\"thumbnailUrl\":\"https:\/\/boutique-durag.com\/wp-content\/uploads\/2023\/05\/gucci.jpg\",\"datePublished\":\"2023-05-30T08:44:20+00:00\",\"dateModified\":\"2024-09-17T14:39:21+00:00\",\"description\":\"Reciba su durag gucci hoy mismo y benef\u00edciese de env\u00edo gratuito | 24\/48h dispatch\",\"breadcrumb\":{\"@id\":\"https:\/\/boutique-durag.com\/es\/producto\/durag-gucci\/#breadcrumb\"},\"inLanguage\":\"es\",\"potentialAction\":[{\"@type\":\"ReadAction\",\"target\":[\"https:\/\/boutique-durag.com\/es\/producto\/durag-gucci\/\"]}]},{\"@type\":\"ImageObject\",\"inLanguage\":\"es\",\"@id\":\"https:\/\/boutique-durag.com\/es\/producto\/durag-gucci\/#primaryimage\",\"url\":\"https:\/\/boutique-durag.com\/wp-content\/uploads\/2023\/05\/gucci.jpg\",\"contentUrl\":\"https:\/\/boutique-durag.com\/wp-content\/uploads\/2023\/05\/gucci.jpg\",\"width\":1000,\"height\":1000},{\"@type\":\"BreadcrumbList\",\"@id\":\"https:\/\/boutique-durag.com\/es\/producto\/durag-gucci\/#breadcrumb\",\"itemListElement\":[{\"@type\":\"ListItem\",\"position\":1,\"name\":\"Boutique durag\",\"item\":\"https:\/\/boutique-durag.com\/es\/inicio\/\"},{\"@type\":\"ListItem\",\"position\":2,\"name\":\"Tienda\",\"item\":\"https:\/\/boutique-durag.com\/es\/tienda\/\"},{\"@type\":\"ListItem\",\"position\":3,\"name\":\"Durag\",\"item\":\"https:\/\/boutique-durag.com\/es\/colecciones\/durag-es\/\"},{\"@type\":\"ListItem\",\"position\":4,\"name\":\"durag gucci\"}]},{\"@type\":\"WebSite\",\"@id\":\"https:\/\/boutique-durag.com\/es\/#website\",\"url\":\"https:\/\/boutique-durag.com\/es\/\",\"name\":\"Tienda Durag\",\"description\":\"Tienda francesa de ropa de calle para hombre y mujer dedicada al mundo del durag y la cultura hip-hop. Descubre nuestra selecci\u00f3n de durag.\",\"publisher\":{\"@id\":\"https:\/\/boutique-durag.com\/es\/#organization\"},\"potentialAction\":[{\"@type\":\"SearchAction\",\"target\":{\"@type\":\"EntryPoint\",\"urlTemplate\":\"https:\/\/boutique-durag.com\/es\/?s={search_term_string}\"},\"query-input\":{\"@type\":\"PropertyValueSpecification\",\"valueRequired\":true,\"valueName\":\"search_term_string\"}}],\"inLanguage\":\"es\"},{\"@type\":\"Organization\",\"@id\":\"https:\/\/boutique-durag.com\/es\/#organization\",\"name\":\"Tienda Durag\",\"url\":\"https:\/\/boutique-durag.com\/es\/\",\"logo\":{\"@type\":\"ImageObject\",\"inLanguage\":\"es\",\"@id\":\"https:\/\/boutique-durag.com\/es\/#\/schema\/logo\/image\/\",\"url\":\"https:\/\/boutique-durag.com\/wp-content\/uploads\/2023\/05\/cropped-Site-Logo-3-1.png\",\"contentUrl\":\"https:\/\/boutique-durag.com\/wp-content\/uploads\/2023\/05\/cropped-Site-Logo-3-1.png\",\"width\":400,\"height\":100,\"caption\":\"Tienda Durag\"},\"image\":{\"@id\":\"https:\/\/boutique-durag.com\/es\/#\/schema\/logo\/image\/\"}}]}<\/script>","yoast_head_json":{"title":"durag gucci entrega gratuita | Ahorre un 30% en su pedido","description":"Reciba su durag gucci hoy mismo y benef\u00edciese de env\u00edo gratuito | 24\/48h dispatch","robots":{"index":"index","follow":"follow","max-snippet":"max-snippet:-1","max-image-preview":"max-image-preview:large","max-video-preview":"max-video-preview:-1"},"canonical":"https:\/\/boutique-durag.com\/es\/producto\/durag-gucci\/","og_locale":"es_ES","og_type":"article","og_title":"durag gucci entrega gratuita | Ahorre un 30% en su pedido","og_description":"Reciba su durag gucci hoy mismo y benef\u00edciese de env\u00edo gratuito | 24\/48h dispatch","og_url":"https:\/\/boutique-durag.com\/es\/producto\/durag-gucci\/","og_site_name":"Tienda Durag","article_modified_time":"2024-09-17T14:39:21+00:00","og_image":[{"width":1000,"height":1000,"url":"https:\/\/boutique-durag.com\/wp-content\/uploads\/2023\/05\/gucci.jpg","type":"image\/jpeg"}],"twitter_card":"summary_large_image","twitter_misc":{"Tiempo de lectura":"2 minutos"},"schema":{"@context":"https:\/\/schema.org","@graph":[{"@type":"WebPage","@id":"https:\/\/boutique-durag.com\/es\/producto\/durag-gucci\/","url":"https:\/\/boutique-durag.com\/es\/producto\/durag-gucci\/","name":"durag gucci entrega gratuita | Ahorre un 30% en su pedido","isPartOf":{"@id":"https:\/\/boutique-durag.com\/es\/#website"},"primaryImageOfPage":{"@id":"https:\/\/boutique-durag.com\/es\/producto\/durag-gucci\/#primaryimage"},"image":{"@id":"https:\/\/boutique-durag.com\/es\/producto\/durag-gucci\/#primaryimage"},"thumbnailUrl":"https:\/\/boutique-durag.com\/wp-content\/uploads\/2023\/05\/gucci.jpg","datePublished":"2023-05-30T08:44:20+00:00","dateModified":"2024-09-17T14:39:21+00:00","description":"Reciba su durag gucci hoy mismo y benef\u00edciese de env\u00edo gratuito | 24\/48h dispatch","breadcrumb":{"@id":"https:\/\/boutique-durag.com\/es\/producto\/durag-gucci\/#breadcrumb"},"inLanguage":"es","potentialAction":[{"@type":"ReadAction","target":["https:\/\/boutique-durag.com\/es\/producto\/durag-gucci\/"]}]},{"@type":"ImageObject","inLanguage":"es","@id":"https:\/\/boutique-durag.com\/es\/producto\/durag-gucci\/#primaryimage","url":"https:\/\/boutique-durag.com\/wp-content\/uploads\/2023\/05\/gucci.jpg","contentUrl":"https:\/\/boutique-durag.com\/wp-content\/uploads\/2023\/05\/gucci.jpg","width":1000,"height":1000},{"@type":"BreadcrumbList","@id":"https:\/\/boutique-durag.com\/es\/producto\/durag-gucci\/#breadcrumb","itemListElement":[{"@type":"ListItem","position":1,"name":"Boutique durag","item":"https:\/\/boutique-durag.com\/es\/inicio\/"},{"@type":"ListItem","position":2,"name":"Tienda","item":"https:\/\/boutique-durag.com\/es\/tienda\/"},{"@type":"ListItem","position":3,"name":"Durag","item":"https:\/\/boutique-durag.com\/es\/colecciones\/durag-es\/"},{"@type":"ListItem","position":4,"name":"durag gucci"}]},{"@type":"WebSite","@id":"https:\/\/boutique-durag.com\/es\/#website","url":"https:\/\/boutique-durag.com\/es\/","name":"Tienda Durag","description":"Tienda francesa de ropa de calle para hombre y mujer dedicada al mundo del durag y la cultura hip-hop. Descubre nuestra selecci\u00f3n de durag.","publisher":{"@id":"https:\/\/boutique-durag.com\/es\/#organization"},"potentialAction":[{"@type":"SearchAction","target":{"@type":"EntryPoint","urlTemplate":"https:\/\/boutique-durag.com\/es\/?s={search_term_string}"},"query-input":{"@type":"PropertyValueSpecification","valueRequired":true,"valueName":"search_term_string"}}],"inLanguage":"es"},{"@type":"Organization","@id":"https:\/\/boutique-durag.com\/es\/#organization","name":"Tienda Durag","url":"https:\/\/boutique-durag.com\/es\/","logo":{"@type":"ImageObject","inLanguage":"es","@id":"https:\/\/boutique-durag.com\/es\/#\/schema\/logo\/image\/","url":"https:\/\/boutique-durag.com\/wp-content\/uploads\/2023\/05\/cropped-Site-Logo-3-1.png","contentUrl":"https:\/\/boutique-durag.com\/wp-content\/uploads\/2023\/05\/cropped-Site-Logo-3-1.png","width":400,"height":100,"caption":"Tienda Durag"},"image":{"@id":"https:\/\/boutique-durag.com\/es\/#\/schema\/logo\/image\/"}}]}},"_links":{"self":[{"href":"https:\/\/boutique-durag.com\/es\/wp-json\/wp\/v2\/product\/12834"}],"collection":[{"href":"https:\/\/boutique-durag.com\/es\/wp-json\/wp\/v2\/product"}],"about":[{"href":"https:\/\/boutique-durag.com\/es\/wp-json\/wp\/v2\/types\/product"}],"replies":[{"embeddable":true,"href":"https:\/\/boutique-durag.com\/es\/wp-json\/wp\/v2\/comments?post=12834"}],"wp:featuredmedia":[{"embeddable":true,"href":"https:\/\/boutique-durag.com\/es\/wp-json\/wp\/v2\/media\/11615"}],"wp:attachment":[{"href":"https:\/\/boutique-durag.com\/es\/wp-json\/wp\/v2\/media?parent=12834"}],"wp:term":[{"taxonomy":"product_cat","embeddable":true,"href":"https:\/\/boutique-durag.com\/es\/wp-json\/wp\/v2\/product_cat?post=12834"},{"taxonomy":"product_tag","embeddable":true,"href":"https:\/\/boutique-durag.com\/es\/wp-json\/wp\/v2\/product_tag?post=12834"}],"curies":[{"name":"wp","href":"https:\/\/api.w.org\/{rel}","templated":true}]}}