{"id":12829,"date":"2023-05-30T08:44:22","date_gmt":"2023-05-30T08:44:22","guid":{"rendered":"https:\/\/boutique-durag.com\/produit\/durag-velours-supreme-noir\/"},"modified":"2024-09-17T14:39:15","modified_gmt":"2024-09-17T14:39:15","slug":"durag-velours-supreme-noir","status":"publish","type":"product","link":"https:\/\/boutique-durag.com\/es\/producto\/durag-velours-supreme-noir\/","title":{"rendered":"durag de terciopelo supremo negro"},"content":{"rendered":"<h2><span>Durag en terciopelo negro con dise\u00f1os de la marca Supreme, que a todos nos hace so\u00f1ar, este Durag Supreme deber\u00eda complacerte si te gusta la moda, encontramos este durag para tu mayor placer, no lo har\u00e1s encontrar en cualquier otro lugar<\/span><\/h2>\n<ul>\n<li><strong>Este durag de terciopelo Supreme negro es perfecto para ti<\/strong> si quieres evitar las marcas que otros durags dejan en tu frente, es suave en tu piel puedes usarlo <strong>durante d\u00edas horas <\/strong>sin ninguna molestia.<\/li>\n<li>Est\u00e1 <strong>dise\u00f1ado para todo tipo de cabello<\/strong>, ideal para proteger tu corte, ya sean trenzas, ondas, rastas, este durag te ofrecer\u00e1 una <strong>ayuda valiosa.<\/strong> <\/ li>\n<li>Este durag te ahorrar\u00e1 un tiempo precioso, <strong>se fija r\u00e1pidamente<\/strong> y es perfecto para esos d\u00edas en los que no tienes tiempo para cuidar tus contornos.<\/strong> li&gt;\n<li>Este durag es <strong>pr\u00e1ctico todo el a\u00f1o<\/strong>, en invierno proteger\u00e1 tu cabello de la rotura provocada por el fr\u00edo y en verano, lo proteger\u00e1 de los da\u00f1os que puede causar el sol.<\/li>\n<li>Este durag de terciopelo Supreme negro est\u00e1 muy bien acabado, lo que te permite estar <strong>elegante en todo momento.<\/strong><\/li>\n<li><strong><u>Entrega est\u00e1ndar gratuita<\/u><\/strong><\/li>\n<\/ul>\n<p>\u00bfTe encanta este durag Supremo? Mira <a href=\"https:\/\/boutique-durag.com\/es\/produit\/durag-velours-noir\/\"> nuestro durag de terciopelo negro<\/a><\/p>\n<p><i data-mce-fragment=\"1\"><span data-mce-fragment=\"1\" data-mce-style=\"font-weight: 400;\" style=\"font-weight: 400\">Categor\u00eda<\/span><\/i><span data-mce-fragment=\"1\" data-mce-style=\"font-weight: 400;\" style=\"font-weight: 400\">: <\/span><a data-mce-fragment=\"1\" data-mce-href=\"\/?product_cat=durag-noir\" href=\"https:\/\/boutique- durag.com\/es\/collections\/durag-negro\/\"><span data-mce-fragment=\"1\" data-mce-style=\"font-weight: 400;\" style=\"font-weight: 400\">durag negro<\/span><\/a><\/p>\n<div>\n<div><\/div>\n<\/div>\n","protected":false},"excerpt":{"rendered":"<p>Durag en terciopelo negro con dise\u00f1os de la marca Supreme, que a todos nos hace so\u00f1ar, este Durag Supreme deber\u00eda complacerte si te gusta la moda, encontramos este durag para tu mayor placer, no lo har\u00e1s encontrar en cualquier otro lugar Este durag de terciopelo Supreme negro es perfecto para ti si quieres evitar las [&hellip;]<\/p>\n","protected":false},"featured_media":11620,"comment_status":"open","ping_status":"closed","template":"","meta":[],"product_cat":[612,619,627,632],"product_tag":[],"class_list":{"0":"post-12829","1":"product","2":"type-product","3":"status-publish","4":"has-post-thumbnail","6":"product_cat-durag-es","7":"product_cat-durag-color","8":"product_cat-durag-negro","9":"product_cat-durag-terciopelo","11":"first","12":"instock","13":"shipping-taxable","14":"purchasable","15":"product-type-simple"},"yoast_head":"<title>durag de terciopelo supremo negro entrega gratuita | Ahorre un 30% en su pedido<\/title>\n<meta name=\"description\" content=\"Reciba su durag de terciopelo supremo negro hoy mismo y benef\u00edciese de env\u00edo gratuito | 24\/48h dispatch\" \/>\n<meta name=\"robots\" content=\"index, follow, max-snippet:-1, max-image-preview:large, max-video-preview:-1\" \/>\n<link rel=\"canonical\" href=\"https:\/\/boutique-durag.com\/es\/producto\/durag-velours-supreme-noir\/\" \/>\n<meta property=\"og:locale\" content=\"es_ES\" \/>\n<meta property=\"og:type\" content=\"article\" \/>\n<meta property=\"og:title\" content=\"durag de terciopelo supremo negro entrega gratuita | Ahorre un 30% en su pedido\" \/>\n<meta property=\"og:description\" content=\"Reciba su durag de terciopelo supremo negro hoy mismo y benef\u00edciese de env\u00edo gratuito | 24\/48h dispatch\" \/>\n<meta property=\"og:url\" content=\"https:\/\/boutique-durag.com\/es\/producto\/durag-velours-supreme-noir\/\" \/>\n<meta property=\"og:site_name\" content=\"Tienda Durag\" \/>\n<meta property=\"article:modified_time\" content=\"2024-09-17T14:39:15+00:00\" \/>\n<meta property=\"og:image\" content=\"https:\/\/boutique-durag.com\/wp-content\/uploads\/2023\/05\/He777d8c53b2247c08e8a446c56569f9fG.jpg\" \/>\n\t<meta property=\"og:image:width\" content=\"800\" \/>\n\t<meta property=\"og:image:height\" content=\"800\" \/>\n\t<meta property=\"og:image:type\" content=\"image\/jpeg\" \/>\n<meta name=\"twitter:card\" content=\"summary_large_image\" \/>\n<meta name=\"twitter:label1\" content=\"Tiempo de lectura\" \/>\n\t<meta name=\"twitter:data1\" content=\"1 minuto\" \/>\n<script type=\"application\/ld+json\" class=\"yoast-schema-graph\">{\"@context\":\"https:\/\/schema.org\",\"@graph\":[{\"@type\":\"WebPage\",\"@id\":\"https:\/\/boutique-durag.com\/es\/producto\/durag-velours-supreme-noir\/\",\"url\":\"https:\/\/boutique-durag.com\/es\/producto\/durag-velours-supreme-noir\/\",\"name\":\"durag de terciopelo supremo negro entrega gratuita | Ahorre un 30% en su pedido\",\"isPartOf\":{\"@id\":\"https:\/\/boutique-durag.com\/es\/#website\"},\"primaryImageOfPage\":{\"@id\":\"https:\/\/boutique-durag.com\/es\/producto\/durag-velours-supreme-noir\/#primaryimage\"},\"image\":{\"@id\":\"https:\/\/boutique-durag.com\/es\/producto\/durag-velours-supreme-noir\/#primaryimage\"},\"thumbnailUrl\":\"https:\/\/boutique-durag.com\/wp-content\/uploads\/2023\/05\/He777d8c53b2247c08e8a446c56569f9fG.jpg\",\"datePublished\":\"2023-05-30T08:44:22+00:00\",\"dateModified\":\"2024-09-17T14:39:15+00:00\",\"description\":\"Reciba su durag de terciopelo supremo negro hoy mismo y benef\u00edciese de env\u00edo gratuito | 24\/48h dispatch\",\"breadcrumb\":{\"@id\":\"https:\/\/boutique-durag.com\/es\/producto\/durag-velours-supreme-noir\/#breadcrumb\"},\"inLanguage\":\"es\",\"potentialAction\":[{\"@type\":\"ReadAction\",\"target\":[\"https:\/\/boutique-durag.com\/es\/producto\/durag-velours-supreme-noir\/\"]}]},{\"@type\":\"ImageObject\",\"inLanguage\":\"es\",\"@id\":\"https:\/\/boutique-durag.com\/es\/producto\/durag-velours-supreme-noir\/#primaryimage\",\"url\":\"https:\/\/boutique-durag.com\/wp-content\/uploads\/2023\/05\/He777d8c53b2247c08e8a446c56569f9fG.jpg\",\"contentUrl\":\"https:\/\/boutique-durag.com\/wp-content\/uploads\/2023\/05\/He777d8c53b2247c08e8a446c56569f9fG.jpg\",\"width\":800,\"height\":800},{\"@type\":\"BreadcrumbList\",\"@id\":\"https:\/\/boutique-durag.com\/es\/producto\/durag-velours-supreme-noir\/#breadcrumb\",\"itemListElement\":[{\"@type\":\"ListItem\",\"position\":1,\"name\":\"Boutique durag\",\"item\":\"https:\/\/boutique-durag.com\/es\/inicio\/\"},{\"@type\":\"ListItem\",\"position\":2,\"name\":\"Tienda\",\"item\":\"https:\/\/boutique-durag.com\/es\/tienda\/\"},{\"@type\":\"ListItem\",\"position\":3,\"name\":\"Durag\",\"item\":\"https:\/\/boutique-durag.com\/es\/colecciones\/durag-es\/\"},{\"@type\":\"ListItem\",\"position\":4,\"name\":\"durag de terciopelo supremo negro\"}]},{\"@type\":\"WebSite\",\"@id\":\"https:\/\/boutique-durag.com\/es\/#website\",\"url\":\"https:\/\/boutique-durag.com\/es\/\",\"name\":\"Tienda Durag\",\"description\":\"Tienda francesa de ropa de calle para hombre y mujer dedicada al mundo del durag y la cultura hip-hop. Descubre nuestra selecci\u00f3n de durag.\",\"publisher\":{\"@id\":\"https:\/\/boutique-durag.com\/es\/#organization\"},\"potentialAction\":[{\"@type\":\"SearchAction\",\"target\":{\"@type\":\"EntryPoint\",\"urlTemplate\":\"https:\/\/boutique-durag.com\/es\/?s={search_term_string}\"},\"query-input\":{\"@type\":\"PropertyValueSpecification\",\"valueRequired\":true,\"valueName\":\"search_term_string\"}}],\"inLanguage\":\"es\"},{\"@type\":\"Organization\",\"@id\":\"https:\/\/boutique-durag.com\/es\/#organization\",\"name\":\"Tienda Durag\",\"url\":\"https:\/\/boutique-durag.com\/es\/\",\"logo\":{\"@type\":\"ImageObject\",\"inLanguage\":\"es\",\"@id\":\"https:\/\/boutique-durag.com\/es\/#\/schema\/logo\/image\/\",\"url\":\"https:\/\/boutique-durag.com\/wp-content\/uploads\/2023\/05\/cropped-Site-Logo-3-1.png\",\"contentUrl\":\"https:\/\/boutique-durag.com\/wp-content\/uploads\/2023\/05\/cropped-Site-Logo-3-1.png\",\"width\":400,\"height\":100,\"caption\":\"Tienda Durag\"},\"image\":{\"@id\":\"https:\/\/boutique-durag.com\/es\/#\/schema\/logo\/image\/\"}}]}<\/script>","yoast_head_json":{"title":"durag de terciopelo supremo negro entrega gratuita | Ahorre un 30% en su pedido","description":"Reciba su durag de terciopelo supremo negro hoy mismo y benef\u00edciese de env\u00edo gratuito | 24\/48h dispatch","robots":{"index":"index","follow":"follow","max-snippet":"max-snippet:-1","max-image-preview":"max-image-preview:large","max-video-preview":"max-video-preview:-1"},"canonical":"https:\/\/boutique-durag.com\/es\/producto\/durag-velours-supreme-noir\/","og_locale":"es_ES","og_type":"article","og_title":"durag de terciopelo supremo negro entrega gratuita | Ahorre un 30% en su pedido","og_description":"Reciba su durag de terciopelo supremo negro hoy mismo y benef\u00edciese de env\u00edo gratuito | 24\/48h dispatch","og_url":"https:\/\/boutique-durag.com\/es\/producto\/durag-velours-supreme-noir\/","og_site_name":"Tienda Durag","article_modified_time":"2024-09-17T14:39:15+00:00","og_image":[{"width":800,"height":800,"url":"https:\/\/boutique-durag.com\/wp-content\/uploads\/2023\/05\/He777d8c53b2247c08e8a446c56569f9fG.jpg","type":"image\/jpeg"}],"twitter_card":"summary_large_image","twitter_misc":{"Tiempo de lectura":"1 minuto"},"schema":{"@context":"https:\/\/schema.org","@graph":[{"@type":"WebPage","@id":"https:\/\/boutique-durag.com\/es\/producto\/durag-velours-supreme-noir\/","url":"https:\/\/boutique-durag.com\/es\/producto\/durag-velours-supreme-noir\/","name":"durag de terciopelo supremo negro entrega gratuita | Ahorre un 30% en su pedido","isPartOf":{"@id":"https:\/\/boutique-durag.com\/es\/#website"},"primaryImageOfPage":{"@id":"https:\/\/boutique-durag.com\/es\/producto\/durag-velours-supreme-noir\/#primaryimage"},"image":{"@id":"https:\/\/boutique-durag.com\/es\/producto\/durag-velours-supreme-noir\/#primaryimage"},"thumbnailUrl":"https:\/\/boutique-durag.com\/wp-content\/uploads\/2023\/05\/He777d8c53b2247c08e8a446c56569f9fG.jpg","datePublished":"2023-05-30T08:44:22+00:00","dateModified":"2024-09-17T14:39:15+00:00","description":"Reciba su durag de terciopelo supremo negro hoy mismo y benef\u00edciese de env\u00edo gratuito | 24\/48h dispatch","breadcrumb":{"@id":"https:\/\/boutique-durag.com\/es\/producto\/durag-velours-supreme-noir\/#breadcrumb"},"inLanguage":"es","potentialAction":[{"@type":"ReadAction","target":["https:\/\/boutique-durag.com\/es\/producto\/durag-velours-supreme-noir\/"]}]},{"@type":"ImageObject","inLanguage":"es","@id":"https:\/\/boutique-durag.com\/es\/producto\/durag-velours-supreme-noir\/#primaryimage","url":"https:\/\/boutique-durag.com\/wp-content\/uploads\/2023\/05\/He777d8c53b2247c08e8a446c56569f9fG.jpg","contentUrl":"https:\/\/boutique-durag.com\/wp-content\/uploads\/2023\/05\/He777d8c53b2247c08e8a446c56569f9fG.jpg","width":800,"height":800},{"@type":"BreadcrumbList","@id":"https:\/\/boutique-durag.com\/es\/producto\/durag-velours-supreme-noir\/#breadcrumb","itemListElement":[{"@type":"ListItem","position":1,"name":"Boutique durag","item":"https:\/\/boutique-durag.com\/es\/inicio\/"},{"@type":"ListItem","position":2,"name":"Tienda","item":"https:\/\/boutique-durag.com\/es\/tienda\/"},{"@type":"ListItem","position":3,"name":"Durag","item":"https:\/\/boutique-durag.com\/es\/colecciones\/durag-es\/"},{"@type":"ListItem","position":4,"name":"durag de terciopelo supremo negro"}]},{"@type":"WebSite","@id":"https:\/\/boutique-durag.com\/es\/#website","url":"https:\/\/boutique-durag.com\/es\/","name":"Tienda Durag","description":"Tienda francesa de ropa de calle para hombre y mujer dedicada al mundo del durag y la cultura hip-hop. Descubre nuestra selecci\u00f3n de durag.","publisher":{"@id":"https:\/\/boutique-durag.com\/es\/#organization"},"potentialAction":[{"@type":"SearchAction","target":{"@type":"EntryPoint","urlTemplate":"https:\/\/boutique-durag.com\/es\/?s={search_term_string}"},"query-input":{"@type":"PropertyValueSpecification","valueRequired":true,"valueName":"search_term_string"}}],"inLanguage":"es"},{"@type":"Organization","@id":"https:\/\/boutique-durag.com\/es\/#organization","name":"Tienda Durag","url":"https:\/\/boutique-durag.com\/es\/","logo":{"@type":"ImageObject","inLanguage":"es","@id":"https:\/\/boutique-durag.com\/es\/#\/schema\/logo\/image\/","url":"https:\/\/boutique-durag.com\/wp-content\/uploads\/2023\/05\/cropped-Site-Logo-3-1.png","contentUrl":"https:\/\/boutique-durag.com\/wp-content\/uploads\/2023\/05\/cropped-Site-Logo-3-1.png","width":400,"height":100,"caption":"Tienda Durag"},"image":{"@id":"https:\/\/boutique-durag.com\/es\/#\/schema\/logo\/image\/"}}]}},"_links":{"self":[{"href":"https:\/\/boutique-durag.com\/es\/wp-json\/wp\/v2\/product\/12829"}],"collection":[{"href":"https:\/\/boutique-durag.com\/es\/wp-json\/wp\/v2\/product"}],"about":[{"href":"https:\/\/boutique-durag.com\/es\/wp-json\/wp\/v2\/types\/product"}],"replies":[{"embeddable":true,"href":"https:\/\/boutique-durag.com\/es\/wp-json\/wp\/v2\/comments?post=12829"}],"wp:featuredmedia":[{"embeddable":true,"href":"https:\/\/boutique-durag.com\/es\/wp-json\/wp\/v2\/media\/11620"}],"wp:attachment":[{"href":"https:\/\/boutique-durag.com\/es\/wp-json\/wp\/v2\/media?parent=12829"}],"wp:term":[{"taxonomy":"product_cat","embeddable":true,"href":"https:\/\/boutique-durag.com\/es\/wp-json\/wp\/v2\/product_cat?post=12829"},{"taxonomy":"product_tag","embeddable":true,"href":"https:\/\/boutique-durag.com\/es\/wp-json\/wp\/v2\/product_tag?post=12829"}],"curies":[{"name":"wp","href":"https:\/\/api.w.org\/{rel}","templated":true}]}}