{"id":12815,"date":"2023-05-30T08:44:30","date_gmt":"2023-05-30T08:44:30","guid":{"rendered":"https:\/\/boutique-durag.com\/produit\/durag-brillant-violet\/"},"modified":"2024-09-17T14:39:07","modified_gmt":"2024-09-17T14:39:07","slug":"durag-brillant-violet","status":"publish","type":"product","link":"https:\/\/boutique-durag.com\/es\/producto\/durag-brillant-violet\/","title":{"rendered":"durag p\u00farpura brillante"},"content":{"rendered":"<h2><span>Durag con reflejos morados perfecto para ti si te gustan los accesorios llamativos<\/span><\/h2>\n<\/p>\n<ul>\n<li>Este <strong>durag dorado en colores morados es apto para todo tipo de cabello<\/strong>, ideal para proteger tu corte, ya sea que tengas trenzas, ondas, rastas, este durag ser\u00e1 perfecto para ti, una ayuda preciosa.<\/li>\n<li>Se fija <strong>r\u00e1pidamente y sin complicaciones<\/strong> y es perfecto para esos d\u00edas en los que no tienes tus contornos.<\/li>\n<li>Est\u00e1 <strong>dise\u00f1ado para todas las estaciones<\/strong> del a\u00f1o, en invierno protege tu cabello de la rotura provocada por el fr\u00edo y en verano, lo protege de los da\u00f1os que puede causar el sol.<\/li>\n<li>Cuenta con <strong>acabados muy cuidados<\/strong> que te permitir\u00e1n mantenerte estilosa en cualquier ocasi\u00f3n.<\/li>\n<li><strong><u>Entrega est\u00e1ndar gratuita<\/u><\/strong><\/li>\n<\/ul>\n<h2><strong><u><i>Ordenar por:<\/i><\/u> <a href=\"https:\/\/boutique-durag.com\/es\/collections\/durag-violeta\/ \" class=\"broken_link\"><span style=\"font-weight: 400\">turbante morado<\/span><\/a><\/strong><\/h2>\n","protected":false},"excerpt":{"rendered":"<p>Durag con reflejos morados perfecto para ti si te gustan los accesorios llamativos Este durag dorado en colores morados es apto para todo tipo de cabello, ideal para proteger tu corte, ya sea que tengas trenzas, ondas, rastas, este durag ser\u00e1 perfecto para ti, una ayuda preciosa. Se fija r\u00e1pidamente y sin complicaciones y es [&hellip;]<\/p>\n","protected":false},"featured_media":11644,"comment_status":"open","ping_status":"closed","template":"","meta":[],"product_cat":[612,619,634],"product_tag":[],"class_list":{"0":"post-12815","1":"product","2":"type-product","3":"status-publish","4":"has-post-thumbnail","6":"product_cat-durag-es","7":"product_cat-durag-color","8":"product_cat-durag-violeta","10":"first","11":"instock","12":"shipping-taxable","13":"purchasable","14":"product-type-simple"},"yoast_head":"<title>durag p\u00farpura brillante entrega gratuita | Ahorre un 30% en su pedido<\/title>\n<meta name=\"description\" content=\"Reciba su durag p\u00farpura brillante hoy mismo y benef\u00edciese de env\u00edo gratuito | 24\/48h dispatch\" \/>\n<meta name=\"robots\" content=\"index, follow, max-snippet:-1, max-image-preview:large, max-video-preview:-1\" \/>\n<link rel=\"canonical\" href=\"https:\/\/boutique-durag.com\/es\/producto\/durag-brillant-violet\/\" \/>\n<meta property=\"og:locale\" content=\"es_ES\" \/>\n<meta property=\"og:type\" content=\"article\" \/>\n<meta property=\"og:title\" content=\"durag p\u00farpura brillante entrega gratuita | Ahorre un 30% en su pedido\" \/>\n<meta property=\"og:description\" content=\"Reciba su durag p\u00farpura brillante hoy mismo y benef\u00edciese de env\u00edo gratuito | 24\/48h dispatch\" \/>\n<meta property=\"og:url\" content=\"https:\/\/boutique-durag.com\/es\/producto\/durag-brillant-violet\/\" \/>\n<meta property=\"og:site_name\" content=\"Tienda Durag\" \/>\n<meta property=\"article:modified_time\" content=\"2024-09-17T14:39:07+00:00\" \/>\n<meta property=\"og:image\" content=\"https:\/\/boutique-durag.com\/wp-content\/uploads\/2023\/05\/H5394f444e5c44a4884ae17e01a2734d9Q.jpg\" \/>\n\t<meta property=\"og:image:width\" content=\"674\" \/>\n\t<meta property=\"og:image:height\" content=\"778\" \/>\n\t<meta property=\"og:image:type\" content=\"image\/jpeg\" \/>\n<meta name=\"twitter:card\" content=\"summary_large_image\" \/>\n<meta name=\"twitter:label1\" content=\"Tiempo de lectura\" \/>\n\t<meta name=\"twitter:data1\" content=\"1 minuto\" \/>\n<script type=\"application\/ld+json\" class=\"yoast-schema-graph\">{\"@context\":\"https:\/\/schema.org\",\"@graph\":[{\"@type\":\"WebPage\",\"@id\":\"https:\/\/boutique-durag.com\/es\/producto\/durag-brillant-violet\/\",\"url\":\"https:\/\/boutique-durag.com\/es\/producto\/durag-brillant-violet\/\",\"name\":\"durag p\u00farpura brillante entrega gratuita | Ahorre un 30% en su pedido\",\"isPartOf\":{\"@id\":\"https:\/\/boutique-durag.com\/es\/#website\"},\"primaryImageOfPage\":{\"@id\":\"https:\/\/boutique-durag.com\/es\/producto\/durag-brillant-violet\/#primaryimage\"},\"image\":{\"@id\":\"https:\/\/boutique-durag.com\/es\/producto\/durag-brillant-violet\/#primaryimage\"},\"thumbnailUrl\":\"https:\/\/boutique-durag.com\/wp-content\/uploads\/2023\/05\/H5394f444e5c44a4884ae17e01a2734d9Q.jpg\",\"datePublished\":\"2023-05-30T08:44:30+00:00\",\"dateModified\":\"2024-09-17T14:39:07+00:00\",\"description\":\"Reciba su durag p\u00farpura brillante hoy mismo y benef\u00edciese de env\u00edo gratuito | 24\/48h dispatch\",\"breadcrumb\":{\"@id\":\"https:\/\/boutique-durag.com\/es\/producto\/durag-brillant-violet\/#breadcrumb\"},\"inLanguage\":\"es\",\"potentialAction\":[{\"@type\":\"ReadAction\",\"target\":[\"https:\/\/boutique-durag.com\/es\/producto\/durag-brillant-violet\/\"]}]},{\"@type\":\"ImageObject\",\"inLanguage\":\"es\",\"@id\":\"https:\/\/boutique-durag.com\/es\/producto\/durag-brillant-violet\/#primaryimage\",\"url\":\"https:\/\/boutique-durag.com\/wp-content\/uploads\/2023\/05\/H5394f444e5c44a4884ae17e01a2734d9Q.jpg\",\"contentUrl\":\"https:\/\/boutique-durag.com\/wp-content\/uploads\/2023\/05\/H5394f444e5c44a4884ae17e01a2734d9Q.jpg\",\"width\":674,\"height\":778},{\"@type\":\"BreadcrumbList\",\"@id\":\"https:\/\/boutique-durag.com\/es\/producto\/durag-brillant-violet\/#breadcrumb\",\"itemListElement\":[{\"@type\":\"ListItem\",\"position\":1,\"name\":\"Boutique durag\",\"item\":\"https:\/\/boutique-durag.com\/es\/inicio\/\"},{\"@type\":\"ListItem\",\"position\":2,\"name\":\"Tienda\",\"item\":\"https:\/\/boutique-durag.com\/es\/tienda\/\"},{\"@type\":\"ListItem\",\"position\":3,\"name\":\"Durag\",\"item\":\"https:\/\/boutique-durag.com\/es\/colecciones\/durag-es\/\"},{\"@type\":\"ListItem\",\"position\":4,\"name\":\"durag p\u00farpura brillante\"}]},{\"@type\":\"WebSite\",\"@id\":\"https:\/\/boutique-durag.com\/es\/#website\",\"url\":\"https:\/\/boutique-durag.com\/es\/\",\"name\":\"Tienda Durag\",\"description\":\"Tienda francesa de ropa de calle para hombre y mujer dedicada al mundo del durag y la cultura hip-hop. Descubre nuestra selecci\u00f3n de durag.\",\"publisher\":{\"@id\":\"https:\/\/boutique-durag.com\/es\/#organization\"},\"potentialAction\":[{\"@type\":\"SearchAction\",\"target\":{\"@type\":\"EntryPoint\",\"urlTemplate\":\"https:\/\/boutique-durag.com\/es\/?s={search_term_string}\"},\"query-input\":{\"@type\":\"PropertyValueSpecification\",\"valueRequired\":true,\"valueName\":\"search_term_string\"}}],\"inLanguage\":\"es\"},{\"@type\":\"Organization\",\"@id\":\"https:\/\/boutique-durag.com\/es\/#organization\",\"name\":\"Tienda Durag\",\"url\":\"https:\/\/boutique-durag.com\/es\/\",\"logo\":{\"@type\":\"ImageObject\",\"inLanguage\":\"es\",\"@id\":\"https:\/\/boutique-durag.com\/es\/#\/schema\/logo\/image\/\",\"url\":\"https:\/\/boutique-durag.com\/wp-content\/uploads\/2023\/05\/cropped-Site-Logo-3-1.png\",\"contentUrl\":\"https:\/\/boutique-durag.com\/wp-content\/uploads\/2023\/05\/cropped-Site-Logo-3-1.png\",\"width\":400,\"height\":100,\"caption\":\"Tienda Durag\"},\"image\":{\"@id\":\"https:\/\/boutique-durag.com\/es\/#\/schema\/logo\/image\/\"}}]}<\/script>","yoast_head_json":{"title":"durag p\u00farpura brillante entrega gratuita | Ahorre un 30% en su pedido","description":"Reciba su durag p\u00farpura brillante hoy mismo y benef\u00edciese de env\u00edo gratuito | 24\/48h dispatch","robots":{"index":"index","follow":"follow","max-snippet":"max-snippet:-1","max-image-preview":"max-image-preview:large","max-video-preview":"max-video-preview:-1"},"canonical":"https:\/\/boutique-durag.com\/es\/producto\/durag-brillant-violet\/","og_locale":"es_ES","og_type":"article","og_title":"durag p\u00farpura brillante entrega gratuita | Ahorre un 30% en su pedido","og_description":"Reciba su durag p\u00farpura brillante hoy mismo y benef\u00edciese de env\u00edo gratuito | 24\/48h dispatch","og_url":"https:\/\/boutique-durag.com\/es\/producto\/durag-brillant-violet\/","og_site_name":"Tienda Durag","article_modified_time":"2024-09-17T14:39:07+00:00","og_image":[{"width":674,"height":778,"url":"https:\/\/boutique-durag.com\/wp-content\/uploads\/2023\/05\/H5394f444e5c44a4884ae17e01a2734d9Q.jpg","type":"image\/jpeg"}],"twitter_card":"summary_large_image","twitter_misc":{"Tiempo de lectura":"1 minuto"},"schema":{"@context":"https:\/\/schema.org","@graph":[{"@type":"WebPage","@id":"https:\/\/boutique-durag.com\/es\/producto\/durag-brillant-violet\/","url":"https:\/\/boutique-durag.com\/es\/producto\/durag-brillant-violet\/","name":"durag p\u00farpura brillante entrega gratuita | Ahorre un 30% en su pedido","isPartOf":{"@id":"https:\/\/boutique-durag.com\/es\/#website"},"primaryImageOfPage":{"@id":"https:\/\/boutique-durag.com\/es\/producto\/durag-brillant-violet\/#primaryimage"},"image":{"@id":"https:\/\/boutique-durag.com\/es\/producto\/durag-brillant-violet\/#primaryimage"},"thumbnailUrl":"https:\/\/boutique-durag.com\/wp-content\/uploads\/2023\/05\/H5394f444e5c44a4884ae17e01a2734d9Q.jpg","datePublished":"2023-05-30T08:44:30+00:00","dateModified":"2024-09-17T14:39:07+00:00","description":"Reciba su durag p\u00farpura brillante hoy mismo y benef\u00edciese de env\u00edo gratuito | 24\/48h dispatch","breadcrumb":{"@id":"https:\/\/boutique-durag.com\/es\/producto\/durag-brillant-violet\/#breadcrumb"},"inLanguage":"es","potentialAction":[{"@type":"ReadAction","target":["https:\/\/boutique-durag.com\/es\/producto\/durag-brillant-violet\/"]}]},{"@type":"ImageObject","inLanguage":"es","@id":"https:\/\/boutique-durag.com\/es\/producto\/durag-brillant-violet\/#primaryimage","url":"https:\/\/boutique-durag.com\/wp-content\/uploads\/2023\/05\/H5394f444e5c44a4884ae17e01a2734d9Q.jpg","contentUrl":"https:\/\/boutique-durag.com\/wp-content\/uploads\/2023\/05\/H5394f444e5c44a4884ae17e01a2734d9Q.jpg","width":674,"height":778},{"@type":"BreadcrumbList","@id":"https:\/\/boutique-durag.com\/es\/producto\/durag-brillant-violet\/#breadcrumb","itemListElement":[{"@type":"ListItem","position":1,"name":"Boutique durag","item":"https:\/\/boutique-durag.com\/es\/inicio\/"},{"@type":"ListItem","position":2,"name":"Tienda","item":"https:\/\/boutique-durag.com\/es\/tienda\/"},{"@type":"ListItem","position":3,"name":"Durag","item":"https:\/\/boutique-durag.com\/es\/colecciones\/durag-es\/"},{"@type":"ListItem","position":4,"name":"durag p\u00farpura brillante"}]},{"@type":"WebSite","@id":"https:\/\/boutique-durag.com\/es\/#website","url":"https:\/\/boutique-durag.com\/es\/","name":"Tienda Durag","description":"Tienda francesa de ropa de calle para hombre y mujer dedicada al mundo del durag y la cultura hip-hop. Descubre nuestra selecci\u00f3n de durag.","publisher":{"@id":"https:\/\/boutique-durag.com\/es\/#organization"},"potentialAction":[{"@type":"SearchAction","target":{"@type":"EntryPoint","urlTemplate":"https:\/\/boutique-durag.com\/es\/?s={search_term_string}"},"query-input":{"@type":"PropertyValueSpecification","valueRequired":true,"valueName":"search_term_string"}}],"inLanguage":"es"},{"@type":"Organization","@id":"https:\/\/boutique-durag.com\/es\/#organization","name":"Tienda Durag","url":"https:\/\/boutique-durag.com\/es\/","logo":{"@type":"ImageObject","inLanguage":"es","@id":"https:\/\/boutique-durag.com\/es\/#\/schema\/logo\/image\/","url":"https:\/\/boutique-durag.com\/wp-content\/uploads\/2023\/05\/cropped-Site-Logo-3-1.png","contentUrl":"https:\/\/boutique-durag.com\/wp-content\/uploads\/2023\/05\/cropped-Site-Logo-3-1.png","width":400,"height":100,"caption":"Tienda Durag"},"image":{"@id":"https:\/\/boutique-durag.com\/es\/#\/schema\/logo\/image\/"}}]}},"_links":{"self":[{"href":"https:\/\/boutique-durag.com\/es\/wp-json\/wp\/v2\/product\/12815"}],"collection":[{"href":"https:\/\/boutique-durag.com\/es\/wp-json\/wp\/v2\/product"}],"about":[{"href":"https:\/\/boutique-durag.com\/es\/wp-json\/wp\/v2\/types\/product"}],"replies":[{"embeddable":true,"href":"https:\/\/boutique-durag.com\/es\/wp-json\/wp\/v2\/comments?post=12815"}],"wp:featuredmedia":[{"embeddable":true,"href":"https:\/\/boutique-durag.com\/es\/wp-json\/wp\/v2\/media\/11644"}],"wp:attachment":[{"href":"https:\/\/boutique-durag.com\/es\/wp-json\/wp\/v2\/media?parent=12815"}],"wp:term":[{"taxonomy":"product_cat","embeddable":true,"href":"https:\/\/boutique-durag.com\/es\/wp-json\/wp\/v2\/product_cat?post=12815"},{"taxonomy":"product_tag","embeddable":true,"href":"https:\/\/boutique-durag.com\/es\/wp-json\/wp\/v2\/product_tag?post=12815"}],"curies":[{"name":"wp","href":"https:\/\/api.w.org\/{rel}","templated":true}]}}