{"id":12794,"date":"2023-05-30T08:44:38","date_gmt":"2023-05-30T08:44:38","guid":{"rendered":"https:\/\/boutique-durag.com\/produit\/durag-tete-de-mort-argent\/"},"modified":"2024-09-17T14:38:53","modified_gmt":"2024-09-17T14:38:53","slug":"durag-tete-de-mort-argent","status":"publish","type":"product","link":"https:\/\/boutique-durag.com\/es\/producto\/durag-tete-de-mort-argent\/","title":{"rendered":"durag calavera plateada"},"content":{"rendered":"<h2 data-mce-fragment=\"1\"><span data-mce-fragment=\"1\">Patr\u00f3n Durag Skull Silver para proteger tu cabello<\/span><\/h2>\n<ul>\n<li data-mce-fragment=\"1\">Este <strong data-mce-fragment=\"1\">durag con patr\u00f3n de calavera plateada es perfecto para ti<\/strong> si est\u00e1s cansado de las marcas dejadas por otros durags en tu frente, no irrita tu piel y puedes usarlo <strong data-mce-fragment=\"1\">durante horas<\/strong> sin preocupaciones.<\/li>\n<li data-mce-fragment=\"1\">Est\u00e1 <strong data-mce-fragment=\"1\">dise\u00f1ado para todo tipo de cabello<\/strong>, ideal para proteger tu corte, ya sean trenzas, ondas, rastas este durag ser\u00e1 de <strong data-mce-fragment=\"1\">\u00fatil.<\/strong> <\/li>\n<li data-mce-fragment=\"1\">Este durag ahorra mucho tiempo, <strong data-mce-fragment=\"1\">es f\u00e1cil de colocar<\/strong> y es perfecto para todos los d\u00edas donde desea exhibir tu lado pirata sin tener que hacer ning\u00fan trabajo extra.<\/li>\n<li data-mce-fragment=\"1\">Este durag es <strong data-mce-fragment=\"1\">adecuado para todas las estaciones<\/strong> desde el a\u00f1o hasta el invierno, protege tu cabello del da\u00f1o causado por el en fr\u00edo y en verano les protege de los efectos nocivos del sol.<\/li>\n<li data-mce-fragment=\"1\">Este durag de calavera plateada tiene <strong data-mce-fragment=\"1\">acabados muy bien hechos<\/strong>, lo que te permite mantenerte elegante en cualquier circunstancia.<\/li>\n<li data-mce-fragment=\"1\"><strong data-mce-fragment=\"1\"><u data-mce-fragment=\"1\">Entrega est\u00e1ndar gratuita<\/u><\/strong><\/li>\n<\/ul>\n","protected":false},"excerpt":{"rendered":"<p>Patr\u00f3n Durag Skull Silver para proteger tu cabello Este durag con patr\u00f3n de calavera plateada es perfecto para ti si est\u00e1s cansado de las marcas dejadas por otros durags en tu frente, no irrita tu piel y puedes usarlo durante horas sin preocupaciones. Est\u00e1 dise\u00f1ado para todo tipo de cabello, ideal para proteger tu corte, [&hellip;]<\/p>\n","protected":false},"featured_media":11663,"comment_status":"open","ping_status":"closed","template":"","meta":[],"product_cat":[612,632],"product_tag":[],"class_list":{"0":"post-12794","1":"product","2":"type-product","3":"status-publish","4":"has-post-thumbnail","6":"product_cat-durag-es","7":"product_cat-durag-terciopelo","9":"first","10":"instock","11":"shipping-taxable","12":"purchasable","13":"product-type-simple"},"yoast_head":"<title>durag calavera plateada entrega gratuita | Ahorre un 30% en su pedido<\/title>\n<meta name=\"description\" content=\"Reciba su durag calavera plateada hoy mismo y benef\u00edciese de env\u00edo gratuito | 24\/48h dispatch\" \/>\n<meta name=\"robots\" content=\"index, follow, max-snippet:-1, max-image-preview:large, max-video-preview:-1\" \/>\n<link rel=\"canonical\" href=\"https:\/\/boutique-durag.com\/es\/producto\/durag-tete-de-mort-argent\/\" \/>\n<meta property=\"og:locale\" content=\"es_ES\" \/>\n<meta property=\"og:type\" content=\"article\" \/>\n<meta property=\"og:title\" content=\"durag calavera plateada entrega gratuita | Ahorre un 30% en su pedido\" \/>\n<meta property=\"og:description\" content=\"Reciba su durag calavera plateada hoy mismo y benef\u00edciese de env\u00edo gratuito | 24\/48h dispatch\" \/>\n<meta property=\"og:url\" content=\"https:\/\/boutique-durag.com\/es\/producto\/durag-tete-de-mort-argent\/\" \/>\n<meta property=\"og:site_name\" content=\"Tienda Durag\" \/>\n<meta property=\"article:modified_time\" content=\"2024-09-17T14:38:53+00:00\" \/>\n<meta property=\"og:image\" content=\"https:\/\/boutique-durag.com\/wp-content\/uploads\/2023\/05\/Hd3831eafc0e24612b59df5da133c9f77Q.jpg\" \/>\n\t<meta property=\"og:image:width\" content=\"800\" \/>\n\t<meta property=\"og:image:height\" content=\"800\" \/>\n\t<meta property=\"og:image:type\" content=\"image\/jpeg\" \/>\n<meta name=\"twitter:card\" content=\"summary_large_image\" \/>\n<meta name=\"twitter:label1\" content=\"Tiempo de lectura\" \/>\n\t<meta name=\"twitter:data1\" content=\"1 minuto\" \/>\n<script type=\"application\/ld+json\" class=\"yoast-schema-graph\">{\"@context\":\"https:\/\/schema.org\",\"@graph\":[{\"@type\":\"WebPage\",\"@id\":\"https:\/\/boutique-durag.com\/es\/producto\/durag-tete-de-mort-argent\/\",\"url\":\"https:\/\/boutique-durag.com\/es\/producto\/durag-tete-de-mort-argent\/\",\"name\":\"durag calavera plateada entrega gratuita | Ahorre un 30% en su pedido\",\"isPartOf\":{\"@id\":\"https:\/\/boutique-durag.com\/es\/#website\"},\"primaryImageOfPage\":{\"@id\":\"https:\/\/boutique-durag.com\/es\/producto\/durag-tete-de-mort-argent\/#primaryimage\"},\"image\":{\"@id\":\"https:\/\/boutique-durag.com\/es\/producto\/durag-tete-de-mort-argent\/#primaryimage\"},\"thumbnailUrl\":\"https:\/\/boutique-durag.com\/wp-content\/uploads\/2023\/05\/Hd3831eafc0e24612b59df5da133c9f77Q.jpg\",\"datePublished\":\"2023-05-30T08:44:38+00:00\",\"dateModified\":\"2024-09-17T14:38:53+00:00\",\"description\":\"Reciba su durag calavera plateada hoy mismo y benef\u00edciese de env\u00edo gratuito | 24\/48h dispatch\",\"breadcrumb\":{\"@id\":\"https:\/\/boutique-durag.com\/es\/producto\/durag-tete-de-mort-argent\/#breadcrumb\"},\"inLanguage\":\"es\",\"potentialAction\":[{\"@type\":\"ReadAction\",\"target\":[\"https:\/\/boutique-durag.com\/es\/producto\/durag-tete-de-mort-argent\/\"]}]},{\"@type\":\"ImageObject\",\"inLanguage\":\"es\",\"@id\":\"https:\/\/boutique-durag.com\/es\/producto\/durag-tete-de-mort-argent\/#primaryimage\",\"url\":\"https:\/\/boutique-durag.com\/wp-content\/uploads\/2023\/05\/Hd3831eafc0e24612b59df5da133c9f77Q.jpg\",\"contentUrl\":\"https:\/\/boutique-durag.com\/wp-content\/uploads\/2023\/05\/Hd3831eafc0e24612b59df5da133c9f77Q.jpg\",\"width\":800,\"height\":800},{\"@type\":\"BreadcrumbList\",\"@id\":\"https:\/\/boutique-durag.com\/es\/producto\/durag-tete-de-mort-argent\/#breadcrumb\",\"itemListElement\":[{\"@type\":\"ListItem\",\"position\":1,\"name\":\"Boutique durag\",\"item\":\"https:\/\/boutique-durag.com\/es\/inicio\/\"},{\"@type\":\"ListItem\",\"position\":2,\"name\":\"Tienda\",\"item\":\"https:\/\/boutique-durag.com\/es\/tienda\/\"},{\"@type\":\"ListItem\",\"position\":3,\"name\":\"Durag\",\"item\":\"https:\/\/boutique-durag.com\/es\/colecciones\/durag-es\/\"},{\"@type\":\"ListItem\",\"position\":4,\"name\":\"durag calavera plateada\"}]},{\"@type\":\"WebSite\",\"@id\":\"https:\/\/boutique-durag.com\/es\/#website\",\"url\":\"https:\/\/boutique-durag.com\/es\/\",\"name\":\"Tienda Durag\",\"description\":\"Tienda francesa de ropa de calle para hombre y mujer dedicada al mundo del durag y la cultura hip-hop. Descubre nuestra selecci\u00f3n de durag.\",\"publisher\":{\"@id\":\"https:\/\/boutique-durag.com\/es\/#organization\"},\"potentialAction\":[{\"@type\":\"SearchAction\",\"target\":{\"@type\":\"EntryPoint\",\"urlTemplate\":\"https:\/\/boutique-durag.com\/es\/?s={search_term_string}\"},\"query-input\":{\"@type\":\"PropertyValueSpecification\",\"valueRequired\":true,\"valueName\":\"search_term_string\"}}],\"inLanguage\":\"es\"},{\"@type\":\"Organization\",\"@id\":\"https:\/\/boutique-durag.com\/es\/#organization\",\"name\":\"Tienda Durag\",\"url\":\"https:\/\/boutique-durag.com\/es\/\",\"logo\":{\"@type\":\"ImageObject\",\"inLanguage\":\"es\",\"@id\":\"https:\/\/boutique-durag.com\/es\/#\/schema\/logo\/image\/\",\"url\":\"https:\/\/boutique-durag.com\/wp-content\/uploads\/2023\/05\/cropped-Site-Logo-3-1.png\",\"contentUrl\":\"https:\/\/boutique-durag.com\/wp-content\/uploads\/2023\/05\/cropped-Site-Logo-3-1.png\",\"width\":400,\"height\":100,\"caption\":\"Tienda Durag\"},\"image\":{\"@id\":\"https:\/\/boutique-durag.com\/es\/#\/schema\/logo\/image\/\"}}]}<\/script>","yoast_head_json":{"title":"durag calavera plateada entrega gratuita | Ahorre un 30% en su pedido","description":"Reciba su durag calavera plateada hoy mismo y benef\u00edciese de env\u00edo gratuito | 24\/48h dispatch","robots":{"index":"index","follow":"follow","max-snippet":"max-snippet:-1","max-image-preview":"max-image-preview:large","max-video-preview":"max-video-preview:-1"},"canonical":"https:\/\/boutique-durag.com\/es\/producto\/durag-tete-de-mort-argent\/","og_locale":"es_ES","og_type":"article","og_title":"durag calavera plateada entrega gratuita | Ahorre un 30% en su pedido","og_description":"Reciba su durag calavera plateada hoy mismo y benef\u00edciese de env\u00edo gratuito | 24\/48h dispatch","og_url":"https:\/\/boutique-durag.com\/es\/producto\/durag-tete-de-mort-argent\/","og_site_name":"Tienda Durag","article_modified_time":"2024-09-17T14:38:53+00:00","og_image":[{"width":800,"height":800,"url":"https:\/\/boutique-durag.com\/wp-content\/uploads\/2023\/05\/Hd3831eafc0e24612b59df5da133c9f77Q.jpg","type":"image\/jpeg"}],"twitter_card":"summary_large_image","twitter_misc":{"Tiempo de lectura":"1 minuto"},"schema":{"@context":"https:\/\/schema.org","@graph":[{"@type":"WebPage","@id":"https:\/\/boutique-durag.com\/es\/producto\/durag-tete-de-mort-argent\/","url":"https:\/\/boutique-durag.com\/es\/producto\/durag-tete-de-mort-argent\/","name":"durag calavera plateada entrega gratuita | Ahorre un 30% en su pedido","isPartOf":{"@id":"https:\/\/boutique-durag.com\/es\/#website"},"primaryImageOfPage":{"@id":"https:\/\/boutique-durag.com\/es\/producto\/durag-tete-de-mort-argent\/#primaryimage"},"image":{"@id":"https:\/\/boutique-durag.com\/es\/producto\/durag-tete-de-mort-argent\/#primaryimage"},"thumbnailUrl":"https:\/\/boutique-durag.com\/wp-content\/uploads\/2023\/05\/Hd3831eafc0e24612b59df5da133c9f77Q.jpg","datePublished":"2023-05-30T08:44:38+00:00","dateModified":"2024-09-17T14:38:53+00:00","description":"Reciba su durag calavera plateada hoy mismo y benef\u00edciese de env\u00edo gratuito | 24\/48h dispatch","breadcrumb":{"@id":"https:\/\/boutique-durag.com\/es\/producto\/durag-tete-de-mort-argent\/#breadcrumb"},"inLanguage":"es","potentialAction":[{"@type":"ReadAction","target":["https:\/\/boutique-durag.com\/es\/producto\/durag-tete-de-mort-argent\/"]}]},{"@type":"ImageObject","inLanguage":"es","@id":"https:\/\/boutique-durag.com\/es\/producto\/durag-tete-de-mort-argent\/#primaryimage","url":"https:\/\/boutique-durag.com\/wp-content\/uploads\/2023\/05\/Hd3831eafc0e24612b59df5da133c9f77Q.jpg","contentUrl":"https:\/\/boutique-durag.com\/wp-content\/uploads\/2023\/05\/Hd3831eafc0e24612b59df5da133c9f77Q.jpg","width":800,"height":800},{"@type":"BreadcrumbList","@id":"https:\/\/boutique-durag.com\/es\/producto\/durag-tete-de-mort-argent\/#breadcrumb","itemListElement":[{"@type":"ListItem","position":1,"name":"Boutique durag","item":"https:\/\/boutique-durag.com\/es\/inicio\/"},{"@type":"ListItem","position":2,"name":"Tienda","item":"https:\/\/boutique-durag.com\/es\/tienda\/"},{"@type":"ListItem","position":3,"name":"Durag","item":"https:\/\/boutique-durag.com\/es\/colecciones\/durag-es\/"},{"@type":"ListItem","position":4,"name":"durag calavera plateada"}]},{"@type":"WebSite","@id":"https:\/\/boutique-durag.com\/es\/#website","url":"https:\/\/boutique-durag.com\/es\/","name":"Tienda Durag","description":"Tienda francesa de ropa de calle para hombre y mujer dedicada al mundo del durag y la cultura hip-hop. Descubre nuestra selecci\u00f3n de durag.","publisher":{"@id":"https:\/\/boutique-durag.com\/es\/#organization"},"potentialAction":[{"@type":"SearchAction","target":{"@type":"EntryPoint","urlTemplate":"https:\/\/boutique-durag.com\/es\/?s={search_term_string}"},"query-input":{"@type":"PropertyValueSpecification","valueRequired":true,"valueName":"search_term_string"}}],"inLanguage":"es"},{"@type":"Organization","@id":"https:\/\/boutique-durag.com\/es\/#organization","name":"Tienda Durag","url":"https:\/\/boutique-durag.com\/es\/","logo":{"@type":"ImageObject","inLanguage":"es","@id":"https:\/\/boutique-durag.com\/es\/#\/schema\/logo\/image\/","url":"https:\/\/boutique-durag.com\/wp-content\/uploads\/2023\/05\/cropped-Site-Logo-3-1.png","contentUrl":"https:\/\/boutique-durag.com\/wp-content\/uploads\/2023\/05\/cropped-Site-Logo-3-1.png","width":400,"height":100,"caption":"Tienda Durag"},"image":{"@id":"https:\/\/boutique-durag.com\/es\/#\/schema\/logo\/image\/"}}]}},"_links":{"self":[{"href":"https:\/\/boutique-durag.com\/es\/wp-json\/wp\/v2\/product\/12794"}],"collection":[{"href":"https:\/\/boutique-durag.com\/es\/wp-json\/wp\/v2\/product"}],"about":[{"href":"https:\/\/boutique-durag.com\/es\/wp-json\/wp\/v2\/types\/product"}],"replies":[{"embeddable":true,"href":"https:\/\/boutique-durag.com\/es\/wp-json\/wp\/v2\/comments?post=12794"}],"wp:featuredmedia":[{"embeddable":true,"href":"https:\/\/boutique-durag.com\/es\/wp-json\/wp\/v2\/media\/11663"}],"wp:attachment":[{"href":"https:\/\/boutique-durag.com\/es\/wp-json\/wp\/v2\/media?parent=12794"}],"wp:term":[{"taxonomy":"product_cat","embeddable":true,"href":"https:\/\/boutique-durag.com\/es\/wp-json\/wp\/v2\/product_cat?post=12794"},{"taxonomy":"product_tag","embeddable":true,"href":"https:\/\/boutique-durag.com\/es\/wp-json\/wp\/v2\/product_tag?post=12794"}],"curies":[{"name":"wp","href":"https:\/\/api.w.org\/{rel}","templated":true}]}}