{"id":12785,"date":"2023-05-30T08:44:42","date_gmt":"2023-05-30T08:44:42","guid":{"rendered":"https:\/\/boutique-durag.com\/produit\/durag-satin-violet\/"},"modified":"2024-09-17T14:38:46","modified_gmt":"2024-09-17T14:38:46","slug":"durag-satin-violet","status":"publish","type":"product","link":"https:\/\/boutique-durag.com\/es\/producto\/durag-satin-violet\/","title":{"rendered":"durag satinado morado"},"content":{"rendered":"<h2><span data-mce-fragment=\"1\">\u00bfAlguna vez has o\u00eddo hablar de la soluci\u00f3n ideal para lograr una apariencia impecable sin pasar horas recortando tus contornos? \u00a1El durag est\u00e1 aqu\u00ed para ti! F\u00e1cil de usar y atar, le permitir\u00e1 ahorrar un tiempo precioso todos los d\u00edas.<\/span><\/h2>\n<\/p>\n<ul>\n<li><strong>Este durag de sat\u00e9n morado es para morirse<\/ strong ><span>\u00a0<\/span>para evitar las marcas que dejan otros durags en la frente, no te quemar\u00e1 y podr\u00e1s usarlo<span>\u00a0<\/span><strong>durante horas<\/strong><span> <\/span>sin el m\u00e1s m\u00ednimo dolor.<\/li>\n<li>Es<span> <\/span><strong>perfecto para todo tipo de cabello<\/strong>, ideal para proteger tu corte, ya sean trenzas, ondas, rastas. este durag te ser\u00e1 de gran utilidad.<\/strong> <\/li>\n<li>Este durag representa un ahorro de tiempo considerable,<span> <\/span><strong>Se fija f\u00e1cilmente<\/strong><span> <\/span>y es perfecto para esos d\u00edas en los que no quieres perder tiempo recortando tus contornos.<\/span> li&gt;\n<li>Este durag es<span>\u00a0<\/span><strong>ideal para todas las estaciones<\/ fuerte><span>\u00a0<\/span>desde el a\u00f1o hasta el invierno, protege tu cabello del fr\u00edo y el verano, los protege de los rayos del sol.<\/li>\n<li>Este durag tiene<span>\u00a0<\/span> <strong>acabados de calidad<\/strong><span>\u00a0<\/span>para que mantengas el estilo (e) en cada ocasi\u00f3n.<\/li>\n<li><strong><u>Entrega est\u00e1ndar gratuita<\/u>&lt;\/strong <\/li>\n<\/ul>\n<ul><\/ul>\n<p><strong>\ufeff<\/strong>\ufeffdescubre nuestra <a href=\"https:\/\/boutique-durag.com\/es\/produit\/durag -satin-blanc\/\" class=\"broken_link\">durag satinado blanco<\/a><\/p>\n<p><i><span style=\"font-weight: 400\">Categor\u00eda:<\/span><\/i> <a href=\"https:\/\/boutique-durag.com\/es\/collections\/durag-violeta\/\" class=\"broken_link\"><span style=\"font-weight: 400\">durag morado<\/span><\/a><\/p>\n","protected":false},"excerpt":{"rendered":"<p>\u00bfAlguna vez has o\u00eddo hablar de la soluci\u00f3n ideal para lograr una apariencia impecable sin pasar horas recortando tus contornos? \u00a1El durag est\u00e1 aqu\u00ed para ti! F\u00e1cil de usar y atar, le permitir\u00e1 ahorrar un tiempo precioso todos los d\u00edas. Este durag de sat\u00e9n morado es para morirse\u00a0para evitar las marcas que dejan otros durags [&hellip;]<\/p>\n","protected":false},"featured_media":11672,"comment_status":"open","ping_status":"closed","template":"","meta":[],"product_cat":[612,619,630,634],"product_tag":[],"class_list":{"0":"post-12785","1":"product","2":"type-product","3":"status-publish","4":"has-post-thumbnail","6":"product_cat-durag-es","7":"product_cat-durag-color","8":"product_cat-durag-satinado","9":"product_cat-durag-violeta","11":"first","12":"instock","13":"shipping-taxable","14":"purchasable","15":"product-type-simple"},"yoast_head":"<title>durag satinado morado entrega gratuita | Ahorre un 30% en su pedido<\/title>\n<meta name=\"description\" content=\"Reciba su durag satinado morado hoy mismo y benef\u00edciese de env\u00edo gratuito | 24\/48h dispatch\" \/>\n<meta name=\"robots\" content=\"index, follow, max-snippet:-1, max-image-preview:large, max-video-preview:-1\" \/>\n<link rel=\"canonical\" href=\"https:\/\/boutique-durag.com\/es\/producto\/durag-satin-violet\/\" \/>\n<meta property=\"og:locale\" content=\"es_ES\" \/>\n<meta property=\"og:type\" content=\"article\" \/>\n<meta property=\"og:title\" content=\"durag satinado morado entrega gratuita | Ahorre un 30% en su pedido\" \/>\n<meta property=\"og:description\" content=\"Reciba su durag satinado morado hoy mismo y benef\u00edciese de env\u00edo gratuito | 24\/48h dispatch\" \/>\n<meta property=\"og:url\" content=\"https:\/\/boutique-durag.com\/es\/producto\/durag-satin-violet\/\" \/>\n<meta property=\"og:site_name\" content=\"Tienda Durag\" \/>\n<meta property=\"article:modified_time\" content=\"2024-09-17T14:38:46+00:00\" \/>\n<meta property=\"og:image\" content=\"https:\/\/boutique-durag.com\/wp-content\/uploads\/2023\/05\/HTB1LVEJSYrpK1RjSZTEq6AWAVXav.jpg\" \/>\n\t<meta property=\"og:image:width\" content=\"800\" \/>\n\t<meta property=\"og:image:height\" content=\"800\" \/>\n\t<meta property=\"og:image:type\" content=\"image\/jpeg\" \/>\n<meta name=\"twitter:card\" content=\"summary_large_image\" \/>\n<meta name=\"twitter:label1\" content=\"Tiempo de lectura\" \/>\n\t<meta name=\"twitter:data1\" content=\"1 minuto\" \/>\n<script type=\"application\/ld+json\" class=\"yoast-schema-graph\">{\"@context\":\"https:\/\/schema.org\",\"@graph\":[{\"@type\":\"WebPage\",\"@id\":\"https:\/\/boutique-durag.com\/es\/producto\/durag-satin-violet\/\",\"url\":\"https:\/\/boutique-durag.com\/es\/producto\/durag-satin-violet\/\",\"name\":\"durag satinado morado entrega gratuita | Ahorre un 30% en su pedido\",\"isPartOf\":{\"@id\":\"https:\/\/boutique-durag.com\/es\/#website\"},\"primaryImageOfPage\":{\"@id\":\"https:\/\/boutique-durag.com\/es\/producto\/durag-satin-violet\/#primaryimage\"},\"image\":{\"@id\":\"https:\/\/boutique-durag.com\/es\/producto\/durag-satin-violet\/#primaryimage\"},\"thumbnailUrl\":\"https:\/\/boutique-durag.com\/wp-content\/uploads\/2023\/05\/HTB1LVEJSYrpK1RjSZTEq6AWAVXav.jpg\",\"datePublished\":\"2023-05-30T08:44:42+00:00\",\"dateModified\":\"2024-09-17T14:38:46+00:00\",\"description\":\"Reciba su durag satinado morado hoy mismo y benef\u00edciese de env\u00edo gratuito | 24\/48h dispatch\",\"breadcrumb\":{\"@id\":\"https:\/\/boutique-durag.com\/es\/producto\/durag-satin-violet\/#breadcrumb\"},\"inLanguage\":\"es\",\"potentialAction\":[{\"@type\":\"ReadAction\",\"target\":[\"https:\/\/boutique-durag.com\/es\/producto\/durag-satin-violet\/\"]}]},{\"@type\":\"ImageObject\",\"inLanguage\":\"es\",\"@id\":\"https:\/\/boutique-durag.com\/es\/producto\/durag-satin-violet\/#primaryimage\",\"url\":\"https:\/\/boutique-durag.com\/wp-content\/uploads\/2023\/05\/HTB1LVEJSYrpK1RjSZTEq6AWAVXav.jpg\",\"contentUrl\":\"https:\/\/boutique-durag.com\/wp-content\/uploads\/2023\/05\/HTB1LVEJSYrpK1RjSZTEq6AWAVXav.jpg\",\"width\":800,\"height\":800},{\"@type\":\"BreadcrumbList\",\"@id\":\"https:\/\/boutique-durag.com\/es\/producto\/durag-satin-violet\/#breadcrumb\",\"itemListElement\":[{\"@type\":\"ListItem\",\"position\":1,\"name\":\"Boutique durag\",\"item\":\"https:\/\/boutique-durag.com\/es\/inicio\/\"},{\"@type\":\"ListItem\",\"position\":2,\"name\":\"Tienda\",\"item\":\"https:\/\/boutique-durag.com\/es\/tienda\/\"},{\"@type\":\"ListItem\",\"position\":3,\"name\":\"Durag\",\"item\":\"https:\/\/boutique-durag.com\/es\/colecciones\/durag-es\/\"},{\"@type\":\"ListItem\",\"position\":4,\"name\":\"durag satinado morado\"}]},{\"@type\":\"WebSite\",\"@id\":\"https:\/\/boutique-durag.com\/es\/#website\",\"url\":\"https:\/\/boutique-durag.com\/es\/\",\"name\":\"Tienda Durag\",\"description\":\"Tienda francesa de ropa de calle para hombre y mujer dedicada al mundo del durag y la cultura hip-hop. Descubre nuestra selecci\u00f3n de durag.\",\"publisher\":{\"@id\":\"https:\/\/boutique-durag.com\/es\/#organization\"},\"potentialAction\":[{\"@type\":\"SearchAction\",\"target\":{\"@type\":\"EntryPoint\",\"urlTemplate\":\"https:\/\/boutique-durag.com\/es\/?s={search_term_string}\"},\"query-input\":{\"@type\":\"PropertyValueSpecification\",\"valueRequired\":true,\"valueName\":\"search_term_string\"}}],\"inLanguage\":\"es\"},{\"@type\":\"Organization\",\"@id\":\"https:\/\/boutique-durag.com\/es\/#organization\",\"name\":\"Tienda Durag\",\"url\":\"https:\/\/boutique-durag.com\/es\/\",\"logo\":{\"@type\":\"ImageObject\",\"inLanguage\":\"es\",\"@id\":\"https:\/\/boutique-durag.com\/es\/#\/schema\/logo\/image\/\",\"url\":\"https:\/\/boutique-durag.com\/wp-content\/uploads\/2023\/05\/cropped-Site-Logo-3-1.png\",\"contentUrl\":\"https:\/\/boutique-durag.com\/wp-content\/uploads\/2023\/05\/cropped-Site-Logo-3-1.png\",\"width\":400,\"height\":100,\"caption\":\"Tienda Durag\"},\"image\":{\"@id\":\"https:\/\/boutique-durag.com\/es\/#\/schema\/logo\/image\/\"}}]}<\/script>","yoast_head_json":{"title":"durag satinado morado entrega gratuita | Ahorre un 30% en su pedido","description":"Reciba su durag satinado morado hoy mismo y benef\u00edciese de env\u00edo gratuito | 24\/48h dispatch","robots":{"index":"index","follow":"follow","max-snippet":"max-snippet:-1","max-image-preview":"max-image-preview:large","max-video-preview":"max-video-preview:-1"},"canonical":"https:\/\/boutique-durag.com\/es\/producto\/durag-satin-violet\/","og_locale":"es_ES","og_type":"article","og_title":"durag satinado morado entrega gratuita | Ahorre un 30% en su pedido","og_description":"Reciba su durag satinado morado hoy mismo y benef\u00edciese de env\u00edo gratuito | 24\/48h dispatch","og_url":"https:\/\/boutique-durag.com\/es\/producto\/durag-satin-violet\/","og_site_name":"Tienda Durag","article_modified_time":"2024-09-17T14:38:46+00:00","og_image":[{"width":800,"height":800,"url":"https:\/\/boutique-durag.com\/wp-content\/uploads\/2023\/05\/HTB1LVEJSYrpK1RjSZTEq6AWAVXav.jpg","type":"image\/jpeg"}],"twitter_card":"summary_large_image","twitter_misc":{"Tiempo de lectura":"1 minuto"},"schema":{"@context":"https:\/\/schema.org","@graph":[{"@type":"WebPage","@id":"https:\/\/boutique-durag.com\/es\/producto\/durag-satin-violet\/","url":"https:\/\/boutique-durag.com\/es\/producto\/durag-satin-violet\/","name":"durag satinado morado entrega gratuita | Ahorre un 30% en su pedido","isPartOf":{"@id":"https:\/\/boutique-durag.com\/es\/#website"},"primaryImageOfPage":{"@id":"https:\/\/boutique-durag.com\/es\/producto\/durag-satin-violet\/#primaryimage"},"image":{"@id":"https:\/\/boutique-durag.com\/es\/producto\/durag-satin-violet\/#primaryimage"},"thumbnailUrl":"https:\/\/boutique-durag.com\/wp-content\/uploads\/2023\/05\/HTB1LVEJSYrpK1RjSZTEq6AWAVXav.jpg","datePublished":"2023-05-30T08:44:42+00:00","dateModified":"2024-09-17T14:38:46+00:00","description":"Reciba su durag satinado morado hoy mismo y benef\u00edciese de env\u00edo gratuito | 24\/48h dispatch","breadcrumb":{"@id":"https:\/\/boutique-durag.com\/es\/producto\/durag-satin-violet\/#breadcrumb"},"inLanguage":"es","potentialAction":[{"@type":"ReadAction","target":["https:\/\/boutique-durag.com\/es\/producto\/durag-satin-violet\/"]}]},{"@type":"ImageObject","inLanguage":"es","@id":"https:\/\/boutique-durag.com\/es\/producto\/durag-satin-violet\/#primaryimage","url":"https:\/\/boutique-durag.com\/wp-content\/uploads\/2023\/05\/HTB1LVEJSYrpK1RjSZTEq6AWAVXav.jpg","contentUrl":"https:\/\/boutique-durag.com\/wp-content\/uploads\/2023\/05\/HTB1LVEJSYrpK1RjSZTEq6AWAVXav.jpg","width":800,"height":800},{"@type":"BreadcrumbList","@id":"https:\/\/boutique-durag.com\/es\/producto\/durag-satin-violet\/#breadcrumb","itemListElement":[{"@type":"ListItem","position":1,"name":"Boutique durag","item":"https:\/\/boutique-durag.com\/es\/inicio\/"},{"@type":"ListItem","position":2,"name":"Tienda","item":"https:\/\/boutique-durag.com\/es\/tienda\/"},{"@type":"ListItem","position":3,"name":"Durag","item":"https:\/\/boutique-durag.com\/es\/colecciones\/durag-es\/"},{"@type":"ListItem","position":4,"name":"durag satinado morado"}]},{"@type":"WebSite","@id":"https:\/\/boutique-durag.com\/es\/#website","url":"https:\/\/boutique-durag.com\/es\/","name":"Tienda Durag","description":"Tienda francesa de ropa de calle para hombre y mujer dedicada al mundo del durag y la cultura hip-hop. Descubre nuestra selecci\u00f3n de durag.","publisher":{"@id":"https:\/\/boutique-durag.com\/es\/#organization"},"potentialAction":[{"@type":"SearchAction","target":{"@type":"EntryPoint","urlTemplate":"https:\/\/boutique-durag.com\/es\/?s={search_term_string}"},"query-input":{"@type":"PropertyValueSpecification","valueRequired":true,"valueName":"search_term_string"}}],"inLanguage":"es"},{"@type":"Organization","@id":"https:\/\/boutique-durag.com\/es\/#organization","name":"Tienda Durag","url":"https:\/\/boutique-durag.com\/es\/","logo":{"@type":"ImageObject","inLanguage":"es","@id":"https:\/\/boutique-durag.com\/es\/#\/schema\/logo\/image\/","url":"https:\/\/boutique-durag.com\/wp-content\/uploads\/2023\/05\/cropped-Site-Logo-3-1.png","contentUrl":"https:\/\/boutique-durag.com\/wp-content\/uploads\/2023\/05\/cropped-Site-Logo-3-1.png","width":400,"height":100,"caption":"Tienda Durag"},"image":{"@id":"https:\/\/boutique-durag.com\/es\/#\/schema\/logo\/image\/"}}]}},"_links":{"self":[{"href":"https:\/\/boutique-durag.com\/es\/wp-json\/wp\/v2\/product\/12785"}],"collection":[{"href":"https:\/\/boutique-durag.com\/es\/wp-json\/wp\/v2\/product"}],"about":[{"href":"https:\/\/boutique-durag.com\/es\/wp-json\/wp\/v2\/types\/product"}],"replies":[{"embeddable":true,"href":"https:\/\/boutique-durag.com\/es\/wp-json\/wp\/v2\/comments?post=12785"}],"wp:featuredmedia":[{"embeddable":true,"href":"https:\/\/boutique-durag.com\/es\/wp-json\/wp\/v2\/media\/11672"}],"wp:attachment":[{"href":"https:\/\/boutique-durag.com\/es\/wp-json\/wp\/v2\/media?parent=12785"}],"wp:term":[{"taxonomy":"product_cat","embeddable":true,"href":"https:\/\/boutique-durag.com\/es\/wp-json\/wp\/v2\/product_cat?post=12785"},{"taxonomy":"product_tag","embeddable":true,"href":"https:\/\/boutique-durag.com\/es\/wp-json\/wp\/v2\/product_tag?post=12785"}],"curies":[{"name":"wp","href":"https:\/\/api.w.org\/{rel}","templated":true}]}}