{"id":12772,"date":"2023-05-30T08:44:48","date_gmt":"2023-05-30T08:44:48","guid":{"rendered":"https:\/\/boutique-durag.com\/produit\/durag-satin-bleu-pastel\/"},"modified":"2024-09-17T14:38:39","modified_gmt":"2024-09-17T14:38:39","slug":"durag-satin-bleu-pastel","status":"publish","type":"product","link":"https:\/\/boutique-durag.com\/es\/producto\/durag-satin-bleu-pastel\/","title":{"rendered":"durag satinado azul pastel"},"content":{"rendered":"<h2><span data-mce-fragment=\"1\">Azul pastel, un color encantador y suave, que combina perfectamente con todos los outfits, por eso elegimos este <strong>durag satinado para ti azul pastel<\/strong>. <\/span><\/h2>\n<ul>\n<li>Este <strong>durag satinado azul pastel<\/strong> est\u00e1 hecho para ti, si est\u00e1s cansado de las marcas que otros durag dejan en tu frente, puedes usarlo <strong>durante horas sin ning\u00fan tipo de irritaci\u00f3n<\/strong> fuerte&gt;.<\/li>\n<li>Es <strong>apto para todo tipo de cabello<\/strong>, ideal para proteger tu corte, sea cual sea tu peinado, trenzas, ondas, rastas, este durag ser\u00e1 tu <strong>aliado<\/strong>. li&gt;\n<li>Este durag te ahorrar\u00e1 <strong>tiempo considerable<\/strong>, porque es f\u00e1cil de colocar, perfecto para esos d\u00edas en los que no tienes tiempo para hacer tus contornos.<\/li>\n<li>Este es un durag <strong>para todas las estaciones<\/strong>, proteger\u00e1 tu cabello del fr\u00edo y del da\u00f1o solar.<\/li>\n<li>Este durag satinado azul pastel tiene <strong>acabados impecables<\/strong>, para una apariencia elegante en cualquier ocasi\u00f3n.<\/li>\n<li><strong><u>Entrega est\u00e1ndar gratuita<\/u><\/strong><\/li>\n<\/ul>\n<p><strong>\ufeff<\/strong>\ufeffSi prefieres un color m\u00e1s vivo, descubre nuestros <a href=\"https:\/\/boutique-durag.com\/produit\/durag-satin-rose-bonbon\/\">durag candy raso rosa<\/a><\/p>\n<p><i><span style=\"font-weight: 400\">Categor\u00eda<\/span><\/i><span style=\"font-weight: 400\">: <\/span><a href=\"https:\/\/boutique-durag.com\/es\/collections\/durag-azul\/\" class=\"broken_link\"><span style=\"font-weight: 400\">durag azul<\/span><\/a><\/p>\n","protected":false},"excerpt":{"rendered":"<p>Azul pastel, un color encantador y suave, que combina perfectamente con todos los outfits, por eso elegimos este durag satinado para ti azul pastel. Este durag satinado azul pastel est\u00e1 hecho para ti, si est\u00e1s cansado de las marcas que otros durag dejan en tu frente, puedes usarlo durante horas sin ning\u00fan tipo de irritaci\u00f3n [&hellip;]<\/p>\n","protected":false},"featured_media":11687,"comment_status":"open","ping_status":"closed","template":"","meta":[],"product_cat":[612,616,619,630],"product_tag":[],"class_list":{"0":"post-12772","1":"product","2":"type-product","3":"status-publish","4":"has-post-thumbnail","6":"product_cat-durag-es","7":"product_cat-durag-azul","8":"product_cat-durag-color","9":"product_cat-durag-satinado","11":"first","12":"instock","13":"shipping-taxable","14":"purchasable","15":"product-type-simple"},"yoast_head":"<title>durag satinado azul pastel entrega gratuita | Ahorre un 30% en su pedido<\/title>\n<meta name=\"description\" content=\"Reciba su durag satinado azul pastel hoy mismo y benef\u00edciese de env\u00edo gratuito | 24\/48h dispatch\" \/>\n<meta name=\"robots\" content=\"index, follow, max-snippet:-1, max-image-preview:large, max-video-preview:-1\" \/>\n<link rel=\"canonical\" href=\"https:\/\/boutique-durag.com\/es\/producto\/durag-satin-bleu-pastel\/\" \/>\n<meta property=\"og:locale\" content=\"es_ES\" \/>\n<meta property=\"og:type\" content=\"article\" \/>\n<meta property=\"og:title\" content=\"durag satinado azul pastel entrega gratuita | Ahorre un 30% en su pedido\" \/>\n<meta property=\"og:description\" content=\"Reciba su durag satinado azul pastel hoy mismo y benef\u00edciese de env\u00edo gratuito | 24\/48h dispatch\" \/>\n<meta property=\"og:url\" content=\"https:\/\/boutique-durag.com\/es\/producto\/durag-satin-bleu-pastel\/\" \/>\n<meta property=\"og:site_name\" content=\"Tienda Durag\" \/>\n<meta property=\"article:modified_time\" content=\"2024-09-17T14:38:39+00:00\" \/>\n<meta property=\"og:image\" content=\"https:\/\/boutique-durag.com\/wp-content\/uploads\/2023\/05\/HTB13mw5S4naK1RjSZFBq6AW7VXaX.jpg\" \/>\n\t<meta property=\"og:image:width\" content=\"640\" \/>\n\t<meta property=\"og:image:height\" content=\"640\" \/>\n\t<meta property=\"og:image:type\" content=\"image\/jpeg\" \/>\n<meta name=\"twitter:card\" content=\"summary_large_image\" \/>\n<meta name=\"twitter:label1\" content=\"Tiempo de lectura\" \/>\n\t<meta name=\"twitter:data1\" content=\"1 minuto\" \/>\n<script type=\"application\/ld+json\" class=\"yoast-schema-graph\">{\"@context\":\"https:\/\/schema.org\",\"@graph\":[{\"@type\":\"WebPage\",\"@id\":\"https:\/\/boutique-durag.com\/es\/producto\/durag-satin-bleu-pastel\/\",\"url\":\"https:\/\/boutique-durag.com\/es\/producto\/durag-satin-bleu-pastel\/\",\"name\":\"durag satinado azul pastel entrega gratuita | Ahorre un 30% en su pedido\",\"isPartOf\":{\"@id\":\"https:\/\/boutique-durag.com\/es\/#website\"},\"primaryImageOfPage\":{\"@id\":\"https:\/\/boutique-durag.com\/es\/producto\/durag-satin-bleu-pastel\/#primaryimage\"},\"image\":{\"@id\":\"https:\/\/boutique-durag.com\/es\/producto\/durag-satin-bleu-pastel\/#primaryimage\"},\"thumbnailUrl\":\"https:\/\/boutique-durag.com\/wp-content\/uploads\/2023\/05\/HTB13mw5S4naK1RjSZFBq6AW7VXaX.jpg\",\"datePublished\":\"2023-05-30T08:44:48+00:00\",\"dateModified\":\"2024-09-17T14:38:39+00:00\",\"description\":\"Reciba su durag satinado azul pastel hoy mismo y benef\u00edciese de env\u00edo gratuito | 24\/48h dispatch\",\"breadcrumb\":{\"@id\":\"https:\/\/boutique-durag.com\/es\/producto\/durag-satin-bleu-pastel\/#breadcrumb\"},\"inLanguage\":\"es\",\"potentialAction\":[{\"@type\":\"ReadAction\",\"target\":[\"https:\/\/boutique-durag.com\/es\/producto\/durag-satin-bleu-pastel\/\"]}]},{\"@type\":\"ImageObject\",\"inLanguage\":\"es\",\"@id\":\"https:\/\/boutique-durag.com\/es\/producto\/durag-satin-bleu-pastel\/#primaryimage\",\"url\":\"https:\/\/boutique-durag.com\/wp-content\/uploads\/2023\/05\/HTB13mw5S4naK1RjSZFBq6AW7VXaX.jpg\",\"contentUrl\":\"https:\/\/boutique-durag.com\/wp-content\/uploads\/2023\/05\/HTB13mw5S4naK1RjSZFBq6AW7VXaX.jpg\",\"width\":640,\"height\":640},{\"@type\":\"BreadcrumbList\",\"@id\":\"https:\/\/boutique-durag.com\/es\/producto\/durag-satin-bleu-pastel\/#breadcrumb\",\"itemListElement\":[{\"@type\":\"ListItem\",\"position\":1,\"name\":\"Boutique durag\",\"item\":\"https:\/\/boutique-durag.com\/es\/inicio\/\"},{\"@type\":\"ListItem\",\"position\":2,\"name\":\"Tienda\",\"item\":\"https:\/\/boutique-durag.com\/es\/tienda\/\"},{\"@type\":\"ListItem\",\"position\":3,\"name\":\"Durag\",\"item\":\"https:\/\/boutique-durag.com\/es\/colecciones\/durag-es\/\"},{\"@type\":\"ListItem\",\"position\":4,\"name\":\"durag satinado azul pastel\"}]},{\"@type\":\"WebSite\",\"@id\":\"https:\/\/boutique-durag.com\/es\/#website\",\"url\":\"https:\/\/boutique-durag.com\/es\/\",\"name\":\"Tienda Durag\",\"description\":\"Tienda francesa de ropa de calle para hombre y mujer dedicada al mundo del durag y la cultura hip-hop. Descubre nuestra selecci\u00f3n de durag.\",\"publisher\":{\"@id\":\"https:\/\/boutique-durag.com\/es\/#organization\"},\"potentialAction\":[{\"@type\":\"SearchAction\",\"target\":{\"@type\":\"EntryPoint\",\"urlTemplate\":\"https:\/\/boutique-durag.com\/es\/?s={search_term_string}\"},\"query-input\":{\"@type\":\"PropertyValueSpecification\",\"valueRequired\":true,\"valueName\":\"search_term_string\"}}],\"inLanguage\":\"es\"},{\"@type\":\"Organization\",\"@id\":\"https:\/\/boutique-durag.com\/es\/#organization\",\"name\":\"Tienda Durag\",\"url\":\"https:\/\/boutique-durag.com\/es\/\",\"logo\":{\"@type\":\"ImageObject\",\"inLanguage\":\"es\",\"@id\":\"https:\/\/boutique-durag.com\/es\/#\/schema\/logo\/image\/\",\"url\":\"https:\/\/boutique-durag.com\/wp-content\/uploads\/2023\/05\/cropped-Site-Logo-3-1.png\",\"contentUrl\":\"https:\/\/boutique-durag.com\/wp-content\/uploads\/2023\/05\/cropped-Site-Logo-3-1.png\",\"width\":400,\"height\":100,\"caption\":\"Tienda Durag\"},\"image\":{\"@id\":\"https:\/\/boutique-durag.com\/es\/#\/schema\/logo\/image\/\"}}]}<\/script>","yoast_head_json":{"title":"durag satinado azul pastel entrega gratuita | Ahorre un 30% en su pedido","description":"Reciba su durag satinado azul pastel hoy mismo y benef\u00edciese de env\u00edo gratuito | 24\/48h dispatch","robots":{"index":"index","follow":"follow","max-snippet":"max-snippet:-1","max-image-preview":"max-image-preview:large","max-video-preview":"max-video-preview:-1"},"canonical":"https:\/\/boutique-durag.com\/es\/producto\/durag-satin-bleu-pastel\/","og_locale":"es_ES","og_type":"article","og_title":"durag satinado azul pastel entrega gratuita | Ahorre un 30% en su pedido","og_description":"Reciba su durag satinado azul pastel hoy mismo y benef\u00edciese de env\u00edo gratuito | 24\/48h dispatch","og_url":"https:\/\/boutique-durag.com\/es\/producto\/durag-satin-bleu-pastel\/","og_site_name":"Tienda Durag","article_modified_time":"2024-09-17T14:38:39+00:00","og_image":[{"width":640,"height":640,"url":"https:\/\/boutique-durag.com\/wp-content\/uploads\/2023\/05\/HTB13mw5S4naK1RjSZFBq6AW7VXaX.jpg","type":"image\/jpeg"}],"twitter_card":"summary_large_image","twitter_misc":{"Tiempo de lectura":"1 minuto"},"schema":{"@context":"https:\/\/schema.org","@graph":[{"@type":"WebPage","@id":"https:\/\/boutique-durag.com\/es\/producto\/durag-satin-bleu-pastel\/","url":"https:\/\/boutique-durag.com\/es\/producto\/durag-satin-bleu-pastel\/","name":"durag satinado azul pastel entrega gratuita | Ahorre un 30% en su pedido","isPartOf":{"@id":"https:\/\/boutique-durag.com\/es\/#website"},"primaryImageOfPage":{"@id":"https:\/\/boutique-durag.com\/es\/producto\/durag-satin-bleu-pastel\/#primaryimage"},"image":{"@id":"https:\/\/boutique-durag.com\/es\/producto\/durag-satin-bleu-pastel\/#primaryimage"},"thumbnailUrl":"https:\/\/boutique-durag.com\/wp-content\/uploads\/2023\/05\/HTB13mw5S4naK1RjSZFBq6AW7VXaX.jpg","datePublished":"2023-05-30T08:44:48+00:00","dateModified":"2024-09-17T14:38:39+00:00","description":"Reciba su durag satinado azul pastel hoy mismo y benef\u00edciese de env\u00edo gratuito | 24\/48h dispatch","breadcrumb":{"@id":"https:\/\/boutique-durag.com\/es\/producto\/durag-satin-bleu-pastel\/#breadcrumb"},"inLanguage":"es","potentialAction":[{"@type":"ReadAction","target":["https:\/\/boutique-durag.com\/es\/producto\/durag-satin-bleu-pastel\/"]}]},{"@type":"ImageObject","inLanguage":"es","@id":"https:\/\/boutique-durag.com\/es\/producto\/durag-satin-bleu-pastel\/#primaryimage","url":"https:\/\/boutique-durag.com\/wp-content\/uploads\/2023\/05\/HTB13mw5S4naK1RjSZFBq6AW7VXaX.jpg","contentUrl":"https:\/\/boutique-durag.com\/wp-content\/uploads\/2023\/05\/HTB13mw5S4naK1RjSZFBq6AW7VXaX.jpg","width":640,"height":640},{"@type":"BreadcrumbList","@id":"https:\/\/boutique-durag.com\/es\/producto\/durag-satin-bleu-pastel\/#breadcrumb","itemListElement":[{"@type":"ListItem","position":1,"name":"Boutique durag","item":"https:\/\/boutique-durag.com\/es\/inicio\/"},{"@type":"ListItem","position":2,"name":"Tienda","item":"https:\/\/boutique-durag.com\/es\/tienda\/"},{"@type":"ListItem","position":3,"name":"Durag","item":"https:\/\/boutique-durag.com\/es\/colecciones\/durag-es\/"},{"@type":"ListItem","position":4,"name":"durag satinado azul pastel"}]},{"@type":"WebSite","@id":"https:\/\/boutique-durag.com\/es\/#website","url":"https:\/\/boutique-durag.com\/es\/","name":"Tienda Durag","description":"Tienda francesa de ropa de calle para hombre y mujer dedicada al mundo del durag y la cultura hip-hop. Descubre nuestra selecci\u00f3n de durag.","publisher":{"@id":"https:\/\/boutique-durag.com\/es\/#organization"},"potentialAction":[{"@type":"SearchAction","target":{"@type":"EntryPoint","urlTemplate":"https:\/\/boutique-durag.com\/es\/?s={search_term_string}"},"query-input":{"@type":"PropertyValueSpecification","valueRequired":true,"valueName":"search_term_string"}}],"inLanguage":"es"},{"@type":"Organization","@id":"https:\/\/boutique-durag.com\/es\/#organization","name":"Tienda Durag","url":"https:\/\/boutique-durag.com\/es\/","logo":{"@type":"ImageObject","inLanguage":"es","@id":"https:\/\/boutique-durag.com\/es\/#\/schema\/logo\/image\/","url":"https:\/\/boutique-durag.com\/wp-content\/uploads\/2023\/05\/cropped-Site-Logo-3-1.png","contentUrl":"https:\/\/boutique-durag.com\/wp-content\/uploads\/2023\/05\/cropped-Site-Logo-3-1.png","width":400,"height":100,"caption":"Tienda Durag"},"image":{"@id":"https:\/\/boutique-durag.com\/es\/#\/schema\/logo\/image\/"}}]}},"_links":{"self":[{"href":"https:\/\/boutique-durag.com\/es\/wp-json\/wp\/v2\/product\/12772"}],"collection":[{"href":"https:\/\/boutique-durag.com\/es\/wp-json\/wp\/v2\/product"}],"about":[{"href":"https:\/\/boutique-durag.com\/es\/wp-json\/wp\/v2\/types\/product"}],"replies":[{"embeddable":true,"href":"https:\/\/boutique-durag.com\/es\/wp-json\/wp\/v2\/comments?post=12772"}],"wp:featuredmedia":[{"embeddable":true,"href":"https:\/\/boutique-durag.com\/es\/wp-json\/wp\/v2\/media\/11687"}],"wp:attachment":[{"href":"https:\/\/boutique-durag.com\/es\/wp-json\/wp\/v2\/media?parent=12772"}],"wp:term":[{"taxonomy":"product_cat","embeddable":true,"href":"https:\/\/boutique-durag.com\/es\/wp-json\/wp\/v2\/product_cat?post=12772"},{"taxonomy":"product_tag","embeddable":true,"href":"https:\/\/boutique-durag.com\/es\/wp-json\/wp\/v2\/product_tag?post=12772"}],"curies":[{"name":"wp","href":"https:\/\/api.w.org\/{rel}","templated":true}]}}