{"id":12696,"date":"2023-05-30T08:45:29","date_gmt":"2023-05-30T08:45:29","guid":{"rendered":"https:\/\/boutique-durag.com\/produit\/durag-velours-noir-motif-tigre\/"},"modified":"2024-09-17T14:37:42","modified_gmt":"2024-09-17T14:37:42","slug":"durag-velours-noir-motif-tigre","status":"publish","type":"product","link":"https:\/\/boutique-durag.com\/es\/producto\/durag-velours-noir-motif-tigre\/","title":{"rendered":"patr\u00f3n de tigre durag de terciopelo negro"},"content":{"rendered":"<h2>\u00bfQuieres evitar la rotura y proteger tu cabello del fr\u00edo? <strong>\u00a1Existe una soluci\u00f3n<\/strong>! Adopta este durag de terciopelo, <strong>f\u00e1cil de llevar<\/strong>, <strong>no deja rastro<\/strong> en tu frente.<\/h2>\n<ul>\n<li>Este durag est\u00e1 <strong>dise\u00f1ado en un material suave<\/strong> que respeta tu piel y <strong>elimina<\/strong> las marcas desagradables.<\/li>\n<li>Es <strong>apto para todos los tama\u00f1os de cabeza<\/strong> y <strong>no da\u00f1a el cabello<\/strong>, al contrario, lo mejora con el tiempo.<\/li>\n<li>Este durag se fija <strong>en s\u00f3lo unos minutos<\/strong> y es adecuado para <strong>todas las estaciones<\/strong> del a\u00f1o.<\/li>\n<li>Ya sea para <strong>ondas, mechones<\/strong> o para cabello <strong>encrespado<\/strong>, este durag te conviene.<\/li>\n<\/ul>\n<ul>\n<li><strong><u>Entrega est\u00e1ndar gratuita.<\/u><\/strong><\/li>\n<\/ul>\n<p><strong><u><i>Categor\u00eda<\/i>: <a href=\"https:\/\/boutique-durag.com\/es\/collections\/durag-negro\/\" class=\"broken_link\"><span>durag negro<\/span><\/a><\/u><\/strong><\/p>\n","protected":false},"excerpt":{"rendered":"<p>\u00bfQuieres evitar la rotura y proteger tu cabello del fr\u00edo? \u00a1Existe una soluci\u00f3n! Adopta este durag de terciopelo, f\u00e1cil de llevar, no deja rastro en tu frente. Este durag est\u00e1 dise\u00f1ado en un material suave que respeta tu piel y elimina las marcas desagradables. Es apto para todos los tama\u00f1os de cabeza y no da\u00f1a [&hellip;]<\/p>\n","protected":false},"featured_media":11785,"comment_status":"open","ping_status":"closed","template":"","meta":[],"product_cat":[612,619,627,632],"product_tag":[],"class_list":{"0":"post-12696","1":"product","2":"type-product","3":"status-publish","4":"has-post-thumbnail","6":"product_cat-durag-es","7":"product_cat-durag-color","8":"product_cat-durag-negro","9":"product_cat-durag-terciopelo","11":"first","12":"instock","13":"shipping-taxable","14":"purchasable","15":"product-type-simple"},"yoast_head":"<title>patr\u00f3n de tigre durag de terciopelo negro entrega gratuita | Ahorre un 30% en su pedido<\/title>\n<meta name=\"description\" content=\"Reciba su patr\u00f3n de tigre durag de terciopelo negro hoy mismo y benef\u00edciese de env\u00edo gratuito | 24\/48h dispatch\" \/>\n<meta name=\"robots\" content=\"index, follow, max-snippet:-1, max-image-preview:large, max-video-preview:-1\" \/>\n<link rel=\"canonical\" href=\"https:\/\/boutique-durag.com\/es\/producto\/durag-velours-noir-motif-tigre\/\" \/>\n<meta property=\"og:locale\" content=\"es_ES\" \/>\n<meta property=\"og:type\" content=\"article\" \/>\n<meta property=\"og:title\" content=\"patr\u00f3n de tigre durag de terciopelo negro entrega gratuita | Ahorre un 30% en su pedido\" \/>\n<meta property=\"og:description\" content=\"Reciba su patr\u00f3n de tigre durag de terciopelo negro hoy mismo y benef\u00edciese de env\u00edo gratuito | 24\/48h dispatch\" \/>\n<meta property=\"og:url\" content=\"https:\/\/boutique-durag.com\/es\/producto\/durag-velours-noir-motif-tigre\/\" \/>\n<meta property=\"og:site_name\" content=\"Tienda Durag\" \/>\n<meta property=\"article:modified_time\" content=\"2024-09-17T14:37:42+00:00\" \/>\n<meta property=\"og:image\" content=\"https:\/\/boutique-durag.com\/wp-content\/uploads\/2023\/05\/product-image-1371542577_970268a7-9c4b-4675-82d5-15deead158cf.jpg\" \/>\n\t<meta property=\"og:image:width\" content=\"500\" \/>\n\t<meta property=\"og:image:height\" content=\"500\" \/>\n\t<meta property=\"og:image:type\" content=\"image\/jpeg\" \/>\n<meta name=\"twitter:card\" content=\"summary_large_image\" \/>\n<meta name=\"twitter:label1\" content=\"Tiempo de lectura\" \/>\n\t<meta name=\"twitter:data1\" content=\"1 minuto\" \/>\n<script type=\"application\/ld+json\" class=\"yoast-schema-graph\">{\"@context\":\"https:\/\/schema.org\",\"@graph\":[{\"@type\":\"WebPage\",\"@id\":\"https:\/\/boutique-durag.com\/es\/producto\/durag-velours-noir-motif-tigre\/\",\"url\":\"https:\/\/boutique-durag.com\/es\/producto\/durag-velours-noir-motif-tigre\/\",\"name\":\"patr\u00f3n de tigre durag de terciopelo negro entrega gratuita | Ahorre un 30% en su pedido\",\"isPartOf\":{\"@id\":\"https:\/\/boutique-durag.com\/es\/#website\"},\"primaryImageOfPage\":{\"@id\":\"https:\/\/boutique-durag.com\/es\/producto\/durag-velours-noir-motif-tigre\/#primaryimage\"},\"image\":{\"@id\":\"https:\/\/boutique-durag.com\/es\/producto\/durag-velours-noir-motif-tigre\/#primaryimage\"},\"thumbnailUrl\":\"https:\/\/boutique-durag.com\/wp-content\/uploads\/2023\/05\/product-image-1371542577_970268a7-9c4b-4675-82d5-15deead158cf.jpg\",\"datePublished\":\"2023-05-30T08:45:29+00:00\",\"dateModified\":\"2024-09-17T14:37:42+00:00\",\"description\":\"Reciba su patr\u00f3n de tigre durag de terciopelo negro hoy mismo y benef\u00edciese de env\u00edo gratuito | 24\/48h dispatch\",\"breadcrumb\":{\"@id\":\"https:\/\/boutique-durag.com\/es\/producto\/durag-velours-noir-motif-tigre\/#breadcrumb\"},\"inLanguage\":\"es\",\"potentialAction\":[{\"@type\":\"ReadAction\",\"target\":[\"https:\/\/boutique-durag.com\/es\/producto\/durag-velours-noir-motif-tigre\/\"]}]},{\"@type\":\"ImageObject\",\"inLanguage\":\"es\",\"@id\":\"https:\/\/boutique-durag.com\/es\/producto\/durag-velours-noir-motif-tigre\/#primaryimage\",\"url\":\"https:\/\/boutique-durag.com\/wp-content\/uploads\/2023\/05\/product-image-1371542577_970268a7-9c4b-4675-82d5-15deead158cf.jpg\",\"contentUrl\":\"https:\/\/boutique-durag.com\/wp-content\/uploads\/2023\/05\/product-image-1371542577_970268a7-9c4b-4675-82d5-15deead158cf.jpg\",\"width\":500,\"height\":500},{\"@type\":\"BreadcrumbList\",\"@id\":\"https:\/\/boutique-durag.com\/es\/producto\/durag-velours-noir-motif-tigre\/#breadcrumb\",\"itemListElement\":[{\"@type\":\"ListItem\",\"position\":1,\"name\":\"Boutique durag\",\"item\":\"https:\/\/boutique-durag.com\/es\/inicio\/\"},{\"@type\":\"ListItem\",\"position\":2,\"name\":\"Tienda\",\"item\":\"https:\/\/boutique-durag.com\/es\/tienda\/\"},{\"@type\":\"ListItem\",\"position\":3,\"name\":\"Durag\",\"item\":\"https:\/\/boutique-durag.com\/es\/colecciones\/durag-es\/\"},{\"@type\":\"ListItem\",\"position\":4,\"name\":\"patr\u00f3n de tigre durag de terciopelo negro\"}]},{\"@type\":\"WebSite\",\"@id\":\"https:\/\/boutique-durag.com\/es\/#website\",\"url\":\"https:\/\/boutique-durag.com\/es\/\",\"name\":\"Tienda Durag\",\"description\":\"Tienda francesa de ropa de calle para hombre y mujer dedicada al mundo del durag y la cultura hip-hop. Descubre nuestra selecci\u00f3n de durag.\",\"publisher\":{\"@id\":\"https:\/\/boutique-durag.com\/es\/#organization\"},\"potentialAction\":[{\"@type\":\"SearchAction\",\"target\":{\"@type\":\"EntryPoint\",\"urlTemplate\":\"https:\/\/boutique-durag.com\/es\/?s={search_term_string}\"},\"query-input\":{\"@type\":\"PropertyValueSpecification\",\"valueRequired\":true,\"valueName\":\"search_term_string\"}}],\"inLanguage\":\"es\"},{\"@type\":\"Organization\",\"@id\":\"https:\/\/boutique-durag.com\/es\/#organization\",\"name\":\"Tienda Durag\",\"url\":\"https:\/\/boutique-durag.com\/es\/\",\"logo\":{\"@type\":\"ImageObject\",\"inLanguage\":\"es\",\"@id\":\"https:\/\/boutique-durag.com\/es\/#\/schema\/logo\/image\/\",\"url\":\"https:\/\/boutique-durag.com\/wp-content\/uploads\/2023\/05\/cropped-Site-Logo-3-1.png\",\"contentUrl\":\"https:\/\/boutique-durag.com\/wp-content\/uploads\/2023\/05\/cropped-Site-Logo-3-1.png\",\"width\":400,\"height\":100,\"caption\":\"Tienda Durag\"},\"image\":{\"@id\":\"https:\/\/boutique-durag.com\/es\/#\/schema\/logo\/image\/\"}}]}<\/script>","yoast_head_json":{"title":"patr\u00f3n de tigre durag de terciopelo negro entrega gratuita | Ahorre un 30% en su pedido","description":"Reciba su patr\u00f3n de tigre durag de terciopelo negro hoy mismo y benef\u00edciese de env\u00edo gratuito | 24\/48h dispatch","robots":{"index":"index","follow":"follow","max-snippet":"max-snippet:-1","max-image-preview":"max-image-preview:large","max-video-preview":"max-video-preview:-1"},"canonical":"https:\/\/boutique-durag.com\/es\/producto\/durag-velours-noir-motif-tigre\/","og_locale":"es_ES","og_type":"article","og_title":"patr\u00f3n de tigre durag de terciopelo negro entrega gratuita | Ahorre un 30% en su pedido","og_description":"Reciba su patr\u00f3n de tigre durag de terciopelo negro hoy mismo y benef\u00edciese de env\u00edo gratuito | 24\/48h dispatch","og_url":"https:\/\/boutique-durag.com\/es\/producto\/durag-velours-noir-motif-tigre\/","og_site_name":"Tienda Durag","article_modified_time":"2024-09-17T14:37:42+00:00","og_image":[{"width":500,"height":500,"url":"https:\/\/boutique-durag.com\/wp-content\/uploads\/2023\/05\/product-image-1371542577_970268a7-9c4b-4675-82d5-15deead158cf.jpg","type":"image\/jpeg"}],"twitter_card":"summary_large_image","twitter_misc":{"Tiempo de lectura":"1 minuto"},"schema":{"@context":"https:\/\/schema.org","@graph":[{"@type":"WebPage","@id":"https:\/\/boutique-durag.com\/es\/producto\/durag-velours-noir-motif-tigre\/","url":"https:\/\/boutique-durag.com\/es\/producto\/durag-velours-noir-motif-tigre\/","name":"patr\u00f3n de tigre durag de terciopelo negro entrega gratuita | Ahorre un 30% en su pedido","isPartOf":{"@id":"https:\/\/boutique-durag.com\/es\/#website"},"primaryImageOfPage":{"@id":"https:\/\/boutique-durag.com\/es\/producto\/durag-velours-noir-motif-tigre\/#primaryimage"},"image":{"@id":"https:\/\/boutique-durag.com\/es\/producto\/durag-velours-noir-motif-tigre\/#primaryimage"},"thumbnailUrl":"https:\/\/boutique-durag.com\/wp-content\/uploads\/2023\/05\/product-image-1371542577_970268a7-9c4b-4675-82d5-15deead158cf.jpg","datePublished":"2023-05-30T08:45:29+00:00","dateModified":"2024-09-17T14:37:42+00:00","description":"Reciba su patr\u00f3n de tigre durag de terciopelo negro hoy mismo y benef\u00edciese de env\u00edo gratuito | 24\/48h dispatch","breadcrumb":{"@id":"https:\/\/boutique-durag.com\/es\/producto\/durag-velours-noir-motif-tigre\/#breadcrumb"},"inLanguage":"es","potentialAction":[{"@type":"ReadAction","target":["https:\/\/boutique-durag.com\/es\/producto\/durag-velours-noir-motif-tigre\/"]}]},{"@type":"ImageObject","inLanguage":"es","@id":"https:\/\/boutique-durag.com\/es\/producto\/durag-velours-noir-motif-tigre\/#primaryimage","url":"https:\/\/boutique-durag.com\/wp-content\/uploads\/2023\/05\/product-image-1371542577_970268a7-9c4b-4675-82d5-15deead158cf.jpg","contentUrl":"https:\/\/boutique-durag.com\/wp-content\/uploads\/2023\/05\/product-image-1371542577_970268a7-9c4b-4675-82d5-15deead158cf.jpg","width":500,"height":500},{"@type":"BreadcrumbList","@id":"https:\/\/boutique-durag.com\/es\/producto\/durag-velours-noir-motif-tigre\/#breadcrumb","itemListElement":[{"@type":"ListItem","position":1,"name":"Boutique durag","item":"https:\/\/boutique-durag.com\/es\/inicio\/"},{"@type":"ListItem","position":2,"name":"Tienda","item":"https:\/\/boutique-durag.com\/es\/tienda\/"},{"@type":"ListItem","position":3,"name":"Durag","item":"https:\/\/boutique-durag.com\/es\/colecciones\/durag-es\/"},{"@type":"ListItem","position":4,"name":"patr\u00f3n de tigre durag de terciopelo negro"}]},{"@type":"WebSite","@id":"https:\/\/boutique-durag.com\/es\/#website","url":"https:\/\/boutique-durag.com\/es\/","name":"Tienda Durag","description":"Tienda francesa de ropa de calle para hombre y mujer dedicada al mundo del durag y la cultura hip-hop. Descubre nuestra selecci\u00f3n de durag.","publisher":{"@id":"https:\/\/boutique-durag.com\/es\/#organization"},"potentialAction":[{"@type":"SearchAction","target":{"@type":"EntryPoint","urlTemplate":"https:\/\/boutique-durag.com\/es\/?s={search_term_string}"},"query-input":{"@type":"PropertyValueSpecification","valueRequired":true,"valueName":"search_term_string"}}],"inLanguage":"es"},{"@type":"Organization","@id":"https:\/\/boutique-durag.com\/es\/#organization","name":"Tienda Durag","url":"https:\/\/boutique-durag.com\/es\/","logo":{"@type":"ImageObject","inLanguage":"es","@id":"https:\/\/boutique-durag.com\/es\/#\/schema\/logo\/image\/","url":"https:\/\/boutique-durag.com\/wp-content\/uploads\/2023\/05\/cropped-Site-Logo-3-1.png","contentUrl":"https:\/\/boutique-durag.com\/wp-content\/uploads\/2023\/05\/cropped-Site-Logo-3-1.png","width":400,"height":100,"caption":"Tienda Durag"},"image":{"@id":"https:\/\/boutique-durag.com\/es\/#\/schema\/logo\/image\/"}}]}},"_links":{"self":[{"href":"https:\/\/boutique-durag.com\/es\/wp-json\/wp\/v2\/product\/12696"}],"collection":[{"href":"https:\/\/boutique-durag.com\/es\/wp-json\/wp\/v2\/product"}],"about":[{"href":"https:\/\/boutique-durag.com\/es\/wp-json\/wp\/v2\/types\/product"}],"replies":[{"embeddable":true,"href":"https:\/\/boutique-durag.com\/es\/wp-json\/wp\/v2\/comments?post=12696"}],"wp:featuredmedia":[{"embeddable":true,"href":"https:\/\/boutique-durag.com\/es\/wp-json\/wp\/v2\/media\/11785"}],"wp:attachment":[{"href":"https:\/\/boutique-durag.com\/es\/wp-json\/wp\/v2\/media?parent=12696"}],"wp:term":[{"taxonomy":"product_cat","embeddable":true,"href":"https:\/\/boutique-durag.com\/es\/wp-json\/wp\/v2\/product_cat?post=12696"},{"taxonomy":"product_tag","embeddable":true,"href":"https:\/\/boutique-durag.com\/es\/wp-json\/wp\/v2\/product_tag?post=12696"}],"curies":[{"name":"wp","href":"https:\/\/api.w.org\/{rel}","templated":true}]}}