{"id":12690,"date":"2023-05-30T08:45:31","date_gmt":"2023-05-30T08:45:31","guid":{"rendered":"https:\/\/boutique-durag.com\/produit\/durag-velours-gris-tigre\/"},"modified":"2024-09-17T14:37:39","modified_gmt":"2024-09-17T14:37:39","slug":"durag-velours-gris-tigre","status":"publish","type":"product","link":"https:\/\/boutique-durag.com\/es\/producto\/durag-velours-gris-tigre\/","title":{"rendered":"patr\u00f3n de tigre durag de terciopelo gris"},"content":{"rendered":"<h2>\u00bfSue\u00f1as con un <strong>durag de terciopelo<\/strong> para realzar tu look? \u00a1No te prives m\u00e1s de ello porque ya no est\u00e1 mal visto! Descubre <strong>este durag bastante espeso que sujetar\u00e1 tu cabello<\/strong> sin da\u00f1arlo. Est\u00e1 fabricado con un <strong>material suave y respetuoso<\/strong> con tu piel y te permite evitar marcas no deseadas. Adem\u00e1s, es <strong>adaptable a todo tipo de cabeza<\/strong> y se puede poner en apenas unos minutos. Su uso es <strong>posible durante todo el a\u00f1o<\/strong>, con protecci\u00f3n adicional en verano y un poco de calor en invierno. Sea cual sea tu cabello, <strong>encrespado, ondulado o con mechones<\/strong>, este durag te quedar\u00e1 bien. \u00a1Y adem\u00e1s, <strong><u>el env\u00edo es gratuito<\/u><\/strong>!<\/h2>\n","protected":false},"excerpt":{"rendered":"<p>\u00bfSue\u00f1as con un durag de terciopelo para realzar tu look? \u00a1No te prives m\u00e1s de ello porque ya no est\u00e1 mal visto! Descubre este durag bastante espeso que sujetar\u00e1 tu cabello sin da\u00f1arlo. Est\u00e1 fabricado con un material suave y respetuoso con tu piel y te permite evitar marcas no deseadas. Adem\u00e1s, es adaptable a [&hellip;]<\/p>\n","protected":false},"featured_media":11789,"comment_status":"open","ping_status":"closed","template":"","meta":[],"product_cat":[612,632],"product_tag":[],"class_list":{"0":"post-12690","1":"product","2":"type-product","3":"status-publish","4":"has-post-thumbnail","6":"product_cat-durag-es","7":"product_cat-durag-terciopelo","9":"first","10":"instock","11":"shipping-taxable","12":"purchasable","13":"product-type-simple"},"yoast_head":"<title>patr\u00f3n de tigre durag de terciopelo gris entrega gratuita | Ahorre un 30% en su pedido<\/title>\n<meta name=\"description\" content=\"Reciba su patr\u00f3n de tigre durag de terciopelo gris hoy mismo y benef\u00edciese de env\u00edo gratuito | 24\/48h dispatch\" \/>\n<meta name=\"robots\" content=\"index, follow, max-snippet:-1, max-image-preview:large, max-video-preview:-1\" \/>\n<link rel=\"canonical\" href=\"https:\/\/boutique-durag.com\/es\/producto\/durag-velours-gris-tigre\/\" \/>\n<meta property=\"og:locale\" content=\"es_ES\" \/>\n<meta property=\"og:type\" content=\"article\" \/>\n<meta property=\"og:title\" content=\"patr\u00f3n de tigre durag de terciopelo gris entrega gratuita | Ahorre un 30% en su pedido\" \/>\n<meta property=\"og:description\" content=\"Reciba su patr\u00f3n de tigre durag de terciopelo gris hoy mismo y benef\u00edciese de env\u00edo gratuito | 24\/48h dispatch\" \/>\n<meta property=\"og:url\" content=\"https:\/\/boutique-durag.com\/es\/producto\/durag-velours-gris-tigre\/\" \/>\n<meta property=\"og:site_name\" content=\"Tienda Durag\" \/>\n<meta property=\"article:modified_time\" content=\"2024-09-17T14:37:39+00:00\" \/>\n<meta property=\"og:image\" content=\"https:\/\/boutique-durag.com\/wp-content\/uploads\/2023\/05\/product-image-1371542580_d43d769b-5aa4-4368-8cf3-1e7f211e2aa0.jpg\" \/>\n\t<meta property=\"og:image:width\" content=\"640\" \/>\n\t<meta property=\"og:image:height\" content=\"640\" \/>\n\t<meta property=\"og:image:type\" content=\"image\/jpeg\" \/>\n<meta name=\"twitter:card\" content=\"summary_large_image\" \/>\n<meta name=\"twitter:label1\" content=\"Tiempo de lectura\" \/>\n\t<meta name=\"twitter:data1\" content=\"1 minuto\" \/>\n<script type=\"application\/ld+json\" class=\"yoast-schema-graph\">{\"@context\":\"https:\/\/schema.org\",\"@graph\":[{\"@type\":\"WebPage\",\"@id\":\"https:\/\/boutique-durag.com\/es\/producto\/durag-velours-gris-tigre\/\",\"url\":\"https:\/\/boutique-durag.com\/es\/producto\/durag-velours-gris-tigre\/\",\"name\":\"patr\u00f3n de tigre durag de terciopelo gris entrega gratuita | Ahorre un 30% en su pedido\",\"isPartOf\":{\"@id\":\"https:\/\/boutique-durag.com\/es\/#website\"},\"primaryImageOfPage\":{\"@id\":\"https:\/\/boutique-durag.com\/es\/producto\/durag-velours-gris-tigre\/#primaryimage\"},\"image\":{\"@id\":\"https:\/\/boutique-durag.com\/es\/producto\/durag-velours-gris-tigre\/#primaryimage\"},\"thumbnailUrl\":\"https:\/\/boutique-durag.com\/wp-content\/uploads\/2023\/05\/product-image-1371542580_d43d769b-5aa4-4368-8cf3-1e7f211e2aa0.jpg\",\"datePublished\":\"2023-05-30T08:45:31+00:00\",\"dateModified\":\"2024-09-17T14:37:39+00:00\",\"description\":\"Reciba su patr\u00f3n de tigre durag de terciopelo gris hoy mismo y benef\u00edciese de env\u00edo gratuito | 24\/48h dispatch\",\"breadcrumb\":{\"@id\":\"https:\/\/boutique-durag.com\/es\/producto\/durag-velours-gris-tigre\/#breadcrumb\"},\"inLanguage\":\"es\",\"potentialAction\":[{\"@type\":\"ReadAction\",\"target\":[\"https:\/\/boutique-durag.com\/es\/producto\/durag-velours-gris-tigre\/\"]}]},{\"@type\":\"ImageObject\",\"inLanguage\":\"es\",\"@id\":\"https:\/\/boutique-durag.com\/es\/producto\/durag-velours-gris-tigre\/#primaryimage\",\"url\":\"https:\/\/boutique-durag.com\/wp-content\/uploads\/2023\/05\/product-image-1371542580_d43d769b-5aa4-4368-8cf3-1e7f211e2aa0.jpg\",\"contentUrl\":\"https:\/\/boutique-durag.com\/wp-content\/uploads\/2023\/05\/product-image-1371542580_d43d769b-5aa4-4368-8cf3-1e7f211e2aa0.jpg\",\"width\":640,\"height\":640},{\"@type\":\"BreadcrumbList\",\"@id\":\"https:\/\/boutique-durag.com\/es\/producto\/durag-velours-gris-tigre\/#breadcrumb\",\"itemListElement\":[{\"@type\":\"ListItem\",\"position\":1,\"name\":\"Boutique durag\",\"item\":\"https:\/\/boutique-durag.com\/es\/inicio\/\"},{\"@type\":\"ListItem\",\"position\":2,\"name\":\"Tienda\",\"item\":\"https:\/\/boutique-durag.com\/es\/tienda\/\"},{\"@type\":\"ListItem\",\"position\":3,\"name\":\"Durag\",\"item\":\"https:\/\/boutique-durag.com\/es\/colecciones\/durag-es\/\"},{\"@type\":\"ListItem\",\"position\":4,\"name\":\"patr\u00f3n de tigre durag de terciopelo gris\"}]},{\"@type\":\"WebSite\",\"@id\":\"https:\/\/boutique-durag.com\/es\/#website\",\"url\":\"https:\/\/boutique-durag.com\/es\/\",\"name\":\"Tienda Durag\",\"description\":\"Tienda francesa de ropa de calle para hombre y mujer dedicada al mundo del durag y la cultura hip-hop. Descubre nuestra selecci\u00f3n de durag.\",\"publisher\":{\"@id\":\"https:\/\/boutique-durag.com\/es\/#organization\"},\"potentialAction\":[{\"@type\":\"SearchAction\",\"target\":{\"@type\":\"EntryPoint\",\"urlTemplate\":\"https:\/\/boutique-durag.com\/es\/?s={search_term_string}\"},\"query-input\":{\"@type\":\"PropertyValueSpecification\",\"valueRequired\":true,\"valueName\":\"search_term_string\"}}],\"inLanguage\":\"es\"},{\"@type\":\"Organization\",\"@id\":\"https:\/\/boutique-durag.com\/es\/#organization\",\"name\":\"Tienda Durag\",\"url\":\"https:\/\/boutique-durag.com\/es\/\",\"logo\":{\"@type\":\"ImageObject\",\"inLanguage\":\"es\",\"@id\":\"https:\/\/boutique-durag.com\/es\/#\/schema\/logo\/image\/\",\"url\":\"https:\/\/boutique-durag.com\/wp-content\/uploads\/2023\/05\/cropped-Site-Logo-3-1.png\",\"contentUrl\":\"https:\/\/boutique-durag.com\/wp-content\/uploads\/2023\/05\/cropped-Site-Logo-3-1.png\",\"width\":400,\"height\":100,\"caption\":\"Tienda Durag\"},\"image\":{\"@id\":\"https:\/\/boutique-durag.com\/es\/#\/schema\/logo\/image\/\"}}]}<\/script>","yoast_head_json":{"title":"patr\u00f3n de tigre durag de terciopelo gris entrega gratuita | Ahorre un 30% en su pedido","description":"Reciba su patr\u00f3n de tigre durag de terciopelo gris hoy mismo y benef\u00edciese de env\u00edo gratuito | 24\/48h dispatch","robots":{"index":"index","follow":"follow","max-snippet":"max-snippet:-1","max-image-preview":"max-image-preview:large","max-video-preview":"max-video-preview:-1"},"canonical":"https:\/\/boutique-durag.com\/es\/producto\/durag-velours-gris-tigre\/","og_locale":"es_ES","og_type":"article","og_title":"patr\u00f3n de tigre durag de terciopelo gris entrega gratuita | Ahorre un 30% en su pedido","og_description":"Reciba su patr\u00f3n de tigre durag de terciopelo gris hoy mismo y benef\u00edciese de env\u00edo gratuito | 24\/48h dispatch","og_url":"https:\/\/boutique-durag.com\/es\/producto\/durag-velours-gris-tigre\/","og_site_name":"Tienda Durag","article_modified_time":"2024-09-17T14:37:39+00:00","og_image":[{"width":640,"height":640,"url":"https:\/\/boutique-durag.com\/wp-content\/uploads\/2023\/05\/product-image-1371542580_d43d769b-5aa4-4368-8cf3-1e7f211e2aa0.jpg","type":"image\/jpeg"}],"twitter_card":"summary_large_image","twitter_misc":{"Tiempo de lectura":"1 minuto"},"schema":{"@context":"https:\/\/schema.org","@graph":[{"@type":"WebPage","@id":"https:\/\/boutique-durag.com\/es\/producto\/durag-velours-gris-tigre\/","url":"https:\/\/boutique-durag.com\/es\/producto\/durag-velours-gris-tigre\/","name":"patr\u00f3n de tigre durag de terciopelo gris entrega gratuita | Ahorre un 30% en su pedido","isPartOf":{"@id":"https:\/\/boutique-durag.com\/es\/#website"},"primaryImageOfPage":{"@id":"https:\/\/boutique-durag.com\/es\/producto\/durag-velours-gris-tigre\/#primaryimage"},"image":{"@id":"https:\/\/boutique-durag.com\/es\/producto\/durag-velours-gris-tigre\/#primaryimage"},"thumbnailUrl":"https:\/\/boutique-durag.com\/wp-content\/uploads\/2023\/05\/product-image-1371542580_d43d769b-5aa4-4368-8cf3-1e7f211e2aa0.jpg","datePublished":"2023-05-30T08:45:31+00:00","dateModified":"2024-09-17T14:37:39+00:00","description":"Reciba su patr\u00f3n de tigre durag de terciopelo gris hoy mismo y benef\u00edciese de env\u00edo gratuito | 24\/48h dispatch","breadcrumb":{"@id":"https:\/\/boutique-durag.com\/es\/producto\/durag-velours-gris-tigre\/#breadcrumb"},"inLanguage":"es","potentialAction":[{"@type":"ReadAction","target":["https:\/\/boutique-durag.com\/es\/producto\/durag-velours-gris-tigre\/"]}]},{"@type":"ImageObject","inLanguage":"es","@id":"https:\/\/boutique-durag.com\/es\/producto\/durag-velours-gris-tigre\/#primaryimage","url":"https:\/\/boutique-durag.com\/wp-content\/uploads\/2023\/05\/product-image-1371542580_d43d769b-5aa4-4368-8cf3-1e7f211e2aa0.jpg","contentUrl":"https:\/\/boutique-durag.com\/wp-content\/uploads\/2023\/05\/product-image-1371542580_d43d769b-5aa4-4368-8cf3-1e7f211e2aa0.jpg","width":640,"height":640},{"@type":"BreadcrumbList","@id":"https:\/\/boutique-durag.com\/es\/producto\/durag-velours-gris-tigre\/#breadcrumb","itemListElement":[{"@type":"ListItem","position":1,"name":"Boutique durag","item":"https:\/\/boutique-durag.com\/es\/inicio\/"},{"@type":"ListItem","position":2,"name":"Tienda","item":"https:\/\/boutique-durag.com\/es\/tienda\/"},{"@type":"ListItem","position":3,"name":"Durag","item":"https:\/\/boutique-durag.com\/es\/colecciones\/durag-es\/"},{"@type":"ListItem","position":4,"name":"patr\u00f3n de tigre durag de terciopelo gris"}]},{"@type":"WebSite","@id":"https:\/\/boutique-durag.com\/es\/#website","url":"https:\/\/boutique-durag.com\/es\/","name":"Tienda Durag","description":"Tienda francesa de ropa de calle para hombre y mujer dedicada al mundo del durag y la cultura hip-hop. Descubre nuestra selecci\u00f3n de durag.","publisher":{"@id":"https:\/\/boutique-durag.com\/es\/#organization"},"potentialAction":[{"@type":"SearchAction","target":{"@type":"EntryPoint","urlTemplate":"https:\/\/boutique-durag.com\/es\/?s={search_term_string}"},"query-input":{"@type":"PropertyValueSpecification","valueRequired":true,"valueName":"search_term_string"}}],"inLanguage":"es"},{"@type":"Organization","@id":"https:\/\/boutique-durag.com\/es\/#organization","name":"Tienda Durag","url":"https:\/\/boutique-durag.com\/es\/","logo":{"@type":"ImageObject","inLanguage":"es","@id":"https:\/\/boutique-durag.com\/es\/#\/schema\/logo\/image\/","url":"https:\/\/boutique-durag.com\/wp-content\/uploads\/2023\/05\/cropped-Site-Logo-3-1.png","contentUrl":"https:\/\/boutique-durag.com\/wp-content\/uploads\/2023\/05\/cropped-Site-Logo-3-1.png","width":400,"height":100,"caption":"Tienda Durag"},"image":{"@id":"https:\/\/boutique-durag.com\/es\/#\/schema\/logo\/image\/"}}]}},"_links":{"self":[{"href":"https:\/\/boutique-durag.com\/es\/wp-json\/wp\/v2\/product\/12690"}],"collection":[{"href":"https:\/\/boutique-durag.com\/es\/wp-json\/wp\/v2\/product"}],"about":[{"href":"https:\/\/boutique-durag.com\/es\/wp-json\/wp\/v2\/types\/product"}],"replies":[{"embeddable":true,"href":"https:\/\/boutique-durag.com\/es\/wp-json\/wp\/v2\/comments?post=12690"}],"wp:featuredmedia":[{"embeddable":true,"href":"https:\/\/boutique-durag.com\/es\/wp-json\/wp\/v2\/media\/11789"}],"wp:attachment":[{"href":"https:\/\/boutique-durag.com\/es\/wp-json\/wp\/v2\/media?parent=12690"}],"wp:term":[{"taxonomy":"product_cat","embeddable":true,"href":"https:\/\/boutique-durag.com\/es\/wp-json\/wp\/v2\/product_cat?post=12690"},{"taxonomy":"product_tag","embeddable":true,"href":"https:\/\/boutique-durag.com\/es\/wp-json\/wp\/v2\/product_tag?post=12690"}],"curies":[{"name":"wp","href":"https:\/\/api.w.org\/{rel}","templated":true}]}}