{"id":12687,"date":"2023-05-30T08:45:33","date_gmt":"2023-05-30T08:45:33","guid":{"rendered":"https:\/\/boutique-durag.com\/produit\/durag-femme-brillant-rose\/"},"modified":"2024-09-17T14:37:35","modified_gmt":"2024-09-17T14:37:35","slug":"durag-femme-brillant-rose","status":"publish","type":"product","link":"https:\/\/boutique-durag.com\/es\/producto\/durag-femme-brillant-rose\/","title":{"rendered":"durag de mujer rosa brillante"},"content":{"rendered":"<h2><span style=\"font-size: 1.4em\">Este durag est\u00e1 dise\u00f1ado con lazos muy bien formados, si tienes suficientes durags que dejan marcas en tu cabeza, este es ideal, ser\u00e1 tu mejor compa\u00f1ero. si lo usas bien <\/span><\/h2>\n<ul>\n<li>este durag est\u00e1 hecho de <strong>material suave y calmante<\/strong>, di adi\u00f3s a las marcas antiest\u00e9ticas<\/li>\n<\/ul>\n<ul>\n<li>Se adapta a <strong>todo tipo de cabeza<\/strong>, no tendr\u00e1s problema en llevarlo<\/li>\n<li> <strong>No te ataca el cabello<\/strong>, por el lado al contrario, su textura mejora con el tiempo<\/li>\n<li>Te ahorra tiempo, se puede <strong>atar r\u00e1pidamente<\/strong> <\/li>\n<li>Es <strong>apto para todos los climas<\/strong>, en invierno puede calentarte y en verano puede proteger tu cabello dej\u00e1ndolo respirar<\/li>\n<li>Ya sea que tengas el cabello ondulado, mech\u00f3n o simplemente <strong>rizado, este durag es perfecto para ti<\/ strong> <\/li>\n<\/ul>\n<ul>\n<li><strong><u>Entrega est\u00e1ndar gratuita<\/u>&lt;\/strong <\/li>\n<\/ul>\n<p><strong><u><i><span style=\"font-weight: 400\">Categor\u00eda:<\/span><\/i> <a href=\"https:\/\/boutique-durag.com\/es\/collections\/durag-rosa\/\"><span style=\"font-weight: 400\">durag rose<\/span><\/a>,<\/u><\/strong><u><em data-mce-fragment=\"1\"> <a data-mce data-mce-href=\"\/?product_cat=durag-femme\" href=\"https:\/\/boutique-durag .com\/es\/collections\/durag-mujer\/\">durag femme<\/a> <\/em><\/u><\/p>\n<ol start=\"15\"><\/ol>\n<div class=\"eJOY__extension_root_class\" id=\"eJOY__extension_root\"><\/div>\n<h2><span style=\"font-size: 1.4em\">Este durag est\u00e1 hecho con corbatas cuidadosamente elaboradas, si est\u00e1s cansado de los durags que dejan huellas en tu cabeza, este es perfecto, ser\u00e1 tu mejor amigo si lo atas correctamente<\/span><\/h2>\n<ul>\n<li>este durag est\u00e1 elaborado con <strong>un material que respeta y no ataca<\/strong> tu piel, di adi\u00f3s a las marcas molestas<\/li>\n<\/ul>\n<ul>\n<li>Se adapta a <strong>todo tipo de cabeza<\/strong>, no tendr\u00e1s dificultad para llevarlo<\/li>\n<li> <strong>No da\u00f1a tu cabello<\/strong>, al contrario, su textura mejorar\u00e1 con el tiempo<\/li>\n<li>Te ahorra tiempo, es <strong>f\u00e1cil de colocar<\/strong> <\/li>\n<li>Es <strong>adecuado para todas las estaciones<\/strong> del a\u00f1o, en invierno puede calentarte y en verano puede proteger tu cabello ventil\u00e1ndolo<\/li>\n<li>Ya sea que tengas el cabello ondulado, rizado o simplemente encrespado, este durag est\u00e1 hecho para ti<\/strong> <\/li>\n<\/ul>\n<ul>\n<li><strong><u>Env\u00edo est\u00e1ndar gratuito<\/u><\/strong><\/li>\n<\/ul>\n<p><strong><u><i><span style=\"font-weight: 400\">Categor\u00eda:<\/span> <\/i> <a href=\"https:\/\/boutique-durag.com\/es\/collections\/durag- rosa\/\" class=\"broken_link\"><span style=\"font-weight: 400\">durag rosa<\/span><\/a>,<\/u><\/strong><u><em data-mce-fragment=\"1\"> <a fragment=\"1\" href=\"https:\/\/boutique-durag.com\/es\/collections\/durag-mujer\/\" class=\"broken_link\">durag mujer<\/a><\/em><\/u><\/p>\n<ol start=\"15\"> <\/ol>\n<div class=\"eJOY__extension_root_class\" id=\"eJOY__extension_root\"><\/div>\n","protected":false},"excerpt":{"rendered":"<p>Este durag est\u00e1 dise\u00f1ado con lazos muy bien formados, si tienes suficientes durags que dejan marcas en tu cabeza, este es ideal, ser\u00e1 tu mejor compa\u00f1ero. si lo usas bien este durag est\u00e1 hecho de material suave y calmante, di adi\u00f3s a las marcas antiest\u00e9ticas Se adapta a todo tipo de cabeza, no tendr\u00e1s problema [&hellip;]<\/p>\n","protected":false},"featured_media":11793,"comment_status":"open","ping_status":"closed","template":"","meta":[],"product_cat":[612,622,628],"product_tag":[],"class_list":{"0":"post-12687","1":"product","2":"type-product","3":"status-publish","4":"has-post-thumbnail","6":"product_cat-durag-es","7":"product_cat-durag-mujer","8":"product_cat-durag-rosa","10":"first","11":"instock","12":"shipping-taxable","13":"purchasable","14":"product-type-simple"},"yoast_head":"<title>durag de mujer rosa brillante entrega gratuita | Ahorre un 30% en su pedido<\/title>\n<meta name=\"description\" content=\"Reciba su durag de mujer rosa brillante hoy mismo y benef\u00edciese de env\u00edo gratuito | 24\/48h dispatch\" \/>\n<meta name=\"robots\" content=\"index, follow, max-snippet:-1, max-image-preview:large, max-video-preview:-1\" \/>\n<link rel=\"canonical\" href=\"https:\/\/boutique-durag.com\/es\/producto\/durag-femme-brillant-rose\/\" \/>\n<meta property=\"og:locale\" content=\"es_ES\" \/>\n<meta property=\"og:type\" content=\"article\" \/>\n<meta property=\"og:title\" content=\"durag de mujer rosa brillante entrega gratuita | Ahorre un 30% en su pedido\" \/>\n<meta property=\"og:description\" content=\"Reciba su durag de mujer rosa brillante hoy mismo y benef\u00edciese de env\u00edo gratuito | 24\/48h dispatch\" \/>\n<meta property=\"og:url\" content=\"https:\/\/boutique-durag.com\/es\/producto\/durag-femme-brillant-rose\/\" \/>\n<meta property=\"og:site_name\" content=\"Tienda Durag\" \/>\n<meta property=\"article:modified_time\" content=\"2024-09-17T14:37:35+00:00\" \/>\n<meta property=\"og:image\" content=\"https:\/\/boutique-durag.com\/wp-content\/uploads\/2023\/05\/product-image-1481422149.jpg\" \/>\n\t<meta property=\"og:image:width\" content=\"640\" \/>\n\t<meta property=\"og:image:height\" content=\"640\" \/>\n\t<meta property=\"og:image:type\" content=\"image\/jpeg\" \/>\n<meta name=\"twitter:card\" content=\"summary_large_image\" \/>\n<meta name=\"twitter:label1\" content=\"Tiempo de lectura\" \/>\n\t<meta name=\"twitter:data1\" content=\"1 minuto\" \/>\n<script type=\"application\/ld+json\" class=\"yoast-schema-graph\">{\"@context\":\"https:\/\/schema.org\",\"@graph\":[{\"@type\":\"WebPage\",\"@id\":\"https:\/\/boutique-durag.com\/es\/producto\/durag-femme-brillant-rose\/\",\"url\":\"https:\/\/boutique-durag.com\/es\/producto\/durag-femme-brillant-rose\/\",\"name\":\"durag de mujer rosa brillante entrega gratuita | Ahorre un 30% en su pedido\",\"isPartOf\":{\"@id\":\"https:\/\/boutique-durag.com\/es\/#website\"},\"primaryImageOfPage\":{\"@id\":\"https:\/\/boutique-durag.com\/es\/producto\/durag-femme-brillant-rose\/#primaryimage\"},\"image\":{\"@id\":\"https:\/\/boutique-durag.com\/es\/producto\/durag-femme-brillant-rose\/#primaryimage\"},\"thumbnailUrl\":\"https:\/\/boutique-durag.com\/wp-content\/uploads\/2023\/05\/product-image-1481422149.jpg\",\"datePublished\":\"2023-05-30T08:45:33+00:00\",\"dateModified\":\"2024-09-17T14:37:35+00:00\",\"description\":\"Reciba su durag de mujer rosa brillante hoy mismo y benef\u00edciese de env\u00edo gratuito | 24\/48h dispatch\",\"breadcrumb\":{\"@id\":\"https:\/\/boutique-durag.com\/es\/producto\/durag-femme-brillant-rose\/#breadcrumb\"},\"inLanguage\":\"es\",\"potentialAction\":[{\"@type\":\"ReadAction\",\"target\":[\"https:\/\/boutique-durag.com\/es\/producto\/durag-femme-brillant-rose\/\"]}]},{\"@type\":\"ImageObject\",\"inLanguage\":\"es\",\"@id\":\"https:\/\/boutique-durag.com\/es\/producto\/durag-femme-brillant-rose\/#primaryimage\",\"url\":\"https:\/\/boutique-durag.com\/wp-content\/uploads\/2023\/05\/product-image-1481422149.jpg\",\"contentUrl\":\"https:\/\/boutique-durag.com\/wp-content\/uploads\/2023\/05\/product-image-1481422149.jpg\",\"width\":640,\"height\":640},{\"@type\":\"BreadcrumbList\",\"@id\":\"https:\/\/boutique-durag.com\/es\/producto\/durag-femme-brillant-rose\/#breadcrumb\",\"itemListElement\":[{\"@type\":\"ListItem\",\"position\":1,\"name\":\"Boutique durag\",\"item\":\"https:\/\/boutique-durag.com\/es\/inicio\/\"},{\"@type\":\"ListItem\",\"position\":2,\"name\":\"Tienda\",\"item\":\"https:\/\/boutique-durag.com\/es\/tienda\/\"},{\"@type\":\"ListItem\",\"position\":3,\"name\":\"Durag\",\"item\":\"https:\/\/boutique-durag.com\/es\/colecciones\/durag-es\/\"},{\"@type\":\"ListItem\",\"position\":4,\"name\":\"durag de mujer rosa brillante\"}]},{\"@type\":\"WebSite\",\"@id\":\"https:\/\/boutique-durag.com\/es\/#website\",\"url\":\"https:\/\/boutique-durag.com\/es\/\",\"name\":\"Tienda Durag\",\"description\":\"Tienda francesa de ropa de calle para hombre y mujer dedicada al mundo del durag y la cultura hip-hop. Descubre nuestra selecci\u00f3n de durag.\",\"publisher\":{\"@id\":\"https:\/\/boutique-durag.com\/es\/#organization\"},\"potentialAction\":[{\"@type\":\"SearchAction\",\"target\":{\"@type\":\"EntryPoint\",\"urlTemplate\":\"https:\/\/boutique-durag.com\/es\/?s={search_term_string}\"},\"query-input\":{\"@type\":\"PropertyValueSpecification\",\"valueRequired\":true,\"valueName\":\"search_term_string\"}}],\"inLanguage\":\"es\"},{\"@type\":\"Organization\",\"@id\":\"https:\/\/boutique-durag.com\/es\/#organization\",\"name\":\"Tienda Durag\",\"url\":\"https:\/\/boutique-durag.com\/es\/\",\"logo\":{\"@type\":\"ImageObject\",\"inLanguage\":\"es\",\"@id\":\"https:\/\/boutique-durag.com\/es\/#\/schema\/logo\/image\/\",\"url\":\"https:\/\/boutique-durag.com\/wp-content\/uploads\/2023\/05\/cropped-Site-Logo-3-1.png\",\"contentUrl\":\"https:\/\/boutique-durag.com\/wp-content\/uploads\/2023\/05\/cropped-Site-Logo-3-1.png\",\"width\":400,\"height\":100,\"caption\":\"Tienda Durag\"},\"image\":{\"@id\":\"https:\/\/boutique-durag.com\/es\/#\/schema\/logo\/image\/\"}}]}<\/script>","yoast_head_json":{"title":"durag de mujer rosa brillante entrega gratuita | Ahorre un 30% en su pedido","description":"Reciba su durag de mujer rosa brillante hoy mismo y benef\u00edciese de env\u00edo gratuito | 24\/48h dispatch","robots":{"index":"index","follow":"follow","max-snippet":"max-snippet:-1","max-image-preview":"max-image-preview:large","max-video-preview":"max-video-preview:-1"},"canonical":"https:\/\/boutique-durag.com\/es\/producto\/durag-femme-brillant-rose\/","og_locale":"es_ES","og_type":"article","og_title":"durag de mujer rosa brillante entrega gratuita | Ahorre un 30% en su pedido","og_description":"Reciba su durag de mujer rosa brillante hoy mismo y benef\u00edciese de env\u00edo gratuito | 24\/48h dispatch","og_url":"https:\/\/boutique-durag.com\/es\/producto\/durag-femme-brillant-rose\/","og_site_name":"Tienda Durag","article_modified_time":"2024-09-17T14:37:35+00:00","og_image":[{"width":640,"height":640,"url":"https:\/\/boutique-durag.com\/wp-content\/uploads\/2023\/05\/product-image-1481422149.jpg","type":"image\/jpeg"}],"twitter_card":"summary_large_image","twitter_misc":{"Tiempo de lectura":"1 minuto"},"schema":{"@context":"https:\/\/schema.org","@graph":[{"@type":"WebPage","@id":"https:\/\/boutique-durag.com\/es\/producto\/durag-femme-brillant-rose\/","url":"https:\/\/boutique-durag.com\/es\/producto\/durag-femme-brillant-rose\/","name":"durag de mujer rosa brillante entrega gratuita | Ahorre un 30% en su pedido","isPartOf":{"@id":"https:\/\/boutique-durag.com\/es\/#website"},"primaryImageOfPage":{"@id":"https:\/\/boutique-durag.com\/es\/producto\/durag-femme-brillant-rose\/#primaryimage"},"image":{"@id":"https:\/\/boutique-durag.com\/es\/producto\/durag-femme-brillant-rose\/#primaryimage"},"thumbnailUrl":"https:\/\/boutique-durag.com\/wp-content\/uploads\/2023\/05\/product-image-1481422149.jpg","datePublished":"2023-05-30T08:45:33+00:00","dateModified":"2024-09-17T14:37:35+00:00","description":"Reciba su durag de mujer rosa brillante hoy mismo y benef\u00edciese de env\u00edo gratuito | 24\/48h dispatch","breadcrumb":{"@id":"https:\/\/boutique-durag.com\/es\/producto\/durag-femme-brillant-rose\/#breadcrumb"},"inLanguage":"es","potentialAction":[{"@type":"ReadAction","target":["https:\/\/boutique-durag.com\/es\/producto\/durag-femme-brillant-rose\/"]}]},{"@type":"ImageObject","inLanguage":"es","@id":"https:\/\/boutique-durag.com\/es\/producto\/durag-femme-brillant-rose\/#primaryimage","url":"https:\/\/boutique-durag.com\/wp-content\/uploads\/2023\/05\/product-image-1481422149.jpg","contentUrl":"https:\/\/boutique-durag.com\/wp-content\/uploads\/2023\/05\/product-image-1481422149.jpg","width":640,"height":640},{"@type":"BreadcrumbList","@id":"https:\/\/boutique-durag.com\/es\/producto\/durag-femme-brillant-rose\/#breadcrumb","itemListElement":[{"@type":"ListItem","position":1,"name":"Boutique durag","item":"https:\/\/boutique-durag.com\/es\/inicio\/"},{"@type":"ListItem","position":2,"name":"Tienda","item":"https:\/\/boutique-durag.com\/es\/tienda\/"},{"@type":"ListItem","position":3,"name":"Durag","item":"https:\/\/boutique-durag.com\/es\/colecciones\/durag-es\/"},{"@type":"ListItem","position":4,"name":"durag de mujer rosa brillante"}]},{"@type":"WebSite","@id":"https:\/\/boutique-durag.com\/es\/#website","url":"https:\/\/boutique-durag.com\/es\/","name":"Tienda Durag","description":"Tienda francesa de ropa de calle para hombre y mujer dedicada al mundo del durag y la cultura hip-hop. Descubre nuestra selecci\u00f3n de durag.","publisher":{"@id":"https:\/\/boutique-durag.com\/es\/#organization"},"potentialAction":[{"@type":"SearchAction","target":{"@type":"EntryPoint","urlTemplate":"https:\/\/boutique-durag.com\/es\/?s={search_term_string}"},"query-input":{"@type":"PropertyValueSpecification","valueRequired":true,"valueName":"search_term_string"}}],"inLanguage":"es"},{"@type":"Organization","@id":"https:\/\/boutique-durag.com\/es\/#organization","name":"Tienda Durag","url":"https:\/\/boutique-durag.com\/es\/","logo":{"@type":"ImageObject","inLanguage":"es","@id":"https:\/\/boutique-durag.com\/es\/#\/schema\/logo\/image\/","url":"https:\/\/boutique-durag.com\/wp-content\/uploads\/2023\/05\/cropped-Site-Logo-3-1.png","contentUrl":"https:\/\/boutique-durag.com\/wp-content\/uploads\/2023\/05\/cropped-Site-Logo-3-1.png","width":400,"height":100,"caption":"Tienda Durag"},"image":{"@id":"https:\/\/boutique-durag.com\/es\/#\/schema\/logo\/image\/"}}]}},"_links":{"self":[{"href":"https:\/\/boutique-durag.com\/es\/wp-json\/wp\/v2\/product\/12687"}],"collection":[{"href":"https:\/\/boutique-durag.com\/es\/wp-json\/wp\/v2\/product"}],"about":[{"href":"https:\/\/boutique-durag.com\/es\/wp-json\/wp\/v2\/types\/product"}],"replies":[{"embeddable":true,"href":"https:\/\/boutique-durag.com\/es\/wp-json\/wp\/v2\/comments?post=12687"}],"wp:featuredmedia":[{"embeddable":true,"href":"https:\/\/boutique-durag.com\/es\/wp-json\/wp\/v2\/media\/11793"}],"wp:attachment":[{"href":"https:\/\/boutique-durag.com\/es\/wp-json\/wp\/v2\/media?parent=12687"}],"wp:term":[{"taxonomy":"product_cat","embeddable":true,"href":"https:\/\/boutique-durag.com\/es\/wp-json\/wp\/v2\/product_cat?post=12687"},{"taxonomy":"product_tag","embeddable":true,"href":"https:\/\/boutique-durag.com\/es\/wp-json\/wp\/v2\/product_tag?post=12687"}],"curies":[{"name":"wp","href":"https:\/\/api.w.org\/{rel}","templated":true}]}}