{"id":12686,"date":"2023-05-30T08:45:33","date_gmt":"2023-05-30T08:45:33","guid":{"rendered":"https:\/\/boutique-durag.com\/produit\/durag-homme-soie-gris\/"},"modified":"2024-09-17T14:37:34","modified_gmt":"2024-09-17T14:37:34","slug":"durag-homme-soie-gris","status":"publish","type":"product","link":"https:\/\/boutique-durag.com\/es\/producto\/durag-homme-soie-gris\/","title":{"rendered":"durag de seda gris para hombre"},"content":{"rendered":"<h2> <span style=\"font-size: 1.4em\">Este estuche para el cabello es uno de los m\u00e1s bonitos que tenemos en nuestra tienda, es destacable la finura de sus acabados, adem\u00e1s est\u00e1 muy bien cortado. Aprovecha esta oportunidad <\/span> <\/h2>\n<ul style=\"margin-top: 0cm\" type=\"disc\">\n<li>Este<span> <\/span><strong>estuche para el cabello es perfecto para ti<\/span> <\/h2>\n<ul style=\"margin-top: 0cm\" type=\"disc\">\n<li> fuerte&gt;<span>\u00a0<\/span>si est\u00e1s cansado de las marcas que otros casos dejan en tu frente, no irrita tu piel puedes usarlo<span>\u00a0<\/span><strong>durante horas<\/ fuerte><span>\u00a0<\/span>sin preocupaciones.<\/li>\n<li>Es<span>\u00a0<\/span><strong>apto para todo tipo de cabello<\/strong>, ideal para proteger tu corte, ya sea tienes trenzas, ondas, rastas, este estuche te ser\u00e1 de gran utilidad.<\/strong> <\/li>\n<li>Este estuche para el cabello te ahorra mucho tiempo,<span>\u00a0<\/span><strong>se fija f\u00e1cilmente<\/strong><span>\u00a0<\/span>y es perfecto para esos d\u00edas en los que no tienes tus contornos.<\/li>\n<li>Este estuche para el cabello es<span>\u00a0<\/span><strong>adecuado para todas las estaciones<\/strong><span>\u00a0<\/span>desde el a\u00f1o hasta el invierno, protege tu cabello de la rotura provocada por el fr\u00edo y en verano, lo protege de los da\u00f1os que puede causar el sol.<\/li>\n<li>Este estuche para el cabello tiene muy buenos acabados.<\/strong><span> <\/span>esto te permite mantenerte elegante en todas las circunstancias<\/li>\n<li><strong><u>Entrega est\u00e1ndar gratuita<\/ u><\/strong><\/ li> <\/ul>\n<p>\u00bfTe gust\u00f3 este estuche para el cabello? \u00c9chale un vistazo a nuestro <a href=\"https:\/\/boutique-durag.com\/es\/produit\/durag-femme-soie-bleu\/\">estuche para el pelo de seda azul<\/a><\/p>\n<p><em> categor\u00eda:<span> <\/span><span style=\"color: #ff0000\"><a data-mce-href=\"\/?product_cat=durag-homme\" href=\"https:\/\/boutique-durag. com\/ es\/collections\/durag-hombre\/\" style=\"color: #ff0000\">estuche para cabello hombre<\/a><\/span><\/em><\/p>\n<ol start=\"12\"><\/ ol> <\/p>\n<div class=\"eJOY__extension_root_class\" id=\"eJOY__extension_root\"><\/div>\n","protected":false},"excerpt":{"rendered":"<p>Este estuche para el cabello es uno de los m\u00e1s bonitos que tenemos en nuestra tienda, es destacable la finura de sus acabados, adem\u00e1s est\u00e1 muy bien cortado. Aprovecha esta oportunidad Este estuche para el cabello es perfecto para ti fuerte&gt;\u00a0si est\u00e1s cansado de las marcas que otros casos dejan en tu frente, no irrita [&hellip;]<\/p>\n","protected":false},"featured_media":11792,"comment_status":"open","ping_status":"closed","template":"","meta":[],"product_cat":[612,625,631],"product_tag":[],"class_list":{"0":"post-12686","1":"product","2":"type-product","3":"status-publish","4":"has-post-thumbnail","6":"product_cat-durag-es","7":"product_cat-durag-hombre","8":"product_cat-durag-seda","10":"first","11":"instock","12":"shipping-taxable","13":"purchasable","14":"product-type-simple"},"yoast_head":"<title>durag de seda gris para hombre entrega gratuita | Ahorre un 30% en su pedido<\/title>\n<meta name=\"description\" content=\"Reciba su durag de seda gris para hombre hoy mismo y benef\u00edciese de env\u00edo gratuito | 24\/48h dispatch\" \/>\n<meta name=\"robots\" content=\"index, follow, max-snippet:-1, max-image-preview:large, max-video-preview:-1\" \/>\n<link rel=\"canonical\" href=\"https:\/\/boutique-durag.com\/es\/producto\/durag-homme-soie-gris\/\" \/>\n<meta property=\"og:locale\" content=\"es_ES\" \/>\n<meta property=\"og:type\" content=\"article\" \/>\n<meta property=\"og:title\" content=\"durag de seda gris para hombre entrega gratuita | Ahorre un 30% en su pedido\" \/>\n<meta property=\"og:description\" content=\"Reciba su durag de seda gris para hombre hoy mismo y benef\u00edciese de env\u00edo gratuito | 24\/48h dispatch\" \/>\n<meta property=\"og:url\" content=\"https:\/\/boutique-durag.com\/es\/producto\/durag-homme-soie-gris\/\" \/>\n<meta property=\"og:site_name\" content=\"Tienda Durag\" \/>\n<meta property=\"article:modified_time\" content=\"2024-09-17T14:37:34+00:00\" \/>\n<meta property=\"og:image\" content=\"https:\/\/boutique-durag.com\/wp-content\/uploads\/2023\/05\/product-image-1234321440.jpg\" \/>\n\t<meta property=\"og:image:width\" content=\"640\" \/>\n\t<meta property=\"og:image:height\" content=\"640\" \/>\n\t<meta property=\"og:image:type\" content=\"image\/jpeg\" \/>\n<meta name=\"twitter:card\" content=\"summary_large_image\" \/>\n<meta name=\"twitter:label1\" content=\"Tiempo de lectura\" \/>\n\t<meta name=\"twitter:data1\" content=\"1 minuto\" \/>\n<script type=\"application\/ld+json\" class=\"yoast-schema-graph\">{\"@context\":\"https:\/\/schema.org\",\"@graph\":[{\"@type\":\"WebPage\",\"@id\":\"https:\/\/boutique-durag.com\/es\/producto\/durag-homme-soie-gris\/\",\"url\":\"https:\/\/boutique-durag.com\/es\/producto\/durag-homme-soie-gris\/\",\"name\":\"durag de seda gris para hombre entrega gratuita | Ahorre un 30% en su pedido\",\"isPartOf\":{\"@id\":\"https:\/\/boutique-durag.com\/es\/#website\"},\"primaryImageOfPage\":{\"@id\":\"https:\/\/boutique-durag.com\/es\/producto\/durag-homme-soie-gris\/#primaryimage\"},\"image\":{\"@id\":\"https:\/\/boutique-durag.com\/es\/producto\/durag-homme-soie-gris\/#primaryimage\"},\"thumbnailUrl\":\"https:\/\/boutique-durag.com\/wp-content\/uploads\/2023\/05\/product-image-1234321440.jpg\",\"datePublished\":\"2023-05-30T08:45:33+00:00\",\"dateModified\":\"2024-09-17T14:37:34+00:00\",\"description\":\"Reciba su durag de seda gris para hombre hoy mismo y benef\u00edciese de env\u00edo gratuito | 24\/48h dispatch\",\"breadcrumb\":{\"@id\":\"https:\/\/boutique-durag.com\/es\/producto\/durag-homme-soie-gris\/#breadcrumb\"},\"inLanguage\":\"es\",\"potentialAction\":[{\"@type\":\"ReadAction\",\"target\":[\"https:\/\/boutique-durag.com\/es\/producto\/durag-homme-soie-gris\/\"]}]},{\"@type\":\"ImageObject\",\"inLanguage\":\"es\",\"@id\":\"https:\/\/boutique-durag.com\/es\/producto\/durag-homme-soie-gris\/#primaryimage\",\"url\":\"https:\/\/boutique-durag.com\/wp-content\/uploads\/2023\/05\/product-image-1234321440.jpg\",\"contentUrl\":\"https:\/\/boutique-durag.com\/wp-content\/uploads\/2023\/05\/product-image-1234321440.jpg\",\"width\":640,\"height\":640},{\"@type\":\"BreadcrumbList\",\"@id\":\"https:\/\/boutique-durag.com\/es\/producto\/durag-homme-soie-gris\/#breadcrumb\",\"itemListElement\":[{\"@type\":\"ListItem\",\"position\":1,\"name\":\"Boutique durag\",\"item\":\"https:\/\/boutique-durag.com\/es\/inicio\/\"},{\"@type\":\"ListItem\",\"position\":2,\"name\":\"Tienda\",\"item\":\"https:\/\/boutique-durag.com\/es\/tienda\/\"},{\"@type\":\"ListItem\",\"position\":3,\"name\":\"Durag\",\"item\":\"https:\/\/boutique-durag.com\/es\/colecciones\/durag-es\/\"},{\"@type\":\"ListItem\",\"position\":4,\"name\":\"durag de seda gris para hombre\"}]},{\"@type\":\"WebSite\",\"@id\":\"https:\/\/boutique-durag.com\/es\/#website\",\"url\":\"https:\/\/boutique-durag.com\/es\/\",\"name\":\"Tienda Durag\",\"description\":\"Tienda francesa de ropa de calle para hombre y mujer dedicada al mundo del durag y la cultura hip-hop. Descubre nuestra selecci\u00f3n de durag.\",\"publisher\":{\"@id\":\"https:\/\/boutique-durag.com\/es\/#organization\"},\"potentialAction\":[{\"@type\":\"SearchAction\",\"target\":{\"@type\":\"EntryPoint\",\"urlTemplate\":\"https:\/\/boutique-durag.com\/es\/?s={search_term_string}\"},\"query-input\":{\"@type\":\"PropertyValueSpecification\",\"valueRequired\":true,\"valueName\":\"search_term_string\"}}],\"inLanguage\":\"es\"},{\"@type\":\"Organization\",\"@id\":\"https:\/\/boutique-durag.com\/es\/#organization\",\"name\":\"Tienda Durag\",\"url\":\"https:\/\/boutique-durag.com\/es\/\",\"logo\":{\"@type\":\"ImageObject\",\"inLanguage\":\"es\",\"@id\":\"https:\/\/boutique-durag.com\/es\/#\/schema\/logo\/image\/\",\"url\":\"https:\/\/boutique-durag.com\/wp-content\/uploads\/2023\/05\/cropped-Site-Logo-3-1.png\",\"contentUrl\":\"https:\/\/boutique-durag.com\/wp-content\/uploads\/2023\/05\/cropped-Site-Logo-3-1.png\",\"width\":400,\"height\":100,\"caption\":\"Tienda Durag\"},\"image\":{\"@id\":\"https:\/\/boutique-durag.com\/es\/#\/schema\/logo\/image\/\"}}]}<\/script>","yoast_head_json":{"title":"durag de seda gris para hombre entrega gratuita | Ahorre un 30% en su pedido","description":"Reciba su durag de seda gris para hombre hoy mismo y benef\u00edciese de env\u00edo gratuito | 24\/48h dispatch","robots":{"index":"index","follow":"follow","max-snippet":"max-snippet:-1","max-image-preview":"max-image-preview:large","max-video-preview":"max-video-preview:-1"},"canonical":"https:\/\/boutique-durag.com\/es\/producto\/durag-homme-soie-gris\/","og_locale":"es_ES","og_type":"article","og_title":"durag de seda gris para hombre entrega gratuita | Ahorre un 30% en su pedido","og_description":"Reciba su durag de seda gris para hombre hoy mismo y benef\u00edciese de env\u00edo gratuito | 24\/48h dispatch","og_url":"https:\/\/boutique-durag.com\/es\/producto\/durag-homme-soie-gris\/","og_site_name":"Tienda Durag","article_modified_time":"2024-09-17T14:37:34+00:00","og_image":[{"width":640,"height":640,"url":"https:\/\/boutique-durag.com\/wp-content\/uploads\/2023\/05\/product-image-1234321440.jpg","type":"image\/jpeg"}],"twitter_card":"summary_large_image","twitter_misc":{"Tiempo de lectura":"1 minuto"},"schema":{"@context":"https:\/\/schema.org","@graph":[{"@type":"WebPage","@id":"https:\/\/boutique-durag.com\/es\/producto\/durag-homme-soie-gris\/","url":"https:\/\/boutique-durag.com\/es\/producto\/durag-homme-soie-gris\/","name":"durag de seda gris para hombre entrega gratuita | Ahorre un 30% en su pedido","isPartOf":{"@id":"https:\/\/boutique-durag.com\/es\/#website"},"primaryImageOfPage":{"@id":"https:\/\/boutique-durag.com\/es\/producto\/durag-homme-soie-gris\/#primaryimage"},"image":{"@id":"https:\/\/boutique-durag.com\/es\/producto\/durag-homme-soie-gris\/#primaryimage"},"thumbnailUrl":"https:\/\/boutique-durag.com\/wp-content\/uploads\/2023\/05\/product-image-1234321440.jpg","datePublished":"2023-05-30T08:45:33+00:00","dateModified":"2024-09-17T14:37:34+00:00","description":"Reciba su durag de seda gris para hombre hoy mismo y benef\u00edciese de env\u00edo gratuito | 24\/48h dispatch","breadcrumb":{"@id":"https:\/\/boutique-durag.com\/es\/producto\/durag-homme-soie-gris\/#breadcrumb"},"inLanguage":"es","potentialAction":[{"@type":"ReadAction","target":["https:\/\/boutique-durag.com\/es\/producto\/durag-homme-soie-gris\/"]}]},{"@type":"ImageObject","inLanguage":"es","@id":"https:\/\/boutique-durag.com\/es\/producto\/durag-homme-soie-gris\/#primaryimage","url":"https:\/\/boutique-durag.com\/wp-content\/uploads\/2023\/05\/product-image-1234321440.jpg","contentUrl":"https:\/\/boutique-durag.com\/wp-content\/uploads\/2023\/05\/product-image-1234321440.jpg","width":640,"height":640},{"@type":"BreadcrumbList","@id":"https:\/\/boutique-durag.com\/es\/producto\/durag-homme-soie-gris\/#breadcrumb","itemListElement":[{"@type":"ListItem","position":1,"name":"Boutique durag","item":"https:\/\/boutique-durag.com\/es\/inicio\/"},{"@type":"ListItem","position":2,"name":"Tienda","item":"https:\/\/boutique-durag.com\/es\/tienda\/"},{"@type":"ListItem","position":3,"name":"Durag","item":"https:\/\/boutique-durag.com\/es\/colecciones\/durag-es\/"},{"@type":"ListItem","position":4,"name":"durag de seda gris para hombre"}]},{"@type":"WebSite","@id":"https:\/\/boutique-durag.com\/es\/#website","url":"https:\/\/boutique-durag.com\/es\/","name":"Tienda Durag","description":"Tienda francesa de ropa de calle para hombre y mujer dedicada al mundo del durag y la cultura hip-hop. Descubre nuestra selecci\u00f3n de durag.","publisher":{"@id":"https:\/\/boutique-durag.com\/es\/#organization"},"potentialAction":[{"@type":"SearchAction","target":{"@type":"EntryPoint","urlTemplate":"https:\/\/boutique-durag.com\/es\/?s={search_term_string}"},"query-input":{"@type":"PropertyValueSpecification","valueRequired":true,"valueName":"search_term_string"}}],"inLanguage":"es"},{"@type":"Organization","@id":"https:\/\/boutique-durag.com\/es\/#organization","name":"Tienda Durag","url":"https:\/\/boutique-durag.com\/es\/","logo":{"@type":"ImageObject","inLanguage":"es","@id":"https:\/\/boutique-durag.com\/es\/#\/schema\/logo\/image\/","url":"https:\/\/boutique-durag.com\/wp-content\/uploads\/2023\/05\/cropped-Site-Logo-3-1.png","contentUrl":"https:\/\/boutique-durag.com\/wp-content\/uploads\/2023\/05\/cropped-Site-Logo-3-1.png","width":400,"height":100,"caption":"Tienda Durag"},"image":{"@id":"https:\/\/boutique-durag.com\/es\/#\/schema\/logo\/image\/"}}]}},"_links":{"self":[{"href":"https:\/\/boutique-durag.com\/es\/wp-json\/wp\/v2\/product\/12686"}],"collection":[{"href":"https:\/\/boutique-durag.com\/es\/wp-json\/wp\/v2\/product"}],"about":[{"href":"https:\/\/boutique-durag.com\/es\/wp-json\/wp\/v2\/types\/product"}],"replies":[{"embeddable":true,"href":"https:\/\/boutique-durag.com\/es\/wp-json\/wp\/v2\/comments?post=12686"}],"wp:featuredmedia":[{"embeddable":true,"href":"https:\/\/boutique-durag.com\/es\/wp-json\/wp\/v2\/media\/11792"}],"wp:attachment":[{"href":"https:\/\/boutique-durag.com\/es\/wp-json\/wp\/v2\/media?parent=12686"}],"wp:term":[{"taxonomy":"product_cat","embeddable":true,"href":"https:\/\/boutique-durag.com\/es\/wp-json\/wp\/v2\/product_cat?post=12686"},{"taxonomy":"product_tag","embeddable":true,"href":"https:\/\/boutique-durag.com\/es\/wp-json\/wp\/v2\/product_tag?post=12686"}],"curies":[{"name":"wp","href":"https:\/\/api.w.org\/{rel}","templated":true}]}}