{"id":12685,"date":"2023-05-30T08:45:33","date_gmt":"2023-05-30T08:45:33","guid":{"rendered":"https:\/\/boutique-durag.com\/produit\/durag-homme-crocodile-noir\/"},"modified":"2024-09-17T14:37:33","modified_gmt":"2024-09-17T14:37:33","slug":"durag-homme-crocodile-noir","status":"publish","type":"product","link":"https:\/\/boutique-durag.com\/es\/producto\/durag-homme-crocodile-noir\/","title":{"rendered":"durag de cocodrilo negro para hombre"},"content":{"rendered":"<h2><span style=\"font-size: 1.4em\">El cabello encrespado es el que m\u00e1s se da\u00f1a durante el invierno, estamos para ayudarte ofreci\u00e9ndote durags de calidad. Este durag te proteger\u00e1 perfectamente.<\/span><\/h2>\n<ul>\n<li>El durag est\u00e1 creado con <strong>un material suave y respetuoso<\/strong> con tu piel, ya no tendr\u00e1s marcas molestas <\/li>\n<\/ul>\n<ul>\n<li>Est\u00e1 perfectamente <strong>dise\u00f1ado para adaptarse a todo tipo de cuerpo<\/strong>, puedes pon\u00e9rtelo sin ning\u00fan problema.<\/li>\n<li>Tu. el cabello <strong>no se ver\u00e1 agredido<\/strong> sino que al contrario su textura mejorar\u00e1.<\/li>\n<li>Ahorrar\u00e1s tiempo porque <strong>se aplica muy r\u00e1pido<\/strong>.<\/li>\n<li>Es <strong>apto para todas las estaciones<\/strong>, en invierno te abrigar\u00e1 y en verano proteger\u00e1 tu cabello a la vez que lo ventila.<\/li>\n<li>Este durag es apto para todo tipo de cabello, ya sea ondulado, mech\u00f3n o encrespado.<\/li>\n<\/ul>\n<ul>\n<li><strong><u>El env\u00edo est\u00e1ndar es gratuito<\/u><\/strong><\/li>\n<\/ul>\n<p><u><em><b>Categor\u00eda:<\/b><span style=\"font-weight: negrita\"> <\/span><span style=\"color: #ff0000\"><a data-mce- href=\"\/?product_cat=durag-homme\" style=\"color: #ff0000\">Durag para hombre<\/a><b>,<\/b> <span style=\"color: #ee0000\"><a fragment=\"1\" href=\"https:\/ \/boutique-durag.com\/es\/collections\/durag-negro\/\" style=\"color: #ee0000\" class=\"broken_link\"><span data-mce-fragment=\"1\" data-mce-style=\"font-weight :400;\" style=\"font-weight: 400\">Durag negro<\/span><\/a><\/span><\/span><\/em><\/u><\/p>\n<ol start=\"11\"><\/ ol> <\/p>\n<div class=\"eJOY__extension_root_class\" id=\"eJOY__extension_root\"><\/div>\n<h2><span style=\"font-size: 1.4em\">El cabello encrespado es el que m\u00e1s se da\u00f1a durante el invierno, estamos aqu\u00ed para ayudarte proporcion\u00e1ndote durags de calidad. Este durag te proteger\u00e1 por completo.<\/span><\/h2>\n<ul>\n<li>El durag est\u00e1 creado con <strong>un material respetuoso<\/strong> y suave con tu piel, ya no tendr\u00e1s marcas desagradables. <\/li>\n<\/ul>\n<ul>\n<li>Se adapta perfectamente <strong>a todos los tama\u00f1os y formas de cabeza<\/strong>, podr\u00e1s pon\u00e9rtelo sin dificultad.<\/li>\n<li>Tu cabello <strong>no se agredir\u00e1<\/strong> sino que al contrario mejorar\u00e1 su textura.<\/li>\n<li>Ahorrar\u00e1s tiempo porque se <strong>aplica muy f\u00e1cilmente<\/strong>.<\/li>\n<li>Es <strong>apto para todas las estaciones<\/strong>, en invierno te calentar\u00e1 y en verano proteger\u00e1 tu cabello a la vez que lo ventila.<\/li>\n<li>Este durag es apto para todo tipo de cabello, ya sea ondulantes, rizados o rizados.<\/li>\n<\/ul>\n<ul>\n<li><strong><u>La entrega est\u00e1ndar es gratuita<\/u><\/strong><\/li>\n<p> <\/ ul> <\/p>\n<p><u><em><b>Categor\u00eda:<\/b><span style=\"font-weight: negrita\"> <\/span><span style=\"color: #ff0000\"><a href=\"https:\/\/boutique-durag.com\/es\/collections\/durag-hombre\/\" style=\"color: #ff0000\" class=\"broken_link\">Durag para hombre<\/ a><b> , <\/b> <span style=\"color: #ee0000\"><a data-mce-fragment=\"1\" data-mce-href=\"\/?product_cat=durag-noir\" href=\"https:\/\/boutique- durag.com\/es\/collections\/durag-negro\/\" style=\"color: #ee0000\"><span data-mce-fragment=\"1\" data-mce-style=\"font-weight: 400;\" style=\"font-weight: 400\">Durag negro<\/span><\/a><\/span><\/span><\/em><\/u><\/p>\n<ol start=\"11\"><\/ ol> <\/p>\n<div class=\"eJOY__extension_root_class\" id=\"eJOY__extension_root\"><\/div>\n","protected":false},"excerpt":{"rendered":"<p>El cabello encrespado es el que m\u00e1s se da\u00f1a durante el invierno, estamos para ayudarte ofreci\u00e9ndote durags de calidad. Este durag te proteger\u00e1 perfectamente. El durag est\u00e1 creado con un material suave y respetuoso con tu piel, ya no tendr\u00e1s marcas molestas Est\u00e1 perfectamente dise\u00f1ado para adaptarse a todo tipo de cuerpo, puedes pon\u00e9rtelo sin [&hellip;]<\/p>\n","protected":false},"featured_media":11791,"comment_status":"open","ping_status":"closed","template":"","meta":[],"product_cat":[612,619,625,627],"product_tag":[],"class_list":{"0":"post-12685","1":"product","2":"type-product","3":"status-publish","4":"has-post-thumbnail","6":"product_cat-durag-es","7":"product_cat-durag-color","8":"product_cat-durag-hombre","9":"product_cat-durag-negro","11":"first","12":"instock","13":"shipping-taxable","14":"purchasable","15":"product-type-simple"},"yoast_head":"<title>durag de cocodrilo negro para hombre entrega gratuita | Ahorre un 30% en su pedido<\/title>\n<meta name=\"description\" content=\"Reciba su durag de cocodrilo negro para hombre hoy mismo y benef\u00edciese de env\u00edo gratuito | 24\/48h dispatch\" \/>\n<meta name=\"robots\" content=\"index, follow, max-snippet:-1, max-image-preview:large, max-video-preview:-1\" \/>\n<link rel=\"canonical\" href=\"https:\/\/boutique-durag.com\/es\/producto\/durag-homme-crocodile-noir\/\" \/>\n<meta property=\"og:locale\" content=\"es_ES\" \/>\n<meta property=\"og:type\" content=\"article\" \/>\n<meta property=\"og:title\" content=\"durag de cocodrilo negro para hombre entrega gratuita | Ahorre un 30% en su pedido\" \/>\n<meta property=\"og:description\" content=\"Reciba su durag de cocodrilo negro para hombre hoy mismo y benef\u00edciese de env\u00edo gratuito | 24\/48h dispatch\" \/>\n<meta property=\"og:url\" content=\"https:\/\/boutique-durag.com\/es\/producto\/durag-homme-crocodile-noir\/\" \/>\n<meta property=\"og:site_name\" content=\"Tienda Durag\" \/>\n<meta property=\"article:modified_time\" content=\"2024-09-17T14:37:33+00:00\" \/>\n<meta property=\"og:image\" content=\"https:\/\/boutique-durag.com\/wp-content\/uploads\/2023\/05\/product-image-1481450858.jpg\" \/>\n\t<meta property=\"og:image:width\" content=\"640\" \/>\n\t<meta property=\"og:image:height\" content=\"640\" \/>\n\t<meta property=\"og:image:type\" content=\"image\/jpeg\" \/>\n<meta name=\"twitter:card\" content=\"summary_large_image\" \/>\n<meta name=\"twitter:label1\" content=\"Tiempo de lectura\" \/>\n\t<meta name=\"twitter:data1\" content=\"1 minuto\" \/>\n<script type=\"application\/ld+json\" class=\"yoast-schema-graph\">{\"@context\":\"https:\/\/schema.org\",\"@graph\":[{\"@type\":\"WebPage\",\"@id\":\"https:\/\/boutique-durag.com\/es\/producto\/durag-homme-crocodile-noir\/\",\"url\":\"https:\/\/boutique-durag.com\/es\/producto\/durag-homme-crocodile-noir\/\",\"name\":\"durag de cocodrilo negro para hombre entrega gratuita | Ahorre un 30% en su pedido\",\"isPartOf\":{\"@id\":\"https:\/\/boutique-durag.com\/es\/#website\"},\"primaryImageOfPage\":{\"@id\":\"https:\/\/boutique-durag.com\/es\/producto\/durag-homme-crocodile-noir\/#primaryimage\"},\"image\":{\"@id\":\"https:\/\/boutique-durag.com\/es\/producto\/durag-homme-crocodile-noir\/#primaryimage\"},\"thumbnailUrl\":\"https:\/\/boutique-durag.com\/wp-content\/uploads\/2023\/05\/product-image-1481450858.jpg\",\"datePublished\":\"2023-05-30T08:45:33+00:00\",\"dateModified\":\"2024-09-17T14:37:33+00:00\",\"description\":\"Reciba su durag de cocodrilo negro para hombre hoy mismo y benef\u00edciese de env\u00edo gratuito | 24\/48h dispatch\",\"breadcrumb\":{\"@id\":\"https:\/\/boutique-durag.com\/es\/producto\/durag-homme-crocodile-noir\/#breadcrumb\"},\"inLanguage\":\"es\",\"potentialAction\":[{\"@type\":\"ReadAction\",\"target\":[\"https:\/\/boutique-durag.com\/es\/producto\/durag-homme-crocodile-noir\/\"]}]},{\"@type\":\"ImageObject\",\"inLanguage\":\"es\",\"@id\":\"https:\/\/boutique-durag.com\/es\/producto\/durag-homme-crocodile-noir\/#primaryimage\",\"url\":\"https:\/\/boutique-durag.com\/wp-content\/uploads\/2023\/05\/product-image-1481450858.jpg\",\"contentUrl\":\"https:\/\/boutique-durag.com\/wp-content\/uploads\/2023\/05\/product-image-1481450858.jpg\",\"width\":640,\"height\":640},{\"@type\":\"BreadcrumbList\",\"@id\":\"https:\/\/boutique-durag.com\/es\/producto\/durag-homme-crocodile-noir\/#breadcrumb\",\"itemListElement\":[{\"@type\":\"ListItem\",\"position\":1,\"name\":\"Boutique durag\",\"item\":\"https:\/\/boutique-durag.com\/es\/inicio\/\"},{\"@type\":\"ListItem\",\"position\":2,\"name\":\"Tienda\",\"item\":\"https:\/\/boutique-durag.com\/es\/tienda\/\"},{\"@type\":\"ListItem\",\"position\":3,\"name\":\"Durag\",\"item\":\"https:\/\/boutique-durag.com\/es\/colecciones\/durag-es\/\"},{\"@type\":\"ListItem\",\"position\":4,\"name\":\"durag de cocodrilo negro para hombre\"}]},{\"@type\":\"WebSite\",\"@id\":\"https:\/\/boutique-durag.com\/es\/#website\",\"url\":\"https:\/\/boutique-durag.com\/es\/\",\"name\":\"Tienda Durag\",\"description\":\"Tienda francesa de ropa de calle para hombre y mujer dedicada al mundo del durag y la cultura hip-hop. Descubre nuestra selecci\u00f3n de durag.\",\"publisher\":{\"@id\":\"https:\/\/boutique-durag.com\/es\/#organization\"},\"potentialAction\":[{\"@type\":\"SearchAction\",\"target\":{\"@type\":\"EntryPoint\",\"urlTemplate\":\"https:\/\/boutique-durag.com\/es\/?s={search_term_string}\"},\"query-input\":{\"@type\":\"PropertyValueSpecification\",\"valueRequired\":true,\"valueName\":\"search_term_string\"}}],\"inLanguage\":\"es\"},{\"@type\":\"Organization\",\"@id\":\"https:\/\/boutique-durag.com\/es\/#organization\",\"name\":\"Tienda Durag\",\"url\":\"https:\/\/boutique-durag.com\/es\/\",\"logo\":{\"@type\":\"ImageObject\",\"inLanguage\":\"es\",\"@id\":\"https:\/\/boutique-durag.com\/es\/#\/schema\/logo\/image\/\",\"url\":\"https:\/\/boutique-durag.com\/wp-content\/uploads\/2023\/05\/cropped-Site-Logo-3-1.png\",\"contentUrl\":\"https:\/\/boutique-durag.com\/wp-content\/uploads\/2023\/05\/cropped-Site-Logo-3-1.png\",\"width\":400,\"height\":100,\"caption\":\"Tienda Durag\"},\"image\":{\"@id\":\"https:\/\/boutique-durag.com\/es\/#\/schema\/logo\/image\/\"}}]}<\/script>","yoast_head_json":{"title":"durag de cocodrilo negro para hombre entrega gratuita | Ahorre un 30% en su pedido","description":"Reciba su durag de cocodrilo negro para hombre hoy mismo y benef\u00edciese de env\u00edo gratuito | 24\/48h dispatch","robots":{"index":"index","follow":"follow","max-snippet":"max-snippet:-1","max-image-preview":"max-image-preview:large","max-video-preview":"max-video-preview:-1"},"canonical":"https:\/\/boutique-durag.com\/es\/producto\/durag-homme-crocodile-noir\/","og_locale":"es_ES","og_type":"article","og_title":"durag de cocodrilo negro para hombre entrega gratuita | Ahorre un 30% en su pedido","og_description":"Reciba su durag de cocodrilo negro para hombre hoy mismo y benef\u00edciese de env\u00edo gratuito | 24\/48h dispatch","og_url":"https:\/\/boutique-durag.com\/es\/producto\/durag-homme-crocodile-noir\/","og_site_name":"Tienda Durag","article_modified_time":"2024-09-17T14:37:33+00:00","og_image":[{"width":640,"height":640,"url":"https:\/\/boutique-durag.com\/wp-content\/uploads\/2023\/05\/product-image-1481450858.jpg","type":"image\/jpeg"}],"twitter_card":"summary_large_image","twitter_misc":{"Tiempo de lectura":"1 minuto"},"schema":{"@context":"https:\/\/schema.org","@graph":[{"@type":"WebPage","@id":"https:\/\/boutique-durag.com\/es\/producto\/durag-homme-crocodile-noir\/","url":"https:\/\/boutique-durag.com\/es\/producto\/durag-homme-crocodile-noir\/","name":"durag de cocodrilo negro para hombre entrega gratuita | Ahorre un 30% en su pedido","isPartOf":{"@id":"https:\/\/boutique-durag.com\/es\/#website"},"primaryImageOfPage":{"@id":"https:\/\/boutique-durag.com\/es\/producto\/durag-homme-crocodile-noir\/#primaryimage"},"image":{"@id":"https:\/\/boutique-durag.com\/es\/producto\/durag-homme-crocodile-noir\/#primaryimage"},"thumbnailUrl":"https:\/\/boutique-durag.com\/wp-content\/uploads\/2023\/05\/product-image-1481450858.jpg","datePublished":"2023-05-30T08:45:33+00:00","dateModified":"2024-09-17T14:37:33+00:00","description":"Reciba su durag de cocodrilo negro para hombre hoy mismo y benef\u00edciese de env\u00edo gratuito | 24\/48h dispatch","breadcrumb":{"@id":"https:\/\/boutique-durag.com\/es\/producto\/durag-homme-crocodile-noir\/#breadcrumb"},"inLanguage":"es","potentialAction":[{"@type":"ReadAction","target":["https:\/\/boutique-durag.com\/es\/producto\/durag-homme-crocodile-noir\/"]}]},{"@type":"ImageObject","inLanguage":"es","@id":"https:\/\/boutique-durag.com\/es\/producto\/durag-homme-crocodile-noir\/#primaryimage","url":"https:\/\/boutique-durag.com\/wp-content\/uploads\/2023\/05\/product-image-1481450858.jpg","contentUrl":"https:\/\/boutique-durag.com\/wp-content\/uploads\/2023\/05\/product-image-1481450858.jpg","width":640,"height":640},{"@type":"BreadcrumbList","@id":"https:\/\/boutique-durag.com\/es\/producto\/durag-homme-crocodile-noir\/#breadcrumb","itemListElement":[{"@type":"ListItem","position":1,"name":"Boutique durag","item":"https:\/\/boutique-durag.com\/es\/inicio\/"},{"@type":"ListItem","position":2,"name":"Tienda","item":"https:\/\/boutique-durag.com\/es\/tienda\/"},{"@type":"ListItem","position":3,"name":"Durag","item":"https:\/\/boutique-durag.com\/es\/colecciones\/durag-es\/"},{"@type":"ListItem","position":4,"name":"durag de cocodrilo negro para hombre"}]},{"@type":"WebSite","@id":"https:\/\/boutique-durag.com\/es\/#website","url":"https:\/\/boutique-durag.com\/es\/","name":"Tienda Durag","description":"Tienda francesa de ropa de calle para hombre y mujer dedicada al mundo del durag y la cultura hip-hop. Descubre nuestra selecci\u00f3n de durag.","publisher":{"@id":"https:\/\/boutique-durag.com\/es\/#organization"},"potentialAction":[{"@type":"SearchAction","target":{"@type":"EntryPoint","urlTemplate":"https:\/\/boutique-durag.com\/es\/?s={search_term_string}"},"query-input":{"@type":"PropertyValueSpecification","valueRequired":true,"valueName":"search_term_string"}}],"inLanguage":"es"},{"@type":"Organization","@id":"https:\/\/boutique-durag.com\/es\/#organization","name":"Tienda Durag","url":"https:\/\/boutique-durag.com\/es\/","logo":{"@type":"ImageObject","inLanguage":"es","@id":"https:\/\/boutique-durag.com\/es\/#\/schema\/logo\/image\/","url":"https:\/\/boutique-durag.com\/wp-content\/uploads\/2023\/05\/cropped-Site-Logo-3-1.png","contentUrl":"https:\/\/boutique-durag.com\/wp-content\/uploads\/2023\/05\/cropped-Site-Logo-3-1.png","width":400,"height":100,"caption":"Tienda Durag"},"image":{"@id":"https:\/\/boutique-durag.com\/es\/#\/schema\/logo\/image\/"}}]}},"_links":{"self":[{"href":"https:\/\/boutique-durag.com\/es\/wp-json\/wp\/v2\/product\/12685"}],"collection":[{"href":"https:\/\/boutique-durag.com\/es\/wp-json\/wp\/v2\/product"}],"about":[{"href":"https:\/\/boutique-durag.com\/es\/wp-json\/wp\/v2\/types\/product"}],"replies":[{"embeddable":true,"href":"https:\/\/boutique-durag.com\/es\/wp-json\/wp\/v2\/comments?post=12685"}],"wp:featuredmedia":[{"embeddable":true,"href":"https:\/\/boutique-durag.com\/es\/wp-json\/wp\/v2\/media\/11791"}],"wp:attachment":[{"href":"https:\/\/boutique-durag.com\/es\/wp-json\/wp\/v2\/media?parent=12685"}],"wp:term":[{"taxonomy":"product_cat","embeddable":true,"href":"https:\/\/boutique-durag.com\/es\/wp-json\/wp\/v2\/product_cat?post=12685"},{"taxonomy":"product_tag","embeddable":true,"href":"https:\/\/boutique-durag.com\/es\/wp-json\/wp\/v2\/product_tag?post=12685"}],"curies":[{"name":"wp","href":"https:\/\/api.w.org\/{rel}","templated":true}]}}