{"id":12654,"date":"2023-05-30T08:45:45","date_gmt":"2023-05-30T08:45:45","guid":{"rendered":"https:\/\/boutique-durag.com\/produit\/durag-homme-sport-jaune\/"},"modified":"2024-09-17T14:37:14","modified_gmt":"2024-09-17T14:37:14","slug":"durag-homme-sport-jaune","status":"publish","type":"product","link":"https:\/\/boutique-durag.com\/es\/producto\/durag-homme-sport-jaune\/","title":{"rendered":"durag hombre deporte amarillo"},"content":{"rendered":"<h2>Las <strong>olas<\/strong> han estado muy de moda en los \u00faltimos a\u00f1os, pero mucha gente no sabe c\u00f3mo hacerlas. Dos elementos son fundamentales: un buen cepillado y un buen durag. Este durag te vendr\u00e1 bien, te ayudar\u00e1 a comprimir tu cabello.<\/h2>\n<ul>\n<li>Este durag est\u00e1 fabricado con materiales <strong>que respetan y no atacan<\/strong> tu piel, por lo que se acabaron las marcas desagradables.<\/li>\n<\/ul>\n<ul>\n<li>Es <strong>apto para todos los tama\u00f1os de cabeza<\/strong>, no tendr\u00e1s problemas para pon\u00e9rtelo.<\/li>\n<li><strong>Cuida tu cabello<\/strong>, su textura mejorar\u00e1 con el tiempo.<\/li>\n<li>Permite <strong>ahorrar tiempo<\/strong>, se puede adjuntar en unos minutos.<\/li>\n<li><strong>Es perfecto para todas las estaciones<\/strong> del a\u00f1o, en invierno te abrigar\u00e1 y en verano proteger\u00e1 tu cabello a la vez que lo ventilar\u00e1.<\/li>\n<li>Este durag es <strong>compatible con todo tipo de cabello<\/strong>: ondulado, mech\u00f3n o encrespado.<\/li>\n<\/ul>\n<ul>\n<li><strong><u>Entrega est\u00e1ndar gratuita<\/u><\/strong><\/li>\n<\/ul>\n<p><em data-mce-fragment=\"1\">categor\u00eda:<span data-mce-fragment=\"1\"> <\/span><span data-mce-fragment=\"1\" data-mce-style=\"color: #ff0000;\" style=\"color: #ff0000\"><a fragment=\"1\" href=\"https:\/\/boutique-durag.com\/es\/collections\/durag-hombre\/\" style=\"color: #ff0000\" class=\"broken_link\">durag para hombre<\/a>, <a fragment=\"1\" href=\"https:\/\/boutique-durag.com\/es\/collections\/durag-amarillo\/\" class=\"broken_link\"><span data-mce-fragment=\"1\" style=\"font-weight: 400\">durag amarillo<\/span><\/a><\/span><\/em><\/p>\n","protected":false},"excerpt":{"rendered":"<p>Las olas han estado muy de moda en los \u00faltimos a\u00f1os, pero mucha gente no sabe c\u00f3mo hacerlas. Dos elementos son fundamentales: un buen cepillado y un buen durag. Este durag te vendr\u00e1 bien, te ayudar\u00e1 a comprimir tu cabello. Este durag est\u00e1 fabricado con materiales que respetan y no atacan tu piel, por lo [&hellip;]<\/p>\n","protected":false},"featured_media":11824,"comment_status":"open","ping_status":"closed","template":"","meta":[],"product_cat":[612,626,619,625],"product_tag":[],"class_list":{"0":"post-12654","1":"product","2":"type-product","3":"status-publish","4":"has-post-thumbnail","6":"product_cat-durag-es","7":"product_cat-durag-amarillo","8":"product_cat-durag-color","9":"product_cat-durag-hombre","11":"first","12":"instock","13":"shipping-taxable","14":"purchasable","15":"product-type-simple"},"yoast_head":"<title>durag hombre deporte amarillo entrega gratuita | Ahorre un 30% en su pedido<\/title>\n<meta name=\"description\" content=\"Reciba su durag hombre deporte amarillo hoy mismo y benef\u00edciese de env\u00edo gratuito | 24\/48h dispatch\" \/>\n<meta name=\"robots\" content=\"index, follow, max-snippet:-1, max-image-preview:large, max-video-preview:-1\" \/>\n<link rel=\"canonical\" href=\"https:\/\/boutique-durag.com\/es\/producto\/durag-homme-sport-jaune\/\" \/>\n<meta property=\"og:locale\" content=\"es_ES\" \/>\n<meta property=\"og:type\" content=\"article\" \/>\n<meta property=\"og:title\" content=\"durag hombre deporte amarillo entrega gratuita | Ahorre un 30% en su pedido\" \/>\n<meta property=\"og:description\" content=\"Reciba su durag hombre deporte amarillo hoy mismo y benef\u00edciese de env\u00edo gratuito | 24\/48h dispatch\" \/>\n<meta property=\"og:url\" content=\"https:\/\/boutique-durag.com\/es\/producto\/durag-homme-sport-jaune\/\" \/>\n<meta property=\"og:site_name\" content=\"Tienda Durag\" \/>\n<meta property=\"article:modified_time\" content=\"2024-09-17T14:37:14+00:00\" \/>\n<meta property=\"og:image\" content=\"https:\/\/boutique-durag.com\/wp-content\/uploads\/2023\/05\/product-image-1481366843_6fafaf19-7c6f-4398-a62d-c030f15801cf.jpg\" \/>\n\t<meta property=\"og:image:width\" content=\"640\" \/>\n\t<meta property=\"og:image:height\" content=\"640\" \/>\n\t<meta property=\"og:image:type\" content=\"image\/jpeg\" \/>\n<meta name=\"twitter:card\" content=\"summary_large_image\" \/>\n<meta name=\"twitter:label1\" content=\"Tiempo de lectura\" \/>\n\t<meta name=\"twitter:data1\" content=\"1 minuto\" \/>\n<script type=\"application\/ld+json\" class=\"yoast-schema-graph\">{\"@context\":\"https:\/\/schema.org\",\"@graph\":[{\"@type\":\"WebPage\",\"@id\":\"https:\/\/boutique-durag.com\/es\/producto\/durag-homme-sport-jaune\/\",\"url\":\"https:\/\/boutique-durag.com\/es\/producto\/durag-homme-sport-jaune\/\",\"name\":\"durag hombre deporte amarillo entrega gratuita | Ahorre un 30% en su pedido\",\"isPartOf\":{\"@id\":\"https:\/\/boutique-durag.com\/es\/#website\"},\"primaryImageOfPage\":{\"@id\":\"https:\/\/boutique-durag.com\/es\/producto\/durag-homme-sport-jaune\/#primaryimage\"},\"image\":{\"@id\":\"https:\/\/boutique-durag.com\/es\/producto\/durag-homme-sport-jaune\/#primaryimage\"},\"thumbnailUrl\":\"https:\/\/boutique-durag.com\/wp-content\/uploads\/2023\/05\/product-image-1481366843_6fafaf19-7c6f-4398-a62d-c030f15801cf.jpg\",\"datePublished\":\"2023-05-30T08:45:45+00:00\",\"dateModified\":\"2024-09-17T14:37:14+00:00\",\"description\":\"Reciba su durag hombre deporte amarillo hoy mismo y benef\u00edciese de env\u00edo gratuito | 24\/48h dispatch\",\"breadcrumb\":{\"@id\":\"https:\/\/boutique-durag.com\/es\/producto\/durag-homme-sport-jaune\/#breadcrumb\"},\"inLanguage\":\"es\",\"potentialAction\":[{\"@type\":\"ReadAction\",\"target\":[\"https:\/\/boutique-durag.com\/es\/producto\/durag-homme-sport-jaune\/\"]}]},{\"@type\":\"ImageObject\",\"inLanguage\":\"es\",\"@id\":\"https:\/\/boutique-durag.com\/es\/producto\/durag-homme-sport-jaune\/#primaryimage\",\"url\":\"https:\/\/boutique-durag.com\/wp-content\/uploads\/2023\/05\/product-image-1481366843_6fafaf19-7c6f-4398-a62d-c030f15801cf.jpg\",\"contentUrl\":\"https:\/\/boutique-durag.com\/wp-content\/uploads\/2023\/05\/product-image-1481366843_6fafaf19-7c6f-4398-a62d-c030f15801cf.jpg\",\"width\":640,\"height\":640},{\"@type\":\"BreadcrumbList\",\"@id\":\"https:\/\/boutique-durag.com\/es\/producto\/durag-homme-sport-jaune\/#breadcrumb\",\"itemListElement\":[{\"@type\":\"ListItem\",\"position\":1,\"name\":\"Boutique durag\",\"item\":\"https:\/\/boutique-durag.com\/es\/inicio\/\"},{\"@type\":\"ListItem\",\"position\":2,\"name\":\"Tienda\",\"item\":\"https:\/\/boutique-durag.com\/es\/tienda\/\"},{\"@type\":\"ListItem\",\"position\":3,\"name\":\"Durag\",\"item\":\"https:\/\/boutique-durag.com\/es\/colecciones\/durag-es\/\"},{\"@type\":\"ListItem\",\"position\":4,\"name\":\"durag hombre deporte amarillo\"}]},{\"@type\":\"WebSite\",\"@id\":\"https:\/\/boutique-durag.com\/es\/#website\",\"url\":\"https:\/\/boutique-durag.com\/es\/\",\"name\":\"Tienda Durag\",\"description\":\"Tienda francesa de ropa de calle para hombre y mujer dedicada al mundo del durag y la cultura hip-hop. Descubre nuestra selecci\u00f3n de durag.\",\"publisher\":{\"@id\":\"https:\/\/boutique-durag.com\/es\/#organization\"},\"potentialAction\":[{\"@type\":\"SearchAction\",\"target\":{\"@type\":\"EntryPoint\",\"urlTemplate\":\"https:\/\/boutique-durag.com\/es\/?s={search_term_string}\"},\"query-input\":{\"@type\":\"PropertyValueSpecification\",\"valueRequired\":true,\"valueName\":\"search_term_string\"}}],\"inLanguage\":\"es\"},{\"@type\":\"Organization\",\"@id\":\"https:\/\/boutique-durag.com\/es\/#organization\",\"name\":\"Tienda Durag\",\"url\":\"https:\/\/boutique-durag.com\/es\/\",\"logo\":{\"@type\":\"ImageObject\",\"inLanguage\":\"es\",\"@id\":\"https:\/\/boutique-durag.com\/es\/#\/schema\/logo\/image\/\",\"url\":\"https:\/\/boutique-durag.com\/wp-content\/uploads\/2023\/05\/cropped-Site-Logo-3-1.png\",\"contentUrl\":\"https:\/\/boutique-durag.com\/wp-content\/uploads\/2023\/05\/cropped-Site-Logo-3-1.png\",\"width\":400,\"height\":100,\"caption\":\"Tienda Durag\"},\"image\":{\"@id\":\"https:\/\/boutique-durag.com\/es\/#\/schema\/logo\/image\/\"}}]}<\/script>","yoast_head_json":{"title":"durag hombre deporte amarillo entrega gratuita | Ahorre un 30% en su pedido","description":"Reciba su durag hombre deporte amarillo hoy mismo y benef\u00edciese de env\u00edo gratuito | 24\/48h dispatch","robots":{"index":"index","follow":"follow","max-snippet":"max-snippet:-1","max-image-preview":"max-image-preview:large","max-video-preview":"max-video-preview:-1"},"canonical":"https:\/\/boutique-durag.com\/es\/producto\/durag-homme-sport-jaune\/","og_locale":"es_ES","og_type":"article","og_title":"durag hombre deporte amarillo entrega gratuita | Ahorre un 30% en su pedido","og_description":"Reciba su durag hombre deporte amarillo hoy mismo y benef\u00edciese de env\u00edo gratuito | 24\/48h dispatch","og_url":"https:\/\/boutique-durag.com\/es\/producto\/durag-homme-sport-jaune\/","og_site_name":"Tienda Durag","article_modified_time":"2024-09-17T14:37:14+00:00","og_image":[{"width":640,"height":640,"url":"https:\/\/boutique-durag.com\/wp-content\/uploads\/2023\/05\/product-image-1481366843_6fafaf19-7c6f-4398-a62d-c030f15801cf.jpg","type":"image\/jpeg"}],"twitter_card":"summary_large_image","twitter_misc":{"Tiempo de lectura":"1 minuto"},"schema":{"@context":"https:\/\/schema.org","@graph":[{"@type":"WebPage","@id":"https:\/\/boutique-durag.com\/es\/producto\/durag-homme-sport-jaune\/","url":"https:\/\/boutique-durag.com\/es\/producto\/durag-homme-sport-jaune\/","name":"durag hombre deporte amarillo entrega gratuita | Ahorre un 30% en su pedido","isPartOf":{"@id":"https:\/\/boutique-durag.com\/es\/#website"},"primaryImageOfPage":{"@id":"https:\/\/boutique-durag.com\/es\/producto\/durag-homme-sport-jaune\/#primaryimage"},"image":{"@id":"https:\/\/boutique-durag.com\/es\/producto\/durag-homme-sport-jaune\/#primaryimage"},"thumbnailUrl":"https:\/\/boutique-durag.com\/wp-content\/uploads\/2023\/05\/product-image-1481366843_6fafaf19-7c6f-4398-a62d-c030f15801cf.jpg","datePublished":"2023-05-30T08:45:45+00:00","dateModified":"2024-09-17T14:37:14+00:00","description":"Reciba su durag hombre deporte amarillo hoy mismo y benef\u00edciese de env\u00edo gratuito | 24\/48h dispatch","breadcrumb":{"@id":"https:\/\/boutique-durag.com\/es\/producto\/durag-homme-sport-jaune\/#breadcrumb"},"inLanguage":"es","potentialAction":[{"@type":"ReadAction","target":["https:\/\/boutique-durag.com\/es\/producto\/durag-homme-sport-jaune\/"]}]},{"@type":"ImageObject","inLanguage":"es","@id":"https:\/\/boutique-durag.com\/es\/producto\/durag-homme-sport-jaune\/#primaryimage","url":"https:\/\/boutique-durag.com\/wp-content\/uploads\/2023\/05\/product-image-1481366843_6fafaf19-7c6f-4398-a62d-c030f15801cf.jpg","contentUrl":"https:\/\/boutique-durag.com\/wp-content\/uploads\/2023\/05\/product-image-1481366843_6fafaf19-7c6f-4398-a62d-c030f15801cf.jpg","width":640,"height":640},{"@type":"BreadcrumbList","@id":"https:\/\/boutique-durag.com\/es\/producto\/durag-homme-sport-jaune\/#breadcrumb","itemListElement":[{"@type":"ListItem","position":1,"name":"Boutique durag","item":"https:\/\/boutique-durag.com\/es\/inicio\/"},{"@type":"ListItem","position":2,"name":"Tienda","item":"https:\/\/boutique-durag.com\/es\/tienda\/"},{"@type":"ListItem","position":3,"name":"Durag","item":"https:\/\/boutique-durag.com\/es\/colecciones\/durag-es\/"},{"@type":"ListItem","position":4,"name":"durag hombre deporte amarillo"}]},{"@type":"WebSite","@id":"https:\/\/boutique-durag.com\/es\/#website","url":"https:\/\/boutique-durag.com\/es\/","name":"Tienda Durag","description":"Tienda francesa de ropa de calle para hombre y mujer dedicada al mundo del durag y la cultura hip-hop. Descubre nuestra selecci\u00f3n de durag.","publisher":{"@id":"https:\/\/boutique-durag.com\/es\/#organization"},"potentialAction":[{"@type":"SearchAction","target":{"@type":"EntryPoint","urlTemplate":"https:\/\/boutique-durag.com\/es\/?s={search_term_string}"},"query-input":{"@type":"PropertyValueSpecification","valueRequired":true,"valueName":"search_term_string"}}],"inLanguage":"es"},{"@type":"Organization","@id":"https:\/\/boutique-durag.com\/es\/#organization","name":"Tienda Durag","url":"https:\/\/boutique-durag.com\/es\/","logo":{"@type":"ImageObject","inLanguage":"es","@id":"https:\/\/boutique-durag.com\/es\/#\/schema\/logo\/image\/","url":"https:\/\/boutique-durag.com\/wp-content\/uploads\/2023\/05\/cropped-Site-Logo-3-1.png","contentUrl":"https:\/\/boutique-durag.com\/wp-content\/uploads\/2023\/05\/cropped-Site-Logo-3-1.png","width":400,"height":100,"caption":"Tienda Durag"},"image":{"@id":"https:\/\/boutique-durag.com\/es\/#\/schema\/logo\/image\/"}}]}},"_links":{"self":[{"href":"https:\/\/boutique-durag.com\/es\/wp-json\/wp\/v2\/product\/12654"}],"collection":[{"href":"https:\/\/boutique-durag.com\/es\/wp-json\/wp\/v2\/product"}],"about":[{"href":"https:\/\/boutique-durag.com\/es\/wp-json\/wp\/v2\/types\/product"}],"replies":[{"embeddable":true,"href":"https:\/\/boutique-durag.com\/es\/wp-json\/wp\/v2\/comments?post=12654"}],"wp:featuredmedia":[{"embeddable":true,"href":"https:\/\/boutique-durag.com\/es\/wp-json\/wp\/v2\/media\/11824"}],"wp:attachment":[{"href":"https:\/\/boutique-durag.com\/es\/wp-json\/wp\/v2\/media?parent=12654"}],"wp:term":[{"taxonomy":"product_cat","embeddable":true,"href":"https:\/\/boutique-durag.com\/es\/wp-json\/wp\/v2\/product_cat?post=12654"},{"taxonomy":"product_tag","embeddable":true,"href":"https:\/\/boutique-durag.com\/es\/wp-json\/wp\/v2\/product_tag?post=12654"}],"curies":[{"name":"wp","href":"https:\/\/api.w.org\/{rel}","templated":true}]}}