{"id":12628,"date":"2023-05-30T08:45:56","date_gmt":"2023-05-30T08:45:56","guid":{"rendered":"https:\/\/boutique-durag.com\/produit\/durag-femme-bleu-noir\/"},"modified":"2024-09-17T14:36:53","modified_gmt":"2024-09-17T14:36:53","slug":"durag-femme-bleu-noir","status":"publish","type":"product","link":"https:\/\/boutique-durag.com\/es\/producto\/durag-femme-bleu-noir\/","title":{"rendered":"durag mujer azul negro"},"content":{"rendered":"<h2>\u00bfA veces no tienes suficiente tiempo para prepararte? \u00a1Este durag est\u00e1 hecho para ti! \u00a1Solo adj\u00fantalo y listo!<\/h2>\n<ul>\n<li class=\"MsoNormal\" style=\"line-height: normal\">Este durag est\u00e1 fabricado con <b>un material suave y respetuoso<\/b> con tu piel, \u00a1no m\u00e1s marcas desagradables!<\/li>\n<li class=\"MsoNormal\" style=\"line-height: normal\">Se<b>se adapta a todo tipo de cabello<\/b> \u00a1y no te causar\u00e1 ning\u00fan problema al pon\u00e9rtelo!<\/li>\n<li class=\"MsoNormal\" style=\"line-height: normal\"> <b>Cuida tu cabello<\/b>, nutri\u00e9ndolo y d\u00e1ndole un efecto sedoso!<\/li>\n<li class=\"MsoNormal\" style=\"line-height: normal\">R\u00e1pido y eficaz, \u00a1se fija en s\u00f3lo <b>unos minutos<\/b>!<\/li>\n<li class=\"MsoNormal\" style=\"line-height: normal\">Es <b>ideal todo el a\u00f1o<\/b>, en verano proteger\u00e1 tu cabello aire\u00e1ndolo, y en invierno lo abrigar\u00e1s !<\/li>\n<li class=\"MsoNormal\" style=\"line-height: normal\">Ya sea que tengas <b>cabello ondulado, trenzado o rizado<\/b>, \u00a1este durag es para ti!<\/li>\n<\/ul>\n<p><b><u><span style=\"font-size: 11.0pt;line-height: 115%;font-family: 'Calibri','sans-serif'\">La entrega es gratuita<\/span> <\/u><\/b><\/p>\n<p><b><u><span style=\"font-size: 11.0pt;line-height: 115%;font-family: 'Calibri','sans-serif'\"><i><span style=\"font-weight: 400\">Categor\u00eda<\/span><\/i><span style=\"font-weight: 400\">: <\/span><a href=\"https:\/\/boutique-durag.com\/es \/collections\/durag-negro\/\" class=\"broken_link\"><span style=\"font-weight: 400\">durag noir<\/span><\/a>,<a fragment=\"1\" href=\"https:\/\/boutique-durag.com\/es\/collections\/durag-azul\/\" class=\"broken_link\"><span data-mce-fragment=\"1\" data-mce-style=\"font -peso: 400;\" style=\"font-weight: 400\">durag azul<\/span><\/a><\/span><\/u><\/b><\/p>\n","protected":false},"excerpt":{"rendered":"<p>\u00bfA veces no tienes suficiente tiempo para prepararte? \u00a1Este durag est\u00e1 hecho para ti! \u00a1Solo adj\u00fantalo y listo! Este durag est\u00e1 fabricado con un material suave y respetuoso con tu piel, \u00a1no m\u00e1s marcas desagradables! Sese adapta a todo tipo de cabello \u00a1y no te causar\u00e1 ning\u00fan problema al pon\u00e9rtelo! Cuida tu cabello, nutri\u00e9ndolo y [&hellip;]<\/p>\n","protected":false},"featured_media":11851,"comment_status":"open","ping_status":"closed","template":"","meta":[],"product_cat":[612,616,619,622,627],"product_tag":[],"class_list":{"0":"post-12628","1":"product","2":"type-product","3":"status-publish","4":"has-post-thumbnail","6":"product_cat-durag-es","7":"product_cat-durag-azul","8":"product_cat-durag-color","9":"product_cat-durag-mujer","10":"product_cat-durag-negro","12":"first","13":"instock","14":"shipping-taxable","15":"purchasable","16":"product-type-simple"},"yoast_head":"<title>durag mujer azul negro entrega gratuita | Ahorre un 30% en su pedido<\/title>\n<meta name=\"description\" content=\"Reciba su durag mujer azul negro hoy mismo y benef\u00edciese de env\u00edo gratuito | 24\/48h dispatch\" \/>\n<meta name=\"robots\" content=\"index, follow, max-snippet:-1, max-image-preview:large, max-video-preview:-1\" \/>\n<link rel=\"canonical\" href=\"https:\/\/boutique-durag.com\/es\/producto\/durag-femme-bleu-noir\/\" \/>\n<meta property=\"og:locale\" content=\"es_ES\" \/>\n<meta property=\"og:type\" content=\"article\" \/>\n<meta property=\"og:title\" content=\"durag mujer azul negro entrega gratuita | Ahorre un 30% en su pedido\" \/>\n<meta property=\"og:description\" content=\"Reciba su durag mujer azul negro hoy mismo y benef\u00edciese de env\u00edo gratuito | 24\/48h dispatch\" \/>\n<meta property=\"og:url\" content=\"https:\/\/boutique-durag.com\/es\/producto\/durag-femme-bleu-noir\/\" \/>\n<meta property=\"og:site_name\" content=\"Tienda Durag\" \/>\n<meta property=\"article:modified_time\" content=\"2024-09-17T14:36:53+00:00\" \/>\n<meta property=\"og:image\" content=\"https:\/\/boutique-durag.com\/wp-content\/uploads\/2023\/05\/product-image-1393441614.jpg\" \/>\n\t<meta property=\"og:image:width\" content=\"640\" \/>\n\t<meta property=\"og:image:height\" content=\"640\" \/>\n\t<meta property=\"og:image:type\" content=\"image\/jpeg\" \/>\n<meta name=\"twitter:card\" content=\"summary_large_image\" \/>\n<meta name=\"twitter:label1\" content=\"Tiempo de lectura\" \/>\n\t<meta name=\"twitter:data1\" content=\"1 minuto\" \/>\n<script type=\"application\/ld+json\" class=\"yoast-schema-graph\">{\"@context\":\"https:\/\/schema.org\",\"@graph\":[{\"@type\":\"WebPage\",\"@id\":\"https:\/\/boutique-durag.com\/es\/producto\/durag-femme-bleu-noir\/\",\"url\":\"https:\/\/boutique-durag.com\/es\/producto\/durag-femme-bleu-noir\/\",\"name\":\"durag mujer azul negro entrega gratuita | Ahorre un 30% en su pedido\",\"isPartOf\":{\"@id\":\"https:\/\/boutique-durag.com\/es\/#website\"},\"primaryImageOfPage\":{\"@id\":\"https:\/\/boutique-durag.com\/es\/producto\/durag-femme-bleu-noir\/#primaryimage\"},\"image\":{\"@id\":\"https:\/\/boutique-durag.com\/es\/producto\/durag-femme-bleu-noir\/#primaryimage\"},\"thumbnailUrl\":\"https:\/\/boutique-durag.com\/wp-content\/uploads\/2023\/05\/product-image-1393441614.jpg\",\"datePublished\":\"2023-05-30T08:45:56+00:00\",\"dateModified\":\"2024-09-17T14:36:53+00:00\",\"description\":\"Reciba su durag mujer azul negro hoy mismo y benef\u00edciese de env\u00edo gratuito | 24\/48h dispatch\",\"breadcrumb\":{\"@id\":\"https:\/\/boutique-durag.com\/es\/producto\/durag-femme-bleu-noir\/#breadcrumb\"},\"inLanguage\":\"es\",\"potentialAction\":[{\"@type\":\"ReadAction\",\"target\":[\"https:\/\/boutique-durag.com\/es\/producto\/durag-femme-bleu-noir\/\"]}]},{\"@type\":\"ImageObject\",\"inLanguage\":\"es\",\"@id\":\"https:\/\/boutique-durag.com\/es\/producto\/durag-femme-bleu-noir\/#primaryimage\",\"url\":\"https:\/\/boutique-durag.com\/wp-content\/uploads\/2023\/05\/product-image-1393441614.jpg\",\"contentUrl\":\"https:\/\/boutique-durag.com\/wp-content\/uploads\/2023\/05\/product-image-1393441614.jpg\",\"width\":640,\"height\":640},{\"@type\":\"BreadcrumbList\",\"@id\":\"https:\/\/boutique-durag.com\/es\/producto\/durag-femme-bleu-noir\/#breadcrumb\",\"itemListElement\":[{\"@type\":\"ListItem\",\"position\":1,\"name\":\"Boutique durag\",\"item\":\"https:\/\/boutique-durag.com\/es\/inicio\/\"},{\"@type\":\"ListItem\",\"position\":2,\"name\":\"Tienda\",\"item\":\"https:\/\/boutique-durag.com\/es\/tienda\/\"},{\"@type\":\"ListItem\",\"position\":3,\"name\":\"Durag\",\"item\":\"https:\/\/boutique-durag.com\/es\/colecciones\/durag-es\/\"},{\"@type\":\"ListItem\",\"position\":4,\"name\":\"durag mujer azul negro\"}]},{\"@type\":\"WebSite\",\"@id\":\"https:\/\/boutique-durag.com\/es\/#website\",\"url\":\"https:\/\/boutique-durag.com\/es\/\",\"name\":\"Tienda Durag\",\"description\":\"Tienda francesa de ropa de calle para hombre y mujer dedicada al mundo del durag y la cultura hip-hop. Descubre nuestra selecci\u00f3n de durag.\",\"publisher\":{\"@id\":\"https:\/\/boutique-durag.com\/es\/#organization\"},\"potentialAction\":[{\"@type\":\"SearchAction\",\"target\":{\"@type\":\"EntryPoint\",\"urlTemplate\":\"https:\/\/boutique-durag.com\/es\/?s={search_term_string}\"},\"query-input\":{\"@type\":\"PropertyValueSpecification\",\"valueRequired\":true,\"valueName\":\"search_term_string\"}}],\"inLanguage\":\"es\"},{\"@type\":\"Organization\",\"@id\":\"https:\/\/boutique-durag.com\/es\/#organization\",\"name\":\"Tienda Durag\",\"url\":\"https:\/\/boutique-durag.com\/es\/\",\"logo\":{\"@type\":\"ImageObject\",\"inLanguage\":\"es\",\"@id\":\"https:\/\/boutique-durag.com\/es\/#\/schema\/logo\/image\/\",\"url\":\"https:\/\/boutique-durag.com\/wp-content\/uploads\/2023\/05\/cropped-Site-Logo-3-1.png\",\"contentUrl\":\"https:\/\/boutique-durag.com\/wp-content\/uploads\/2023\/05\/cropped-Site-Logo-3-1.png\",\"width\":400,\"height\":100,\"caption\":\"Tienda Durag\"},\"image\":{\"@id\":\"https:\/\/boutique-durag.com\/es\/#\/schema\/logo\/image\/\"}}]}<\/script>","yoast_head_json":{"title":"durag mujer azul negro entrega gratuita | Ahorre un 30% en su pedido","description":"Reciba su durag mujer azul negro hoy mismo y benef\u00edciese de env\u00edo gratuito | 24\/48h dispatch","robots":{"index":"index","follow":"follow","max-snippet":"max-snippet:-1","max-image-preview":"max-image-preview:large","max-video-preview":"max-video-preview:-1"},"canonical":"https:\/\/boutique-durag.com\/es\/producto\/durag-femme-bleu-noir\/","og_locale":"es_ES","og_type":"article","og_title":"durag mujer azul negro entrega gratuita | Ahorre un 30% en su pedido","og_description":"Reciba su durag mujer azul negro hoy mismo y benef\u00edciese de env\u00edo gratuito | 24\/48h dispatch","og_url":"https:\/\/boutique-durag.com\/es\/producto\/durag-femme-bleu-noir\/","og_site_name":"Tienda Durag","article_modified_time":"2024-09-17T14:36:53+00:00","og_image":[{"width":640,"height":640,"url":"https:\/\/boutique-durag.com\/wp-content\/uploads\/2023\/05\/product-image-1393441614.jpg","type":"image\/jpeg"}],"twitter_card":"summary_large_image","twitter_misc":{"Tiempo de lectura":"1 minuto"},"schema":{"@context":"https:\/\/schema.org","@graph":[{"@type":"WebPage","@id":"https:\/\/boutique-durag.com\/es\/producto\/durag-femme-bleu-noir\/","url":"https:\/\/boutique-durag.com\/es\/producto\/durag-femme-bleu-noir\/","name":"durag mujer azul negro entrega gratuita | Ahorre un 30% en su pedido","isPartOf":{"@id":"https:\/\/boutique-durag.com\/es\/#website"},"primaryImageOfPage":{"@id":"https:\/\/boutique-durag.com\/es\/producto\/durag-femme-bleu-noir\/#primaryimage"},"image":{"@id":"https:\/\/boutique-durag.com\/es\/producto\/durag-femme-bleu-noir\/#primaryimage"},"thumbnailUrl":"https:\/\/boutique-durag.com\/wp-content\/uploads\/2023\/05\/product-image-1393441614.jpg","datePublished":"2023-05-30T08:45:56+00:00","dateModified":"2024-09-17T14:36:53+00:00","description":"Reciba su durag mujer azul negro hoy mismo y benef\u00edciese de env\u00edo gratuito | 24\/48h dispatch","breadcrumb":{"@id":"https:\/\/boutique-durag.com\/es\/producto\/durag-femme-bleu-noir\/#breadcrumb"},"inLanguage":"es","potentialAction":[{"@type":"ReadAction","target":["https:\/\/boutique-durag.com\/es\/producto\/durag-femme-bleu-noir\/"]}]},{"@type":"ImageObject","inLanguage":"es","@id":"https:\/\/boutique-durag.com\/es\/producto\/durag-femme-bleu-noir\/#primaryimage","url":"https:\/\/boutique-durag.com\/wp-content\/uploads\/2023\/05\/product-image-1393441614.jpg","contentUrl":"https:\/\/boutique-durag.com\/wp-content\/uploads\/2023\/05\/product-image-1393441614.jpg","width":640,"height":640},{"@type":"BreadcrumbList","@id":"https:\/\/boutique-durag.com\/es\/producto\/durag-femme-bleu-noir\/#breadcrumb","itemListElement":[{"@type":"ListItem","position":1,"name":"Boutique durag","item":"https:\/\/boutique-durag.com\/es\/inicio\/"},{"@type":"ListItem","position":2,"name":"Tienda","item":"https:\/\/boutique-durag.com\/es\/tienda\/"},{"@type":"ListItem","position":3,"name":"Durag","item":"https:\/\/boutique-durag.com\/es\/colecciones\/durag-es\/"},{"@type":"ListItem","position":4,"name":"durag mujer azul negro"}]},{"@type":"WebSite","@id":"https:\/\/boutique-durag.com\/es\/#website","url":"https:\/\/boutique-durag.com\/es\/","name":"Tienda Durag","description":"Tienda francesa de ropa de calle para hombre y mujer dedicada al mundo del durag y la cultura hip-hop. Descubre nuestra selecci\u00f3n de durag.","publisher":{"@id":"https:\/\/boutique-durag.com\/es\/#organization"},"potentialAction":[{"@type":"SearchAction","target":{"@type":"EntryPoint","urlTemplate":"https:\/\/boutique-durag.com\/es\/?s={search_term_string}"},"query-input":{"@type":"PropertyValueSpecification","valueRequired":true,"valueName":"search_term_string"}}],"inLanguage":"es"},{"@type":"Organization","@id":"https:\/\/boutique-durag.com\/es\/#organization","name":"Tienda Durag","url":"https:\/\/boutique-durag.com\/es\/","logo":{"@type":"ImageObject","inLanguage":"es","@id":"https:\/\/boutique-durag.com\/es\/#\/schema\/logo\/image\/","url":"https:\/\/boutique-durag.com\/wp-content\/uploads\/2023\/05\/cropped-Site-Logo-3-1.png","contentUrl":"https:\/\/boutique-durag.com\/wp-content\/uploads\/2023\/05\/cropped-Site-Logo-3-1.png","width":400,"height":100,"caption":"Tienda Durag"},"image":{"@id":"https:\/\/boutique-durag.com\/es\/#\/schema\/logo\/image\/"}}]}},"_links":{"self":[{"href":"https:\/\/boutique-durag.com\/es\/wp-json\/wp\/v2\/product\/12628"}],"collection":[{"href":"https:\/\/boutique-durag.com\/es\/wp-json\/wp\/v2\/product"}],"about":[{"href":"https:\/\/boutique-durag.com\/es\/wp-json\/wp\/v2\/types\/product"}],"replies":[{"embeddable":true,"href":"https:\/\/boutique-durag.com\/es\/wp-json\/wp\/v2\/comments?post=12628"}],"wp:featuredmedia":[{"embeddable":true,"href":"https:\/\/boutique-durag.com\/es\/wp-json\/wp\/v2\/media\/11851"}],"wp:attachment":[{"href":"https:\/\/boutique-durag.com\/es\/wp-json\/wp\/v2\/media?parent=12628"}],"wp:term":[{"taxonomy":"product_cat","embeddable":true,"href":"https:\/\/boutique-durag.com\/es\/wp-json\/wp\/v2\/product_cat?post=12628"},{"taxonomy":"product_tag","embeddable":true,"href":"https:\/\/boutique-durag.com\/es\/wp-json\/wp\/v2\/product_tag?post=12628"}],"curies":[{"name":"wp","href":"https:\/\/api.w.org\/{rel}","templated":true}]}}