{"id":12607,"date":"2023-05-30T08:46:06","date_gmt":"2023-05-30T08:46:06","guid":{"rendered":"https:\/\/boutique-durag.com\/produit\/durag-femme-brillant-bleu\/"},"modified":"2024-09-17T14:36:39","modified_gmt":"2024-09-17T14:36:39","slug":"durag-femme-brillant-bleu","status":"publish","type":"product","link":"https:\/\/boutique-durag.com\/es\/producto\/durag-femme-brillant-bleu\/","title":{"rendered":"durag azul brillante para mujer"},"content":{"rendered":"<h2><span style=\"font-size: 1.4em\">Si eres fan\u00e1tico del estilo streetwear, seguramente habr\u00e1s notado c\u00f3mo el durag se ha convertido en una pieza esencial. Recomendamos mucho este durag, es muy est\u00e9tico <\/span><\/h2>\n<ul>\n<li>este durag est\u00e1 fabricado con <strong>un material suave<\/strong> que respeta y protege tu piel, y que evitar\u00e1 marcas desagradables<\/li>\n<\/ul>\n<ul>\n<li>Est\u00e1 perfectamente <strong>dise\u00f1ado para adaptarse a todas las formas de cabeza<\/strong>, no tendr\u00e1s dificultad para utilizarlo <\/li>\n<li> <strong>No da\u00f1a tu cabello<\/strong>, de hecho, ver\u00e1s que su textura mejora cada vez<\/li>\n<li>Te ahorra tiempo, es <strong>f\u00e1cil de colocar en tan solo unos minutos<\/ strong> <\/li>\n<li>Es <strong>ideal para todas las estaciones<\/strong> del a\u00f1o, en invierno puede calentarte, en verano puede proteger tu cabello ventil\u00e1ndolo<\/li>\n<li> Ya sea que tengas el cabello ondulado, rizado o simplemente rizado, este durag te quedar\u00e1 bien<\/strong> <\/li>\n<\/ul>\n<ul>\n<li><strong><u>El env\u00edo est\u00e1ndar es gratuito<\/u><\/strong><\/li>\n<\/ul>\n<p><strong><u><i><span style=\"font-weight : 400\">Categor\u00eda<\/span><\/i><span>: <\/span><a href=\"https:\/\/boutique-durag.com\/es\/collections\/durag -azul\/\" class=\"broken_link\"><span style=\"font-weight: 400\">durag azul <\/span><\/a>,<\/u><\/strong><em data-mce-fragment=\"1\"><a fragment=\"1\" href=\"https:\/\/boutique-durag.com\/es\/collections\/durag-mujer\/\" class=\"broken_link\">durag femme<\/a><\/em><\/p>\n<ol start=\"15\"> <\/ol>\n<div class=\"eJOY__extension_root_class\" id=\"eJOY__extension_root\"><\/div>\n<h2><span style=\"font-size: 1.4em\">Si eres fan del streetwear seguro que has entendido hasta qu\u00e9 punto el durag se ha vuelto imprescindible. Este lo recomendamos mucho, es muy est\u00e9tico <\/span><\/h2>\n<ul>\n<li>este durag est\u00e1 hecho con <strong>un material que no irrita tu piel<\/strong>, ayuda a evitar molestias<\/li>\n<\/ul>\n<ul>\n<li>Se <strong>perfectamente adaptado a todos los tama\u00f1os de cabeza<\/strong>, no tendr\u00e1s problema en llevarlo<\/li>\n<li> <strong>No da\u00f1a tu cabello<\/strong>, de hecho, ver\u00e1s c\u00f3mo su textura mejora cada vez m\u00e1s<\/li>\n<li>Te ahorra tiempo, es <strong>f\u00e1cil de colocar en tan solo unos minutos<\/strong> <\/ li>\n<li>Es <strong>apto para todos los climas<\/strong> del a\u00f1o, en invierno puede calentarte, en verano puede proteger tu cabello ventil\u00e1ndolo<\/li>\n<li>Si eres vacilante, rizado o simplemente tienes el cabello muy rizado, este durag te quedar\u00e1 bien<\/strong> <\/li>\n<\/ul>\n<ul>\n<li><strong><u>El env\u00edo est\u00e1ndar es gratuito<\/u><\/strong><\/ li> <\/ul>\n<p><strong><u><i><span style=\"font-weight: 400\">Categor\u00eda<\/span><\/i><span style=\"font-weight: 400\">: <\/span><a href=\"https:\/\/boutique-durag.com\/es\/collections\/durag-azul \/\" class=\"broken_link\"><span style=\"font-weight: 400\">durag azul<\/span><\/a>,<\/u><\/strong><em data-mce-fragment=\"1\"><a fragment=\"1\" href=\"https:\/\/boutique-durag.com\/es\/collections\/durag-mujer\/\" class=\"broken_link\">durag femme<\/a><\/em><\/p>\n<ol start=\"15\"><\/ol>\n<div class=\"eJOY__extension_root_class\" id=\"eJOY__extension_root\"><\/div>\n","protected":false},"excerpt":{"rendered":"<p>Si eres fan\u00e1tico del estilo streetwear, seguramente habr\u00e1s notado c\u00f3mo el durag se ha convertido en una pieza esencial. Recomendamos mucho este durag, es muy est\u00e9tico este durag est\u00e1 fabricado con un material suave que respeta y protege tu piel, y que evitar\u00e1 marcas desagradables Est\u00e1 perfectamente dise\u00f1ado para adaptarse a todas las formas de [&hellip;]<\/p>\n","protected":false},"featured_media":10999,"comment_status":"open","ping_status":"closed","template":"","meta":[],"product_cat":[612,616,619,622],"product_tag":[],"class_list":{"0":"post-12607","1":"product","2":"type-product","3":"status-publish","4":"has-post-thumbnail","6":"product_cat-durag-es","7":"product_cat-durag-azul","8":"product_cat-durag-color","9":"product_cat-durag-mujer","11":"first","12":"instock","13":"shipping-taxable","14":"purchasable","15":"product-type-simple"},"yoast_head":"<title>durag azul brillante para mujer entrega gratuita | Ahorre un 30% en su pedido<\/title>\n<meta name=\"description\" content=\"Reciba su durag azul brillante para mujer hoy mismo y benef\u00edciese de env\u00edo gratuito | 24\/48h dispatch\" \/>\n<meta name=\"robots\" content=\"index, follow, max-snippet:-1, max-image-preview:large, max-video-preview:-1\" \/>\n<link rel=\"canonical\" href=\"https:\/\/boutique-durag.com\/es\/producto\/durag-femme-brillant-bleu\/\" \/>\n<meta property=\"og:locale\" content=\"es_ES\" \/>\n<meta property=\"og:type\" content=\"article\" \/>\n<meta property=\"og:title\" content=\"durag azul brillante para mujer entrega gratuita | Ahorre un 30% en su pedido\" \/>\n<meta property=\"og:description\" content=\"Reciba su durag azul brillante para mujer hoy mismo y benef\u00edciese de env\u00edo gratuito | 24\/48h dispatch\" \/>\n<meta property=\"og:url\" content=\"https:\/\/boutique-durag.com\/es\/producto\/durag-femme-brillant-bleu\/\" \/>\n<meta property=\"og:site_name\" content=\"Tienda Durag\" \/>\n<meta property=\"article:modified_time\" content=\"2024-09-17T14:36:39+00:00\" \/>\n<meta property=\"og:image\" content=\"https:\/\/boutique-durag.com\/wp-content\/uploads\/s2w-placeholder.png\" \/>\n\t<meta property=\"og:image:width\" content=\"1200\" \/>\n\t<meta property=\"og:image:height\" content=\"1200\" \/>\n\t<meta property=\"og:image:type\" content=\"image\/png\" \/>\n<meta name=\"twitter:card\" content=\"summary_large_image\" \/>\n<meta name=\"twitter:label1\" content=\"Tiempo de lectura\" \/>\n\t<meta name=\"twitter:data1\" content=\"1 minuto\" \/>\n<script type=\"application\/ld+json\" class=\"yoast-schema-graph\">{\"@context\":\"https:\/\/schema.org\",\"@graph\":[{\"@type\":\"WebPage\",\"@id\":\"https:\/\/boutique-durag.com\/es\/producto\/durag-femme-brillant-bleu\/\",\"url\":\"https:\/\/boutique-durag.com\/es\/producto\/durag-femme-brillant-bleu\/\",\"name\":\"durag azul brillante para mujer entrega gratuita | Ahorre un 30% en su pedido\",\"isPartOf\":{\"@id\":\"https:\/\/boutique-durag.com\/es\/#website\"},\"primaryImageOfPage\":{\"@id\":\"https:\/\/boutique-durag.com\/es\/producto\/durag-femme-brillant-bleu\/#primaryimage\"},\"image\":{\"@id\":\"https:\/\/boutique-durag.com\/es\/producto\/durag-femme-brillant-bleu\/#primaryimage\"},\"thumbnailUrl\":\"https:\/\/boutique-durag.com\/wp-content\/uploads\/s2w-placeholder.jpg\",\"datePublished\":\"2023-05-30T08:46:06+00:00\",\"dateModified\":\"2024-09-17T14:36:39+00:00\",\"description\":\"Reciba su durag azul brillante para mujer hoy mismo y benef\u00edciese de env\u00edo gratuito | 24\/48h dispatch\",\"breadcrumb\":{\"@id\":\"https:\/\/boutique-durag.com\/es\/producto\/durag-femme-brillant-bleu\/#breadcrumb\"},\"inLanguage\":\"es\",\"potentialAction\":[{\"@type\":\"ReadAction\",\"target\":[\"https:\/\/boutique-durag.com\/es\/producto\/durag-femme-brillant-bleu\/\"]}]},{\"@type\":\"ImageObject\",\"inLanguage\":\"es\",\"@id\":\"https:\/\/boutique-durag.com\/es\/producto\/durag-femme-brillant-bleu\/#primaryimage\",\"url\":\"https:\/\/boutique-durag.com\/wp-content\/uploads\/s2w-placeholder.jpg\",\"contentUrl\":\"https:\/\/boutique-durag.com\/wp-content\/uploads\/s2w-placeholder.jpg\",\"width\":1200,\"height\":1200},{\"@type\":\"BreadcrumbList\",\"@id\":\"https:\/\/boutique-durag.com\/es\/producto\/durag-femme-brillant-bleu\/#breadcrumb\",\"itemListElement\":[{\"@type\":\"ListItem\",\"position\":1,\"name\":\"Boutique durag\",\"item\":\"https:\/\/boutique-durag.com\/es\/inicio\/\"},{\"@type\":\"ListItem\",\"position\":2,\"name\":\"Tienda\",\"item\":\"https:\/\/boutique-durag.com\/es\/tienda\/\"},{\"@type\":\"ListItem\",\"position\":3,\"name\":\"Durag\",\"item\":\"https:\/\/boutique-durag.com\/es\/colecciones\/durag-es\/\"},{\"@type\":\"ListItem\",\"position\":4,\"name\":\"durag azul brillante para mujer\"}]},{\"@type\":\"WebSite\",\"@id\":\"https:\/\/boutique-durag.com\/es\/#website\",\"url\":\"https:\/\/boutique-durag.com\/es\/\",\"name\":\"Tienda Durag\",\"description\":\"Tienda francesa de ropa de calle para hombre y mujer dedicada al mundo del durag y la cultura hip-hop. Descubre nuestra selecci\u00f3n de durag.\",\"publisher\":{\"@id\":\"https:\/\/boutique-durag.com\/es\/#organization\"},\"potentialAction\":[{\"@type\":\"SearchAction\",\"target\":{\"@type\":\"EntryPoint\",\"urlTemplate\":\"https:\/\/boutique-durag.com\/es\/?s={search_term_string}\"},\"query-input\":{\"@type\":\"PropertyValueSpecification\",\"valueRequired\":true,\"valueName\":\"search_term_string\"}}],\"inLanguage\":\"es\"},{\"@type\":\"Organization\",\"@id\":\"https:\/\/boutique-durag.com\/es\/#organization\",\"name\":\"Tienda Durag\",\"url\":\"https:\/\/boutique-durag.com\/es\/\",\"logo\":{\"@type\":\"ImageObject\",\"inLanguage\":\"es\",\"@id\":\"https:\/\/boutique-durag.com\/es\/#\/schema\/logo\/image\/\",\"url\":\"https:\/\/boutique-durag.com\/wp-content\/uploads\/2023\/05\/cropped-Site-Logo-3-1.png\",\"contentUrl\":\"https:\/\/boutique-durag.com\/wp-content\/uploads\/2023\/05\/cropped-Site-Logo-3-1.png\",\"width\":400,\"height\":100,\"caption\":\"Tienda Durag\"},\"image\":{\"@id\":\"https:\/\/boutique-durag.com\/es\/#\/schema\/logo\/image\/\"}}]}<\/script>","yoast_head_json":{"title":"durag azul brillante para mujer entrega gratuita | Ahorre un 30% en su pedido","description":"Reciba su durag azul brillante para mujer hoy mismo y benef\u00edciese de env\u00edo gratuito | 24\/48h dispatch","robots":{"index":"index","follow":"follow","max-snippet":"max-snippet:-1","max-image-preview":"max-image-preview:large","max-video-preview":"max-video-preview:-1"},"canonical":"https:\/\/boutique-durag.com\/es\/producto\/durag-femme-brillant-bleu\/","og_locale":"es_ES","og_type":"article","og_title":"durag azul brillante para mujer entrega gratuita | Ahorre un 30% en su pedido","og_description":"Reciba su durag azul brillante para mujer hoy mismo y benef\u00edciese de env\u00edo gratuito | 24\/48h dispatch","og_url":"https:\/\/boutique-durag.com\/es\/producto\/durag-femme-brillant-bleu\/","og_site_name":"Tienda Durag","article_modified_time":"2024-09-17T14:36:39+00:00","og_image":[{"width":1200,"height":1200,"url":"https:\/\/boutique-durag.com\/wp-content\/uploads\/s2w-placeholder.png","type":"image\/png"}],"twitter_card":"summary_large_image","twitter_misc":{"Tiempo de lectura":"1 minuto"},"schema":{"@context":"https:\/\/schema.org","@graph":[{"@type":"WebPage","@id":"https:\/\/boutique-durag.com\/es\/producto\/durag-femme-brillant-bleu\/","url":"https:\/\/boutique-durag.com\/es\/producto\/durag-femme-brillant-bleu\/","name":"durag azul brillante para mujer entrega gratuita | Ahorre un 30% en su pedido","isPartOf":{"@id":"https:\/\/boutique-durag.com\/es\/#website"},"primaryImageOfPage":{"@id":"https:\/\/boutique-durag.com\/es\/producto\/durag-femme-brillant-bleu\/#primaryimage"},"image":{"@id":"https:\/\/boutique-durag.com\/es\/producto\/durag-femme-brillant-bleu\/#primaryimage"},"thumbnailUrl":"https:\/\/boutique-durag.com\/wp-content\/uploads\/s2w-placeholder.jpg","datePublished":"2023-05-30T08:46:06+00:00","dateModified":"2024-09-17T14:36:39+00:00","description":"Reciba su durag azul brillante para mujer hoy mismo y benef\u00edciese de env\u00edo gratuito | 24\/48h dispatch","breadcrumb":{"@id":"https:\/\/boutique-durag.com\/es\/producto\/durag-femme-brillant-bleu\/#breadcrumb"},"inLanguage":"es","potentialAction":[{"@type":"ReadAction","target":["https:\/\/boutique-durag.com\/es\/producto\/durag-femme-brillant-bleu\/"]}]},{"@type":"ImageObject","inLanguage":"es","@id":"https:\/\/boutique-durag.com\/es\/producto\/durag-femme-brillant-bleu\/#primaryimage","url":"https:\/\/boutique-durag.com\/wp-content\/uploads\/s2w-placeholder.jpg","contentUrl":"https:\/\/boutique-durag.com\/wp-content\/uploads\/s2w-placeholder.jpg","width":1200,"height":1200},{"@type":"BreadcrumbList","@id":"https:\/\/boutique-durag.com\/es\/producto\/durag-femme-brillant-bleu\/#breadcrumb","itemListElement":[{"@type":"ListItem","position":1,"name":"Boutique durag","item":"https:\/\/boutique-durag.com\/es\/inicio\/"},{"@type":"ListItem","position":2,"name":"Tienda","item":"https:\/\/boutique-durag.com\/es\/tienda\/"},{"@type":"ListItem","position":3,"name":"Durag","item":"https:\/\/boutique-durag.com\/es\/colecciones\/durag-es\/"},{"@type":"ListItem","position":4,"name":"durag azul brillante para mujer"}]},{"@type":"WebSite","@id":"https:\/\/boutique-durag.com\/es\/#website","url":"https:\/\/boutique-durag.com\/es\/","name":"Tienda Durag","description":"Tienda francesa de ropa de calle para hombre y mujer dedicada al mundo del durag y la cultura hip-hop. Descubre nuestra selecci\u00f3n de durag.","publisher":{"@id":"https:\/\/boutique-durag.com\/es\/#organization"},"potentialAction":[{"@type":"SearchAction","target":{"@type":"EntryPoint","urlTemplate":"https:\/\/boutique-durag.com\/es\/?s={search_term_string}"},"query-input":{"@type":"PropertyValueSpecification","valueRequired":true,"valueName":"search_term_string"}}],"inLanguage":"es"},{"@type":"Organization","@id":"https:\/\/boutique-durag.com\/es\/#organization","name":"Tienda Durag","url":"https:\/\/boutique-durag.com\/es\/","logo":{"@type":"ImageObject","inLanguage":"es","@id":"https:\/\/boutique-durag.com\/es\/#\/schema\/logo\/image\/","url":"https:\/\/boutique-durag.com\/wp-content\/uploads\/2023\/05\/cropped-Site-Logo-3-1.png","contentUrl":"https:\/\/boutique-durag.com\/wp-content\/uploads\/2023\/05\/cropped-Site-Logo-3-1.png","width":400,"height":100,"caption":"Tienda Durag"},"image":{"@id":"https:\/\/boutique-durag.com\/es\/#\/schema\/logo\/image\/"}}]}},"_links":{"self":[{"href":"https:\/\/boutique-durag.com\/es\/wp-json\/wp\/v2\/product\/12607"}],"collection":[{"href":"https:\/\/boutique-durag.com\/es\/wp-json\/wp\/v2\/product"}],"about":[{"href":"https:\/\/boutique-durag.com\/es\/wp-json\/wp\/v2\/types\/product"}],"replies":[{"embeddable":true,"href":"https:\/\/boutique-durag.com\/es\/wp-json\/wp\/v2\/comments?post=12607"}],"wp:featuredmedia":[{"embeddable":true,"href":"https:\/\/boutique-durag.com\/es\/wp-json\/wp\/v2\/media\/10999"}],"wp:attachment":[{"href":"https:\/\/boutique-durag.com\/es\/wp-json\/wp\/v2\/media?parent=12607"}],"wp:term":[{"taxonomy":"product_cat","embeddable":true,"href":"https:\/\/boutique-durag.com\/es\/wp-json\/wp\/v2\/product_cat?post=12607"},{"taxonomy":"product_tag","embeddable":true,"href":"https:\/\/boutique-durag.com\/es\/wp-json\/wp\/v2\/product_tag?post=12607"}],"curies":[{"name":"wp","href":"https:\/\/api.w.org\/{rel}","templated":true}]}}