{"id":12592,"date":"2023-05-30T08:46:12","date_gmt":"2023-05-30T08:46:12","guid":{"rendered":"https:\/\/boutique-durag.com\/produit\/durag-velours-jaune\/"},"modified":"2024-09-17T14:36:31","modified_gmt":"2024-09-17T14:36:31","slug":"durag-velours-jaune","status":"publish","type":"product","link":"https:\/\/boutique-durag.com\/es\/producto\/durag-velours-jaune\/","title":{"rendered":"durag de terciopelo amarillo"},"content":{"rendered":"<h2>El cabello rizado puede ser dif\u00edcil de peinar, pero no olvidemos lo hermoso que luce cuando lo cuidas. El durag de terciopelo es una manera perfecta de protegerlos durante el per\u00edodo invernal.<\/h2>\n<ul>\n<li>Este durag est\u00e1 elaborado con <strong>un material suave y respetuoso<\/strong> con tu piel, nunca m\u00e1s volver\u00e1s a tener marcas en tu rostro.<\/li>\n<\/ul>\n<ul>\n<li>Es <strong>c\u00f3modo y f\u00e1cil de poner<\/strong>, sea cual sea la forma de tu cabeza.<\/li>\n<li><strong>No da\u00f1a tu cabello<\/strong>, de hecho, con el tiempo se volver\u00e1 m\u00e1s bonito y brillante.<\/li>\n<li>Ahorras tiempo poni\u00e9ndolo, <strong>se puede colocar en unos minutos<\/strong>.<\/li>\n<li>Es <strong>perfecta para todas las estaciones<\/strong>, en invierno te protege del fr\u00edo y en verano deja entrar el aire.<\/li>\n<li>Ya sea que tengas el cabello ondulado, rizado o simplemente rizado, este durag te quedar\u00e1 bien.<\/li>\n<\/ul>\n<ul>\n<li><strong><u>Entrega est\u00e1ndar gratuita<\/u><\/strong><\/li>\n<\/ul>\n<p><strong>Descubre el <a href=\"https:\/\/boutique-durag.com\/es\/produit\/durag-velours-rose\/\">durag terciopelo rosa<\/a>, <a fragment=\"1\" href=\"https:\/\/boutique-durag.com\/es\/collections\/durag-amarillo\/\" class=\"broken_link\"><span data-mce-fragment=\"1\" style=\"font-weight: 400\">durag amarillo<\/span><\/a><\/strong><\/p>\n","protected":false},"excerpt":{"rendered":"<p>El cabello rizado puede ser dif\u00edcil de peinar, pero no olvidemos lo hermoso que luce cuando lo cuidas. El durag de terciopelo es una manera perfecta de protegerlos durante el per\u00edodo invernal. Este durag est\u00e1 elaborado con un material suave y respetuoso con tu piel, nunca m\u00e1s volver\u00e1s a tener marcas en tu rostro. Es [&hellip;]<\/p>\n","protected":false},"featured_media":11890,"comment_status":"open","ping_status":"closed","template":"","meta":[],"product_cat":[612,626,619,632],"product_tag":[],"class_list":{"0":"post-12592","1":"product","2":"type-product","3":"status-publish","4":"has-post-thumbnail","6":"product_cat-durag-es","7":"product_cat-durag-amarillo","8":"product_cat-durag-color","9":"product_cat-durag-terciopelo","11":"first","12":"instock","13":"shipping-taxable","14":"purchasable","15":"product-type-simple"},"yoast_head":"<title>durag de terciopelo amarillo entrega gratuita | Ahorre un 30% en su pedido<\/title>\n<meta name=\"description\" content=\"Reciba su durag de terciopelo amarillo hoy mismo y benef\u00edciese de env\u00edo gratuito | 24\/48h dispatch\" \/>\n<meta name=\"robots\" content=\"index, follow, max-snippet:-1, max-image-preview:large, max-video-preview:-1\" \/>\n<link rel=\"canonical\" href=\"https:\/\/boutique-durag.com\/es\/producto\/durag-velours-jaune\/\" \/>\n<meta property=\"og:locale\" content=\"es_ES\" \/>\n<meta property=\"og:type\" content=\"article\" \/>\n<meta property=\"og:title\" content=\"durag de terciopelo amarillo entrega gratuita | Ahorre un 30% en su pedido\" \/>\n<meta property=\"og:description\" content=\"Reciba su durag de terciopelo amarillo hoy mismo y benef\u00edciese de env\u00edo gratuito | 24\/48h dispatch\" \/>\n<meta property=\"og:url\" content=\"https:\/\/boutique-durag.com\/es\/producto\/durag-velours-jaune\/\" \/>\n<meta property=\"og:site_name\" content=\"Tienda Durag\" \/>\n<meta property=\"article:modified_time\" content=\"2024-09-17T14:36:31+00:00\" \/>\n<meta property=\"og:image\" content=\"https:\/\/boutique-durag.com\/wp-content\/uploads\/2023\/05\/product-image-657028434_cca8db7d-358e-40e5-b0e1-4173db890185.jpg\" \/>\n\t<meta property=\"og:image:width\" content=\"640\" \/>\n\t<meta property=\"og:image:height\" content=\"640\" \/>\n\t<meta property=\"og:image:type\" content=\"image\/jpeg\" \/>\n<meta name=\"twitter:card\" content=\"summary_large_image\" \/>\n<meta name=\"twitter:label1\" content=\"Tiempo de lectura\" \/>\n\t<meta name=\"twitter:data1\" content=\"1 minuto\" \/>\n<script type=\"application\/ld+json\" class=\"yoast-schema-graph\">{\"@context\":\"https:\/\/schema.org\",\"@graph\":[{\"@type\":\"WebPage\",\"@id\":\"https:\/\/boutique-durag.com\/es\/producto\/durag-velours-jaune\/\",\"url\":\"https:\/\/boutique-durag.com\/es\/producto\/durag-velours-jaune\/\",\"name\":\"durag de terciopelo amarillo entrega gratuita | Ahorre un 30% en su pedido\",\"isPartOf\":{\"@id\":\"https:\/\/boutique-durag.com\/es\/#website\"},\"primaryImageOfPage\":{\"@id\":\"https:\/\/boutique-durag.com\/es\/producto\/durag-velours-jaune\/#primaryimage\"},\"image\":{\"@id\":\"https:\/\/boutique-durag.com\/es\/producto\/durag-velours-jaune\/#primaryimage\"},\"thumbnailUrl\":\"https:\/\/boutique-durag.com\/wp-content\/uploads\/2023\/05\/product-image-657028434_cca8db7d-358e-40e5-b0e1-4173db890185.jpg\",\"datePublished\":\"2023-05-30T08:46:12+00:00\",\"dateModified\":\"2024-09-17T14:36:31+00:00\",\"description\":\"Reciba su durag de terciopelo amarillo hoy mismo y benef\u00edciese de env\u00edo gratuito | 24\/48h dispatch\",\"breadcrumb\":{\"@id\":\"https:\/\/boutique-durag.com\/es\/producto\/durag-velours-jaune\/#breadcrumb\"},\"inLanguage\":\"es\",\"potentialAction\":[{\"@type\":\"ReadAction\",\"target\":[\"https:\/\/boutique-durag.com\/es\/producto\/durag-velours-jaune\/\"]}]},{\"@type\":\"ImageObject\",\"inLanguage\":\"es\",\"@id\":\"https:\/\/boutique-durag.com\/es\/producto\/durag-velours-jaune\/#primaryimage\",\"url\":\"https:\/\/boutique-durag.com\/wp-content\/uploads\/2023\/05\/product-image-657028434_cca8db7d-358e-40e5-b0e1-4173db890185.jpg\",\"contentUrl\":\"https:\/\/boutique-durag.com\/wp-content\/uploads\/2023\/05\/product-image-657028434_cca8db7d-358e-40e5-b0e1-4173db890185.jpg\",\"width\":640,\"height\":640},{\"@type\":\"BreadcrumbList\",\"@id\":\"https:\/\/boutique-durag.com\/es\/producto\/durag-velours-jaune\/#breadcrumb\",\"itemListElement\":[{\"@type\":\"ListItem\",\"position\":1,\"name\":\"Boutique durag\",\"item\":\"https:\/\/boutique-durag.com\/es\/inicio\/\"},{\"@type\":\"ListItem\",\"position\":2,\"name\":\"Tienda\",\"item\":\"https:\/\/boutique-durag.com\/es\/tienda\/\"},{\"@type\":\"ListItem\",\"position\":3,\"name\":\"Durag\",\"item\":\"https:\/\/boutique-durag.com\/es\/colecciones\/durag-es\/\"},{\"@type\":\"ListItem\",\"position\":4,\"name\":\"durag de terciopelo amarillo\"}]},{\"@type\":\"WebSite\",\"@id\":\"https:\/\/boutique-durag.com\/es\/#website\",\"url\":\"https:\/\/boutique-durag.com\/es\/\",\"name\":\"Tienda Durag\",\"description\":\"Tienda francesa de ropa de calle para hombre y mujer dedicada al mundo del durag y la cultura hip-hop. Descubre nuestra selecci\u00f3n de durag.\",\"publisher\":{\"@id\":\"https:\/\/boutique-durag.com\/es\/#organization\"},\"potentialAction\":[{\"@type\":\"SearchAction\",\"target\":{\"@type\":\"EntryPoint\",\"urlTemplate\":\"https:\/\/boutique-durag.com\/es\/?s={search_term_string}\"},\"query-input\":{\"@type\":\"PropertyValueSpecification\",\"valueRequired\":true,\"valueName\":\"search_term_string\"}}],\"inLanguage\":\"es\"},{\"@type\":\"Organization\",\"@id\":\"https:\/\/boutique-durag.com\/es\/#organization\",\"name\":\"Tienda Durag\",\"url\":\"https:\/\/boutique-durag.com\/es\/\",\"logo\":{\"@type\":\"ImageObject\",\"inLanguage\":\"es\",\"@id\":\"https:\/\/boutique-durag.com\/es\/#\/schema\/logo\/image\/\",\"url\":\"https:\/\/boutique-durag.com\/wp-content\/uploads\/2023\/05\/cropped-Site-Logo-3-1.png\",\"contentUrl\":\"https:\/\/boutique-durag.com\/wp-content\/uploads\/2023\/05\/cropped-Site-Logo-3-1.png\",\"width\":400,\"height\":100,\"caption\":\"Tienda Durag\"},\"image\":{\"@id\":\"https:\/\/boutique-durag.com\/es\/#\/schema\/logo\/image\/\"}}]}<\/script>","yoast_head_json":{"title":"durag de terciopelo amarillo entrega gratuita | Ahorre un 30% en su pedido","description":"Reciba su durag de terciopelo amarillo hoy mismo y benef\u00edciese de env\u00edo gratuito | 24\/48h dispatch","robots":{"index":"index","follow":"follow","max-snippet":"max-snippet:-1","max-image-preview":"max-image-preview:large","max-video-preview":"max-video-preview:-1"},"canonical":"https:\/\/boutique-durag.com\/es\/producto\/durag-velours-jaune\/","og_locale":"es_ES","og_type":"article","og_title":"durag de terciopelo amarillo entrega gratuita | Ahorre un 30% en su pedido","og_description":"Reciba su durag de terciopelo amarillo hoy mismo y benef\u00edciese de env\u00edo gratuito | 24\/48h dispatch","og_url":"https:\/\/boutique-durag.com\/es\/producto\/durag-velours-jaune\/","og_site_name":"Tienda Durag","article_modified_time":"2024-09-17T14:36:31+00:00","og_image":[{"width":640,"height":640,"url":"https:\/\/boutique-durag.com\/wp-content\/uploads\/2023\/05\/product-image-657028434_cca8db7d-358e-40e5-b0e1-4173db890185.jpg","type":"image\/jpeg"}],"twitter_card":"summary_large_image","twitter_misc":{"Tiempo de lectura":"1 minuto"},"schema":{"@context":"https:\/\/schema.org","@graph":[{"@type":"WebPage","@id":"https:\/\/boutique-durag.com\/es\/producto\/durag-velours-jaune\/","url":"https:\/\/boutique-durag.com\/es\/producto\/durag-velours-jaune\/","name":"durag de terciopelo amarillo entrega gratuita | Ahorre un 30% en su pedido","isPartOf":{"@id":"https:\/\/boutique-durag.com\/es\/#website"},"primaryImageOfPage":{"@id":"https:\/\/boutique-durag.com\/es\/producto\/durag-velours-jaune\/#primaryimage"},"image":{"@id":"https:\/\/boutique-durag.com\/es\/producto\/durag-velours-jaune\/#primaryimage"},"thumbnailUrl":"https:\/\/boutique-durag.com\/wp-content\/uploads\/2023\/05\/product-image-657028434_cca8db7d-358e-40e5-b0e1-4173db890185.jpg","datePublished":"2023-05-30T08:46:12+00:00","dateModified":"2024-09-17T14:36:31+00:00","description":"Reciba su durag de terciopelo amarillo hoy mismo y benef\u00edciese de env\u00edo gratuito | 24\/48h dispatch","breadcrumb":{"@id":"https:\/\/boutique-durag.com\/es\/producto\/durag-velours-jaune\/#breadcrumb"},"inLanguage":"es","potentialAction":[{"@type":"ReadAction","target":["https:\/\/boutique-durag.com\/es\/producto\/durag-velours-jaune\/"]}]},{"@type":"ImageObject","inLanguage":"es","@id":"https:\/\/boutique-durag.com\/es\/producto\/durag-velours-jaune\/#primaryimage","url":"https:\/\/boutique-durag.com\/wp-content\/uploads\/2023\/05\/product-image-657028434_cca8db7d-358e-40e5-b0e1-4173db890185.jpg","contentUrl":"https:\/\/boutique-durag.com\/wp-content\/uploads\/2023\/05\/product-image-657028434_cca8db7d-358e-40e5-b0e1-4173db890185.jpg","width":640,"height":640},{"@type":"BreadcrumbList","@id":"https:\/\/boutique-durag.com\/es\/producto\/durag-velours-jaune\/#breadcrumb","itemListElement":[{"@type":"ListItem","position":1,"name":"Boutique durag","item":"https:\/\/boutique-durag.com\/es\/inicio\/"},{"@type":"ListItem","position":2,"name":"Tienda","item":"https:\/\/boutique-durag.com\/es\/tienda\/"},{"@type":"ListItem","position":3,"name":"Durag","item":"https:\/\/boutique-durag.com\/es\/colecciones\/durag-es\/"},{"@type":"ListItem","position":4,"name":"durag de terciopelo amarillo"}]},{"@type":"WebSite","@id":"https:\/\/boutique-durag.com\/es\/#website","url":"https:\/\/boutique-durag.com\/es\/","name":"Tienda Durag","description":"Tienda francesa de ropa de calle para hombre y mujer dedicada al mundo del durag y la cultura hip-hop. Descubre nuestra selecci\u00f3n de durag.","publisher":{"@id":"https:\/\/boutique-durag.com\/es\/#organization"},"potentialAction":[{"@type":"SearchAction","target":{"@type":"EntryPoint","urlTemplate":"https:\/\/boutique-durag.com\/es\/?s={search_term_string}"},"query-input":{"@type":"PropertyValueSpecification","valueRequired":true,"valueName":"search_term_string"}}],"inLanguage":"es"},{"@type":"Organization","@id":"https:\/\/boutique-durag.com\/es\/#organization","name":"Tienda Durag","url":"https:\/\/boutique-durag.com\/es\/","logo":{"@type":"ImageObject","inLanguage":"es","@id":"https:\/\/boutique-durag.com\/es\/#\/schema\/logo\/image\/","url":"https:\/\/boutique-durag.com\/wp-content\/uploads\/2023\/05\/cropped-Site-Logo-3-1.png","contentUrl":"https:\/\/boutique-durag.com\/wp-content\/uploads\/2023\/05\/cropped-Site-Logo-3-1.png","width":400,"height":100,"caption":"Tienda Durag"},"image":{"@id":"https:\/\/boutique-durag.com\/es\/#\/schema\/logo\/image\/"}}]}},"_links":{"self":[{"href":"https:\/\/boutique-durag.com\/es\/wp-json\/wp\/v2\/product\/12592"}],"collection":[{"href":"https:\/\/boutique-durag.com\/es\/wp-json\/wp\/v2\/product"}],"about":[{"href":"https:\/\/boutique-durag.com\/es\/wp-json\/wp\/v2\/types\/product"}],"replies":[{"embeddable":true,"href":"https:\/\/boutique-durag.com\/es\/wp-json\/wp\/v2\/comments?post=12592"}],"wp:featuredmedia":[{"embeddable":true,"href":"https:\/\/boutique-durag.com\/es\/wp-json\/wp\/v2\/media\/11890"}],"wp:attachment":[{"href":"https:\/\/boutique-durag.com\/es\/wp-json\/wp\/v2\/media?parent=12592"}],"wp:term":[{"taxonomy":"product_cat","embeddable":true,"href":"https:\/\/boutique-durag.com\/es\/wp-json\/wp\/v2\/product_cat?post=12592"},{"taxonomy":"product_tag","embeddable":true,"href":"https:\/\/boutique-durag.com\/es\/wp-json\/wp\/v2\/product_tag?post=12592"}],"curies":[{"name":"wp","href":"https:\/\/api.w.org\/{rel}","templated":true}]}}