{"id":12559,"date":"2023-05-30T08:46:25","date_gmt":"2023-05-30T08:46:25","guid":{"rendered":"https:\/\/boutique-durag.com\/produit\/durag-homme-satin-gris\/"},"modified":"2024-09-17T14:36:07","modified_gmt":"2024-09-17T14:36:07","slug":"durag-homme-satin-gris","status":"publish","type":"product","link":"https:\/\/boutique-durag.com\/es\/producto\/durag-homme-satin-gris\/","title":{"rendered":"durag satinado gris para hombre"},"content":{"rendered":"<h2>Si tienes el pelo muy rizado, \u00a1est\u00e1s de suerte! Este cabello puede ser dif\u00edcil de peinar, pero te brinda la oportunidad de usar este hermoso durag. Su suavidad es notable, \u00a1as\u00ed que no lo dudes!<\/h2>\n<ul>\n<li>Este durag est\u00e1 elaborado con <strong>un material que cuida y no da\u00f1a<\/strong> tu piel, podr\u00e1s decirle adi\u00f3s a las antiest\u00e9ticas marcas.<\/li>\n<li>Se <strong>perfectamente adaptado a todas las formas de cabeza<\/strong>, no tendr\u00e1s dificultad para pon\u00e9rtelo.<\/li>\n<li><strong>No maltrata tu cabello<\/strong>, al contrario, su textura mejorar\u00e1 con el tiempo.<\/li>\n<li>Le ahorrar\u00e1 tiempo porque es <strong>f\u00e1cil de colocar en s\u00f3lo unos minutos<\/strong>.<\/li>\n<li>Es <strong>apto para todos los climas<\/strong> del a\u00f1o: en invierno, te calentar\u00e1; y en verano proteger\u00e1 tu cabello aire\u00e1ndolo.<\/li>\n<li>No importa si tienes el cabello ondulado, rizado o simplemente rizado, este durag te quedar\u00e1 bien.<\/li>\n<\/ul>\n<ul>\n<li><strong><u>El env\u00edo est\u00e1ndar es gratuito.<\/u><\/strong><\/li>\n<\/ul>\n<p>Deber\u00edas echarle un vistazo a nuestro <a href=\"https:\/\/boutique-durag.com\/es\/produit\/durag-homme-satin-violet\/\">durag satin violeta<\/a>. &gt;<\/p>\n<p><em>categor\u00eda: <span style=\"color: #ff0000\"><a href=\"https:\/\/boutique-durag.com\/es \/collections\/durag-hombre\/\" style=\"color: #ff0000\" class=\"broken_link\">durag homme<\/a><\/span><\/em><\/p>\n<div class=\"eJOY__extension_root_class\" id=\"eJOY__extension_root\"><\/div>\n","protected":false},"excerpt":{"rendered":"<p>Si tienes el pelo muy rizado, \u00a1est\u00e1s de suerte! Este cabello puede ser dif\u00edcil de peinar, pero te brinda la oportunidad de usar este hermoso durag. Su suavidad es notable, \u00a1as\u00ed que no lo dudes! Este durag est\u00e1 elaborado con un material que cuida y no da\u00f1a tu piel, podr\u00e1s decirle adi\u00f3s a las antiest\u00e9ticas [&hellip;]<\/p>\n","protected":false},"featured_media":11919,"comment_status":"open","ping_status":"closed","template":"","meta":[],"product_cat":[612,625,630],"product_tag":[],"class_list":{"0":"post-12559","1":"product","2":"type-product","3":"status-publish","4":"has-post-thumbnail","6":"product_cat-durag-es","7":"product_cat-durag-hombre","8":"product_cat-durag-satinado","10":"first","11":"instock","12":"shipping-taxable","13":"purchasable","14":"product-type-simple"},"yoast_head":"<title>durag satinado gris para hombre entrega gratuita | Ahorre un 30% en su pedido<\/title>\n<meta name=\"description\" content=\"Reciba su durag satinado gris para hombre hoy mismo y benef\u00edciese de env\u00edo gratuito | 24\/48h dispatch\" \/>\n<meta name=\"robots\" content=\"index, follow, max-snippet:-1, max-image-preview:large, max-video-preview:-1\" \/>\n<link rel=\"canonical\" href=\"https:\/\/boutique-durag.com\/es\/producto\/durag-homme-satin-gris\/\" \/>\n<meta property=\"og:locale\" content=\"es_ES\" \/>\n<meta property=\"og:type\" content=\"article\" \/>\n<meta property=\"og:title\" content=\"durag satinado gris para hombre entrega gratuita | Ahorre un 30% en su pedido\" \/>\n<meta property=\"og:description\" content=\"Reciba su durag satinado gris para hombre hoy mismo y benef\u00edciese de env\u00edo gratuito | 24\/48h dispatch\" \/>\n<meta property=\"og:url\" content=\"https:\/\/boutique-durag.com\/es\/producto\/durag-homme-satin-gris\/\" \/>\n<meta property=\"og:site_name\" content=\"Tienda Durag\" \/>\n<meta property=\"article:modified_time\" content=\"2024-09-17T14:36:07+00:00\" \/>\n<meta property=\"og:image\" content=\"https:\/\/boutique-durag.com\/wp-content\/uploads\/2023\/05\/product-image-1479609334_256fe93c-321d-4bb6-9fe6-f92d3b088b16.jpg\" \/>\n\t<meta property=\"og:image:width\" content=\"640\" \/>\n\t<meta property=\"og:image:height\" content=\"640\" \/>\n\t<meta property=\"og:image:type\" content=\"image\/jpeg\" \/>\n<meta name=\"twitter:card\" content=\"summary_large_image\" \/>\n<meta name=\"twitter:label1\" content=\"Tiempo de lectura\" \/>\n\t<meta name=\"twitter:data1\" content=\"1 minuto\" \/>\n<script type=\"application\/ld+json\" class=\"yoast-schema-graph\">{\"@context\":\"https:\/\/schema.org\",\"@graph\":[{\"@type\":\"WebPage\",\"@id\":\"https:\/\/boutique-durag.com\/es\/producto\/durag-homme-satin-gris\/\",\"url\":\"https:\/\/boutique-durag.com\/es\/producto\/durag-homme-satin-gris\/\",\"name\":\"durag satinado gris para hombre entrega gratuita | Ahorre un 30% en su pedido\",\"isPartOf\":{\"@id\":\"https:\/\/boutique-durag.com\/es\/#website\"},\"primaryImageOfPage\":{\"@id\":\"https:\/\/boutique-durag.com\/es\/producto\/durag-homme-satin-gris\/#primaryimage\"},\"image\":{\"@id\":\"https:\/\/boutique-durag.com\/es\/producto\/durag-homme-satin-gris\/#primaryimage\"},\"thumbnailUrl\":\"https:\/\/boutique-durag.com\/wp-content\/uploads\/2023\/05\/product-image-1479609334_256fe93c-321d-4bb6-9fe6-f92d3b088b16.jpg\",\"datePublished\":\"2023-05-30T08:46:25+00:00\",\"dateModified\":\"2024-09-17T14:36:07+00:00\",\"description\":\"Reciba su durag satinado gris para hombre hoy mismo y benef\u00edciese de env\u00edo gratuito | 24\/48h dispatch\",\"breadcrumb\":{\"@id\":\"https:\/\/boutique-durag.com\/es\/producto\/durag-homme-satin-gris\/#breadcrumb\"},\"inLanguage\":\"es\",\"potentialAction\":[{\"@type\":\"ReadAction\",\"target\":[\"https:\/\/boutique-durag.com\/es\/producto\/durag-homme-satin-gris\/\"]}]},{\"@type\":\"ImageObject\",\"inLanguage\":\"es\",\"@id\":\"https:\/\/boutique-durag.com\/es\/producto\/durag-homme-satin-gris\/#primaryimage\",\"url\":\"https:\/\/boutique-durag.com\/wp-content\/uploads\/2023\/05\/product-image-1479609334_256fe93c-321d-4bb6-9fe6-f92d3b088b16.jpg\",\"contentUrl\":\"https:\/\/boutique-durag.com\/wp-content\/uploads\/2023\/05\/product-image-1479609334_256fe93c-321d-4bb6-9fe6-f92d3b088b16.jpg\",\"width\":640,\"height\":640},{\"@type\":\"BreadcrumbList\",\"@id\":\"https:\/\/boutique-durag.com\/es\/producto\/durag-homme-satin-gris\/#breadcrumb\",\"itemListElement\":[{\"@type\":\"ListItem\",\"position\":1,\"name\":\"Boutique durag\",\"item\":\"https:\/\/boutique-durag.com\/es\/inicio\/\"},{\"@type\":\"ListItem\",\"position\":2,\"name\":\"Tienda\",\"item\":\"https:\/\/boutique-durag.com\/es\/tienda\/\"},{\"@type\":\"ListItem\",\"position\":3,\"name\":\"Durag\",\"item\":\"https:\/\/boutique-durag.com\/es\/colecciones\/durag-es\/\"},{\"@type\":\"ListItem\",\"position\":4,\"name\":\"durag satinado gris para hombre\"}]},{\"@type\":\"WebSite\",\"@id\":\"https:\/\/boutique-durag.com\/es\/#website\",\"url\":\"https:\/\/boutique-durag.com\/es\/\",\"name\":\"Tienda Durag\",\"description\":\"Tienda francesa de ropa de calle para hombre y mujer dedicada al mundo del durag y la cultura hip-hop. Descubre nuestra selecci\u00f3n de durag.\",\"publisher\":{\"@id\":\"https:\/\/boutique-durag.com\/es\/#organization\"},\"potentialAction\":[{\"@type\":\"SearchAction\",\"target\":{\"@type\":\"EntryPoint\",\"urlTemplate\":\"https:\/\/boutique-durag.com\/es\/?s={search_term_string}\"},\"query-input\":{\"@type\":\"PropertyValueSpecification\",\"valueRequired\":true,\"valueName\":\"search_term_string\"}}],\"inLanguage\":\"es\"},{\"@type\":\"Organization\",\"@id\":\"https:\/\/boutique-durag.com\/es\/#organization\",\"name\":\"Tienda Durag\",\"url\":\"https:\/\/boutique-durag.com\/es\/\",\"logo\":{\"@type\":\"ImageObject\",\"inLanguage\":\"es\",\"@id\":\"https:\/\/boutique-durag.com\/es\/#\/schema\/logo\/image\/\",\"url\":\"https:\/\/boutique-durag.com\/wp-content\/uploads\/2023\/05\/cropped-Site-Logo-3-1.png\",\"contentUrl\":\"https:\/\/boutique-durag.com\/wp-content\/uploads\/2023\/05\/cropped-Site-Logo-3-1.png\",\"width\":400,\"height\":100,\"caption\":\"Tienda Durag\"},\"image\":{\"@id\":\"https:\/\/boutique-durag.com\/es\/#\/schema\/logo\/image\/\"}}]}<\/script>","yoast_head_json":{"title":"durag satinado gris para hombre entrega gratuita | Ahorre un 30% en su pedido","description":"Reciba su durag satinado gris para hombre hoy mismo y benef\u00edciese de env\u00edo gratuito | 24\/48h dispatch","robots":{"index":"index","follow":"follow","max-snippet":"max-snippet:-1","max-image-preview":"max-image-preview:large","max-video-preview":"max-video-preview:-1"},"canonical":"https:\/\/boutique-durag.com\/es\/producto\/durag-homme-satin-gris\/","og_locale":"es_ES","og_type":"article","og_title":"durag satinado gris para hombre entrega gratuita | Ahorre un 30% en su pedido","og_description":"Reciba su durag satinado gris para hombre hoy mismo y benef\u00edciese de env\u00edo gratuito | 24\/48h dispatch","og_url":"https:\/\/boutique-durag.com\/es\/producto\/durag-homme-satin-gris\/","og_site_name":"Tienda Durag","article_modified_time":"2024-09-17T14:36:07+00:00","og_image":[{"width":640,"height":640,"url":"https:\/\/boutique-durag.com\/wp-content\/uploads\/2023\/05\/product-image-1479609334_256fe93c-321d-4bb6-9fe6-f92d3b088b16.jpg","type":"image\/jpeg"}],"twitter_card":"summary_large_image","twitter_misc":{"Tiempo de lectura":"1 minuto"},"schema":{"@context":"https:\/\/schema.org","@graph":[{"@type":"WebPage","@id":"https:\/\/boutique-durag.com\/es\/producto\/durag-homme-satin-gris\/","url":"https:\/\/boutique-durag.com\/es\/producto\/durag-homme-satin-gris\/","name":"durag satinado gris para hombre entrega gratuita | Ahorre un 30% en su pedido","isPartOf":{"@id":"https:\/\/boutique-durag.com\/es\/#website"},"primaryImageOfPage":{"@id":"https:\/\/boutique-durag.com\/es\/producto\/durag-homme-satin-gris\/#primaryimage"},"image":{"@id":"https:\/\/boutique-durag.com\/es\/producto\/durag-homme-satin-gris\/#primaryimage"},"thumbnailUrl":"https:\/\/boutique-durag.com\/wp-content\/uploads\/2023\/05\/product-image-1479609334_256fe93c-321d-4bb6-9fe6-f92d3b088b16.jpg","datePublished":"2023-05-30T08:46:25+00:00","dateModified":"2024-09-17T14:36:07+00:00","description":"Reciba su durag satinado gris para hombre hoy mismo y benef\u00edciese de env\u00edo gratuito | 24\/48h dispatch","breadcrumb":{"@id":"https:\/\/boutique-durag.com\/es\/producto\/durag-homme-satin-gris\/#breadcrumb"},"inLanguage":"es","potentialAction":[{"@type":"ReadAction","target":["https:\/\/boutique-durag.com\/es\/producto\/durag-homme-satin-gris\/"]}]},{"@type":"ImageObject","inLanguage":"es","@id":"https:\/\/boutique-durag.com\/es\/producto\/durag-homme-satin-gris\/#primaryimage","url":"https:\/\/boutique-durag.com\/wp-content\/uploads\/2023\/05\/product-image-1479609334_256fe93c-321d-4bb6-9fe6-f92d3b088b16.jpg","contentUrl":"https:\/\/boutique-durag.com\/wp-content\/uploads\/2023\/05\/product-image-1479609334_256fe93c-321d-4bb6-9fe6-f92d3b088b16.jpg","width":640,"height":640},{"@type":"BreadcrumbList","@id":"https:\/\/boutique-durag.com\/es\/producto\/durag-homme-satin-gris\/#breadcrumb","itemListElement":[{"@type":"ListItem","position":1,"name":"Boutique durag","item":"https:\/\/boutique-durag.com\/es\/inicio\/"},{"@type":"ListItem","position":2,"name":"Tienda","item":"https:\/\/boutique-durag.com\/es\/tienda\/"},{"@type":"ListItem","position":3,"name":"Durag","item":"https:\/\/boutique-durag.com\/es\/colecciones\/durag-es\/"},{"@type":"ListItem","position":4,"name":"durag satinado gris para hombre"}]},{"@type":"WebSite","@id":"https:\/\/boutique-durag.com\/es\/#website","url":"https:\/\/boutique-durag.com\/es\/","name":"Tienda Durag","description":"Tienda francesa de ropa de calle para hombre y mujer dedicada al mundo del durag y la cultura hip-hop. Descubre nuestra selecci\u00f3n de durag.","publisher":{"@id":"https:\/\/boutique-durag.com\/es\/#organization"},"potentialAction":[{"@type":"SearchAction","target":{"@type":"EntryPoint","urlTemplate":"https:\/\/boutique-durag.com\/es\/?s={search_term_string}"},"query-input":{"@type":"PropertyValueSpecification","valueRequired":true,"valueName":"search_term_string"}}],"inLanguage":"es"},{"@type":"Organization","@id":"https:\/\/boutique-durag.com\/es\/#organization","name":"Tienda Durag","url":"https:\/\/boutique-durag.com\/es\/","logo":{"@type":"ImageObject","inLanguage":"es","@id":"https:\/\/boutique-durag.com\/es\/#\/schema\/logo\/image\/","url":"https:\/\/boutique-durag.com\/wp-content\/uploads\/2023\/05\/cropped-Site-Logo-3-1.png","contentUrl":"https:\/\/boutique-durag.com\/wp-content\/uploads\/2023\/05\/cropped-Site-Logo-3-1.png","width":400,"height":100,"caption":"Tienda Durag"},"image":{"@id":"https:\/\/boutique-durag.com\/es\/#\/schema\/logo\/image\/"}}]}},"_links":{"self":[{"href":"https:\/\/boutique-durag.com\/es\/wp-json\/wp\/v2\/product\/12559"}],"collection":[{"href":"https:\/\/boutique-durag.com\/es\/wp-json\/wp\/v2\/product"}],"about":[{"href":"https:\/\/boutique-durag.com\/es\/wp-json\/wp\/v2\/types\/product"}],"replies":[{"embeddable":true,"href":"https:\/\/boutique-durag.com\/es\/wp-json\/wp\/v2\/comments?post=12559"}],"wp:featuredmedia":[{"embeddable":true,"href":"https:\/\/boutique-durag.com\/es\/wp-json\/wp\/v2\/media\/11919"}],"wp:attachment":[{"href":"https:\/\/boutique-durag.com\/es\/wp-json\/wp\/v2\/media?parent=12559"}],"wp:term":[{"taxonomy":"product_cat","embeddable":true,"href":"https:\/\/boutique-durag.com\/es\/wp-json\/wp\/v2\/product_cat?post=12559"},{"taxonomy":"product_tag","embeddable":true,"href":"https:\/\/boutique-durag.com\/es\/wp-json\/wp\/v2\/product_tag?post=12559"}],"curies":[{"name":"wp","href":"https:\/\/api.w.org\/{rel}","templated":true}]}}