{"id":12516,"date":"2023-05-30T08:46:44","date_gmt":"2023-05-30T08:46:44","guid":{"rendered":"https:\/\/boutique-durag.com\/produit\/durag-femme-bonnet-rouge\/"},"modified":"2024-09-17T14:35:37","modified_gmt":"2024-09-17T14:35:37","slug":"durag-femme-bonnet-rouge","status":"publish","type":"product","link":"https:\/\/boutique-durag.com\/es\/producto\/durag-femme-bonnet-rouge\/","title":{"rendered":"mujer durag sombrero rojo"},"content":{"rendered":"<h2>Si buscas la m\u00e1xima comodidad, \u00a1este durag est\u00e1 hecho para ti! Se acabaron los durags que dejan marcas en tu frente, este te permitir\u00e1 mantener tu corte intacto incluso durante las noches m\u00e1s agitadas.<\/h2>\n<ul>\n<li class=\"MsoNormal\" style=\"line-height: normal\">Su material suave y agradable para la piel te permitir\u00e1 decir adi\u00f3s a las marcas desagradables.<\/li>\n<li class=\"MsoNormal\" style=\"line-height: normal\">Se adapta a todas las formas de cabeza sin dificultad.<\/li>\n<li class=\"MsoNormal\" style=\"line-height: normal\">Mucho m\u00e1s que un simple accesorio, te ayuda a mejorar la textura de tu cabello.<\/li>\n<li class=\"MsoNormal\" style=\"line-height: normal\">Ahorras tiempo porque se fija en minutos.<\/li>\n<li class=\"MsoNormal\" style=\"line-height: normal\">Su versatilidad te ofrece un confort \u00f3ptimo durante todo el a\u00f1o.<\/li>\n<li class=\"MsoNormal\" style=\"line-height: normal\">Ya sea que tengas mechones, ondas o cabello encrespado, este durag es para ti.<\/li>\n<li class=\"MsoNormal\" style=\"line-height: normal\"><b><b><u>El env\u00edo est\u00e1ndar es gratuito<\/u><\/b><\/b>\n<\/p>\n<\/li>\n<\/ul>\n<p><b><u><i><span style=\"font-weight: 400\">Categor\u00eda:<\/span><\/i> <a href=\"https:\/\/boutique-durag.com\/es \/collections\/durag-rojo\/\" class=\"broken_link\"><span style=\"font-weight: 400\">durag rojo<\/span><\/a>, <\/u><\/b><b><u><span style=\"font-weight: 400\"><em data-mce-fragment=\"1\"> <a fragment=\"1\" href=\"https:\/\/boutique-durag.com\/es\/collections\/durag-mujer\/\" class=\"broken_link\">durag femme<\/a><\/em><\/span><\/u><\/b><\/p>\n","protected":false},"excerpt":{"rendered":"<p>Si buscas la m\u00e1xima comodidad, \u00a1este durag est\u00e1 hecho para ti! Se acabaron los durags que dejan marcas en tu frente, este te permitir\u00e1 mantener tu corte intacto incluso durante las noches m\u00e1s agitadas. Su material suave y agradable para la piel te permitir\u00e1 decir adi\u00f3s a las marcas desagradables. Se adapta a todas las [&hellip;]<\/p>\n","protected":false},"featured_media":11966,"comment_status":"open","ping_status":"closed","template":"","meta":[],"product_cat":[612,619,622,629,610],"product_tag":[],"class_list":{"0":"post-12516","1":"product","2":"type-product","3":"status-publish","4":"has-post-thumbnail","6":"product_cat-durag-es","7":"product_cat-durag-color","8":"product_cat-durag-mujer","9":"product_cat-durag-rojo","10":"product_cat-gorra-de-noche","12":"first","13":"instock","14":"shipping-taxable","15":"purchasable","16":"product-type-simple"},"yoast_head":"<title>mujer durag sombrero rojo entrega gratuita | Ahorre un 30% en su pedido<\/title>\n<meta name=\"description\" content=\"Reciba su mujer durag sombrero rojo hoy mismo y benef\u00edciese de env\u00edo gratuito | 24\/48h dispatch\" \/>\n<meta name=\"robots\" content=\"index, follow, max-snippet:-1, max-image-preview:large, max-video-preview:-1\" \/>\n<link rel=\"canonical\" href=\"https:\/\/boutique-durag.com\/es\/producto\/durag-femme-bonnet-rouge\/\" \/>\n<meta property=\"og:locale\" content=\"es_ES\" \/>\n<meta property=\"og:type\" content=\"article\" \/>\n<meta property=\"og:title\" content=\"mujer durag sombrero rojo entrega gratuita | Ahorre un 30% en su pedido\" \/>\n<meta property=\"og:description\" content=\"Reciba su mujer durag sombrero rojo hoy mismo y benef\u00edciese de env\u00edo gratuito | 24\/48h dispatch\" \/>\n<meta property=\"og:url\" content=\"https:\/\/boutique-durag.com\/es\/producto\/durag-femme-bonnet-rouge\/\" \/>\n<meta property=\"og:site_name\" content=\"Tienda Durag\" \/>\n<meta property=\"article:modified_time\" content=\"2024-09-17T14:35:37+00:00\" \/>\n<meta property=\"og:image\" content=\"https:\/\/boutique-durag.com\/wp-content\/uploads\/2023\/05\/product-image-1394873697_245c4ef0-78a9-4f5a-b7ea-1706fa5ef53c.jpg\" \/>\n\t<meta property=\"og:image:width\" content=\"640\" \/>\n\t<meta property=\"og:image:height\" content=\"640\" \/>\n\t<meta property=\"og:image:type\" content=\"image\/jpeg\" \/>\n<meta name=\"twitter:card\" content=\"summary_large_image\" \/>\n<meta name=\"twitter:label1\" content=\"Tiempo de lectura\" \/>\n\t<meta name=\"twitter:data1\" content=\"1 minuto\" \/>\n<script type=\"application\/ld+json\" class=\"yoast-schema-graph\">{\"@context\":\"https:\/\/schema.org\",\"@graph\":[{\"@type\":\"WebPage\",\"@id\":\"https:\/\/boutique-durag.com\/es\/producto\/durag-femme-bonnet-rouge\/\",\"url\":\"https:\/\/boutique-durag.com\/es\/producto\/durag-femme-bonnet-rouge\/\",\"name\":\"mujer durag sombrero rojo entrega gratuita | Ahorre un 30% en su pedido\",\"isPartOf\":{\"@id\":\"https:\/\/boutique-durag.com\/es\/#website\"},\"primaryImageOfPage\":{\"@id\":\"https:\/\/boutique-durag.com\/es\/producto\/durag-femme-bonnet-rouge\/#primaryimage\"},\"image\":{\"@id\":\"https:\/\/boutique-durag.com\/es\/producto\/durag-femme-bonnet-rouge\/#primaryimage\"},\"thumbnailUrl\":\"https:\/\/boutique-durag.com\/wp-content\/uploads\/2023\/05\/product-image-1394873697_245c4ef0-78a9-4f5a-b7ea-1706fa5ef53c.jpg\",\"datePublished\":\"2023-05-30T08:46:44+00:00\",\"dateModified\":\"2024-09-17T14:35:37+00:00\",\"description\":\"Reciba su mujer durag sombrero rojo hoy mismo y benef\u00edciese de env\u00edo gratuito | 24\/48h dispatch\",\"breadcrumb\":{\"@id\":\"https:\/\/boutique-durag.com\/es\/producto\/durag-femme-bonnet-rouge\/#breadcrumb\"},\"inLanguage\":\"es\",\"potentialAction\":[{\"@type\":\"ReadAction\",\"target\":[\"https:\/\/boutique-durag.com\/es\/producto\/durag-femme-bonnet-rouge\/\"]}]},{\"@type\":\"ImageObject\",\"inLanguage\":\"es\",\"@id\":\"https:\/\/boutique-durag.com\/es\/producto\/durag-femme-bonnet-rouge\/#primaryimage\",\"url\":\"https:\/\/boutique-durag.com\/wp-content\/uploads\/2023\/05\/product-image-1394873697_245c4ef0-78a9-4f5a-b7ea-1706fa5ef53c.jpg\",\"contentUrl\":\"https:\/\/boutique-durag.com\/wp-content\/uploads\/2023\/05\/product-image-1394873697_245c4ef0-78a9-4f5a-b7ea-1706fa5ef53c.jpg\",\"width\":640,\"height\":640},{\"@type\":\"BreadcrumbList\",\"@id\":\"https:\/\/boutique-durag.com\/es\/producto\/durag-femme-bonnet-rouge\/#breadcrumb\",\"itemListElement\":[{\"@type\":\"ListItem\",\"position\":1,\"name\":\"Boutique durag\",\"item\":\"https:\/\/boutique-durag.com\/es\/inicio\/\"},{\"@type\":\"ListItem\",\"position\":2,\"name\":\"Tienda\",\"item\":\"https:\/\/boutique-durag.com\/es\/tienda\/\"},{\"@type\":\"ListItem\",\"position\":3,\"name\":\"Durag\",\"item\":\"https:\/\/boutique-durag.com\/es\/colecciones\/durag-es\/\"},{\"@type\":\"ListItem\",\"position\":4,\"name\":\"mujer durag sombrero rojo\"}]},{\"@type\":\"WebSite\",\"@id\":\"https:\/\/boutique-durag.com\/es\/#website\",\"url\":\"https:\/\/boutique-durag.com\/es\/\",\"name\":\"Tienda Durag\",\"description\":\"Tienda francesa de ropa de calle para hombre y mujer dedicada al mundo del durag y la cultura hip-hop. Descubre nuestra selecci\u00f3n de durag.\",\"publisher\":{\"@id\":\"https:\/\/boutique-durag.com\/es\/#organization\"},\"potentialAction\":[{\"@type\":\"SearchAction\",\"target\":{\"@type\":\"EntryPoint\",\"urlTemplate\":\"https:\/\/boutique-durag.com\/es\/?s={search_term_string}\"},\"query-input\":{\"@type\":\"PropertyValueSpecification\",\"valueRequired\":true,\"valueName\":\"search_term_string\"}}],\"inLanguage\":\"es\"},{\"@type\":\"Organization\",\"@id\":\"https:\/\/boutique-durag.com\/es\/#organization\",\"name\":\"Tienda Durag\",\"url\":\"https:\/\/boutique-durag.com\/es\/\",\"logo\":{\"@type\":\"ImageObject\",\"inLanguage\":\"es\",\"@id\":\"https:\/\/boutique-durag.com\/es\/#\/schema\/logo\/image\/\",\"url\":\"https:\/\/boutique-durag.com\/wp-content\/uploads\/2023\/05\/cropped-Site-Logo-3-1.png\",\"contentUrl\":\"https:\/\/boutique-durag.com\/wp-content\/uploads\/2023\/05\/cropped-Site-Logo-3-1.png\",\"width\":400,\"height\":100,\"caption\":\"Tienda Durag\"},\"image\":{\"@id\":\"https:\/\/boutique-durag.com\/es\/#\/schema\/logo\/image\/\"}}]}<\/script>","yoast_head_json":{"title":"mujer durag sombrero rojo entrega gratuita | Ahorre un 30% en su pedido","description":"Reciba su mujer durag sombrero rojo hoy mismo y benef\u00edciese de env\u00edo gratuito | 24\/48h dispatch","robots":{"index":"index","follow":"follow","max-snippet":"max-snippet:-1","max-image-preview":"max-image-preview:large","max-video-preview":"max-video-preview:-1"},"canonical":"https:\/\/boutique-durag.com\/es\/producto\/durag-femme-bonnet-rouge\/","og_locale":"es_ES","og_type":"article","og_title":"mujer durag sombrero rojo entrega gratuita | Ahorre un 30% en su pedido","og_description":"Reciba su mujer durag sombrero rojo hoy mismo y benef\u00edciese de env\u00edo gratuito | 24\/48h dispatch","og_url":"https:\/\/boutique-durag.com\/es\/producto\/durag-femme-bonnet-rouge\/","og_site_name":"Tienda Durag","article_modified_time":"2024-09-17T14:35:37+00:00","og_image":[{"width":640,"height":640,"url":"https:\/\/boutique-durag.com\/wp-content\/uploads\/2023\/05\/product-image-1394873697_245c4ef0-78a9-4f5a-b7ea-1706fa5ef53c.jpg","type":"image\/jpeg"}],"twitter_card":"summary_large_image","twitter_misc":{"Tiempo de lectura":"1 minuto"},"schema":{"@context":"https:\/\/schema.org","@graph":[{"@type":"WebPage","@id":"https:\/\/boutique-durag.com\/es\/producto\/durag-femme-bonnet-rouge\/","url":"https:\/\/boutique-durag.com\/es\/producto\/durag-femme-bonnet-rouge\/","name":"mujer durag sombrero rojo entrega gratuita | Ahorre un 30% en su pedido","isPartOf":{"@id":"https:\/\/boutique-durag.com\/es\/#website"},"primaryImageOfPage":{"@id":"https:\/\/boutique-durag.com\/es\/producto\/durag-femme-bonnet-rouge\/#primaryimage"},"image":{"@id":"https:\/\/boutique-durag.com\/es\/producto\/durag-femme-bonnet-rouge\/#primaryimage"},"thumbnailUrl":"https:\/\/boutique-durag.com\/wp-content\/uploads\/2023\/05\/product-image-1394873697_245c4ef0-78a9-4f5a-b7ea-1706fa5ef53c.jpg","datePublished":"2023-05-30T08:46:44+00:00","dateModified":"2024-09-17T14:35:37+00:00","description":"Reciba su mujer durag sombrero rojo hoy mismo y benef\u00edciese de env\u00edo gratuito | 24\/48h dispatch","breadcrumb":{"@id":"https:\/\/boutique-durag.com\/es\/producto\/durag-femme-bonnet-rouge\/#breadcrumb"},"inLanguage":"es","potentialAction":[{"@type":"ReadAction","target":["https:\/\/boutique-durag.com\/es\/producto\/durag-femme-bonnet-rouge\/"]}]},{"@type":"ImageObject","inLanguage":"es","@id":"https:\/\/boutique-durag.com\/es\/producto\/durag-femme-bonnet-rouge\/#primaryimage","url":"https:\/\/boutique-durag.com\/wp-content\/uploads\/2023\/05\/product-image-1394873697_245c4ef0-78a9-4f5a-b7ea-1706fa5ef53c.jpg","contentUrl":"https:\/\/boutique-durag.com\/wp-content\/uploads\/2023\/05\/product-image-1394873697_245c4ef0-78a9-4f5a-b7ea-1706fa5ef53c.jpg","width":640,"height":640},{"@type":"BreadcrumbList","@id":"https:\/\/boutique-durag.com\/es\/producto\/durag-femme-bonnet-rouge\/#breadcrumb","itemListElement":[{"@type":"ListItem","position":1,"name":"Boutique durag","item":"https:\/\/boutique-durag.com\/es\/inicio\/"},{"@type":"ListItem","position":2,"name":"Tienda","item":"https:\/\/boutique-durag.com\/es\/tienda\/"},{"@type":"ListItem","position":3,"name":"Durag","item":"https:\/\/boutique-durag.com\/es\/colecciones\/durag-es\/"},{"@type":"ListItem","position":4,"name":"mujer durag sombrero rojo"}]},{"@type":"WebSite","@id":"https:\/\/boutique-durag.com\/es\/#website","url":"https:\/\/boutique-durag.com\/es\/","name":"Tienda Durag","description":"Tienda francesa de ropa de calle para hombre y mujer dedicada al mundo del durag y la cultura hip-hop. Descubre nuestra selecci\u00f3n de durag.","publisher":{"@id":"https:\/\/boutique-durag.com\/es\/#organization"},"potentialAction":[{"@type":"SearchAction","target":{"@type":"EntryPoint","urlTemplate":"https:\/\/boutique-durag.com\/es\/?s={search_term_string}"},"query-input":{"@type":"PropertyValueSpecification","valueRequired":true,"valueName":"search_term_string"}}],"inLanguage":"es"},{"@type":"Organization","@id":"https:\/\/boutique-durag.com\/es\/#organization","name":"Tienda Durag","url":"https:\/\/boutique-durag.com\/es\/","logo":{"@type":"ImageObject","inLanguage":"es","@id":"https:\/\/boutique-durag.com\/es\/#\/schema\/logo\/image\/","url":"https:\/\/boutique-durag.com\/wp-content\/uploads\/2023\/05\/cropped-Site-Logo-3-1.png","contentUrl":"https:\/\/boutique-durag.com\/wp-content\/uploads\/2023\/05\/cropped-Site-Logo-3-1.png","width":400,"height":100,"caption":"Tienda Durag"},"image":{"@id":"https:\/\/boutique-durag.com\/es\/#\/schema\/logo\/image\/"}}]}},"_links":{"self":[{"href":"https:\/\/boutique-durag.com\/es\/wp-json\/wp\/v2\/product\/12516"}],"collection":[{"href":"https:\/\/boutique-durag.com\/es\/wp-json\/wp\/v2\/product"}],"about":[{"href":"https:\/\/boutique-durag.com\/es\/wp-json\/wp\/v2\/types\/product"}],"replies":[{"embeddable":true,"href":"https:\/\/boutique-durag.com\/es\/wp-json\/wp\/v2\/comments?post=12516"}],"wp:featuredmedia":[{"embeddable":true,"href":"https:\/\/boutique-durag.com\/es\/wp-json\/wp\/v2\/media\/11966"}],"wp:attachment":[{"href":"https:\/\/boutique-durag.com\/es\/wp-json\/wp\/v2\/media?parent=12516"}],"wp:term":[{"taxonomy":"product_cat","embeddable":true,"href":"https:\/\/boutique-durag.com\/es\/wp-json\/wp\/v2\/product_cat?post=12516"},{"taxonomy":"product_tag","embeddable":true,"href":"https:\/\/boutique-durag.com\/es\/wp-json\/wp\/v2\/product_tag?post=12516"}],"curies":[{"name":"wp","href":"https:\/\/api.w.org\/{rel}","templated":true}]}}