{"id":12514,"date":"2023-05-30T08:46:44","date_gmt":"2023-05-30T08:46:44","guid":{"rendered":"https:\/\/boutique-durag.com\/produit\/durag-femme-satin-bonnet-rose\/"},"modified":"2024-09-17T14:35:35","modified_gmt":"2024-09-17T14:35:35","slug":"durag-femme-satin-bonnet-rose","status":"publish","type":"product","link":"https:\/\/boutique-durag.com\/es\/producto\/durag-femme-satin-bonnet-rose\/","title":{"rendered":"gorro durag mujer satinado rosa"},"content":{"rendered":"<h2>\u00bfEst\u00e1s buscando un durag que ofrezca una comodidad \u00f3ptima y un color fuera de lo com\u00fan? \u00a1Este es el lugar correcto! Est\u00e1 cortado cuidadosamente, con lazos largos y gruesos para evitar marcas en la frente.<\/h2>\n<ul>\n<li class=\"MsoNormal\" style=\"line-height: normal\">Este durag est\u00e1 fabricado con <b>un material suave que respeta tu piel <\/b>y evita marcas antiest\u00e9ticas<\/li>\n<li class=\"MsoNormal\" style=\"line-height: normal\">Est\u00e1 <b>dise\u00f1ado para todo tipo de cabeza<\/b>, y no supone ninguna dificultad para pon\u00e9rselo<\/li>\n<li class=\"MsoNormal\" style=\"line-height: normal\"> <b>Protege tu cabello<\/b>, y con el tiempo su textura mejora<\/li>\n<li class=\"MsoNormal\" style=\"line-height: normal\">Es un producto <b>r\u00e1pido de colocar<\/b> <\/li>\n<p> que ahorra tiempo. <\/p>\n<li class=\"MsoNormal\" style=\"line-height: normal\">Es <b>ideal para todas las estaciones<\/b>, en invierno te mantiene abrigado y en verano ventila tu cabello<\/li>\n<li class=\"MsoNormal\" style=\"line-height: normal\">Ya sea que tengas el cabello ondulado, rizado o <b>rizado, este durag es para ti<\/b> <\/li>\n<li class=\"MsoNormal\" style=\"line-height: normal\"><b><b><u>El env\u00edo es gratuito<\/u><\/b><\/b><\/li>\n<\/ul>\n<p><b><u><i><span style=\"font-weight: 400\">Categor\u00eda:<\/span><\/i> <a href=\"https:\/\/boutique-durag.com\/es \/collections\/durag-rosa\/\"><span style=\"font-weight: 400\">durag rosa<\/span><\/a>, <\/u>\ufeff<\/b>\ufeff<u data-mce-fragment=\"1\"><em data-mce-fragment=\"1\"><a data-mce-fragment=\"1\" data-mce-href=\"\/?product_cat=durag-femme\" href=\"https:\/\/boutique -durag.com\/es\/collections\/durag-mujer\/\">durag femme<\/a><\/em><\/u><\/p>\n","protected":false},"excerpt":{"rendered":"<p>\u00bfEst\u00e1s buscando un durag que ofrezca una comodidad \u00f3ptima y un color fuera de lo com\u00fan? \u00a1Este es el lugar correcto! Est\u00e1 cortado cuidadosamente, con lazos largos y gruesos para evitar marcas en la frente. Este durag est\u00e1 fabricado con un material suave que respeta tu piel y evita marcas antiest\u00e9ticas Est\u00e1 dise\u00f1ado para todo [&hellip;]<\/p>\n","protected":false},"featured_media":11964,"comment_status":"open","ping_status":"closed","template":"","meta":[],"product_cat":[612,622,628,630,610],"product_tag":[],"class_list":{"0":"post-12514","1":"product","2":"type-product","3":"status-publish","4":"has-post-thumbnail","6":"product_cat-durag-es","7":"product_cat-durag-mujer","8":"product_cat-durag-rosa","9":"product_cat-durag-satinado","10":"product_cat-gorra-de-noche","12":"first","13":"instock","14":"shipping-taxable","15":"purchasable","16":"product-type-simple"},"yoast_head":"<title>gorro durag mujer satinado rosa entrega gratuita | Ahorre un 30% en su pedido<\/title>\n<meta name=\"description\" content=\"Reciba su gorro durag mujer satinado rosa hoy mismo y benef\u00edciese de env\u00edo gratuito | 24\/48h dispatch\" \/>\n<meta name=\"robots\" content=\"index, follow, max-snippet:-1, max-image-preview:large, max-video-preview:-1\" \/>\n<link rel=\"canonical\" href=\"https:\/\/boutique-durag.com\/es\/producto\/durag-femme-satin-bonnet-rose\/\" \/>\n<meta property=\"og:locale\" content=\"es_ES\" \/>\n<meta property=\"og:type\" content=\"article\" \/>\n<meta property=\"og:title\" content=\"gorro durag mujer satinado rosa entrega gratuita | Ahorre un 30% en su pedido\" \/>\n<meta property=\"og:description\" content=\"Reciba su gorro durag mujer satinado rosa hoy mismo y benef\u00edciese de env\u00edo gratuito | 24\/48h dispatch\" \/>\n<meta property=\"og:url\" content=\"https:\/\/boutique-durag.com\/es\/producto\/durag-femme-satin-bonnet-rose\/\" \/>\n<meta property=\"og:site_name\" content=\"Tienda Durag\" \/>\n<meta property=\"article:modified_time\" content=\"2024-09-17T14:35:35+00:00\" \/>\n<meta property=\"og:image\" content=\"https:\/\/boutique-durag.com\/wp-content\/uploads\/2023\/05\/product-image-1394873700_9df4a8b5-3934-4313-be30-242bf081bcad.jpg\" \/>\n\t<meta property=\"og:image:width\" content=\"640\" \/>\n\t<meta property=\"og:image:height\" content=\"640\" \/>\n\t<meta property=\"og:image:type\" content=\"image\/jpeg\" \/>\n<meta name=\"twitter:card\" content=\"summary_large_image\" \/>\n<meta name=\"twitter:label1\" content=\"Tiempo de lectura\" \/>\n\t<meta name=\"twitter:data1\" content=\"1 minuto\" \/>\n<script type=\"application\/ld+json\" class=\"yoast-schema-graph\">{\"@context\":\"https:\/\/schema.org\",\"@graph\":[{\"@type\":\"WebPage\",\"@id\":\"https:\/\/boutique-durag.com\/es\/producto\/durag-femme-satin-bonnet-rose\/\",\"url\":\"https:\/\/boutique-durag.com\/es\/producto\/durag-femme-satin-bonnet-rose\/\",\"name\":\"gorro durag mujer satinado rosa entrega gratuita | Ahorre un 30% en su pedido\",\"isPartOf\":{\"@id\":\"https:\/\/boutique-durag.com\/es\/#website\"},\"primaryImageOfPage\":{\"@id\":\"https:\/\/boutique-durag.com\/es\/producto\/durag-femme-satin-bonnet-rose\/#primaryimage\"},\"image\":{\"@id\":\"https:\/\/boutique-durag.com\/es\/producto\/durag-femme-satin-bonnet-rose\/#primaryimage\"},\"thumbnailUrl\":\"https:\/\/boutique-durag.com\/wp-content\/uploads\/2023\/05\/product-image-1394873700_9df4a8b5-3934-4313-be30-242bf081bcad.jpg\",\"datePublished\":\"2023-05-30T08:46:44+00:00\",\"dateModified\":\"2024-09-17T14:35:35+00:00\",\"description\":\"Reciba su gorro durag mujer satinado rosa hoy mismo y benef\u00edciese de env\u00edo gratuito | 24\/48h dispatch\",\"breadcrumb\":{\"@id\":\"https:\/\/boutique-durag.com\/es\/producto\/durag-femme-satin-bonnet-rose\/#breadcrumb\"},\"inLanguage\":\"es\",\"potentialAction\":[{\"@type\":\"ReadAction\",\"target\":[\"https:\/\/boutique-durag.com\/es\/producto\/durag-femme-satin-bonnet-rose\/\"]}]},{\"@type\":\"ImageObject\",\"inLanguage\":\"es\",\"@id\":\"https:\/\/boutique-durag.com\/es\/producto\/durag-femme-satin-bonnet-rose\/#primaryimage\",\"url\":\"https:\/\/boutique-durag.com\/wp-content\/uploads\/2023\/05\/product-image-1394873700_9df4a8b5-3934-4313-be30-242bf081bcad.jpg\",\"contentUrl\":\"https:\/\/boutique-durag.com\/wp-content\/uploads\/2023\/05\/product-image-1394873700_9df4a8b5-3934-4313-be30-242bf081bcad.jpg\",\"width\":640,\"height\":640},{\"@type\":\"BreadcrumbList\",\"@id\":\"https:\/\/boutique-durag.com\/es\/producto\/durag-femme-satin-bonnet-rose\/#breadcrumb\",\"itemListElement\":[{\"@type\":\"ListItem\",\"position\":1,\"name\":\"Boutique durag\",\"item\":\"https:\/\/boutique-durag.com\/es\/inicio\/\"},{\"@type\":\"ListItem\",\"position\":2,\"name\":\"Tienda\",\"item\":\"https:\/\/boutique-durag.com\/es\/tienda\/\"},{\"@type\":\"ListItem\",\"position\":3,\"name\":\"Durag\",\"item\":\"https:\/\/boutique-durag.com\/es\/colecciones\/durag-es\/\"},{\"@type\":\"ListItem\",\"position\":4,\"name\":\"gorro durag mujer satinado rosa\"}]},{\"@type\":\"WebSite\",\"@id\":\"https:\/\/boutique-durag.com\/es\/#website\",\"url\":\"https:\/\/boutique-durag.com\/es\/\",\"name\":\"Tienda Durag\",\"description\":\"Tienda francesa de ropa de calle para hombre y mujer dedicada al mundo del durag y la cultura hip-hop. Descubre nuestra selecci\u00f3n de durag.\",\"publisher\":{\"@id\":\"https:\/\/boutique-durag.com\/es\/#organization\"},\"potentialAction\":[{\"@type\":\"SearchAction\",\"target\":{\"@type\":\"EntryPoint\",\"urlTemplate\":\"https:\/\/boutique-durag.com\/es\/?s={search_term_string}\"},\"query-input\":{\"@type\":\"PropertyValueSpecification\",\"valueRequired\":true,\"valueName\":\"search_term_string\"}}],\"inLanguage\":\"es\"},{\"@type\":\"Organization\",\"@id\":\"https:\/\/boutique-durag.com\/es\/#organization\",\"name\":\"Tienda Durag\",\"url\":\"https:\/\/boutique-durag.com\/es\/\",\"logo\":{\"@type\":\"ImageObject\",\"inLanguage\":\"es\",\"@id\":\"https:\/\/boutique-durag.com\/es\/#\/schema\/logo\/image\/\",\"url\":\"https:\/\/boutique-durag.com\/wp-content\/uploads\/2023\/05\/cropped-Site-Logo-3-1.png\",\"contentUrl\":\"https:\/\/boutique-durag.com\/wp-content\/uploads\/2023\/05\/cropped-Site-Logo-3-1.png\",\"width\":400,\"height\":100,\"caption\":\"Tienda Durag\"},\"image\":{\"@id\":\"https:\/\/boutique-durag.com\/es\/#\/schema\/logo\/image\/\"}}]}<\/script>","yoast_head_json":{"title":"gorro durag mujer satinado rosa entrega gratuita | Ahorre un 30% en su pedido","description":"Reciba su gorro durag mujer satinado rosa hoy mismo y benef\u00edciese de env\u00edo gratuito | 24\/48h dispatch","robots":{"index":"index","follow":"follow","max-snippet":"max-snippet:-1","max-image-preview":"max-image-preview:large","max-video-preview":"max-video-preview:-1"},"canonical":"https:\/\/boutique-durag.com\/es\/producto\/durag-femme-satin-bonnet-rose\/","og_locale":"es_ES","og_type":"article","og_title":"gorro durag mujer satinado rosa entrega gratuita | Ahorre un 30% en su pedido","og_description":"Reciba su gorro durag mujer satinado rosa hoy mismo y benef\u00edciese de env\u00edo gratuito | 24\/48h dispatch","og_url":"https:\/\/boutique-durag.com\/es\/producto\/durag-femme-satin-bonnet-rose\/","og_site_name":"Tienda Durag","article_modified_time":"2024-09-17T14:35:35+00:00","og_image":[{"width":640,"height":640,"url":"https:\/\/boutique-durag.com\/wp-content\/uploads\/2023\/05\/product-image-1394873700_9df4a8b5-3934-4313-be30-242bf081bcad.jpg","type":"image\/jpeg"}],"twitter_card":"summary_large_image","twitter_misc":{"Tiempo de lectura":"1 minuto"},"schema":{"@context":"https:\/\/schema.org","@graph":[{"@type":"WebPage","@id":"https:\/\/boutique-durag.com\/es\/producto\/durag-femme-satin-bonnet-rose\/","url":"https:\/\/boutique-durag.com\/es\/producto\/durag-femme-satin-bonnet-rose\/","name":"gorro durag mujer satinado rosa entrega gratuita | Ahorre un 30% en su pedido","isPartOf":{"@id":"https:\/\/boutique-durag.com\/es\/#website"},"primaryImageOfPage":{"@id":"https:\/\/boutique-durag.com\/es\/producto\/durag-femme-satin-bonnet-rose\/#primaryimage"},"image":{"@id":"https:\/\/boutique-durag.com\/es\/producto\/durag-femme-satin-bonnet-rose\/#primaryimage"},"thumbnailUrl":"https:\/\/boutique-durag.com\/wp-content\/uploads\/2023\/05\/product-image-1394873700_9df4a8b5-3934-4313-be30-242bf081bcad.jpg","datePublished":"2023-05-30T08:46:44+00:00","dateModified":"2024-09-17T14:35:35+00:00","description":"Reciba su gorro durag mujer satinado rosa hoy mismo y benef\u00edciese de env\u00edo gratuito | 24\/48h dispatch","breadcrumb":{"@id":"https:\/\/boutique-durag.com\/es\/producto\/durag-femme-satin-bonnet-rose\/#breadcrumb"},"inLanguage":"es","potentialAction":[{"@type":"ReadAction","target":["https:\/\/boutique-durag.com\/es\/producto\/durag-femme-satin-bonnet-rose\/"]}]},{"@type":"ImageObject","inLanguage":"es","@id":"https:\/\/boutique-durag.com\/es\/producto\/durag-femme-satin-bonnet-rose\/#primaryimage","url":"https:\/\/boutique-durag.com\/wp-content\/uploads\/2023\/05\/product-image-1394873700_9df4a8b5-3934-4313-be30-242bf081bcad.jpg","contentUrl":"https:\/\/boutique-durag.com\/wp-content\/uploads\/2023\/05\/product-image-1394873700_9df4a8b5-3934-4313-be30-242bf081bcad.jpg","width":640,"height":640},{"@type":"BreadcrumbList","@id":"https:\/\/boutique-durag.com\/es\/producto\/durag-femme-satin-bonnet-rose\/#breadcrumb","itemListElement":[{"@type":"ListItem","position":1,"name":"Boutique durag","item":"https:\/\/boutique-durag.com\/es\/inicio\/"},{"@type":"ListItem","position":2,"name":"Tienda","item":"https:\/\/boutique-durag.com\/es\/tienda\/"},{"@type":"ListItem","position":3,"name":"Durag","item":"https:\/\/boutique-durag.com\/es\/colecciones\/durag-es\/"},{"@type":"ListItem","position":4,"name":"gorro durag mujer satinado rosa"}]},{"@type":"WebSite","@id":"https:\/\/boutique-durag.com\/es\/#website","url":"https:\/\/boutique-durag.com\/es\/","name":"Tienda Durag","description":"Tienda francesa de ropa de calle para hombre y mujer dedicada al mundo del durag y la cultura hip-hop. Descubre nuestra selecci\u00f3n de durag.","publisher":{"@id":"https:\/\/boutique-durag.com\/es\/#organization"},"potentialAction":[{"@type":"SearchAction","target":{"@type":"EntryPoint","urlTemplate":"https:\/\/boutique-durag.com\/es\/?s={search_term_string}"},"query-input":{"@type":"PropertyValueSpecification","valueRequired":true,"valueName":"search_term_string"}}],"inLanguage":"es"},{"@type":"Organization","@id":"https:\/\/boutique-durag.com\/es\/#organization","name":"Tienda Durag","url":"https:\/\/boutique-durag.com\/es\/","logo":{"@type":"ImageObject","inLanguage":"es","@id":"https:\/\/boutique-durag.com\/es\/#\/schema\/logo\/image\/","url":"https:\/\/boutique-durag.com\/wp-content\/uploads\/2023\/05\/cropped-Site-Logo-3-1.png","contentUrl":"https:\/\/boutique-durag.com\/wp-content\/uploads\/2023\/05\/cropped-Site-Logo-3-1.png","width":400,"height":100,"caption":"Tienda Durag"},"image":{"@id":"https:\/\/boutique-durag.com\/es\/#\/schema\/logo\/image\/"}}]}},"_links":{"self":[{"href":"https:\/\/boutique-durag.com\/es\/wp-json\/wp\/v2\/product\/12514"}],"collection":[{"href":"https:\/\/boutique-durag.com\/es\/wp-json\/wp\/v2\/product"}],"about":[{"href":"https:\/\/boutique-durag.com\/es\/wp-json\/wp\/v2\/types\/product"}],"replies":[{"embeddable":true,"href":"https:\/\/boutique-durag.com\/es\/wp-json\/wp\/v2\/comments?post=12514"}],"wp:featuredmedia":[{"embeddable":true,"href":"https:\/\/boutique-durag.com\/es\/wp-json\/wp\/v2\/media\/11964"}],"wp:attachment":[{"href":"https:\/\/boutique-durag.com\/es\/wp-json\/wp\/v2\/media?parent=12514"}],"wp:term":[{"taxonomy":"product_cat","embeddable":true,"href":"https:\/\/boutique-durag.com\/es\/wp-json\/wp\/v2\/product_cat?post=12514"},{"taxonomy":"product_tag","embeddable":true,"href":"https:\/\/boutique-durag.com\/es\/wp-json\/wp\/v2\/product_tag?post=12514"}],"curies":[{"name":"wp","href":"https:\/\/api.w.org\/{rel}","templated":true}]}}