{"id":12496,"date":"2023-05-30T08:46:51","date_gmt":"2023-05-30T08:46:51","guid":{"rendered":"https:\/\/boutique-durag.com\/produit\/durag-velours-luxueux-bleu-turquoise\/"},"modified":"2024-09-17T14:35:22","modified_gmt":"2024-09-17T14:35:22","slug":"durag-velours-luxueux-bleu-turquoise","status":"publish","type":"product","link":"https:\/\/boutique-durag.com\/es\/producto\/durag-velours-luxueux-bleu-turquoise\/","title":{"rendered":"lujoso durag de terciopelo azul turquesa"},"content":{"rendered":"<h2> <span style=\"font-size:1.4em\">Hoy en d\u00eda, casi todo el mundo tiene la misma ropa, pero lo que haces para destacar es tu elecci\u00f3n de accesorios. Este lujoso durag es un complemento perfecto para crear tu apariencia \u00fanica.<\/span><\/h2>\n<ul>\n<li><strong>Fabricado con materiales suaves y respetuosos con la piel<\/strong>, este durag te permitir\u00e1 decir adi\u00f3s a las marcas no deseadas.<\/li>\n<li><strong>Apto para todo tipo de cabezas<\/strong>, no tendr\u00e1s problema en pon\u00e9rtelo.<\/li>\n<li>Este durag no ataca tu cabello, al contrario, mejora su textura con el tiempo.<\/li>\n<li><strong>F\u00e1cil de usar<\/strong>, te ahorrar\u00e1 tiempo al pon\u00e9rtelo.<\/li>\n<li>Puedes usarlo en <strong>todas las estaciones<\/strong>, en invierno sustituir\u00e1 a tu sombrero y en verano airear\u00e1 tu cabello.<\/li>\n<li><strong>Perfecto para todos los estilos de cabello<\/strong>, ya sea rizado, ondulado o encrespado.<\/li>\n<\/ul>\n<ul>\n<li><strong><u>Entrega est\u00e1ndar gratuita<\/u><\/strong><\/li>\n<\/ul>\n<p><i>Categor\u00eda: <a href=\"https:\/\/boutique-durag.com\/es\/collections\/durag-azul\/\" class=\"broken_link\">durag azul<\/a><\/i><\/p>\n","protected":false},"excerpt":{"rendered":"<p>Hoy en d\u00eda, casi todo el mundo tiene la misma ropa, pero lo que haces para destacar es tu elecci\u00f3n de accesorios. Este lujoso durag es un complemento perfecto para crear tu apariencia \u00fanica. Fabricado con materiales suaves y respetuosos con la piel, este durag te permitir\u00e1 decir adi\u00f3s a las marcas no deseadas. Apto [&hellip;]<\/p>\n","protected":false},"featured_media":11983,"comment_status":"open","ping_status":"closed","template":"","meta":[],"product_cat":[612,616,619,632],"product_tag":[],"class_list":{"0":"post-12496","1":"product","2":"type-product","3":"status-publish","4":"has-post-thumbnail","6":"product_cat-durag-es","7":"product_cat-durag-azul","8":"product_cat-durag-color","9":"product_cat-durag-terciopelo","11":"first","12":"instock","13":"shipping-taxable","14":"purchasable","15":"product-type-simple"},"yoast_head":"<title>lujoso durag de terciopelo azul turquesa entrega gratuita | Ahorre un 30% en su pedido<\/title>\n<meta name=\"description\" content=\"Reciba su lujoso durag de terciopelo azul turquesa hoy mismo y benef\u00edciese de env\u00edo gratuito | 24\/48h dispatch\" \/>\n<meta name=\"robots\" content=\"index, follow, max-snippet:-1, max-image-preview:large, max-video-preview:-1\" \/>\n<link rel=\"canonical\" href=\"https:\/\/boutique-durag.com\/es\/producto\/durag-velours-luxueux-bleu-turquoise\/\" \/>\n<meta property=\"og:locale\" content=\"es_ES\" \/>\n<meta property=\"og:type\" content=\"article\" \/>\n<meta property=\"og:title\" content=\"lujoso durag de terciopelo azul turquesa entrega gratuita | Ahorre un 30% en su pedido\" \/>\n<meta property=\"og:description\" content=\"Reciba su lujoso durag de terciopelo azul turquesa hoy mismo y benef\u00edciese de env\u00edo gratuito | 24\/48h dispatch\" \/>\n<meta property=\"og:url\" content=\"https:\/\/boutique-durag.com\/es\/producto\/durag-velours-luxueux-bleu-turquoise\/\" \/>\n<meta property=\"og:site_name\" content=\"Tienda Durag\" \/>\n<meta property=\"article:modified_time\" content=\"2024-09-17T14:35:22+00:00\" \/>\n<meta property=\"og:image\" content=\"https:\/\/boutique-durag.com\/wp-content\/uploads\/2023\/05\/product-image-1305346432.jpg\" \/>\n\t<meta property=\"og:image:width\" content=\"640\" \/>\n\t<meta property=\"og:image:height\" content=\"640\" \/>\n\t<meta property=\"og:image:type\" content=\"image\/jpeg\" \/>\n<meta name=\"twitter:card\" content=\"summary_large_image\" \/>\n<meta name=\"twitter:label1\" content=\"Tiempo de lectura\" \/>\n\t<meta name=\"twitter:data1\" content=\"1 minuto\" \/>\n<script type=\"application\/ld+json\" class=\"yoast-schema-graph\">{\"@context\":\"https:\/\/schema.org\",\"@graph\":[{\"@type\":\"WebPage\",\"@id\":\"https:\/\/boutique-durag.com\/es\/producto\/durag-velours-luxueux-bleu-turquoise\/\",\"url\":\"https:\/\/boutique-durag.com\/es\/producto\/durag-velours-luxueux-bleu-turquoise\/\",\"name\":\"lujoso durag de terciopelo azul turquesa entrega gratuita | Ahorre un 30% en su pedido\",\"isPartOf\":{\"@id\":\"https:\/\/boutique-durag.com\/es\/#website\"},\"primaryImageOfPage\":{\"@id\":\"https:\/\/boutique-durag.com\/es\/producto\/durag-velours-luxueux-bleu-turquoise\/#primaryimage\"},\"image\":{\"@id\":\"https:\/\/boutique-durag.com\/es\/producto\/durag-velours-luxueux-bleu-turquoise\/#primaryimage\"},\"thumbnailUrl\":\"https:\/\/boutique-durag.com\/wp-content\/uploads\/2023\/05\/product-image-1305346432.jpg\",\"datePublished\":\"2023-05-30T08:46:51+00:00\",\"dateModified\":\"2024-09-17T14:35:22+00:00\",\"description\":\"Reciba su lujoso durag de terciopelo azul turquesa hoy mismo y benef\u00edciese de env\u00edo gratuito | 24\/48h dispatch\",\"breadcrumb\":{\"@id\":\"https:\/\/boutique-durag.com\/es\/producto\/durag-velours-luxueux-bleu-turquoise\/#breadcrumb\"},\"inLanguage\":\"es\",\"potentialAction\":[{\"@type\":\"ReadAction\",\"target\":[\"https:\/\/boutique-durag.com\/es\/producto\/durag-velours-luxueux-bleu-turquoise\/\"]}]},{\"@type\":\"ImageObject\",\"inLanguage\":\"es\",\"@id\":\"https:\/\/boutique-durag.com\/es\/producto\/durag-velours-luxueux-bleu-turquoise\/#primaryimage\",\"url\":\"https:\/\/boutique-durag.com\/wp-content\/uploads\/2023\/05\/product-image-1305346432.jpg\",\"contentUrl\":\"https:\/\/boutique-durag.com\/wp-content\/uploads\/2023\/05\/product-image-1305346432.jpg\",\"width\":640,\"height\":640},{\"@type\":\"BreadcrumbList\",\"@id\":\"https:\/\/boutique-durag.com\/es\/producto\/durag-velours-luxueux-bleu-turquoise\/#breadcrumb\",\"itemListElement\":[{\"@type\":\"ListItem\",\"position\":1,\"name\":\"Boutique durag\",\"item\":\"https:\/\/boutique-durag.com\/es\/inicio\/\"},{\"@type\":\"ListItem\",\"position\":2,\"name\":\"Tienda\",\"item\":\"https:\/\/boutique-durag.com\/es\/tienda\/\"},{\"@type\":\"ListItem\",\"position\":3,\"name\":\"Durag\",\"item\":\"https:\/\/boutique-durag.com\/es\/colecciones\/durag-es\/\"},{\"@type\":\"ListItem\",\"position\":4,\"name\":\"lujoso durag de terciopelo azul turquesa\"}]},{\"@type\":\"WebSite\",\"@id\":\"https:\/\/boutique-durag.com\/es\/#website\",\"url\":\"https:\/\/boutique-durag.com\/es\/\",\"name\":\"Tienda Durag\",\"description\":\"Tienda francesa de ropa de calle para hombre y mujer dedicada al mundo del durag y la cultura hip-hop. Descubre nuestra selecci\u00f3n de durag.\",\"publisher\":{\"@id\":\"https:\/\/boutique-durag.com\/es\/#organization\"},\"potentialAction\":[{\"@type\":\"SearchAction\",\"target\":{\"@type\":\"EntryPoint\",\"urlTemplate\":\"https:\/\/boutique-durag.com\/es\/?s={search_term_string}\"},\"query-input\":{\"@type\":\"PropertyValueSpecification\",\"valueRequired\":true,\"valueName\":\"search_term_string\"}}],\"inLanguage\":\"es\"},{\"@type\":\"Organization\",\"@id\":\"https:\/\/boutique-durag.com\/es\/#organization\",\"name\":\"Tienda Durag\",\"url\":\"https:\/\/boutique-durag.com\/es\/\",\"logo\":{\"@type\":\"ImageObject\",\"inLanguage\":\"es\",\"@id\":\"https:\/\/boutique-durag.com\/es\/#\/schema\/logo\/image\/\",\"url\":\"https:\/\/boutique-durag.com\/wp-content\/uploads\/2023\/05\/cropped-Site-Logo-3-1.png\",\"contentUrl\":\"https:\/\/boutique-durag.com\/wp-content\/uploads\/2023\/05\/cropped-Site-Logo-3-1.png\",\"width\":400,\"height\":100,\"caption\":\"Tienda Durag\"},\"image\":{\"@id\":\"https:\/\/boutique-durag.com\/es\/#\/schema\/logo\/image\/\"}}]}<\/script>","yoast_head_json":{"title":"lujoso durag de terciopelo azul turquesa entrega gratuita | Ahorre un 30% en su pedido","description":"Reciba su lujoso durag de terciopelo azul turquesa hoy mismo y benef\u00edciese de env\u00edo gratuito | 24\/48h dispatch","robots":{"index":"index","follow":"follow","max-snippet":"max-snippet:-1","max-image-preview":"max-image-preview:large","max-video-preview":"max-video-preview:-1"},"canonical":"https:\/\/boutique-durag.com\/es\/producto\/durag-velours-luxueux-bleu-turquoise\/","og_locale":"es_ES","og_type":"article","og_title":"lujoso durag de terciopelo azul turquesa entrega gratuita | Ahorre un 30% en su pedido","og_description":"Reciba su lujoso durag de terciopelo azul turquesa hoy mismo y benef\u00edciese de env\u00edo gratuito | 24\/48h dispatch","og_url":"https:\/\/boutique-durag.com\/es\/producto\/durag-velours-luxueux-bleu-turquoise\/","og_site_name":"Tienda Durag","article_modified_time":"2024-09-17T14:35:22+00:00","og_image":[{"width":640,"height":640,"url":"https:\/\/boutique-durag.com\/wp-content\/uploads\/2023\/05\/product-image-1305346432.jpg","type":"image\/jpeg"}],"twitter_card":"summary_large_image","twitter_misc":{"Tiempo de lectura":"1 minuto"},"schema":{"@context":"https:\/\/schema.org","@graph":[{"@type":"WebPage","@id":"https:\/\/boutique-durag.com\/es\/producto\/durag-velours-luxueux-bleu-turquoise\/","url":"https:\/\/boutique-durag.com\/es\/producto\/durag-velours-luxueux-bleu-turquoise\/","name":"lujoso durag de terciopelo azul turquesa entrega gratuita | Ahorre un 30% en su pedido","isPartOf":{"@id":"https:\/\/boutique-durag.com\/es\/#website"},"primaryImageOfPage":{"@id":"https:\/\/boutique-durag.com\/es\/producto\/durag-velours-luxueux-bleu-turquoise\/#primaryimage"},"image":{"@id":"https:\/\/boutique-durag.com\/es\/producto\/durag-velours-luxueux-bleu-turquoise\/#primaryimage"},"thumbnailUrl":"https:\/\/boutique-durag.com\/wp-content\/uploads\/2023\/05\/product-image-1305346432.jpg","datePublished":"2023-05-30T08:46:51+00:00","dateModified":"2024-09-17T14:35:22+00:00","description":"Reciba su lujoso durag de terciopelo azul turquesa hoy mismo y benef\u00edciese de env\u00edo gratuito | 24\/48h dispatch","breadcrumb":{"@id":"https:\/\/boutique-durag.com\/es\/producto\/durag-velours-luxueux-bleu-turquoise\/#breadcrumb"},"inLanguage":"es","potentialAction":[{"@type":"ReadAction","target":["https:\/\/boutique-durag.com\/es\/producto\/durag-velours-luxueux-bleu-turquoise\/"]}]},{"@type":"ImageObject","inLanguage":"es","@id":"https:\/\/boutique-durag.com\/es\/producto\/durag-velours-luxueux-bleu-turquoise\/#primaryimage","url":"https:\/\/boutique-durag.com\/wp-content\/uploads\/2023\/05\/product-image-1305346432.jpg","contentUrl":"https:\/\/boutique-durag.com\/wp-content\/uploads\/2023\/05\/product-image-1305346432.jpg","width":640,"height":640},{"@type":"BreadcrumbList","@id":"https:\/\/boutique-durag.com\/es\/producto\/durag-velours-luxueux-bleu-turquoise\/#breadcrumb","itemListElement":[{"@type":"ListItem","position":1,"name":"Boutique durag","item":"https:\/\/boutique-durag.com\/es\/inicio\/"},{"@type":"ListItem","position":2,"name":"Tienda","item":"https:\/\/boutique-durag.com\/es\/tienda\/"},{"@type":"ListItem","position":3,"name":"Durag","item":"https:\/\/boutique-durag.com\/es\/colecciones\/durag-es\/"},{"@type":"ListItem","position":4,"name":"lujoso durag de terciopelo azul turquesa"}]},{"@type":"WebSite","@id":"https:\/\/boutique-durag.com\/es\/#website","url":"https:\/\/boutique-durag.com\/es\/","name":"Tienda Durag","description":"Tienda francesa de ropa de calle para hombre y mujer dedicada al mundo del durag y la cultura hip-hop. Descubre nuestra selecci\u00f3n de durag.","publisher":{"@id":"https:\/\/boutique-durag.com\/es\/#organization"},"potentialAction":[{"@type":"SearchAction","target":{"@type":"EntryPoint","urlTemplate":"https:\/\/boutique-durag.com\/es\/?s={search_term_string}"},"query-input":{"@type":"PropertyValueSpecification","valueRequired":true,"valueName":"search_term_string"}}],"inLanguage":"es"},{"@type":"Organization","@id":"https:\/\/boutique-durag.com\/es\/#organization","name":"Tienda Durag","url":"https:\/\/boutique-durag.com\/es\/","logo":{"@type":"ImageObject","inLanguage":"es","@id":"https:\/\/boutique-durag.com\/es\/#\/schema\/logo\/image\/","url":"https:\/\/boutique-durag.com\/wp-content\/uploads\/2023\/05\/cropped-Site-Logo-3-1.png","contentUrl":"https:\/\/boutique-durag.com\/wp-content\/uploads\/2023\/05\/cropped-Site-Logo-3-1.png","width":400,"height":100,"caption":"Tienda Durag"},"image":{"@id":"https:\/\/boutique-durag.com\/es\/#\/schema\/logo\/image\/"}}]}},"_links":{"self":[{"href":"https:\/\/boutique-durag.com\/es\/wp-json\/wp\/v2\/product\/12496"}],"collection":[{"href":"https:\/\/boutique-durag.com\/es\/wp-json\/wp\/v2\/product"}],"about":[{"href":"https:\/\/boutique-durag.com\/es\/wp-json\/wp\/v2\/types\/product"}],"replies":[{"embeddable":true,"href":"https:\/\/boutique-durag.com\/es\/wp-json\/wp\/v2\/comments?post=12496"}],"wp:featuredmedia":[{"embeddable":true,"href":"https:\/\/boutique-durag.com\/es\/wp-json\/wp\/v2\/media\/11983"}],"wp:attachment":[{"href":"https:\/\/boutique-durag.com\/es\/wp-json\/wp\/v2\/media?parent=12496"}],"wp:term":[{"taxonomy":"product_cat","embeddable":true,"href":"https:\/\/boutique-durag.com\/es\/wp-json\/wp\/v2\/product_cat?post=12496"},{"taxonomy":"product_tag","embeddable":true,"href":"https:\/\/boutique-durag.com\/es\/wp-json\/wp\/v2\/product_tag?post=12496"}],"curies":[{"name":"wp","href":"https:\/\/api.w.org\/{rel}","templated":true}]}}