{"id":12467,"date":"2023-05-30T08:47:03","date_gmt":"2023-05-30T08:47:03","guid":{"rendered":"https:\/\/boutique-durag.com\/produit\/durag-homme-velours-rouge-bordeaux\/"},"modified":"2024-09-17T14:35:01","modified_gmt":"2024-09-17T14:35:01","slug":"durag-homme-velours-rouge-bordeaux","status":"publish","type":"product","link":"https:\/\/boutique-durag.com\/es\/producto\/durag-homme-velours-rouge-bordeaux\/","title":{"rendered":"durag hombre burdeos terciopelo rojo"},"content":{"rendered":"<h2>El durag se ha convertido en un elemento esencial del estilo urbano. Es f\u00e1cil de llevar y combinar: \u00bfpor qu\u00e9 no aprovecharlo?<\/h2>\n<ul>\n<li class=\"MsoNormal\" style=\"line-height: normal\">Fabricado con materiales suaves y respetuosos con la piel, este durag te permite olvidar las desagradables marcas de tu rostro.<\/li>\n<li class=\"MsoNormal\" style=\"line-height: normal\">Se adapta a todo tipo de cabezas y se puede colocar en tan solo unos minutos.<\/li>\n<li class=\"MsoNormal\" style=\"line-height: normal\">Adem\u00e1s, no da\u00f1a el cabello, al contrario, su textura mejora con el tiempo.<\/li>\n<li class=\"MsoNormal\" style=\"line-height: normal\">Por \u00faltimo, se puede usar durante todo el a\u00f1o, en invierno para mantener el calor y en verano para ventilar y proteger el cabello.<\/li>\n<li class=\"MsoNormal\" style=\"line-height: normal\">No importa si eres ondulado o rizado, este durag es perfecto para cualquier tipo de cabello.<\/li>\n<\/ul>\n<ul>\n<li class=\"MsoNormal\" style=\"line-height: normal\"> <b><b><u>El env\u00edo est\u00e1ndar es gratuito<i><span><\/span><\/i><\/u><\/b><\/b>\n<\/p>\n<\/li>\n<\/ul>\n<p><b>\ufeff<\/b>\ufeff<em data-mce-fragment=\"1\">categor\u00eda:<span data-mce-fragment=\"1\"> <\/span><span data-mce-fragment=\"1\" data-mce-style=\"color: #ff0000;\" style=\"color: #ff0000\"><a fragment=\"1\" href=\"https:\/\/boutique-durag.com\/es\/collections\/durag-hombre\/\" style=\"color: #ff0000\" class=\"broken_link\">durag homme<\/a>,\u00a0\u00a0<a fragment=\"1\" href=\"https:\/\/boutique-durag.com\/es\/collections\/durag-rojo\/\" class=\"broken_link\"><span data-mce-fragment=\"1\" style=\"font-weight: 400\">durag rojo<\/span><\/a><\/span><\/em><\/p>\n<h2>El durag se ha convertido en una pieza esencial para un look streetwear. F\u00e1cil de llevar y combinar, es la soluci\u00f3n ideal para conseguir un estilo \u00fanico. Fabricado con materiales suaves y respetuosos con la piel, este durag es perfecto para todo tipo de cabeza y se puede colocar en solo unos minutos. Gracias a \u00e9l, ya no tendr\u00e1s marcas antiest\u00e9ticas en tu rostro y tu cabello quedar\u00e1 m\u00e1s bonito. Tambi\u00e9n se puede usar durante todo el a\u00f1o, en invierno para mantener el calor y en verano para ventilar y proteger el cabello. No importa si eres indeciso o indeciso, este durag es perfecto para cualquier tipo de cabello y el env\u00edo es gratuito. <\/h2>\n","protected":false},"excerpt":{"rendered":"<p>El durag se ha convertido en un elemento esencial del estilo urbano. Es f\u00e1cil de llevar y combinar: \u00bfpor qu\u00e9 no aprovecharlo? Fabricado con materiales suaves y respetuosos con la piel, este durag te permite olvidar las desagradables marcas de tu rostro. Se adapta a todo tipo de cabezas y se puede colocar en tan [&hellip;]<\/p>\n","protected":false},"featured_media":12014,"comment_status":"open","ping_status":"closed","template":"","meta":[],"product_cat":[612,619,625,629,632],"product_tag":[],"class_list":{"0":"post-12467","1":"product","2":"type-product","3":"status-publish","4":"has-post-thumbnail","6":"product_cat-durag-es","7":"product_cat-durag-color","8":"product_cat-durag-hombre","9":"product_cat-durag-rojo","10":"product_cat-durag-terciopelo","12":"first","13":"instock","14":"shipping-taxable","15":"purchasable","16":"product-type-simple"},"yoast_head":"<title>durag hombre burdeos terciopelo rojo entrega gratuita | Ahorre un 30% en su pedido<\/title>\n<meta name=\"description\" content=\"Reciba su durag hombre burdeos terciopelo rojo hoy mismo y benef\u00edciese de env\u00edo gratuito | 24\/48h dispatch\" \/>\n<meta name=\"robots\" content=\"index, follow, max-snippet:-1, max-image-preview:large, max-video-preview:-1\" \/>\n<link rel=\"canonical\" href=\"https:\/\/boutique-durag.com\/es\/producto\/durag-homme-velours-rouge-bordeaux\/\" \/>\n<meta property=\"og:locale\" content=\"es_ES\" \/>\n<meta property=\"og:type\" content=\"article\" \/>\n<meta property=\"og:title\" content=\"durag hombre burdeos terciopelo rojo entrega gratuita | Ahorre un 30% en su pedido\" \/>\n<meta property=\"og:description\" content=\"Reciba su durag hombre burdeos terciopelo rojo hoy mismo y benef\u00edciese de env\u00edo gratuito | 24\/48h dispatch\" \/>\n<meta property=\"og:url\" content=\"https:\/\/boutique-durag.com\/es\/producto\/durag-homme-velours-rouge-bordeaux\/\" \/>\n<meta property=\"og:site_name\" content=\"Tienda Durag\" \/>\n<meta property=\"article:modified_time\" content=\"2024-09-17T14:35:01+00:00\" \/>\n<meta property=\"og:image\" content=\"https:\/\/boutique-durag.com\/wp-content\/uploads\/2023\/05\/product-image-1402905789.jpg\" \/>\n\t<meta property=\"og:image:width\" content=\"640\" \/>\n\t<meta property=\"og:image:height\" content=\"640\" \/>\n\t<meta property=\"og:image:type\" content=\"image\/jpeg\" \/>\n<meta name=\"twitter:card\" content=\"summary_large_image\" \/>\n<meta name=\"twitter:label1\" content=\"Tiempo de lectura\" \/>\n\t<meta name=\"twitter:data1\" content=\"1 minuto\" \/>\n<script type=\"application\/ld+json\" class=\"yoast-schema-graph\">{\"@context\":\"https:\/\/schema.org\",\"@graph\":[{\"@type\":\"WebPage\",\"@id\":\"https:\/\/boutique-durag.com\/es\/producto\/durag-homme-velours-rouge-bordeaux\/\",\"url\":\"https:\/\/boutique-durag.com\/es\/producto\/durag-homme-velours-rouge-bordeaux\/\",\"name\":\"durag hombre burdeos terciopelo rojo entrega gratuita | Ahorre un 30% en su pedido\",\"isPartOf\":{\"@id\":\"https:\/\/boutique-durag.com\/es\/#website\"},\"primaryImageOfPage\":{\"@id\":\"https:\/\/boutique-durag.com\/es\/producto\/durag-homme-velours-rouge-bordeaux\/#primaryimage\"},\"image\":{\"@id\":\"https:\/\/boutique-durag.com\/es\/producto\/durag-homme-velours-rouge-bordeaux\/#primaryimage\"},\"thumbnailUrl\":\"https:\/\/boutique-durag.com\/wp-content\/uploads\/2023\/05\/product-image-1402905789.jpg\",\"datePublished\":\"2023-05-30T08:47:03+00:00\",\"dateModified\":\"2024-09-17T14:35:01+00:00\",\"description\":\"Reciba su durag hombre burdeos terciopelo rojo hoy mismo y benef\u00edciese de env\u00edo gratuito | 24\/48h dispatch\",\"breadcrumb\":{\"@id\":\"https:\/\/boutique-durag.com\/es\/producto\/durag-homme-velours-rouge-bordeaux\/#breadcrumb\"},\"inLanguage\":\"es\",\"potentialAction\":[{\"@type\":\"ReadAction\",\"target\":[\"https:\/\/boutique-durag.com\/es\/producto\/durag-homme-velours-rouge-bordeaux\/\"]}]},{\"@type\":\"ImageObject\",\"inLanguage\":\"es\",\"@id\":\"https:\/\/boutique-durag.com\/es\/producto\/durag-homme-velours-rouge-bordeaux\/#primaryimage\",\"url\":\"https:\/\/boutique-durag.com\/wp-content\/uploads\/2023\/05\/product-image-1402905789.jpg\",\"contentUrl\":\"https:\/\/boutique-durag.com\/wp-content\/uploads\/2023\/05\/product-image-1402905789.jpg\",\"width\":640,\"height\":640},{\"@type\":\"BreadcrumbList\",\"@id\":\"https:\/\/boutique-durag.com\/es\/producto\/durag-homme-velours-rouge-bordeaux\/#breadcrumb\",\"itemListElement\":[{\"@type\":\"ListItem\",\"position\":1,\"name\":\"Boutique durag\",\"item\":\"https:\/\/boutique-durag.com\/es\/inicio\/\"},{\"@type\":\"ListItem\",\"position\":2,\"name\":\"Tienda\",\"item\":\"https:\/\/boutique-durag.com\/es\/tienda\/\"},{\"@type\":\"ListItem\",\"position\":3,\"name\":\"Durag\",\"item\":\"https:\/\/boutique-durag.com\/es\/colecciones\/durag-es\/\"},{\"@type\":\"ListItem\",\"position\":4,\"name\":\"durag hombre burdeos terciopelo rojo\"}]},{\"@type\":\"WebSite\",\"@id\":\"https:\/\/boutique-durag.com\/es\/#website\",\"url\":\"https:\/\/boutique-durag.com\/es\/\",\"name\":\"Tienda Durag\",\"description\":\"Tienda francesa de ropa de calle para hombre y mujer dedicada al mundo del durag y la cultura hip-hop. Descubre nuestra selecci\u00f3n de durag.\",\"publisher\":{\"@id\":\"https:\/\/boutique-durag.com\/es\/#organization\"},\"potentialAction\":[{\"@type\":\"SearchAction\",\"target\":{\"@type\":\"EntryPoint\",\"urlTemplate\":\"https:\/\/boutique-durag.com\/es\/?s={search_term_string}\"},\"query-input\":{\"@type\":\"PropertyValueSpecification\",\"valueRequired\":true,\"valueName\":\"search_term_string\"}}],\"inLanguage\":\"es\"},{\"@type\":\"Organization\",\"@id\":\"https:\/\/boutique-durag.com\/es\/#organization\",\"name\":\"Tienda Durag\",\"url\":\"https:\/\/boutique-durag.com\/es\/\",\"logo\":{\"@type\":\"ImageObject\",\"inLanguage\":\"es\",\"@id\":\"https:\/\/boutique-durag.com\/es\/#\/schema\/logo\/image\/\",\"url\":\"https:\/\/boutique-durag.com\/wp-content\/uploads\/2023\/05\/cropped-Site-Logo-3-1.png\",\"contentUrl\":\"https:\/\/boutique-durag.com\/wp-content\/uploads\/2023\/05\/cropped-Site-Logo-3-1.png\",\"width\":400,\"height\":100,\"caption\":\"Tienda Durag\"},\"image\":{\"@id\":\"https:\/\/boutique-durag.com\/es\/#\/schema\/logo\/image\/\"}}]}<\/script>","yoast_head_json":{"title":"durag hombre burdeos terciopelo rojo entrega gratuita | Ahorre un 30% en su pedido","description":"Reciba su durag hombre burdeos terciopelo rojo hoy mismo y benef\u00edciese de env\u00edo gratuito | 24\/48h dispatch","robots":{"index":"index","follow":"follow","max-snippet":"max-snippet:-1","max-image-preview":"max-image-preview:large","max-video-preview":"max-video-preview:-1"},"canonical":"https:\/\/boutique-durag.com\/es\/producto\/durag-homme-velours-rouge-bordeaux\/","og_locale":"es_ES","og_type":"article","og_title":"durag hombre burdeos terciopelo rojo entrega gratuita | Ahorre un 30% en su pedido","og_description":"Reciba su durag hombre burdeos terciopelo rojo hoy mismo y benef\u00edciese de env\u00edo gratuito | 24\/48h dispatch","og_url":"https:\/\/boutique-durag.com\/es\/producto\/durag-homme-velours-rouge-bordeaux\/","og_site_name":"Tienda Durag","article_modified_time":"2024-09-17T14:35:01+00:00","og_image":[{"width":640,"height":640,"url":"https:\/\/boutique-durag.com\/wp-content\/uploads\/2023\/05\/product-image-1402905789.jpg","type":"image\/jpeg"}],"twitter_card":"summary_large_image","twitter_misc":{"Tiempo de lectura":"1 minuto"},"schema":{"@context":"https:\/\/schema.org","@graph":[{"@type":"WebPage","@id":"https:\/\/boutique-durag.com\/es\/producto\/durag-homme-velours-rouge-bordeaux\/","url":"https:\/\/boutique-durag.com\/es\/producto\/durag-homme-velours-rouge-bordeaux\/","name":"durag hombre burdeos terciopelo rojo entrega gratuita | Ahorre un 30% en su pedido","isPartOf":{"@id":"https:\/\/boutique-durag.com\/es\/#website"},"primaryImageOfPage":{"@id":"https:\/\/boutique-durag.com\/es\/producto\/durag-homme-velours-rouge-bordeaux\/#primaryimage"},"image":{"@id":"https:\/\/boutique-durag.com\/es\/producto\/durag-homme-velours-rouge-bordeaux\/#primaryimage"},"thumbnailUrl":"https:\/\/boutique-durag.com\/wp-content\/uploads\/2023\/05\/product-image-1402905789.jpg","datePublished":"2023-05-30T08:47:03+00:00","dateModified":"2024-09-17T14:35:01+00:00","description":"Reciba su durag hombre burdeos terciopelo rojo hoy mismo y benef\u00edciese de env\u00edo gratuito | 24\/48h dispatch","breadcrumb":{"@id":"https:\/\/boutique-durag.com\/es\/producto\/durag-homme-velours-rouge-bordeaux\/#breadcrumb"},"inLanguage":"es","potentialAction":[{"@type":"ReadAction","target":["https:\/\/boutique-durag.com\/es\/producto\/durag-homme-velours-rouge-bordeaux\/"]}]},{"@type":"ImageObject","inLanguage":"es","@id":"https:\/\/boutique-durag.com\/es\/producto\/durag-homme-velours-rouge-bordeaux\/#primaryimage","url":"https:\/\/boutique-durag.com\/wp-content\/uploads\/2023\/05\/product-image-1402905789.jpg","contentUrl":"https:\/\/boutique-durag.com\/wp-content\/uploads\/2023\/05\/product-image-1402905789.jpg","width":640,"height":640},{"@type":"BreadcrumbList","@id":"https:\/\/boutique-durag.com\/es\/producto\/durag-homme-velours-rouge-bordeaux\/#breadcrumb","itemListElement":[{"@type":"ListItem","position":1,"name":"Boutique durag","item":"https:\/\/boutique-durag.com\/es\/inicio\/"},{"@type":"ListItem","position":2,"name":"Tienda","item":"https:\/\/boutique-durag.com\/es\/tienda\/"},{"@type":"ListItem","position":3,"name":"Durag","item":"https:\/\/boutique-durag.com\/es\/colecciones\/durag-es\/"},{"@type":"ListItem","position":4,"name":"durag hombre burdeos terciopelo rojo"}]},{"@type":"WebSite","@id":"https:\/\/boutique-durag.com\/es\/#website","url":"https:\/\/boutique-durag.com\/es\/","name":"Tienda Durag","description":"Tienda francesa de ropa de calle para hombre y mujer dedicada al mundo del durag y la cultura hip-hop. Descubre nuestra selecci\u00f3n de durag.","publisher":{"@id":"https:\/\/boutique-durag.com\/es\/#organization"},"potentialAction":[{"@type":"SearchAction","target":{"@type":"EntryPoint","urlTemplate":"https:\/\/boutique-durag.com\/es\/?s={search_term_string}"},"query-input":{"@type":"PropertyValueSpecification","valueRequired":true,"valueName":"search_term_string"}}],"inLanguage":"es"},{"@type":"Organization","@id":"https:\/\/boutique-durag.com\/es\/#organization","name":"Tienda Durag","url":"https:\/\/boutique-durag.com\/es\/","logo":{"@type":"ImageObject","inLanguage":"es","@id":"https:\/\/boutique-durag.com\/es\/#\/schema\/logo\/image\/","url":"https:\/\/boutique-durag.com\/wp-content\/uploads\/2023\/05\/cropped-Site-Logo-3-1.png","contentUrl":"https:\/\/boutique-durag.com\/wp-content\/uploads\/2023\/05\/cropped-Site-Logo-3-1.png","width":400,"height":100,"caption":"Tienda Durag"},"image":{"@id":"https:\/\/boutique-durag.com\/es\/#\/schema\/logo\/image\/"}}]}},"_links":{"self":[{"href":"https:\/\/boutique-durag.com\/es\/wp-json\/wp\/v2\/product\/12467"}],"collection":[{"href":"https:\/\/boutique-durag.com\/es\/wp-json\/wp\/v2\/product"}],"about":[{"href":"https:\/\/boutique-durag.com\/es\/wp-json\/wp\/v2\/types\/product"}],"replies":[{"embeddable":true,"href":"https:\/\/boutique-durag.com\/es\/wp-json\/wp\/v2\/comments?post=12467"}],"wp:featuredmedia":[{"embeddable":true,"href":"https:\/\/boutique-durag.com\/es\/wp-json\/wp\/v2\/media\/12014"}],"wp:attachment":[{"href":"https:\/\/boutique-durag.com\/es\/wp-json\/wp\/v2\/media?parent=12467"}],"wp:term":[{"taxonomy":"product_cat","embeddable":true,"href":"https:\/\/boutique-durag.com\/es\/wp-json\/wp\/v2\/product_cat?post=12467"},{"taxonomy":"product_tag","embeddable":true,"href":"https:\/\/boutique-durag.com\/es\/wp-json\/wp\/v2\/product_tag?post=12467"}],"curies":[{"name":"wp","href":"https:\/\/api.w.org\/{rel}","templated":true}]}}