{"id":12388,"date":"2023-05-30T08:47:37","date_gmt":"2023-05-30T08:47:37","guid":{"rendered":"https:\/\/boutique-durag.com\/produit\/durag-femme-vert-fleur-doree\/"},"modified":"2024-09-17T14:34:03","modified_gmt":"2024-09-17T14:34:03","slug":"durag-femme-vert-fleur-doree","status":"publish","type":"product","link":"https:\/\/boutique-durag.com\/es\/producto\/durag-femme-vert-fleur-doree\/","title":{"rendered":"durag mujer verde dorado flor"},"content":{"rendered":"<h2>Durag con estampados florales, colores sencillos y armoniosos, el complemento perfecto para cuidar y proteger tu corte, este durag te dar\u00e1 un resultado siempre igual de fresco.<\/h2>\n<ul>\n<li data-mce-fragment=\"1\">Su textura suave y ligera <strong data-mce-fragment=\"1\">no te atacar\u00e1<\/strong>, ya no tendr\u00e1s que preocuparte por las marcas<\/ li >\n<\/ul>\n<ul>\n<li data-mce-fragment=\"1\">Est\u00e1 <strong data-mce-fragment=\"1\">perfectamente adaptado a todo tipo de cabeza<\/strong>, podr\u00e1s pon\u00e9rtelo sin dificultad<\/li>\n<li data-mce-fragment=\"1\"> <strong data-mce-fragment=\"1\">Cuida tu cabello<\/strong>, su textura mejorar\u00e1 con el tiempo<\/li>\n<li data-mce-fragment=\"1\">Es <strong data-mce-fragment=\"1\">r\u00e1pido de colocar<\/strong> y <strong data-mce-fragment=\"1\">se adapta a todas las estaciones. <\/strong>del a\u00f1o, en invierno te calentar\u00e1 y en verano airear\u00e1 tu cabello<\/li>\n<li data-mce-fragment=\"1\">Es adecuado para todo tipo de cabello, <strong data-mce-fragment=\"1\">sea cual sea tu estilo<\/strong> <\/li>\n<\/ul>\n<ul>\n<li data-mce-fragment=\"1\"><strong data-mce-fragment=\"1\"><u data-mce-fragment=\"1\">El env\u00edo est\u00e1ndar es gratuito<\/u><\/strong><\/li>\n<\/ul>\n<p><strong data-mce-fragment=\"1\"><u data-mce-fragment=\"1\"><i><span style=\"font-weight: 400\">Categor\u00eda:<\/span><\/ i> <a href=\"https:\/\/boutique-durag.com\/es\/collections\/durag-verde\/\" class=\"broken_link\"><span style=\"font-weight: 400\">durag vert<\/span><\/a>, <\/u><\/strong><em data-mce-fragment=\"1\"><a fragment=\"1\" href=\"https:\/\/boutique-durag.com\/es\/collections\/durag-mujer\/\" class=\"broken_link\">durag para mujer<\/a><\/em><\/p>\n<div class=\"eJOY__extension_root_class\" id=\"eJOY__extension_root\"><\/div>\n","protected":false},"excerpt":{"rendered":"<p>Durag con estampados florales, colores sencillos y armoniosos, el complemento perfecto para cuidar y proteger tu corte, este durag te dar\u00e1 un resultado siempre igual de fresco. Su textura suave y ligera no te atacar\u00e1, ya no tendr\u00e1s que preocuparte por las marcas Est\u00e1 perfectamente adaptado a todo tipo de cabeza, podr\u00e1s pon\u00e9rtelo sin dificultad [&hellip;]<\/p>\n","protected":false},"featured_media":12098,"comment_status":"open","ping_status":"closed","template":"","meta":[],"product_cat":[612,619,622,633],"product_tag":[],"class_list":{"0":"post-12388","1":"product","2":"type-product","3":"status-publish","4":"has-post-thumbnail","6":"product_cat-durag-es","7":"product_cat-durag-color","8":"product_cat-durag-mujer","9":"product_cat-durag-verde","11":"first","12":"instock","13":"shipping-taxable","14":"purchasable","15":"product-type-simple"},"yoast_head":"<title>durag mujer verde dorado flor entrega gratuita | Ahorre un 30% en su pedido<\/title>\n<meta name=\"description\" content=\"Reciba su durag mujer verde dorado flor hoy mismo y benef\u00edciese de env\u00edo gratuito | 24\/48h dispatch\" \/>\n<meta name=\"robots\" content=\"index, follow, max-snippet:-1, max-image-preview:large, max-video-preview:-1\" \/>\n<link rel=\"canonical\" href=\"https:\/\/boutique-durag.com\/es\/producto\/durag-femme-vert-fleur-doree\/\" \/>\n<meta property=\"og:locale\" content=\"es_ES\" \/>\n<meta property=\"og:type\" content=\"article\" \/>\n<meta property=\"og:title\" content=\"durag mujer verde dorado flor entrega gratuita | Ahorre un 30% en su pedido\" \/>\n<meta property=\"og:description\" content=\"Reciba su durag mujer verde dorado flor hoy mismo y benef\u00edciese de env\u00edo gratuito | 24\/48h dispatch\" \/>\n<meta property=\"og:url\" content=\"https:\/\/boutique-durag.com\/es\/producto\/durag-femme-vert-fleur-doree\/\" \/>\n<meta property=\"og:site_name\" content=\"Tienda Durag\" \/>\n<meta property=\"article:modified_time\" content=\"2024-09-17T14:34:03+00:00\" \/>\n<meta property=\"og:image\" content=\"https:\/\/boutique-durag.com\/wp-content\/uploads\/2023\/05\/product-image-1394753168.jpg\" \/>\n\t<meta property=\"og:image:width\" content=\"640\" \/>\n\t<meta property=\"og:image:height\" content=\"640\" \/>\n\t<meta property=\"og:image:type\" content=\"image\/jpeg\" \/>\n<meta name=\"twitter:card\" content=\"summary_large_image\" \/>\n<meta name=\"twitter:label1\" content=\"Tiempo de lectura\" \/>\n\t<meta name=\"twitter:data1\" content=\"1 minuto\" \/>\n<script type=\"application\/ld+json\" class=\"yoast-schema-graph\">{\"@context\":\"https:\/\/schema.org\",\"@graph\":[{\"@type\":\"WebPage\",\"@id\":\"https:\/\/boutique-durag.com\/es\/producto\/durag-femme-vert-fleur-doree\/\",\"url\":\"https:\/\/boutique-durag.com\/es\/producto\/durag-femme-vert-fleur-doree\/\",\"name\":\"durag mujer verde dorado flor entrega gratuita | Ahorre un 30% en su pedido\",\"isPartOf\":{\"@id\":\"https:\/\/boutique-durag.com\/es\/#website\"},\"primaryImageOfPage\":{\"@id\":\"https:\/\/boutique-durag.com\/es\/producto\/durag-femme-vert-fleur-doree\/#primaryimage\"},\"image\":{\"@id\":\"https:\/\/boutique-durag.com\/es\/producto\/durag-femme-vert-fleur-doree\/#primaryimage\"},\"thumbnailUrl\":\"https:\/\/boutique-durag.com\/wp-content\/uploads\/2023\/05\/product-image-1394753168.jpg\",\"datePublished\":\"2023-05-30T08:47:37+00:00\",\"dateModified\":\"2024-09-17T14:34:03+00:00\",\"description\":\"Reciba su durag mujer verde dorado flor hoy mismo y benef\u00edciese de env\u00edo gratuito | 24\/48h dispatch\",\"breadcrumb\":{\"@id\":\"https:\/\/boutique-durag.com\/es\/producto\/durag-femme-vert-fleur-doree\/#breadcrumb\"},\"inLanguage\":\"es\",\"potentialAction\":[{\"@type\":\"ReadAction\",\"target\":[\"https:\/\/boutique-durag.com\/es\/producto\/durag-femme-vert-fleur-doree\/\"]}]},{\"@type\":\"ImageObject\",\"inLanguage\":\"es\",\"@id\":\"https:\/\/boutique-durag.com\/es\/producto\/durag-femme-vert-fleur-doree\/#primaryimage\",\"url\":\"https:\/\/boutique-durag.com\/wp-content\/uploads\/2023\/05\/product-image-1394753168.jpg\",\"contentUrl\":\"https:\/\/boutique-durag.com\/wp-content\/uploads\/2023\/05\/product-image-1394753168.jpg\",\"width\":640,\"height\":640},{\"@type\":\"BreadcrumbList\",\"@id\":\"https:\/\/boutique-durag.com\/es\/producto\/durag-femme-vert-fleur-doree\/#breadcrumb\",\"itemListElement\":[{\"@type\":\"ListItem\",\"position\":1,\"name\":\"Boutique durag\",\"item\":\"https:\/\/boutique-durag.com\/es\/inicio\/\"},{\"@type\":\"ListItem\",\"position\":2,\"name\":\"Tienda\",\"item\":\"https:\/\/boutique-durag.com\/es\/tienda\/\"},{\"@type\":\"ListItem\",\"position\":3,\"name\":\"Durag\",\"item\":\"https:\/\/boutique-durag.com\/es\/colecciones\/durag-es\/\"},{\"@type\":\"ListItem\",\"position\":4,\"name\":\"durag mujer verde dorado flor\"}]},{\"@type\":\"WebSite\",\"@id\":\"https:\/\/boutique-durag.com\/es\/#website\",\"url\":\"https:\/\/boutique-durag.com\/es\/\",\"name\":\"Tienda Durag\",\"description\":\"Tienda francesa de ropa de calle para hombre y mujer dedicada al mundo del durag y la cultura hip-hop. Descubre nuestra selecci\u00f3n de durag.\",\"publisher\":{\"@id\":\"https:\/\/boutique-durag.com\/es\/#organization\"},\"potentialAction\":[{\"@type\":\"SearchAction\",\"target\":{\"@type\":\"EntryPoint\",\"urlTemplate\":\"https:\/\/boutique-durag.com\/es\/?s={search_term_string}\"},\"query-input\":{\"@type\":\"PropertyValueSpecification\",\"valueRequired\":true,\"valueName\":\"search_term_string\"}}],\"inLanguage\":\"es\"},{\"@type\":\"Organization\",\"@id\":\"https:\/\/boutique-durag.com\/es\/#organization\",\"name\":\"Tienda Durag\",\"url\":\"https:\/\/boutique-durag.com\/es\/\",\"logo\":{\"@type\":\"ImageObject\",\"inLanguage\":\"es\",\"@id\":\"https:\/\/boutique-durag.com\/es\/#\/schema\/logo\/image\/\",\"url\":\"https:\/\/boutique-durag.com\/wp-content\/uploads\/2023\/05\/cropped-Site-Logo-3-1.png\",\"contentUrl\":\"https:\/\/boutique-durag.com\/wp-content\/uploads\/2023\/05\/cropped-Site-Logo-3-1.png\",\"width\":400,\"height\":100,\"caption\":\"Tienda Durag\"},\"image\":{\"@id\":\"https:\/\/boutique-durag.com\/es\/#\/schema\/logo\/image\/\"}}]}<\/script>","yoast_head_json":{"title":"durag mujer verde dorado flor entrega gratuita | Ahorre un 30% en su pedido","description":"Reciba su durag mujer verde dorado flor hoy mismo y benef\u00edciese de env\u00edo gratuito | 24\/48h dispatch","robots":{"index":"index","follow":"follow","max-snippet":"max-snippet:-1","max-image-preview":"max-image-preview:large","max-video-preview":"max-video-preview:-1"},"canonical":"https:\/\/boutique-durag.com\/es\/producto\/durag-femme-vert-fleur-doree\/","og_locale":"es_ES","og_type":"article","og_title":"durag mujer verde dorado flor entrega gratuita | Ahorre un 30% en su pedido","og_description":"Reciba su durag mujer verde dorado flor hoy mismo y benef\u00edciese de env\u00edo gratuito | 24\/48h dispatch","og_url":"https:\/\/boutique-durag.com\/es\/producto\/durag-femme-vert-fleur-doree\/","og_site_name":"Tienda Durag","article_modified_time":"2024-09-17T14:34:03+00:00","og_image":[{"width":640,"height":640,"url":"https:\/\/boutique-durag.com\/wp-content\/uploads\/2023\/05\/product-image-1394753168.jpg","type":"image\/jpeg"}],"twitter_card":"summary_large_image","twitter_misc":{"Tiempo de lectura":"1 minuto"},"schema":{"@context":"https:\/\/schema.org","@graph":[{"@type":"WebPage","@id":"https:\/\/boutique-durag.com\/es\/producto\/durag-femme-vert-fleur-doree\/","url":"https:\/\/boutique-durag.com\/es\/producto\/durag-femme-vert-fleur-doree\/","name":"durag mujer verde dorado flor entrega gratuita | Ahorre un 30% en su pedido","isPartOf":{"@id":"https:\/\/boutique-durag.com\/es\/#website"},"primaryImageOfPage":{"@id":"https:\/\/boutique-durag.com\/es\/producto\/durag-femme-vert-fleur-doree\/#primaryimage"},"image":{"@id":"https:\/\/boutique-durag.com\/es\/producto\/durag-femme-vert-fleur-doree\/#primaryimage"},"thumbnailUrl":"https:\/\/boutique-durag.com\/wp-content\/uploads\/2023\/05\/product-image-1394753168.jpg","datePublished":"2023-05-30T08:47:37+00:00","dateModified":"2024-09-17T14:34:03+00:00","description":"Reciba su durag mujer verde dorado flor hoy mismo y benef\u00edciese de env\u00edo gratuito | 24\/48h dispatch","breadcrumb":{"@id":"https:\/\/boutique-durag.com\/es\/producto\/durag-femme-vert-fleur-doree\/#breadcrumb"},"inLanguage":"es","potentialAction":[{"@type":"ReadAction","target":["https:\/\/boutique-durag.com\/es\/producto\/durag-femme-vert-fleur-doree\/"]}]},{"@type":"ImageObject","inLanguage":"es","@id":"https:\/\/boutique-durag.com\/es\/producto\/durag-femme-vert-fleur-doree\/#primaryimage","url":"https:\/\/boutique-durag.com\/wp-content\/uploads\/2023\/05\/product-image-1394753168.jpg","contentUrl":"https:\/\/boutique-durag.com\/wp-content\/uploads\/2023\/05\/product-image-1394753168.jpg","width":640,"height":640},{"@type":"BreadcrumbList","@id":"https:\/\/boutique-durag.com\/es\/producto\/durag-femme-vert-fleur-doree\/#breadcrumb","itemListElement":[{"@type":"ListItem","position":1,"name":"Boutique durag","item":"https:\/\/boutique-durag.com\/es\/inicio\/"},{"@type":"ListItem","position":2,"name":"Tienda","item":"https:\/\/boutique-durag.com\/es\/tienda\/"},{"@type":"ListItem","position":3,"name":"Durag","item":"https:\/\/boutique-durag.com\/es\/colecciones\/durag-es\/"},{"@type":"ListItem","position":4,"name":"durag mujer verde dorado flor"}]},{"@type":"WebSite","@id":"https:\/\/boutique-durag.com\/es\/#website","url":"https:\/\/boutique-durag.com\/es\/","name":"Tienda Durag","description":"Tienda francesa de ropa de calle para hombre y mujer dedicada al mundo del durag y la cultura hip-hop. Descubre nuestra selecci\u00f3n de durag.","publisher":{"@id":"https:\/\/boutique-durag.com\/es\/#organization"},"potentialAction":[{"@type":"SearchAction","target":{"@type":"EntryPoint","urlTemplate":"https:\/\/boutique-durag.com\/es\/?s={search_term_string}"},"query-input":{"@type":"PropertyValueSpecification","valueRequired":true,"valueName":"search_term_string"}}],"inLanguage":"es"},{"@type":"Organization","@id":"https:\/\/boutique-durag.com\/es\/#organization","name":"Tienda Durag","url":"https:\/\/boutique-durag.com\/es\/","logo":{"@type":"ImageObject","inLanguage":"es","@id":"https:\/\/boutique-durag.com\/es\/#\/schema\/logo\/image\/","url":"https:\/\/boutique-durag.com\/wp-content\/uploads\/2023\/05\/cropped-Site-Logo-3-1.png","contentUrl":"https:\/\/boutique-durag.com\/wp-content\/uploads\/2023\/05\/cropped-Site-Logo-3-1.png","width":400,"height":100,"caption":"Tienda Durag"},"image":{"@id":"https:\/\/boutique-durag.com\/es\/#\/schema\/logo\/image\/"}}]}},"_links":{"self":[{"href":"https:\/\/boutique-durag.com\/es\/wp-json\/wp\/v2\/product\/12388"}],"collection":[{"href":"https:\/\/boutique-durag.com\/es\/wp-json\/wp\/v2\/product"}],"about":[{"href":"https:\/\/boutique-durag.com\/es\/wp-json\/wp\/v2\/types\/product"}],"replies":[{"embeddable":true,"href":"https:\/\/boutique-durag.com\/es\/wp-json\/wp\/v2\/comments?post=12388"}],"wp:featuredmedia":[{"embeddable":true,"href":"https:\/\/boutique-durag.com\/es\/wp-json\/wp\/v2\/media\/12098"}],"wp:attachment":[{"href":"https:\/\/boutique-durag.com\/es\/wp-json\/wp\/v2\/media?parent=12388"}],"wp:term":[{"taxonomy":"product_cat","embeddable":true,"href":"https:\/\/boutique-durag.com\/es\/wp-json\/wp\/v2\/product_cat?post=12388"},{"taxonomy":"product_tag","embeddable":true,"href":"https:\/\/boutique-durag.com\/es\/wp-json\/wp\/v2\/product_tag?post=12388"}],"curies":[{"name":"wp","href":"https:\/\/api.w.org\/{rel}","templated":true}]}}