{"id":12347,"date":"2023-05-30T08:47:54","date_gmt":"2023-05-30T08:47:54","guid":{"rendered":"https:\/\/boutique-durag.com\/produit\/durag-femme-satin-noir\/"},"modified":"2024-09-17T14:33:35","modified_gmt":"2024-09-17T14:33:35","slug":"durag-femme-satin-noir","status":"publish","type":"product","link":"https:\/\/boutique-durag.com\/es\/producto\/durag-femme-satin-noir\/","title":{"rendered":"durag mujer sat\u00e9n negro"},"content":{"rendered":"<h2>\u00bfBuscas un complemento de moda que respete tu cabello y aporte originalidad a tu look? \u00a1Este durag negro est\u00e1 hecho para ti, cortado con precisi\u00f3n, es perfecto para los vacilantes!<\/h2>\n<ul>\n<li class=\"MsoNormal\" style=\"line-height: normal\">este durag est\u00e1 hecho con <b>un material suave<\/b> que no te causar\u00e1 irritaci\u00f3n<\/li>\n<li class=\"MsoNormal\" style=\"line-height: normal\">Est\u00e1 <b>dise\u00f1ado para adaptarse a todo tipo de cabeza<\/b>, se lo coloca f\u00e1cilmente<\/li>\n<li class=\"MsoNormal\" style=\"line-height: normal\"> <b>No ataca tu cabello<\/b>, al contrario, mejora su textura<\/li>\n<li class=\"MsoNormal\" style=\"line-height: normal\">Le ahorra tiempo, <b>puede adjuntarlo en minutos<\/b> <\/li>\n<li class=\"MsoNormal\" style=\"line-height: normal\">Es <b>apto para todas las estaciones<\/b>, en invierno puede mantenerte abrigado y en verano puede airear tu cabello manteni\u00e9ndolo abrigado. . protegiendo<\/li>\n<li class=\"MsoNormal\" style=\"line-height: normal\">Ya sea que tengas el cabello ondulado, rizado o muy rizado, este durag te quedar\u00e1 bien<\/b> <\/li>\n<\/ul>\n<ul>\n<li class=\"MsoNormal\" style=\"line-height: normal\"> <b><b><u>El env\u00edo est\u00e1ndar es gratuito<i><span><\/span><\/i><\/u><\/b><\/b>\n<\/p>\n<\/li>\n<\/ul>\n<p><b><u><i><span style=\"font-weight: 400\">Categor\u00eda<\/span><\/i><span style=\"font-weight: 400\">: <\/span> <a href=\"https:\/\/boutique-durag.com\/es\/collections\/durag-negro\/\" class=\"broken_link\"><span style=\"font-weight: 400\">durag negro<\/span><\/a>, <\/ u><\/b><u data-mce-fragment=\"1\"><em data-mce-fragment=\"1\"><a fragment=\"1\" href=\"https:\/\/boutique-durag.com\/es\/collections\/durag-mujer\/\" class=\"broken_link\">durag femme<\/a><\/em><\/u><\/p>\n<h2>\u00bfQuieres un complemento de moda que proteja tu cabello y aporte car\u00e1cter a tu estilo? \u00a1Este durag negro est\u00e1 hecho para ti, bien cortado, es ideal para los vacilantes!<\/h2>\n<ul>\n<li class=\"MsoNormal\" style=\"line-height: normal\">este durag est\u00e1 creado con <b>un material suave<\/b> que evita cualquier irritaci\u00f3n<\/li>\n<li class=\"MsoNormal\" style=\"line-height: normal\">Est\u00e1 <b>dise\u00f1ado para adaptarse a cada tipo de cabeza<\/b>, no tendr\u00e1s dificultad para pon\u00e9rtelo<\/li>\n<li class=\"MsoNormal\" style=\"line-height: normal\"> <b>No da\u00f1a tu cabello<\/b>, al contrario, mejora gradualmente su textura<\/li>\n<li class=\"MsoNormal\" style=\"line-height: normal\">Te hace la vida m\u00e1s f\u00e1cil, <b>se puede acoplar r\u00e1pidamente<\/b> <\/li>\n<li class=\"MsoNormal\" style=\"line-height: normal\">Es <b>apto para cada estaci\u00f3n<\/b>, en invierno puede calentarte y en verano puede proteger tu cabello y ventilarlo<\/ b>li&gt;\n<li class=\"MsoNormal\" style=\"line-height: normal\">Ya sea que tengas el cabello ondulado, rizado o <b>encrespado, este durag es perfecto para ti<\/b> <\/li>\n<\/ul>\n<ul>\n<li class=\"MsoNormal\" style=\"line-height: normal\"> <b><b><u>El env\u00edo est\u00e1ndar es gratuito<i><span><\/span><\/i><\/u><\/b><\/b>\n<\/p>\n<\/li>\n<\/ul>\n<p><b><u><i><span style=\"font-weight: 400\">Categor\u00eda<\/span><\/i><span style=\"font-weight: 400\">: <\/span> <a href=\"https:\/\/boutique-durag.com\/es\/collections\/durag-negro\/\" class=\"broken_link\"><span style=\"font-weight: 400\">durag negro<\/span><\/a>, <\/ u><\/b><u data-mce-fragment=\"1\"><em data-mce-fragment=\"1\"><a fragment=\"1\" href=\"https:\/\/boutique-durag.com\/es\/collections\/durag-mujer\/\" class=\"broken_link\">durag femme<\/a><\/em><\/u><\/p>\n","protected":false},"excerpt":{"rendered":"<p>\u00bfBuscas un complemento de moda que respete tu cabello y aporte originalidad a tu look? \u00a1Este durag negro est\u00e1 hecho para ti, cortado con precisi\u00f3n, es perfecto para los vacilantes! este durag est\u00e1 hecho con un material suave que no te causar\u00e1 irritaci\u00f3n Est\u00e1 dise\u00f1ado para adaptarse a todo tipo de cabeza, se lo coloca [&hellip;]<\/p>\n","protected":false},"featured_media":12139,"comment_status":"open","ping_status":"closed","template":"","meta":[],"product_cat":[612,619,622,627,630],"product_tag":[],"class_list":{"0":"post-12347","1":"product","2":"type-product","3":"status-publish","4":"has-post-thumbnail","6":"product_cat-durag-es","7":"product_cat-durag-color","8":"product_cat-durag-mujer","9":"product_cat-durag-negro","10":"product_cat-durag-satinado","12":"first","13":"instock","14":"shipping-taxable","15":"purchasable","16":"product-type-simple"},"yoast_head":"<title>durag mujer sat\u00e9n negro entrega gratuita | Ahorre un 30% en su pedido<\/title>\n<meta name=\"description\" content=\"Reciba su durag mujer sat\u00e9n negro hoy mismo y benef\u00edciese de env\u00edo gratuito | 24\/48h dispatch\" \/>\n<meta name=\"robots\" content=\"index, follow, max-snippet:-1, max-image-preview:large, max-video-preview:-1\" \/>\n<link rel=\"canonical\" href=\"https:\/\/boutique-durag.com\/es\/producto\/durag-femme-satin-noir\/\" \/>\n<meta property=\"og:locale\" content=\"es_ES\" \/>\n<meta property=\"og:type\" content=\"article\" \/>\n<meta property=\"og:title\" content=\"durag mujer sat\u00e9n negro entrega gratuita | Ahorre un 30% en su pedido\" \/>\n<meta property=\"og:description\" content=\"Reciba su durag mujer sat\u00e9n negro hoy mismo y benef\u00edciese de env\u00edo gratuito | 24\/48h dispatch\" \/>\n<meta property=\"og:url\" content=\"https:\/\/boutique-durag.com\/es\/producto\/durag-femme-satin-noir\/\" \/>\n<meta property=\"og:site_name\" content=\"Tienda Durag\" \/>\n<meta property=\"article:modified_time\" content=\"2024-09-17T14:33:35+00:00\" \/>\n<meta property=\"og:image\" content=\"https:\/\/boutique-durag.com\/wp-content\/uploads\/2023\/05\/product-image-1394873708.jpg\" \/>\n\t<meta property=\"og:image:width\" content=\"640\" \/>\n\t<meta property=\"og:image:height\" content=\"640\" \/>\n\t<meta property=\"og:image:type\" content=\"image\/jpeg\" \/>\n<meta name=\"twitter:card\" content=\"summary_large_image\" \/>\n<meta name=\"twitter:label1\" content=\"Tiempo de lectura\" \/>\n\t<meta name=\"twitter:data1\" content=\"1 minuto\" \/>\n<script type=\"application\/ld+json\" class=\"yoast-schema-graph\">{\"@context\":\"https:\/\/schema.org\",\"@graph\":[{\"@type\":\"WebPage\",\"@id\":\"https:\/\/boutique-durag.com\/es\/producto\/durag-femme-satin-noir\/\",\"url\":\"https:\/\/boutique-durag.com\/es\/producto\/durag-femme-satin-noir\/\",\"name\":\"durag mujer sat\u00e9n negro entrega gratuita | Ahorre un 30% en su pedido\",\"isPartOf\":{\"@id\":\"https:\/\/boutique-durag.com\/es\/#website\"},\"primaryImageOfPage\":{\"@id\":\"https:\/\/boutique-durag.com\/es\/producto\/durag-femme-satin-noir\/#primaryimage\"},\"image\":{\"@id\":\"https:\/\/boutique-durag.com\/es\/producto\/durag-femme-satin-noir\/#primaryimage\"},\"thumbnailUrl\":\"https:\/\/boutique-durag.com\/wp-content\/uploads\/2023\/05\/product-image-1394873708.jpg\",\"datePublished\":\"2023-05-30T08:47:54+00:00\",\"dateModified\":\"2024-09-17T14:33:35+00:00\",\"description\":\"Reciba su durag mujer sat\u00e9n negro hoy mismo y benef\u00edciese de env\u00edo gratuito | 24\/48h dispatch\",\"breadcrumb\":{\"@id\":\"https:\/\/boutique-durag.com\/es\/producto\/durag-femme-satin-noir\/#breadcrumb\"},\"inLanguage\":\"es\",\"potentialAction\":[{\"@type\":\"ReadAction\",\"target\":[\"https:\/\/boutique-durag.com\/es\/producto\/durag-femme-satin-noir\/\"]}]},{\"@type\":\"ImageObject\",\"inLanguage\":\"es\",\"@id\":\"https:\/\/boutique-durag.com\/es\/producto\/durag-femme-satin-noir\/#primaryimage\",\"url\":\"https:\/\/boutique-durag.com\/wp-content\/uploads\/2023\/05\/product-image-1394873708.jpg\",\"contentUrl\":\"https:\/\/boutique-durag.com\/wp-content\/uploads\/2023\/05\/product-image-1394873708.jpg\",\"width\":640,\"height\":640},{\"@type\":\"BreadcrumbList\",\"@id\":\"https:\/\/boutique-durag.com\/es\/producto\/durag-femme-satin-noir\/#breadcrumb\",\"itemListElement\":[{\"@type\":\"ListItem\",\"position\":1,\"name\":\"Boutique durag\",\"item\":\"https:\/\/boutique-durag.com\/es\/inicio\/\"},{\"@type\":\"ListItem\",\"position\":2,\"name\":\"Tienda\",\"item\":\"https:\/\/boutique-durag.com\/es\/tienda\/\"},{\"@type\":\"ListItem\",\"position\":3,\"name\":\"Durag\",\"item\":\"https:\/\/boutique-durag.com\/es\/colecciones\/durag-es\/\"},{\"@type\":\"ListItem\",\"position\":4,\"name\":\"durag mujer sat\u00e9n negro\"}]},{\"@type\":\"WebSite\",\"@id\":\"https:\/\/boutique-durag.com\/es\/#website\",\"url\":\"https:\/\/boutique-durag.com\/es\/\",\"name\":\"Tienda Durag\",\"description\":\"Tienda francesa de ropa de calle para hombre y mujer dedicada al mundo del durag y la cultura hip-hop. Descubre nuestra selecci\u00f3n de durag.\",\"publisher\":{\"@id\":\"https:\/\/boutique-durag.com\/es\/#organization\"},\"potentialAction\":[{\"@type\":\"SearchAction\",\"target\":{\"@type\":\"EntryPoint\",\"urlTemplate\":\"https:\/\/boutique-durag.com\/es\/?s={search_term_string}\"},\"query-input\":{\"@type\":\"PropertyValueSpecification\",\"valueRequired\":true,\"valueName\":\"search_term_string\"}}],\"inLanguage\":\"es\"},{\"@type\":\"Organization\",\"@id\":\"https:\/\/boutique-durag.com\/es\/#organization\",\"name\":\"Tienda Durag\",\"url\":\"https:\/\/boutique-durag.com\/es\/\",\"logo\":{\"@type\":\"ImageObject\",\"inLanguage\":\"es\",\"@id\":\"https:\/\/boutique-durag.com\/es\/#\/schema\/logo\/image\/\",\"url\":\"https:\/\/boutique-durag.com\/wp-content\/uploads\/2023\/05\/cropped-Site-Logo-3-1.png\",\"contentUrl\":\"https:\/\/boutique-durag.com\/wp-content\/uploads\/2023\/05\/cropped-Site-Logo-3-1.png\",\"width\":400,\"height\":100,\"caption\":\"Tienda Durag\"},\"image\":{\"@id\":\"https:\/\/boutique-durag.com\/es\/#\/schema\/logo\/image\/\"}}]}<\/script>","yoast_head_json":{"title":"durag mujer sat\u00e9n negro entrega gratuita | Ahorre un 30% en su pedido","description":"Reciba su durag mujer sat\u00e9n negro hoy mismo y benef\u00edciese de env\u00edo gratuito | 24\/48h dispatch","robots":{"index":"index","follow":"follow","max-snippet":"max-snippet:-1","max-image-preview":"max-image-preview:large","max-video-preview":"max-video-preview:-1"},"canonical":"https:\/\/boutique-durag.com\/es\/producto\/durag-femme-satin-noir\/","og_locale":"es_ES","og_type":"article","og_title":"durag mujer sat\u00e9n negro entrega gratuita | Ahorre un 30% en su pedido","og_description":"Reciba su durag mujer sat\u00e9n negro hoy mismo y benef\u00edciese de env\u00edo gratuito | 24\/48h dispatch","og_url":"https:\/\/boutique-durag.com\/es\/producto\/durag-femme-satin-noir\/","og_site_name":"Tienda Durag","article_modified_time":"2024-09-17T14:33:35+00:00","og_image":[{"width":640,"height":640,"url":"https:\/\/boutique-durag.com\/wp-content\/uploads\/2023\/05\/product-image-1394873708.jpg","type":"image\/jpeg"}],"twitter_card":"summary_large_image","twitter_misc":{"Tiempo de lectura":"1 minuto"},"schema":{"@context":"https:\/\/schema.org","@graph":[{"@type":"WebPage","@id":"https:\/\/boutique-durag.com\/es\/producto\/durag-femme-satin-noir\/","url":"https:\/\/boutique-durag.com\/es\/producto\/durag-femme-satin-noir\/","name":"durag mujer sat\u00e9n negro entrega gratuita | Ahorre un 30% en su pedido","isPartOf":{"@id":"https:\/\/boutique-durag.com\/es\/#website"},"primaryImageOfPage":{"@id":"https:\/\/boutique-durag.com\/es\/producto\/durag-femme-satin-noir\/#primaryimage"},"image":{"@id":"https:\/\/boutique-durag.com\/es\/producto\/durag-femme-satin-noir\/#primaryimage"},"thumbnailUrl":"https:\/\/boutique-durag.com\/wp-content\/uploads\/2023\/05\/product-image-1394873708.jpg","datePublished":"2023-05-30T08:47:54+00:00","dateModified":"2024-09-17T14:33:35+00:00","description":"Reciba su durag mujer sat\u00e9n negro hoy mismo y benef\u00edciese de env\u00edo gratuito | 24\/48h dispatch","breadcrumb":{"@id":"https:\/\/boutique-durag.com\/es\/producto\/durag-femme-satin-noir\/#breadcrumb"},"inLanguage":"es","potentialAction":[{"@type":"ReadAction","target":["https:\/\/boutique-durag.com\/es\/producto\/durag-femme-satin-noir\/"]}]},{"@type":"ImageObject","inLanguage":"es","@id":"https:\/\/boutique-durag.com\/es\/producto\/durag-femme-satin-noir\/#primaryimage","url":"https:\/\/boutique-durag.com\/wp-content\/uploads\/2023\/05\/product-image-1394873708.jpg","contentUrl":"https:\/\/boutique-durag.com\/wp-content\/uploads\/2023\/05\/product-image-1394873708.jpg","width":640,"height":640},{"@type":"BreadcrumbList","@id":"https:\/\/boutique-durag.com\/es\/producto\/durag-femme-satin-noir\/#breadcrumb","itemListElement":[{"@type":"ListItem","position":1,"name":"Boutique durag","item":"https:\/\/boutique-durag.com\/es\/inicio\/"},{"@type":"ListItem","position":2,"name":"Tienda","item":"https:\/\/boutique-durag.com\/es\/tienda\/"},{"@type":"ListItem","position":3,"name":"Durag","item":"https:\/\/boutique-durag.com\/es\/colecciones\/durag-es\/"},{"@type":"ListItem","position":4,"name":"durag mujer sat\u00e9n negro"}]},{"@type":"WebSite","@id":"https:\/\/boutique-durag.com\/es\/#website","url":"https:\/\/boutique-durag.com\/es\/","name":"Tienda Durag","description":"Tienda francesa de ropa de calle para hombre y mujer dedicada al mundo del durag y la cultura hip-hop. Descubre nuestra selecci\u00f3n de durag.","publisher":{"@id":"https:\/\/boutique-durag.com\/es\/#organization"},"potentialAction":[{"@type":"SearchAction","target":{"@type":"EntryPoint","urlTemplate":"https:\/\/boutique-durag.com\/es\/?s={search_term_string}"},"query-input":{"@type":"PropertyValueSpecification","valueRequired":true,"valueName":"search_term_string"}}],"inLanguage":"es"},{"@type":"Organization","@id":"https:\/\/boutique-durag.com\/es\/#organization","name":"Tienda Durag","url":"https:\/\/boutique-durag.com\/es\/","logo":{"@type":"ImageObject","inLanguage":"es","@id":"https:\/\/boutique-durag.com\/es\/#\/schema\/logo\/image\/","url":"https:\/\/boutique-durag.com\/wp-content\/uploads\/2023\/05\/cropped-Site-Logo-3-1.png","contentUrl":"https:\/\/boutique-durag.com\/wp-content\/uploads\/2023\/05\/cropped-Site-Logo-3-1.png","width":400,"height":100,"caption":"Tienda Durag"},"image":{"@id":"https:\/\/boutique-durag.com\/es\/#\/schema\/logo\/image\/"}}]}},"_links":{"self":[{"href":"https:\/\/boutique-durag.com\/es\/wp-json\/wp\/v2\/product\/12347"}],"collection":[{"href":"https:\/\/boutique-durag.com\/es\/wp-json\/wp\/v2\/product"}],"about":[{"href":"https:\/\/boutique-durag.com\/es\/wp-json\/wp\/v2\/types\/product"}],"replies":[{"embeddable":true,"href":"https:\/\/boutique-durag.com\/es\/wp-json\/wp\/v2\/comments?post=12347"}],"wp:featuredmedia":[{"embeddable":true,"href":"https:\/\/boutique-durag.com\/es\/wp-json\/wp\/v2\/media\/12139"}],"wp:attachment":[{"href":"https:\/\/boutique-durag.com\/es\/wp-json\/wp\/v2\/media?parent=12347"}],"wp:term":[{"taxonomy":"product_cat","embeddable":true,"href":"https:\/\/boutique-durag.com\/es\/wp-json\/wp\/v2\/product_cat?post=12347"},{"taxonomy":"product_tag","embeddable":true,"href":"https:\/\/boutique-durag.com\/es\/wp-json\/wp\/v2\/product_tag?post=12347"}],"curies":[{"name":"wp","href":"https:\/\/api.w.org\/{rel}","templated":true}]}}