{"id":12321,"date":"2023-05-30T08:51:27","date_gmt":"2023-05-30T08:51:27","guid":{"rendered":"https:\/\/boutique-durag.com\/produit\/wave-cap-camouflage-bleu\/"},"modified":"2024-09-17T14:33:17","modified_gmt":"2024-09-17T14:33:17","slug":"wave-cap-camouflage-bleu","status":"publish","type":"product","link":"https:\/\/boutique-durag.com\/es\/producto\/wave-cap-camouflage-bleu\/","title":{"rendered":"gorra ondulada camuflaje azul"},"content":{"rendered":"<h2><span data-mce-fragment=\"1\">Gorro de camuflaje azul, perfecto para \u201clavar y peinar\u201d, f\u00e1cil de poner gracias a su elasticidad y transpirabilidad, que asegura que tu cabello se seque r\u00e1pidamente<\/span><\/h2>\n<ul>\n<li><strong>esta gorra ondulada camuflaje azul<\/strong> es perfecta si est\u00e1s cansado de las marcas que dejan otras gorras en tu frente, no causa ninguna irritaci\u00f3n y puedes usarla <strong>durante horas <\/strong>no hay problema<\/li>\n<li>Es <strong>apto para todo tipo de cabello<\/strong>, ideal para proteger tu corte, ya sea que tengas trenzas, peluca o rastas este gorro te ser\u00e1 de gran beneficio ayuda<\/strong> <\/li>\n<li><strong>esta gorra ondulada<\/strong> supone un gran ahorro de tiempo, <strong>es f\u00e1cil de poner<\/strong><\/li>\n<li><strong>Esta gorra ondulada camuflaje azul<\/strong> es <strong>apto para todas las estaciones<\/strong> del a\u00f1o, en invierno protege tu cabello de la rotura por el fr\u00edo<\/li>\n<li><strong>hermosos acabados<\/strong><\/li>\n<li><strong><u>Entrega est\u00e1ndar gratuita<\/u><\/strong><\/li>\n<\/ul>\n<p>haz clic aqu\u00ed para descubrir la <a href=\"https:\/\/boutique-durag.com\/es\/produit\/wave-cap-camouflage-multicolore\/\">gorra wave camuflaje multicolor<\/a><\/p>\n<p><em><b>\ufeff<\/b><\/em><em>\ufeffcategor\u00eda:<span> <\/span><a href=\"https:\/\/boutique-durag.com\/es\/collections\/gorra-wave\/\" class=\"broken_link\">gorra ondulada<\/a><\/em><\/p>\n","protected":false},"excerpt":{"rendered":"<p>Gorro de camuflaje azul, perfecto para \u201clavar y peinar\u201d, f\u00e1cil de poner gracias a su elasticidad y transpirabilidad, que asegura que tu cabello se seque r\u00e1pidamente esta gorra ondulada camuflaje azul es perfecta si est\u00e1s cansado de las marcas que dejan otras gorras en tu frente, no causa ninguna irritaci\u00f3n y puedes usarla durante horas [&hellip;]<\/p>\n","protected":false},"featured_media":12168,"comment_status":"open","ping_status":"closed","template":"","meta":[],"product_cat":[619,636],"product_tag":[],"class_list":{"0":"post-12321","1":"product","2":"type-product","3":"status-publish","4":"has-post-thumbnail","6":"product_cat-durag-color","7":"product_cat-gorra-wave","9":"first","10":"instock","11":"shipping-taxable","12":"purchasable","13":"product-type-simple"},"yoast_head":"<title>gorra ondulada camuflaje azul entrega gratuita | Ahorre un 30% en su pedido<\/title>\n<meta name=\"description\" content=\"Reciba su gorra ondulada camuflaje azul hoy mismo y benef\u00edciese de env\u00edo gratuito | 24\/48h dispatch\" \/>\n<meta name=\"robots\" content=\"index, follow, max-snippet:-1, max-image-preview:large, max-video-preview:-1\" \/>\n<link rel=\"canonical\" href=\"https:\/\/boutique-durag.com\/es\/producto\/wave-cap-camouflage-bleu\/\" \/>\n<meta property=\"og:locale\" content=\"es_ES\" \/>\n<meta property=\"og:type\" content=\"article\" \/>\n<meta property=\"og:title\" content=\"gorra ondulada camuflaje azul entrega gratuita | Ahorre un 30% en su pedido\" \/>\n<meta property=\"og:description\" content=\"Reciba su gorra ondulada camuflaje azul hoy mismo y benef\u00edciese de env\u00edo gratuito | 24\/48h dispatch\" \/>\n<meta property=\"og:url\" content=\"https:\/\/boutique-durag.com\/es\/producto\/wave-cap-camouflage-bleu\/\" \/>\n<meta property=\"og:site_name\" content=\"Tienda Durag\" \/>\n<meta property=\"article:modified_time\" content=\"2024-09-17T14:33:17+00:00\" \/>\n<meta property=\"og:image\" content=\"https:\/\/boutique-durag.com\/wp-content\/uploads\/2023\/05\/He1b490bd57c94852b9c92fdf456f62f5X.jpg\" \/>\n\t<meta property=\"og:image:width\" content=\"800\" \/>\n\t<meta property=\"og:image:height\" content=\"800\" \/>\n\t<meta property=\"og:image:type\" content=\"image\/jpeg\" \/>\n<meta name=\"twitter:card\" content=\"summary_large_image\" \/>\n<meta name=\"twitter:label1\" content=\"Tiempo de lectura\" \/>\n\t<meta name=\"twitter:data1\" content=\"1 minuto\" \/>\n<script type=\"application\/ld+json\" class=\"yoast-schema-graph\">{\"@context\":\"https:\/\/schema.org\",\"@graph\":[{\"@type\":\"WebPage\",\"@id\":\"https:\/\/boutique-durag.com\/es\/producto\/wave-cap-camouflage-bleu\/\",\"url\":\"https:\/\/boutique-durag.com\/es\/producto\/wave-cap-camouflage-bleu\/\",\"name\":\"gorra ondulada camuflaje azul entrega gratuita | Ahorre un 30% en su pedido\",\"isPartOf\":{\"@id\":\"https:\/\/boutique-durag.com\/es\/#website\"},\"primaryImageOfPage\":{\"@id\":\"https:\/\/boutique-durag.com\/es\/producto\/wave-cap-camouflage-bleu\/#primaryimage\"},\"image\":{\"@id\":\"https:\/\/boutique-durag.com\/es\/producto\/wave-cap-camouflage-bleu\/#primaryimage\"},\"thumbnailUrl\":\"https:\/\/boutique-durag.com\/wp-content\/uploads\/2023\/05\/He1b490bd57c94852b9c92fdf456f62f5X.jpg\",\"datePublished\":\"2023-05-30T08:51:27+00:00\",\"dateModified\":\"2024-09-17T14:33:17+00:00\",\"description\":\"Reciba su gorra ondulada camuflaje azul hoy mismo y benef\u00edciese de env\u00edo gratuito | 24\/48h dispatch\",\"breadcrumb\":{\"@id\":\"https:\/\/boutique-durag.com\/es\/producto\/wave-cap-camouflage-bleu\/#breadcrumb\"},\"inLanguage\":\"es\",\"potentialAction\":[{\"@type\":\"ReadAction\",\"target\":[\"https:\/\/boutique-durag.com\/es\/producto\/wave-cap-camouflage-bleu\/\"]}]},{\"@type\":\"ImageObject\",\"inLanguage\":\"es\",\"@id\":\"https:\/\/boutique-durag.com\/es\/producto\/wave-cap-camouflage-bleu\/#primaryimage\",\"url\":\"https:\/\/boutique-durag.com\/wp-content\/uploads\/2023\/05\/He1b490bd57c94852b9c92fdf456f62f5X.jpg\",\"contentUrl\":\"https:\/\/boutique-durag.com\/wp-content\/uploads\/2023\/05\/He1b490bd57c94852b9c92fdf456f62f5X.jpg\",\"width\":800,\"height\":800},{\"@type\":\"BreadcrumbList\",\"@id\":\"https:\/\/boutique-durag.com\/es\/producto\/wave-cap-camouflage-bleu\/#breadcrumb\",\"itemListElement\":[{\"@type\":\"ListItem\",\"position\":1,\"name\":\"Boutique durag\",\"item\":\"https:\/\/boutique-durag.com\/es\/inicio\/\"},{\"@type\":\"ListItem\",\"position\":2,\"name\":\"Tienda\",\"item\":\"https:\/\/boutique-durag.com\/es\/tienda\/\"},{\"@type\":\"ListItem\",\"position\":3,\"name\":\"Durag Color\",\"item\":\"https:\/\/boutique-durag.com\/es\/colecciones\/durag-color\/\"},{\"@type\":\"ListItem\",\"position\":4,\"name\":\"gorra ondulada camuflaje azul\"}]},{\"@type\":\"WebSite\",\"@id\":\"https:\/\/boutique-durag.com\/es\/#website\",\"url\":\"https:\/\/boutique-durag.com\/es\/\",\"name\":\"Tienda Durag\",\"description\":\"Tienda francesa de ropa de calle para hombre y mujer dedicada al mundo del durag y la cultura hip-hop. Descubre nuestra selecci\u00f3n de durag.\",\"publisher\":{\"@id\":\"https:\/\/boutique-durag.com\/es\/#organization\"},\"potentialAction\":[{\"@type\":\"SearchAction\",\"target\":{\"@type\":\"EntryPoint\",\"urlTemplate\":\"https:\/\/boutique-durag.com\/es\/?s={search_term_string}\"},\"query-input\":{\"@type\":\"PropertyValueSpecification\",\"valueRequired\":true,\"valueName\":\"search_term_string\"}}],\"inLanguage\":\"es\"},{\"@type\":\"Organization\",\"@id\":\"https:\/\/boutique-durag.com\/es\/#organization\",\"name\":\"Tienda Durag\",\"url\":\"https:\/\/boutique-durag.com\/es\/\",\"logo\":{\"@type\":\"ImageObject\",\"inLanguage\":\"es\",\"@id\":\"https:\/\/boutique-durag.com\/es\/#\/schema\/logo\/image\/\",\"url\":\"https:\/\/boutique-durag.com\/wp-content\/uploads\/2023\/05\/cropped-Site-Logo-3-1.png\",\"contentUrl\":\"https:\/\/boutique-durag.com\/wp-content\/uploads\/2023\/05\/cropped-Site-Logo-3-1.png\",\"width\":400,\"height\":100,\"caption\":\"Tienda Durag\"},\"image\":{\"@id\":\"https:\/\/boutique-durag.com\/es\/#\/schema\/logo\/image\/\"}}]}<\/script>","yoast_head_json":{"title":"gorra ondulada camuflaje azul entrega gratuita | Ahorre un 30% en su pedido","description":"Reciba su gorra ondulada camuflaje azul hoy mismo y benef\u00edciese de env\u00edo gratuito | 24\/48h dispatch","robots":{"index":"index","follow":"follow","max-snippet":"max-snippet:-1","max-image-preview":"max-image-preview:large","max-video-preview":"max-video-preview:-1"},"canonical":"https:\/\/boutique-durag.com\/es\/producto\/wave-cap-camouflage-bleu\/","og_locale":"es_ES","og_type":"article","og_title":"gorra ondulada camuflaje azul entrega gratuita | Ahorre un 30% en su pedido","og_description":"Reciba su gorra ondulada camuflaje azul hoy mismo y benef\u00edciese de env\u00edo gratuito | 24\/48h dispatch","og_url":"https:\/\/boutique-durag.com\/es\/producto\/wave-cap-camouflage-bleu\/","og_site_name":"Tienda Durag","article_modified_time":"2024-09-17T14:33:17+00:00","og_image":[{"width":800,"height":800,"url":"https:\/\/boutique-durag.com\/wp-content\/uploads\/2023\/05\/He1b490bd57c94852b9c92fdf456f62f5X.jpg","type":"image\/jpeg"}],"twitter_card":"summary_large_image","twitter_misc":{"Tiempo de lectura":"1 minuto"},"schema":{"@context":"https:\/\/schema.org","@graph":[{"@type":"WebPage","@id":"https:\/\/boutique-durag.com\/es\/producto\/wave-cap-camouflage-bleu\/","url":"https:\/\/boutique-durag.com\/es\/producto\/wave-cap-camouflage-bleu\/","name":"gorra ondulada camuflaje azul entrega gratuita | Ahorre un 30% en su pedido","isPartOf":{"@id":"https:\/\/boutique-durag.com\/es\/#website"},"primaryImageOfPage":{"@id":"https:\/\/boutique-durag.com\/es\/producto\/wave-cap-camouflage-bleu\/#primaryimage"},"image":{"@id":"https:\/\/boutique-durag.com\/es\/producto\/wave-cap-camouflage-bleu\/#primaryimage"},"thumbnailUrl":"https:\/\/boutique-durag.com\/wp-content\/uploads\/2023\/05\/He1b490bd57c94852b9c92fdf456f62f5X.jpg","datePublished":"2023-05-30T08:51:27+00:00","dateModified":"2024-09-17T14:33:17+00:00","description":"Reciba su gorra ondulada camuflaje azul hoy mismo y benef\u00edciese de env\u00edo gratuito | 24\/48h dispatch","breadcrumb":{"@id":"https:\/\/boutique-durag.com\/es\/producto\/wave-cap-camouflage-bleu\/#breadcrumb"},"inLanguage":"es","potentialAction":[{"@type":"ReadAction","target":["https:\/\/boutique-durag.com\/es\/producto\/wave-cap-camouflage-bleu\/"]}]},{"@type":"ImageObject","inLanguage":"es","@id":"https:\/\/boutique-durag.com\/es\/producto\/wave-cap-camouflage-bleu\/#primaryimage","url":"https:\/\/boutique-durag.com\/wp-content\/uploads\/2023\/05\/He1b490bd57c94852b9c92fdf456f62f5X.jpg","contentUrl":"https:\/\/boutique-durag.com\/wp-content\/uploads\/2023\/05\/He1b490bd57c94852b9c92fdf456f62f5X.jpg","width":800,"height":800},{"@type":"BreadcrumbList","@id":"https:\/\/boutique-durag.com\/es\/producto\/wave-cap-camouflage-bleu\/#breadcrumb","itemListElement":[{"@type":"ListItem","position":1,"name":"Boutique durag","item":"https:\/\/boutique-durag.com\/es\/inicio\/"},{"@type":"ListItem","position":2,"name":"Tienda","item":"https:\/\/boutique-durag.com\/es\/tienda\/"},{"@type":"ListItem","position":3,"name":"Durag Color","item":"https:\/\/boutique-durag.com\/es\/colecciones\/durag-color\/"},{"@type":"ListItem","position":4,"name":"gorra ondulada camuflaje azul"}]},{"@type":"WebSite","@id":"https:\/\/boutique-durag.com\/es\/#website","url":"https:\/\/boutique-durag.com\/es\/","name":"Tienda Durag","description":"Tienda francesa de ropa de calle para hombre y mujer dedicada al mundo del durag y la cultura hip-hop. Descubre nuestra selecci\u00f3n de durag.","publisher":{"@id":"https:\/\/boutique-durag.com\/es\/#organization"},"potentialAction":[{"@type":"SearchAction","target":{"@type":"EntryPoint","urlTemplate":"https:\/\/boutique-durag.com\/es\/?s={search_term_string}"},"query-input":{"@type":"PropertyValueSpecification","valueRequired":true,"valueName":"search_term_string"}}],"inLanguage":"es"},{"@type":"Organization","@id":"https:\/\/boutique-durag.com\/es\/#organization","name":"Tienda Durag","url":"https:\/\/boutique-durag.com\/es\/","logo":{"@type":"ImageObject","inLanguage":"es","@id":"https:\/\/boutique-durag.com\/es\/#\/schema\/logo\/image\/","url":"https:\/\/boutique-durag.com\/wp-content\/uploads\/2023\/05\/cropped-Site-Logo-3-1.png","contentUrl":"https:\/\/boutique-durag.com\/wp-content\/uploads\/2023\/05\/cropped-Site-Logo-3-1.png","width":400,"height":100,"caption":"Tienda Durag"},"image":{"@id":"https:\/\/boutique-durag.com\/es\/#\/schema\/logo\/image\/"}}]}},"_links":{"self":[{"href":"https:\/\/boutique-durag.com\/es\/wp-json\/wp\/v2\/product\/12321"}],"collection":[{"href":"https:\/\/boutique-durag.com\/es\/wp-json\/wp\/v2\/product"}],"about":[{"href":"https:\/\/boutique-durag.com\/es\/wp-json\/wp\/v2\/types\/product"}],"replies":[{"embeddable":true,"href":"https:\/\/boutique-durag.com\/es\/wp-json\/wp\/v2\/comments?post=12321"}],"wp:featuredmedia":[{"embeddable":true,"href":"https:\/\/boutique-durag.com\/es\/wp-json\/wp\/v2\/media\/12168"}],"wp:attachment":[{"href":"https:\/\/boutique-durag.com\/es\/wp-json\/wp\/v2\/media?parent=12321"}],"wp:term":[{"taxonomy":"product_cat","embeddable":true,"href":"https:\/\/boutique-durag.com\/es\/wp-json\/wp\/v2\/product_cat?post=12321"},{"taxonomy":"product_tag","embeddable":true,"href":"https:\/\/boutique-durag.com\/es\/wp-json\/wp\/v2\/product_tag?post=12321"}],"curies":[{"name":"wp","href":"https:\/\/api.w.org\/{rel}","templated":true}]}}