{"id":12310,"date":"2023-05-30T08:52:06","date_gmt":"2023-05-30T08:52:06","guid":{"rendered":"https:\/\/boutique-durag.com\/produit\/wave-cap-noir\/"},"modified":"2024-09-17T14:33:11","modified_gmt":"2024-09-17T14:33:11","slug":"wave-cap-noir","status":"publish","type":"product","link":"https:\/\/boutique-durag.com\/es\/producto\/wave-cap-noir\/","title":{"rendered":"gorra ondulada negra"},"content":{"rendered":"<h2><span style=\"font-size: 1.4em\">Durag de calidad superior, perfecto para disciplinar tu cabello rizado, es muy bueno para tus d\u00edas de lavado porque ofrece gran elasticidad, lo que te permite usarlo todo el d\u00eda sin sentirse cansado<\/span><\/h2>\n<ul style=\"margin-top: 0cm\" type=\"disc\">\n<li class=\"MsoNormal\" style=\"line-height: normal\"> este durag es <b> confeccionado con tejidos delicados<\/b> que cuidan tu piel, gracias a \u00e9l te olvidar\u00e1s de marcas desagradables<\/li>\n<li class=\"MsoNormal\" style=\"line-height: normal\">Es <b> ideal para todo tipo de calaveras<\/b>, no tendr\u00e1s dificultad para pon\u00e9rtelo<\/li>\n<li class=\"MsoNormal\" style=\"line-height: normal\">Respeta el cabello<\/b>, al contrario, con el tiempo su textura mejora<\/li>\n<li class=\"MsoNormal\" style=\"line-height: normal\">Es <b>muy sencillo de llevar<\/b>, se puede anudar en s\u00f3lo unos minutos <\/li>\n<li class=\"MsoNormal\" style=\"line-height: normal\">Este durag es <b>adecuado para cada estaci\u00f3n<\/b>, en invierno puede calentarte y en verano puede proteger tu cabello ventil\u00e1ndolo<\/li>\n<li class=\"MsoNormal\" style=\"line-height: normal\">Ya sea que tengas el cabello ondulado, rizado o simplemente <b>encrespado, este durag es para ti. <\/b> <\/li>\n<\/ul>\n<p> Con la <a href=\"https:\/\/boutique-durag.com\/es\/produit\/wave-cap-rouge\/\">wave cap rouge<\/a>, no te decepcionar\u00e1s. No dude en hacer clic en el enlace<\/p>\n<ul style=\"margin-top: 0cm\" type=\"disc\">\n<li class=\"MsoNormal\" style=\"line-height: normal\"><b> <u> La entrega est\u00e1ndar es gratuita<\/u><\/b><\/li>\n<\/ul>\n<p><em><b>\ufeff<\/b><\/em><em>\ufeffCategor\u00eda: <a href=\"https:\/\/boutique-durag.com\/es\/collections\/gorra-wave\/\" class=\"broken_link\">gorra ondulada<\/a><\/em><\/p>\n<ol><\/ol>\n","protected":false},"excerpt":{"rendered":"<p>Durag de calidad superior, perfecto para disciplinar tu cabello rizado, es muy bueno para tus d\u00edas de lavado porque ofrece gran elasticidad, lo que te permite usarlo todo el d\u00eda sin sentirse cansado este durag es confeccionado con tejidos delicados que cuidan tu piel, gracias a \u00e9l te olvidar\u00e1s de marcas desagradables Es ideal para [&hellip;]<\/p>\n","protected":false},"featured_media":12179,"comment_status":"open","ping_status":"closed","template":"","meta":[],"product_cat":[619,636],"product_tag":[],"class_list":{"0":"post-12310","1":"product","2":"type-product","3":"status-publish","4":"has-post-thumbnail","6":"product_cat-durag-color","7":"product_cat-gorra-wave","9":"first","10":"instock","11":"shipping-taxable","12":"purchasable","13":"product-type-simple"},"yoast_head":"<title>gorra ondulada negra entrega gratuita | Ahorre un 30% en su pedido<\/title>\n<meta name=\"description\" content=\"Reciba su gorra ondulada negra hoy mismo y benef\u00edciese de env\u00edo gratuito | 24\/48h dispatch\" \/>\n<meta name=\"robots\" content=\"index, follow, max-snippet:-1, max-image-preview:large, max-video-preview:-1\" \/>\n<link rel=\"canonical\" href=\"https:\/\/boutique-durag.com\/es\/producto\/wave-cap-noir\/\" \/>\n<meta property=\"og:locale\" content=\"es_ES\" \/>\n<meta property=\"og:type\" content=\"article\" \/>\n<meta property=\"og:title\" content=\"gorra ondulada negra entrega gratuita | Ahorre un 30% en su pedido\" \/>\n<meta property=\"og:description\" content=\"Reciba su gorra ondulada negra hoy mismo y benef\u00edciese de env\u00edo gratuito | 24\/48h dispatch\" \/>\n<meta property=\"og:url\" content=\"https:\/\/boutique-durag.com\/es\/producto\/wave-cap-noir\/\" \/>\n<meta property=\"og:site_name\" content=\"Tienda Durag\" \/>\n<meta property=\"article:modified_time\" content=\"2024-09-17T14:33:11+00:00\" \/>\n<meta property=\"og:image\" content=\"https:\/\/boutique-durag.com\/wp-content\/uploads\/2023\/05\/product-image-1457393896_8cbc0f7a-165f-458e-b2d7-6b1cb82bb1b4.jpg\" \/>\n\t<meta property=\"og:image:width\" content=\"640\" \/>\n\t<meta property=\"og:image:height\" content=\"640\" \/>\n\t<meta property=\"og:image:type\" content=\"image\/jpeg\" \/>\n<meta name=\"twitter:card\" content=\"summary_large_image\" \/>\n<meta name=\"twitter:label1\" content=\"Tiempo de lectura\" \/>\n\t<meta name=\"twitter:data1\" content=\"1 minuto\" \/>\n<script type=\"application\/ld+json\" class=\"yoast-schema-graph\">{\"@context\":\"https:\/\/schema.org\",\"@graph\":[{\"@type\":\"WebPage\",\"@id\":\"https:\/\/boutique-durag.com\/es\/producto\/wave-cap-noir\/\",\"url\":\"https:\/\/boutique-durag.com\/es\/producto\/wave-cap-noir\/\",\"name\":\"gorra ondulada negra entrega gratuita | Ahorre un 30% en su pedido\",\"isPartOf\":{\"@id\":\"https:\/\/boutique-durag.com\/es\/#website\"},\"primaryImageOfPage\":{\"@id\":\"https:\/\/boutique-durag.com\/es\/producto\/wave-cap-noir\/#primaryimage\"},\"image\":{\"@id\":\"https:\/\/boutique-durag.com\/es\/producto\/wave-cap-noir\/#primaryimage\"},\"thumbnailUrl\":\"https:\/\/boutique-durag.com\/wp-content\/uploads\/2023\/05\/product-image-1457393896_8cbc0f7a-165f-458e-b2d7-6b1cb82bb1b4.jpg\",\"datePublished\":\"2023-05-30T08:52:06+00:00\",\"dateModified\":\"2024-09-17T14:33:11+00:00\",\"description\":\"Reciba su gorra ondulada negra hoy mismo y benef\u00edciese de env\u00edo gratuito | 24\/48h dispatch\",\"breadcrumb\":{\"@id\":\"https:\/\/boutique-durag.com\/es\/producto\/wave-cap-noir\/#breadcrumb\"},\"inLanguage\":\"es\",\"potentialAction\":[{\"@type\":\"ReadAction\",\"target\":[\"https:\/\/boutique-durag.com\/es\/producto\/wave-cap-noir\/\"]}]},{\"@type\":\"ImageObject\",\"inLanguage\":\"es\",\"@id\":\"https:\/\/boutique-durag.com\/es\/producto\/wave-cap-noir\/#primaryimage\",\"url\":\"https:\/\/boutique-durag.com\/wp-content\/uploads\/2023\/05\/product-image-1457393896_8cbc0f7a-165f-458e-b2d7-6b1cb82bb1b4.jpg\",\"contentUrl\":\"https:\/\/boutique-durag.com\/wp-content\/uploads\/2023\/05\/product-image-1457393896_8cbc0f7a-165f-458e-b2d7-6b1cb82bb1b4.jpg\",\"width\":640,\"height\":640},{\"@type\":\"BreadcrumbList\",\"@id\":\"https:\/\/boutique-durag.com\/es\/producto\/wave-cap-noir\/#breadcrumb\",\"itemListElement\":[{\"@type\":\"ListItem\",\"position\":1,\"name\":\"Boutique durag\",\"item\":\"https:\/\/boutique-durag.com\/es\/inicio\/\"},{\"@type\":\"ListItem\",\"position\":2,\"name\":\"Tienda\",\"item\":\"https:\/\/boutique-durag.com\/es\/tienda\/\"},{\"@type\":\"ListItem\",\"position\":3,\"name\":\"Durag Color\",\"item\":\"https:\/\/boutique-durag.com\/es\/colecciones\/durag-color\/\"},{\"@type\":\"ListItem\",\"position\":4,\"name\":\"gorra ondulada negra\"}]},{\"@type\":\"WebSite\",\"@id\":\"https:\/\/boutique-durag.com\/es\/#website\",\"url\":\"https:\/\/boutique-durag.com\/es\/\",\"name\":\"Tienda Durag\",\"description\":\"Tienda francesa de ropa de calle para hombre y mujer dedicada al mundo del durag y la cultura hip-hop. Descubre nuestra selecci\u00f3n de durag.\",\"publisher\":{\"@id\":\"https:\/\/boutique-durag.com\/es\/#organization\"},\"potentialAction\":[{\"@type\":\"SearchAction\",\"target\":{\"@type\":\"EntryPoint\",\"urlTemplate\":\"https:\/\/boutique-durag.com\/es\/?s={search_term_string}\"},\"query-input\":{\"@type\":\"PropertyValueSpecification\",\"valueRequired\":true,\"valueName\":\"search_term_string\"}}],\"inLanguage\":\"es\"},{\"@type\":\"Organization\",\"@id\":\"https:\/\/boutique-durag.com\/es\/#organization\",\"name\":\"Tienda Durag\",\"url\":\"https:\/\/boutique-durag.com\/es\/\",\"logo\":{\"@type\":\"ImageObject\",\"inLanguage\":\"es\",\"@id\":\"https:\/\/boutique-durag.com\/es\/#\/schema\/logo\/image\/\",\"url\":\"https:\/\/boutique-durag.com\/wp-content\/uploads\/2023\/05\/cropped-Site-Logo-3-1.png\",\"contentUrl\":\"https:\/\/boutique-durag.com\/wp-content\/uploads\/2023\/05\/cropped-Site-Logo-3-1.png\",\"width\":400,\"height\":100,\"caption\":\"Tienda Durag\"},\"image\":{\"@id\":\"https:\/\/boutique-durag.com\/es\/#\/schema\/logo\/image\/\"}}]}<\/script>","yoast_head_json":{"title":"gorra ondulada negra entrega gratuita | Ahorre un 30% en su pedido","description":"Reciba su gorra ondulada negra hoy mismo y benef\u00edciese de env\u00edo gratuito | 24\/48h dispatch","robots":{"index":"index","follow":"follow","max-snippet":"max-snippet:-1","max-image-preview":"max-image-preview:large","max-video-preview":"max-video-preview:-1"},"canonical":"https:\/\/boutique-durag.com\/es\/producto\/wave-cap-noir\/","og_locale":"es_ES","og_type":"article","og_title":"gorra ondulada negra entrega gratuita | Ahorre un 30% en su pedido","og_description":"Reciba su gorra ondulada negra hoy mismo y benef\u00edciese de env\u00edo gratuito | 24\/48h dispatch","og_url":"https:\/\/boutique-durag.com\/es\/producto\/wave-cap-noir\/","og_site_name":"Tienda Durag","article_modified_time":"2024-09-17T14:33:11+00:00","og_image":[{"width":640,"height":640,"url":"https:\/\/boutique-durag.com\/wp-content\/uploads\/2023\/05\/product-image-1457393896_8cbc0f7a-165f-458e-b2d7-6b1cb82bb1b4.jpg","type":"image\/jpeg"}],"twitter_card":"summary_large_image","twitter_misc":{"Tiempo de lectura":"1 minuto"},"schema":{"@context":"https:\/\/schema.org","@graph":[{"@type":"WebPage","@id":"https:\/\/boutique-durag.com\/es\/producto\/wave-cap-noir\/","url":"https:\/\/boutique-durag.com\/es\/producto\/wave-cap-noir\/","name":"gorra ondulada negra entrega gratuita | Ahorre un 30% en su pedido","isPartOf":{"@id":"https:\/\/boutique-durag.com\/es\/#website"},"primaryImageOfPage":{"@id":"https:\/\/boutique-durag.com\/es\/producto\/wave-cap-noir\/#primaryimage"},"image":{"@id":"https:\/\/boutique-durag.com\/es\/producto\/wave-cap-noir\/#primaryimage"},"thumbnailUrl":"https:\/\/boutique-durag.com\/wp-content\/uploads\/2023\/05\/product-image-1457393896_8cbc0f7a-165f-458e-b2d7-6b1cb82bb1b4.jpg","datePublished":"2023-05-30T08:52:06+00:00","dateModified":"2024-09-17T14:33:11+00:00","description":"Reciba su gorra ondulada negra hoy mismo y benef\u00edciese de env\u00edo gratuito | 24\/48h dispatch","breadcrumb":{"@id":"https:\/\/boutique-durag.com\/es\/producto\/wave-cap-noir\/#breadcrumb"},"inLanguage":"es","potentialAction":[{"@type":"ReadAction","target":["https:\/\/boutique-durag.com\/es\/producto\/wave-cap-noir\/"]}]},{"@type":"ImageObject","inLanguage":"es","@id":"https:\/\/boutique-durag.com\/es\/producto\/wave-cap-noir\/#primaryimage","url":"https:\/\/boutique-durag.com\/wp-content\/uploads\/2023\/05\/product-image-1457393896_8cbc0f7a-165f-458e-b2d7-6b1cb82bb1b4.jpg","contentUrl":"https:\/\/boutique-durag.com\/wp-content\/uploads\/2023\/05\/product-image-1457393896_8cbc0f7a-165f-458e-b2d7-6b1cb82bb1b4.jpg","width":640,"height":640},{"@type":"BreadcrumbList","@id":"https:\/\/boutique-durag.com\/es\/producto\/wave-cap-noir\/#breadcrumb","itemListElement":[{"@type":"ListItem","position":1,"name":"Boutique durag","item":"https:\/\/boutique-durag.com\/es\/inicio\/"},{"@type":"ListItem","position":2,"name":"Tienda","item":"https:\/\/boutique-durag.com\/es\/tienda\/"},{"@type":"ListItem","position":3,"name":"Durag Color","item":"https:\/\/boutique-durag.com\/es\/colecciones\/durag-color\/"},{"@type":"ListItem","position":4,"name":"gorra ondulada negra"}]},{"@type":"WebSite","@id":"https:\/\/boutique-durag.com\/es\/#website","url":"https:\/\/boutique-durag.com\/es\/","name":"Tienda Durag","description":"Tienda francesa de ropa de calle para hombre y mujer dedicada al mundo del durag y la cultura hip-hop. Descubre nuestra selecci\u00f3n de durag.","publisher":{"@id":"https:\/\/boutique-durag.com\/es\/#organization"},"potentialAction":[{"@type":"SearchAction","target":{"@type":"EntryPoint","urlTemplate":"https:\/\/boutique-durag.com\/es\/?s={search_term_string}"},"query-input":{"@type":"PropertyValueSpecification","valueRequired":true,"valueName":"search_term_string"}}],"inLanguage":"es"},{"@type":"Organization","@id":"https:\/\/boutique-durag.com\/es\/#organization","name":"Tienda Durag","url":"https:\/\/boutique-durag.com\/es\/","logo":{"@type":"ImageObject","inLanguage":"es","@id":"https:\/\/boutique-durag.com\/es\/#\/schema\/logo\/image\/","url":"https:\/\/boutique-durag.com\/wp-content\/uploads\/2023\/05\/cropped-Site-Logo-3-1.png","contentUrl":"https:\/\/boutique-durag.com\/wp-content\/uploads\/2023\/05\/cropped-Site-Logo-3-1.png","width":400,"height":100,"caption":"Tienda Durag"},"image":{"@id":"https:\/\/boutique-durag.com\/es\/#\/schema\/logo\/image\/"}}]}},"_links":{"self":[{"href":"https:\/\/boutique-durag.com\/es\/wp-json\/wp\/v2\/product\/12310"}],"collection":[{"href":"https:\/\/boutique-durag.com\/es\/wp-json\/wp\/v2\/product"}],"about":[{"href":"https:\/\/boutique-durag.com\/es\/wp-json\/wp\/v2\/types\/product"}],"replies":[{"embeddable":true,"href":"https:\/\/boutique-durag.com\/es\/wp-json\/wp\/v2\/comments?post=12310"}],"wp:featuredmedia":[{"embeddable":true,"href":"https:\/\/boutique-durag.com\/es\/wp-json\/wp\/v2\/media\/12179"}],"wp:attachment":[{"href":"https:\/\/boutique-durag.com\/es\/wp-json\/wp\/v2\/media?parent=12310"}],"wp:term":[{"taxonomy":"product_cat","embeddable":true,"href":"https:\/\/boutique-durag.com\/es\/wp-json\/wp\/v2\/product_cat?post=12310"},{"taxonomy":"product_tag","embeddable":true,"href":"https:\/\/boutique-durag.com\/es\/wp-json\/wp\/v2\/product_tag?post=12310"}],"curies":[{"name":"wp","href":"https:\/\/api.w.org\/{rel}","templated":true}]}}