{"id":12307,"date":"2023-05-30T08:52:19","date_gmt":"2023-05-30T08:52:19","guid":{"rendered":"https:\/\/boutique-durag.com\/produit\/wave-cap-homme-bleu\/"},"modified":"2024-09-17T14:33:06","modified_gmt":"2024-09-17T14:33:06","slug":"wave-cap-homme-bleu","status":"publish","type":"product","link":"https:\/\/boutique-durag.com\/es\/producto\/wave-cap-homme-bleu\/","title":{"rendered":"Gorra Wave hombre azul"},"content":{"rendered":"<h2><span style=\"font-size: 1.4em\">Esta <strong>gorra ondulada<\/strong> es ideal porque es <strong>el\u00e1stica<\/strong>, lo que te permite <strong> estilizar<\/strong>tu cabello. Su <strong>flexibilidad<\/strong> permite llevarlo sin ninguna molestia.<\/span><\/h2>\n<ul>\n<li>Este durag est\u00e1 hecho con <strong>un material suave<\/strong> que no causa ninguna irritaci\u00f3n.<\/li>\n<\/ul>\n<ul>\n<li>Est\u00e1 <strong>dise\u00f1ado para todo tipo de cabeza<\/strong> y es f\u00e1cil de llevar.<\/li>\n<li>Protege tu cabello y <strong>mejora su textura<\/strong>.<\/li>\n<li>Puedes pon\u00e9rtelo <strong>en unos minutos<\/strong>.<\/li>\n<li>Puedes usarlo tanto en verano como en invierno, porque <strong>favorece la ventilaci\u00f3n del cabello<\/strong>.<\/li>\n<li>Se adapta a <strong>todos los peinados<\/strong>.<\/li>\n<\/ul>\n<ul>\n<li><strong><u>La entrega es gratuita<\/u><\/strong>.<\/li>\n<\/ul>\n<p><em data-mce-fragment=\"1\"><b data-mce-fragment=\"1\">\ufeff<\/b><\/em><em data-mce-fragment=\"1\">\ufeffcategor\u00eda:<span data-mce-fragment=\"1\"> <\/span><a data-mce-fragment=\"1\" data-mce-href=\"\/?product_cat=wave-cap\" href=\"https:\/\/boutique-durag .com\/es\/collections\/gorra-wave\/\">gorra ondulada<\/a><\/em><\/p>\n<ol><\/ol>\n<div class=\"eJOY__extension_root_class\" id=\"eJOY__extension_root\"><\/div>\n","protected":false},"excerpt":{"rendered":"<p>Esta gorra ondulada es ideal porque es el\u00e1stica, lo que te permite estilizartu cabello. Su flexibilidad permite llevarlo sin ninguna molestia. Este durag est\u00e1 hecho con un material suave que no causa ninguna irritaci\u00f3n. Est\u00e1 dise\u00f1ado para todo tipo de cabeza y es f\u00e1cil de llevar. Protege tu cabello y mejora su textura. Puedes pon\u00e9rtelo [&hellip;]<\/p>\n","protected":false},"featured_media":12185,"comment_status":"open","ping_status":"closed","template":"","meta":[],"product_cat":[619,625,636],"product_tag":[],"class_list":{"0":"post-12307","1":"product","2":"type-product","3":"status-publish","4":"has-post-thumbnail","6":"product_cat-durag-color","7":"product_cat-durag-hombre","8":"product_cat-gorra-wave","10":"first","11":"instock","12":"shipping-taxable","13":"purchasable","14":"product-type-simple"},"yoast_head":"<title>Gorra Wave hombre azul entrega gratuita | Ahorre un 30% en su pedido<\/title>\n<meta name=\"description\" content=\"Reciba su Gorra Wave hombre azul hoy mismo y benef\u00edciese de env\u00edo gratuito | 24\/48h dispatch\" \/>\n<meta name=\"robots\" content=\"index, follow, max-snippet:-1, max-image-preview:large, max-video-preview:-1\" \/>\n<link rel=\"canonical\" href=\"https:\/\/boutique-durag.com\/es\/producto\/wave-cap-homme-bleu\/\" \/>\n<meta property=\"og:locale\" content=\"es_ES\" \/>\n<meta property=\"og:type\" content=\"article\" \/>\n<meta property=\"og:title\" content=\"Gorra Wave hombre azul entrega gratuita | Ahorre un 30% en su pedido\" \/>\n<meta property=\"og:description\" content=\"Reciba su Gorra Wave hombre azul hoy mismo y benef\u00edciese de env\u00edo gratuito | 24\/48h dispatch\" \/>\n<meta property=\"og:url\" content=\"https:\/\/boutique-durag.com\/es\/producto\/wave-cap-homme-bleu\/\" \/>\n<meta property=\"og:site_name\" content=\"Tienda Durag\" \/>\n<meta property=\"article:modified_time\" content=\"2024-09-17T14:33:06+00:00\" \/>\n<meta property=\"og:image\" content=\"https:\/\/boutique-durag.com\/wp-content\/uploads\/2023\/05\/product-image-1481443453.jpg\" \/>\n\t<meta property=\"og:image:width\" content=\"640\" \/>\n\t<meta property=\"og:image:height\" content=\"640\" \/>\n\t<meta property=\"og:image:type\" content=\"image\/jpeg\" \/>\n<meta name=\"twitter:card\" content=\"summary_large_image\" \/>\n<script type=\"application\/ld+json\" class=\"yoast-schema-graph\">{\"@context\":\"https:\/\/schema.org\",\"@graph\":[{\"@type\":\"WebPage\",\"@id\":\"https:\/\/boutique-durag.com\/es\/producto\/wave-cap-homme-bleu\/\",\"url\":\"https:\/\/boutique-durag.com\/es\/producto\/wave-cap-homme-bleu\/\",\"name\":\"Gorra Wave hombre azul entrega gratuita | Ahorre un 30% en su pedido\",\"isPartOf\":{\"@id\":\"https:\/\/boutique-durag.com\/es\/#website\"},\"primaryImageOfPage\":{\"@id\":\"https:\/\/boutique-durag.com\/es\/producto\/wave-cap-homme-bleu\/#primaryimage\"},\"image\":{\"@id\":\"https:\/\/boutique-durag.com\/es\/producto\/wave-cap-homme-bleu\/#primaryimage\"},\"thumbnailUrl\":\"https:\/\/boutique-durag.com\/wp-content\/uploads\/2023\/05\/product-image-1481443453.jpg\",\"datePublished\":\"2023-05-30T08:52:19+00:00\",\"dateModified\":\"2024-09-17T14:33:06+00:00\",\"description\":\"Reciba su Gorra Wave hombre azul hoy mismo y benef\u00edciese de env\u00edo gratuito | 24\/48h dispatch\",\"breadcrumb\":{\"@id\":\"https:\/\/boutique-durag.com\/es\/producto\/wave-cap-homme-bleu\/#breadcrumb\"},\"inLanguage\":\"es\",\"potentialAction\":[{\"@type\":\"ReadAction\",\"target\":[\"https:\/\/boutique-durag.com\/es\/producto\/wave-cap-homme-bleu\/\"]}]},{\"@type\":\"ImageObject\",\"inLanguage\":\"es\",\"@id\":\"https:\/\/boutique-durag.com\/es\/producto\/wave-cap-homme-bleu\/#primaryimage\",\"url\":\"https:\/\/boutique-durag.com\/wp-content\/uploads\/2023\/05\/product-image-1481443453.jpg\",\"contentUrl\":\"https:\/\/boutique-durag.com\/wp-content\/uploads\/2023\/05\/product-image-1481443453.jpg\",\"width\":640,\"height\":640},{\"@type\":\"BreadcrumbList\",\"@id\":\"https:\/\/boutique-durag.com\/es\/producto\/wave-cap-homme-bleu\/#breadcrumb\",\"itemListElement\":[{\"@type\":\"ListItem\",\"position\":1,\"name\":\"Boutique durag\",\"item\":\"https:\/\/boutique-durag.com\/es\/inicio\/\"},{\"@type\":\"ListItem\",\"position\":2,\"name\":\"Tienda\",\"item\":\"https:\/\/boutique-durag.com\/es\/tienda\/\"},{\"@type\":\"ListItem\",\"position\":3,\"name\":\"Durag Color\",\"item\":\"https:\/\/boutique-durag.com\/es\/colecciones\/durag-color\/\"},{\"@type\":\"ListItem\",\"position\":4,\"name\":\"Gorra Wave hombre azul\"}]},{\"@type\":\"WebSite\",\"@id\":\"https:\/\/boutique-durag.com\/es\/#website\",\"url\":\"https:\/\/boutique-durag.com\/es\/\",\"name\":\"Tienda Durag\",\"description\":\"Tienda francesa de ropa de calle para hombre y mujer dedicada al mundo del durag y la cultura hip-hop. Descubre nuestra selecci\u00f3n de durag.\",\"publisher\":{\"@id\":\"https:\/\/boutique-durag.com\/es\/#organization\"},\"potentialAction\":[{\"@type\":\"SearchAction\",\"target\":{\"@type\":\"EntryPoint\",\"urlTemplate\":\"https:\/\/boutique-durag.com\/es\/?s={search_term_string}\"},\"query-input\":{\"@type\":\"PropertyValueSpecification\",\"valueRequired\":true,\"valueName\":\"search_term_string\"}}],\"inLanguage\":\"es\"},{\"@type\":\"Organization\",\"@id\":\"https:\/\/boutique-durag.com\/es\/#organization\",\"name\":\"Tienda Durag\",\"url\":\"https:\/\/boutique-durag.com\/es\/\",\"logo\":{\"@type\":\"ImageObject\",\"inLanguage\":\"es\",\"@id\":\"https:\/\/boutique-durag.com\/es\/#\/schema\/logo\/image\/\",\"url\":\"https:\/\/boutique-durag.com\/wp-content\/uploads\/2023\/05\/cropped-Site-Logo-3-1.png\",\"contentUrl\":\"https:\/\/boutique-durag.com\/wp-content\/uploads\/2023\/05\/cropped-Site-Logo-3-1.png\",\"width\":400,\"height\":100,\"caption\":\"Tienda Durag\"},\"image\":{\"@id\":\"https:\/\/boutique-durag.com\/es\/#\/schema\/logo\/image\/\"}}]}<\/script>","yoast_head_json":{"title":"Gorra Wave hombre azul entrega gratuita | Ahorre un 30% en su pedido","description":"Reciba su Gorra Wave hombre azul hoy mismo y benef\u00edciese de env\u00edo gratuito | 24\/48h dispatch","robots":{"index":"index","follow":"follow","max-snippet":"max-snippet:-1","max-image-preview":"max-image-preview:large","max-video-preview":"max-video-preview:-1"},"canonical":"https:\/\/boutique-durag.com\/es\/producto\/wave-cap-homme-bleu\/","og_locale":"es_ES","og_type":"article","og_title":"Gorra Wave hombre azul entrega gratuita | Ahorre un 30% en su pedido","og_description":"Reciba su Gorra Wave hombre azul hoy mismo y benef\u00edciese de env\u00edo gratuito | 24\/48h dispatch","og_url":"https:\/\/boutique-durag.com\/es\/producto\/wave-cap-homme-bleu\/","og_site_name":"Tienda Durag","article_modified_time":"2024-09-17T14:33:06+00:00","og_image":[{"width":640,"height":640,"url":"https:\/\/boutique-durag.com\/wp-content\/uploads\/2023\/05\/product-image-1481443453.jpg","type":"image\/jpeg"}],"twitter_card":"summary_large_image","schema":{"@context":"https:\/\/schema.org","@graph":[{"@type":"WebPage","@id":"https:\/\/boutique-durag.com\/es\/producto\/wave-cap-homme-bleu\/","url":"https:\/\/boutique-durag.com\/es\/producto\/wave-cap-homme-bleu\/","name":"Gorra Wave hombre azul entrega gratuita | Ahorre un 30% en su pedido","isPartOf":{"@id":"https:\/\/boutique-durag.com\/es\/#website"},"primaryImageOfPage":{"@id":"https:\/\/boutique-durag.com\/es\/producto\/wave-cap-homme-bleu\/#primaryimage"},"image":{"@id":"https:\/\/boutique-durag.com\/es\/producto\/wave-cap-homme-bleu\/#primaryimage"},"thumbnailUrl":"https:\/\/boutique-durag.com\/wp-content\/uploads\/2023\/05\/product-image-1481443453.jpg","datePublished":"2023-05-30T08:52:19+00:00","dateModified":"2024-09-17T14:33:06+00:00","description":"Reciba su Gorra Wave hombre azul hoy mismo y benef\u00edciese de env\u00edo gratuito | 24\/48h dispatch","breadcrumb":{"@id":"https:\/\/boutique-durag.com\/es\/producto\/wave-cap-homme-bleu\/#breadcrumb"},"inLanguage":"es","potentialAction":[{"@type":"ReadAction","target":["https:\/\/boutique-durag.com\/es\/producto\/wave-cap-homme-bleu\/"]}]},{"@type":"ImageObject","inLanguage":"es","@id":"https:\/\/boutique-durag.com\/es\/producto\/wave-cap-homme-bleu\/#primaryimage","url":"https:\/\/boutique-durag.com\/wp-content\/uploads\/2023\/05\/product-image-1481443453.jpg","contentUrl":"https:\/\/boutique-durag.com\/wp-content\/uploads\/2023\/05\/product-image-1481443453.jpg","width":640,"height":640},{"@type":"BreadcrumbList","@id":"https:\/\/boutique-durag.com\/es\/producto\/wave-cap-homme-bleu\/#breadcrumb","itemListElement":[{"@type":"ListItem","position":1,"name":"Boutique durag","item":"https:\/\/boutique-durag.com\/es\/inicio\/"},{"@type":"ListItem","position":2,"name":"Tienda","item":"https:\/\/boutique-durag.com\/es\/tienda\/"},{"@type":"ListItem","position":3,"name":"Durag Color","item":"https:\/\/boutique-durag.com\/es\/colecciones\/durag-color\/"},{"@type":"ListItem","position":4,"name":"Gorra Wave hombre azul"}]},{"@type":"WebSite","@id":"https:\/\/boutique-durag.com\/es\/#website","url":"https:\/\/boutique-durag.com\/es\/","name":"Tienda Durag","description":"Tienda francesa de ropa de calle para hombre y mujer dedicada al mundo del durag y la cultura hip-hop. Descubre nuestra selecci\u00f3n de durag.","publisher":{"@id":"https:\/\/boutique-durag.com\/es\/#organization"},"potentialAction":[{"@type":"SearchAction","target":{"@type":"EntryPoint","urlTemplate":"https:\/\/boutique-durag.com\/es\/?s={search_term_string}"},"query-input":{"@type":"PropertyValueSpecification","valueRequired":true,"valueName":"search_term_string"}}],"inLanguage":"es"},{"@type":"Organization","@id":"https:\/\/boutique-durag.com\/es\/#organization","name":"Tienda Durag","url":"https:\/\/boutique-durag.com\/es\/","logo":{"@type":"ImageObject","inLanguage":"es","@id":"https:\/\/boutique-durag.com\/es\/#\/schema\/logo\/image\/","url":"https:\/\/boutique-durag.com\/wp-content\/uploads\/2023\/05\/cropped-Site-Logo-3-1.png","contentUrl":"https:\/\/boutique-durag.com\/wp-content\/uploads\/2023\/05\/cropped-Site-Logo-3-1.png","width":400,"height":100,"caption":"Tienda Durag"},"image":{"@id":"https:\/\/boutique-durag.com\/es\/#\/schema\/logo\/image\/"}}]}},"_links":{"self":[{"href":"https:\/\/boutique-durag.com\/es\/wp-json\/wp\/v2\/product\/12307"}],"collection":[{"href":"https:\/\/boutique-durag.com\/es\/wp-json\/wp\/v2\/product"}],"about":[{"href":"https:\/\/boutique-durag.com\/es\/wp-json\/wp\/v2\/types\/product"}],"replies":[{"embeddable":true,"href":"https:\/\/boutique-durag.com\/es\/wp-json\/wp\/v2\/comments?post=12307"}],"wp:featuredmedia":[{"embeddable":true,"href":"https:\/\/boutique-durag.com\/es\/wp-json\/wp\/v2\/media\/12185"}],"wp:attachment":[{"href":"https:\/\/boutique-durag.com\/es\/wp-json\/wp\/v2\/media?parent=12307"}],"wp:term":[{"taxonomy":"product_cat","embeddable":true,"href":"https:\/\/boutique-durag.com\/es\/wp-json\/wp\/v2\/product_cat?post=12307"},{"taxonomy":"product_tag","embeddable":true,"href":"https:\/\/boutique-durag.com\/es\/wp-json\/wp\/v2\/product_tag?post=12307"}],"curies":[{"name":"wp","href":"https:\/\/api.w.org\/{rel}","templated":true}]}}