{"id":12304,"date":"2023-05-30T08:52:19","date_gmt":"2023-05-30T08:52:19","guid":{"rendered":"https:\/\/boutique-durag.com\/produit\/wave-cap-jaune\/"},"modified":"2024-09-17T14:33:04","modified_gmt":"2024-09-17T14:33:04","slug":"wave-cap-jaune","status":"publish","type":"product","link":"https:\/\/boutique-durag.com\/es\/producto\/wave-cap-jaune\/","title":{"rendered":"Gorro ondulado amarillo"},"content":{"rendered":"<h2><span style=\"font-size: 1.4em\">Garantizar un buen rendimiento de las olas es una de las mayores preocupaciones de los vaivenes. A veces el durag ya no es suficiente y es necesario un <strong>gorro ondulado<\/strong> para ayudar a asegurar los rizos.<\/span><\/h2>\n<ul>\n<li>Este durag est\u00e1 hecho con <strong> un suave material<\/strong> para respetar y no agredir tu piel, podr\u00e1s decir adi\u00f3s a las marcas desagradables.<\/li>\n<\/ul>\n<ul>\n<li>Est\u00e1 perfectamente <strong>dise\u00f1ado para adaptarse a todos los tama\u00f1os de cabeza<\/ strong>, no tendr\u00e1s dificultad para pon\u00e9rtelo.<\/li>\n<li>No ataca tu cabello, al contrario, su <strong>textura mejorar\u00e1<\/strong> con el tiempo.<\/li>\n<li>Te ahorra tiempo porque es <strong>f\u00e1cilmente acoplable<\/strong> en tan solo unos minutos. <\/li>\n<li>Es <strong>apto para todas las estaciones<\/strong>, en invierno puede calentarte y en verano protegerte aireando tu cabello.<\/li>\n<li>Si eres vacilante, bloqueado o tienes el cabello muy rizado, este durag te quedar\u00e1 bien.<\/li>\n<\/ul>\n<ul>\n<li><strong><u>La entrega es gratuita<\/u><\/strong><\/li>\n<p> <\/ ul> <em data-mce-fragment=\"1\"><b data-mce-fragment=\"1\">\ufeff<\/b><\/em><em data-mce-fragment=\"1\">\ufeffcategor\u00eda: <span data-mce-fragment=\"1\"> <\/span><a data-mce-fragment=\"1\" data-mce-href=\"\/?product_cat=wave-cap \" href=\"https:\/\/boutique -durag.com\/es\/collections\/gorra-wave\/\">gorra ondulada<\/a><\/em><\/p>\n<ol start=\"3\"> <\/ol>\n<div class=\" eJOY__extension_root_class\" id=\"eJOY__extension_root\"><\/div>\n<h2><span style=\"font-size: 1.4em\">Hacer que las olas se mantengan firmes es una de las mayores preocupaciones de los vacilantes. A veces el durag no es suficiente y se necesita una <strong>gorra de ondas<\/strong> para ayudar a asegurar los rizos.<\/span><\/h2>\n<ul>\n<li>Este durag est\u00e1 hecho con <strong>un material respetuoso de tu piel, ya no tendr\u00e1s marcas desagradables.<\/li>\n<\/ul>\n<ul>\n<li>Se adapta perfectamente a cada tipo de cabeza<\/strong>, no tendr\u00e1s problemas para ponerte ponlo.<\/li>\n<li>No da\u00f1a tu cabello y mejora su <strong>textura con el tiempo<\/strong>.<\/li>\n<li>Te permite ahorrar tiempo, <strong>es f\u00e1cil de colocar<\/strong> en unos minutos.<\/li>\n<li>Es <strong>apto para todas las estaciones<\/strong> del a\u00f1o, en invierno puede calentarte y en verano puede ventilar tu cabello mientras lo protege.<\/li>\n<li>Ya sea que tengas el cabello ondulado, rizado o encrespado, este durag te quedar\u00e1 bien.<\/li>\n<\/ul>\n<ul>\n<li><strong><u>Est\u00e1ndar el env\u00edo es gratuito<\/u><\/strong><\/li>\n<\/ul>\n<p> <em data-mce-fragment=\"1\"> <b data-mce-fragment=\"1\">\ufeff<\/b><\/ em><em data-mce-fragment=\"1\">\ufeffcategor\u00eda:<span data-mce-fragment=\"1\"> <\/ span><a fragment=\"1\" href=\"https:\/\/boutique-durag.com\/es\/collections\/gorra-wave\/\" class=\"broken_link\">gorra ondulada<\/a><\/em><\/p>\n<ol start=\"3\"><\/ol>\n<div class=\"eJOY__extension_root_class\" id=\"eJOY__extension_root\"><\/div>\n","protected":false},"excerpt":{"rendered":"<p>Garantizar un buen rendimiento de las olas es una de las mayores preocupaciones de los vaivenes. A veces el durag ya no es suficiente y es necesario un gorro ondulado para ayudar a asegurar los rizos. Este durag est\u00e1 hecho con un suave material para respetar y no agredir tu piel, podr\u00e1s decir adi\u00f3s a [&hellip;]<\/p>\n","protected":false},"featured_media":12182,"comment_status":"open","ping_status":"closed","template":"","meta":[],"product_cat":[626,619,636],"product_tag":[],"class_list":{"0":"post-12304","1":"product","2":"type-product","3":"status-publish","4":"has-post-thumbnail","6":"product_cat-durag-amarillo","7":"product_cat-durag-color","8":"product_cat-gorra-wave","10":"first","11":"instock","12":"shipping-taxable","13":"purchasable","14":"product-type-simple"},"yoast_head":"<title>Gorro ondulado amarillo entrega gratuita | Ahorre un 30% en su pedido<\/title>\n<meta name=\"description\" content=\"Reciba su Gorro ondulado amarillo hoy mismo y benef\u00edciese de env\u00edo gratuito | 24\/48h dispatch\" \/>\n<meta name=\"robots\" content=\"index, follow, max-snippet:-1, max-image-preview:large, max-video-preview:-1\" \/>\n<link rel=\"canonical\" href=\"https:\/\/boutique-durag.com\/es\/producto\/wave-cap-jaune\/\" \/>\n<meta property=\"og:locale\" content=\"es_ES\" \/>\n<meta property=\"og:type\" content=\"article\" \/>\n<meta property=\"og:title\" content=\"Gorro ondulado amarillo entrega gratuita | Ahorre un 30% en su pedido\" \/>\n<meta property=\"og:description\" content=\"Reciba su Gorro ondulado amarillo hoy mismo y benef\u00edciese de env\u00edo gratuito | 24\/48h dispatch\" \/>\n<meta property=\"og:url\" content=\"https:\/\/boutique-durag.com\/es\/producto\/wave-cap-jaune\/\" \/>\n<meta property=\"og:site_name\" content=\"Tienda Durag\" \/>\n<meta property=\"article:modified_time\" content=\"2024-09-17T14:33:04+00:00\" \/>\n<meta property=\"og:image\" content=\"https:\/\/boutique-durag.com\/wp-content\/uploads\/2023\/05\/product-image-1481443448.jpg\" \/>\n\t<meta property=\"og:image:width\" content=\"640\" \/>\n\t<meta property=\"og:image:height\" content=\"640\" \/>\n\t<meta property=\"og:image:type\" content=\"image\/jpeg\" \/>\n<meta name=\"twitter:card\" content=\"summary_large_image\" \/>\n<meta name=\"twitter:label1\" content=\"Tiempo de lectura\" \/>\n\t<meta name=\"twitter:data1\" content=\"1 minuto\" \/>\n<script type=\"application\/ld+json\" class=\"yoast-schema-graph\">{\"@context\":\"https:\/\/schema.org\",\"@graph\":[{\"@type\":\"WebPage\",\"@id\":\"https:\/\/boutique-durag.com\/es\/producto\/wave-cap-jaune\/\",\"url\":\"https:\/\/boutique-durag.com\/es\/producto\/wave-cap-jaune\/\",\"name\":\"Gorro ondulado amarillo entrega gratuita | Ahorre un 30% en su pedido\",\"isPartOf\":{\"@id\":\"https:\/\/boutique-durag.com\/es\/#website\"},\"primaryImageOfPage\":{\"@id\":\"https:\/\/boutique-durag.com\/es\/producto\/wave-cap-jaune\/#primaryimage\"},\"image\":{\"@id\":\"https:\/\/boutique-durag.com\/es\/producto\/wave-cap-jaune\/#primaryimage\"},\"thumbnailUrl\":\"https:\/\/boutique-durag.com\/wp-content\/uploads\/2023\/05\/product-image-1481443448.jpg\",\"datePublished\":\"2023-05-30T08:52:19+00:00\",\"dateModified\":\"2024-09-17T14:33:04+00:00\",\"description\":\"Reciba su Gorro ondulado amarillo hoy mismo y benef\u00edciese de env\u00edo gratuito | 24\/48h dispatch\",\"breadcrumb\":{\"@id\":\"https:\/\/boutique-durag.com\/es\/producto\/wave-cap-jaune\/#breadcrumb\"},\"inLanguage\":\"es\",\"potentialAction\":[{\"@type\":\"ReadAction\",\"target\":[\"https:\/\/boutique-durag.com\/es\/producto\/wave-cap-jaune\/\"]}]},{\"@type\":\"ImageObject\",\"inLanguage\":\"es\",\"@id\":\"https:\/\/boutique-durag.com\/es\/producto\/wave-cap-jaune\/#primaryimage\",\"url\":\"https:\/\/boutique-durag.com\/wp-content\/uploads\/2023\/05\/product-image-1481443448.jpg\",\"contentUrl\":\"https:\/\/boutique-durag.com\/wp-content\/uploads\/2023\/05\/product-image-1481443448.jpg\",\"width\":640,\"height\":640},{\"@type\":\"BreadcrumbList\",\"@id\":\"https:\/\/boutique-durag.com\/es\/producto\/wave-cap-jaune\/#breadcrumb\",\"itemListElement\":[{\"@type\":\"ListItem\",\"position\":1,\"name\":\"Boutique durag\",\"item\":\"https:\/\/boutique-durag.com\/es\/inicio\/\"},{\"@type\":\"ListItem\",\"position\":2,\"name\":\"Tienda\",\"item\":\"https:\/\/boutique-durag.com\/es\/tienda\/\"},{\"@type\":\"ListItem\",\"position\":3,\"name\":\"Durag Amarillo\",\"item\":\"https:\/\/boutique-durag.com\/es\/colecciones\/durag-amarillo\/\"},{\"@type\":\"ListItem\",\"position\":4,\"name\":\"Gorro ondulado amarillo\"}]},{\"@type\":\"WebSite\",\"@id\":\"https:\/\/boutique-durag.com\/es\/#website\",\"url\":\"https:\/\/boutique-durag.com\/es\/\",\"name\":\"Tienda Durag\",\"description\":\"Tienda francesa de ropa de calle para hombre y mujer dedicada al mundo del durag y la cultura hip-hop. Descubre nuestra selecci\u00f3n de durag.\",\"publisher\":{\"@id\":\"https:\/\/boutique-durag.com\/es\/#organization\"},\"potentialAction\":[{\"@type\":\"SearchAction\",\"target\":{\"@type\":\"EntryPoint\",\"urlTemplate\":\"https:\/\/boutique-durag.com\/es\/?s={search_term_string}\"},\"query-input\":{\"@type\":\"PropertyValueSpecification\",\"valueRequired\":true,\"valueName\":\"search_term_string\"}}],\"inLanguage\":\"es\"},{\"@type\":\"Organization\",\"@id\":\"https:\/\/boutique-durag.com\/es\/#organization\",\"name\":\"Tienda Durag\",\"url\":\"https:\/\/boutique-durag.com\/es\/\",\"logo\":{\"@type\":\"ImageObject\",\"inLanguage\":\"es\",\"@id\":\"https:\/\/boutique-durag.com\/es\/#\/schema\/logo\/image\/\",\"url\":\"https:\/\/boutique-durag.com\/wp-content\/uploads\/2023\/05\/cropped-Site-Logo-3-1.png\",\"contentUrl\":\"https:\/\/boutique-durag.com\/wp-content\/uploads\/2023\/05\/cropped-Site-Logo-3-1.png\",\"width\":400,\"height\":100,\"caption\":\"Tienda Durag\"},\"image\":{\"@id\":\"https:\/\/boutique-durag.com\/es\/#\/schema\/logo\/image\/\"}}]}<\/script>","yoast_head_json":{"title":"Gorro ondulado amarillo entrega gratuita | Ahorre un 30% en su pedido","description":"Reciba su Gorro ondulado amarillo hoy mismo y benef\u00edciese de env\u00edo gratuito | 24\/48h dispatch","robots":{"index":"index","follow":"follow","max-snippet":"max-snippet:-1","max-image-preview":"max-image-preview:large","max-video-preview":"max-video-preview:-1"},"canonical":"https:\/\/boutique-durag.com\/es\/producto\/wave-cap-jaune\/","og_locale":"es_ES","og_type":"article","og_title":"Gorro ondulado amarillo entrega gratuita | Ahorre un 30% en su pedido","og_description":"Reciba su Gorro ondulado amarillo hoy mismo y benef\u00edciese de env\u00edo gratuito | 24\/48h dispatch","og_url":"https:\/\/boutique-durag.com\/es\/producto\/wave-cap-jaune\/","og_site_name":"Tienda Durag","article_modified_time":"2024-09-17T14:33:04+00:00","og_image":[{"width":640,"height":640,"url":"https:\/\/boutique-durag.com\/wp-content\/uploads\/2023\/05\/product-image-1481443448.jpg","type":"image\/jpeg"}],"twitter_card":"summary_large_image","twitter_misc":{"Tiempo de lectura":"1 minuto"},"schema":{"@context":"https:\/\/schema.org","@graph":[{"@type":"WebPage","@id":"https:\/\/boutique-durag.com\/es\/producto\/wave-cap-jaune\/","url":"https:\/\/boutique-durag.com\/es\/producto\/wave-cap-jaune\/","name":"Gorro ondulado amarillo entrega gratuita | Ahorre un 30% en su pedido","isPartOf":{"@id":"https:\/\/boutique-durag.com\/es\/#website"},"primaryImageOfPage":{"@id":"https:\/\/boutique-durag.com\/es\/producto\/wave-cap-jaune\/#primaryimage"},"image":{"@id":"https:\/\/boutique-durag.com\/es\/producto\/wave-cap-jaune\/#primaryimage"},"thumbnailUrl":"https:\/\/boutique-durag.com\/wp-content\/uploads\/2023\/05\/product-image-1481443448.jpg","datePublished":"2023-05-30T08:52:19+00:00","dateModified":"2024-09-17T14:33:04+00:00","description":"Reciba su Gorro ondulado amarillo hoy mismo y benef\u00edciese de env\u00edo gratuito | 24\/48h dispatch","breadcrumb":{"@id":"https:\/\/boutique-durag.com\/es\/producto\/wave-cap-jaune\/#breadcrumb"},"inLanguage":"es","potentialAction":[{"@type":"ReadAction","target":["https:\/\/boutique-durag.com\/es\/producto\/wave-cap-jaune\/"]}]},{"@type":"ImageObject","inLanguage":"es","@id":"https:\/\/boutique-durag.com\/es\/producto\/wave-cap-jaune\/#primaryimage","url":"https:\/\/boutique-durag.com\/wp-content\/uploads\/2023\/05\/product-image-1481443448.jpg","contentUrl":"https:\/\/boutique-durag.com\/wp-content\/uploads\/2023\/05\/product-image-1481443448.jpg","width":640,"height":640},{"@type":"BreadcrumbList","@id":"https:\/\/boutique-durag.com\/es\/producto\/wave-cap-jaune\/#breadcrumb","itemListElement":[{"@type":"ListItem","position":1,"name":"Boutique durag","item":"https:\/\/boutique-durag.com\/es\/inicio\/"},{"@type":"ListItem","position":2,"name":"Tienda","item":"https:\/\/boutique-durag.com\/es\/tienda\/"},{"@type":"ListItem","position":3,"name":"Durag Amarillo","item":"https:\/\/boutique-durag.com\/es\/colecciones\/durag-amarillo\/"},{"@type":"ListItem","position":4,"name":"Gorro ondulado amarillo"}]},{"@type":"WebSite","@id":"https:\/\/boutique-durag.com\/es\/#website","url":"https:\/\/boutique-durag.com\/es\/","name":"Tienda Durag","description":"Tienda francesa de ropa de calle para hombre y mujer dedicada al mundo del durag y la cultura hip-hop. Descubre nuestra selecci\u00f3n de durag.","publisher":{"@id":"https:\/\/boutique-durag.com\/es\/#organization"},"potentialAction":[{"@type":"SearchAction","target":{"@type":"EntryPoint","urlTemplate":"https:\/\/boutique-durag.com\/es\/?s={search_term_string}"},"query-input":{"@type":"PropertyValueSpecification","valueRequired":true,"valueName":"search_term_string"}}],"inLanguage":"es"},{"@type":"Organization","@id":"https:\/\/boutique-durag.com\/es\/#organization","name":"Tienda Durag","url":"https:\/\/boutique-durag.com\/es\/","logo":{"@type":"ImageObject","inLanguage":"es","@id":"https:\/\/boutique-durag.com\/es\/#\/schema\/logo\/image\/","url":"https:\/\/boutique-durag.com\/wp-content\/uploads\/2023\/05\/cropped-Site-Logo-3-1.png","contentUrl":"https:\/\/boutique-durag.com\/wp-content\/uploads\/2023\/05\/cropped-Site-Logo-3-1.png","width":400,"height":100,"caption":"Tienda Durag"},"image":{"@id":"https:\/\/boutique-durag.com\/es\/#\/schema\/logo\/image\/"}}]}},"_links":{"self":[{"href":"https:\/\/boutique-durag.com\/es\/wp-json\/wp\/v2\/product\/12304"}],"collection":[{"href":"https:\/\/boutique-durag.com\/es\/wp-json\/wp\/v2\/product"}],"about":[{"href":"https:\/\/boutique-durag.com\/es\/wp-json\/wp\/v2\/types\/product"}],"replies":[{"embeddable":true,"href":"https:\/\/boutique-durag.com\/es\/wp-json\/wp\/v2\/comments?post=12304"}],"wp:featuredmedia":[{"embeddable":true,"href":"https:\/\/boutique-durag.com\/es\/wp-json\/wp\/v2\/media\/12182"}],"wp:attachment":[{"href":"https:\/\/boutique-durag.com\/es\/wp-json\/wp\/v2\/media?parent=12304"}],"wp:term":[{"taxonomy":"product_cat","embeddable":true,"href":"https:\/\/boutique-durag.com\/es\/wp-json\/wp\/v2\/product_cat?post=12304"},{"taxonomy":"product_tag","embeddable":true,"href":"https:\/\/boutique-durag.com\/es\/wp-json\/wp\/v2\/product_tag?post=12304"}],"curies":[{"name":"wp","href":"https:\/\/api.w.org\/{rel}","templated":true}]}}