{"id":12298,"date":"2023-05-30T09:11:48","date_gmt":"2023-05-30T09:11:48","guid":{"rendered":"https:\/\/boutique-durag.com\/produit\/wave-cap-multicolore\/"},"modified":"2024-09-17T14:33:01","modified_gmt":"2024-09-17T14:33:01","slug":"wave-cap-multicolore","status":"publish","type":"product","link":"https:\/\/boutique-durag.com\/es\/producto\/wave-cap-multicolore\/","title":{"rendered":"gorra ondulada multicolor"},"content":{"rendered":"<h2>Este <strong>Gorro Ondulado<\/strong> multicolor, que recuerda a los tintes africanos, es perfecto para proteger tu cabello. Es lo suficientemente permeable para permitirte lavarlos con total tranquilidad.<\/h2>\n<ul>\n<li><strong>Esta gorra ondulada<\/strong> es ideal si est\u00e1s cansada de las marcas que otras gorras dejan en tu frente. Puedes usarlo durante horas sin irritar tu piel.<\/li>\n<li>Es apto para todo tipo de cabello, por lo que es un complemento imprescindible para proteger tu corte, ya sean trenzas, pelucas o rastas.<\/li>\n<li><strong>Esta gorra ondulada<\/strong> es f\u00e1cil de poner, lo que te permitir\u00e1 ahorrar mucho tiempo.<\/li>\n<li>Est\u00e1 dise\u00f1ado para ser apto para todas las estaciones del a\u00f1o, y proteger\u00e1 tu cabello de la rotura por el fr\u00edo.<\/li>\n<li><strong>Acabados muy bien logrados.<\/strong><\/li>\n<li><strong><u>Entrega est\u00e1ndar gratuita.<\/u><\/strong><\/li>\n<\/ul>\n<p><u>\ufeff<\/u>\ufeffLa <a href=\"https:\/\/boutique-durag.com\/produit\/wave-cap-blanc-noir\/\">wave cap blanc-noir<\/a> debe por favor, \u00a1no lo dudes!<\/p>\n<p><em><b>\ufeff<\/b><\/em><em>\ufeffCategor\u00eda:<span> <\/span><a href=\"https:\/\/boutique-durag.com\/es\/collections\/gorra-wave\/\" class=\"broken_link\">gorra ondulada<\/a><\/em><\/p>\n","protected":false},"excerpt":{"rendered":"<p>Este Gorro Ondulado multicolor, que recuerda a los tintes africanos, es perfecto para proteger tu cabello. Es lo suficientemente permeable para permitirte lavarlos con total tranquilidad. Esta gorra ondulada es ideal si est\u00e1s cansada de las marcas que otras gorras dejan en tu frente. Puedes usarlo durante horas sin irritar tu piel. Es apto para [&hellip;]<\/p>\n","protected":false},"featured_media":12205,"comment_status":"open","ping_status":"closed","template":"","meta":[],"product_cat":[636],"product_tag":[],"class_list":{"0":"post-12298","1":"product","2":"type-product","3":"status-publish","4":"has-post-thumbnail","6":"product_cat-gorra-wave","8":"first","9":"instock","10":"shipping-taxable","11":"purchasable","12":"product-type-simple"},"yoast_head":"<title>gorra ondulada multicolor entrega gratuita | Ahorre un 30% en su pedido<\/title>\n<meta name=\"description\" content=\"Reciba su gorra ondulada multicolor hoy mismo y benef\u00edciese de env\u00edo gratuito | 24\/48h dispatch\" \/>\n<meta name=\"robots\" content=\"index, follow, max-snippet:-1, max-image-preview:large, max-video-preview:-1\" \/>\n<link rel=\"canonical\" href=\"https:\/\/boutique-durag.com\/es\/producto\/wave-cap-multicolore\/\" \/>\n<meta property=\"og:locale\" content=\"es_ES\" \/>\n<meta property=\"og:type\" content=\"article\" \/>\n<meta property=\"og:title\" content=\"gorra ondulada multicolor entrega gratuita | Ahorre un 30% en su pedido\" \/>\n<meta property=\"og:description\" content=\"Reciba su gorra ondulada multicolor hoy mismo y benef\u00edciese de env\u00edo gratuito | 24\/48h dispatch\" \/>\n<meta property=\"og:url\" content=\"https:\/\/boutique-durag.com\/es\/producto\/wave-cap-multicolore\/\" \/>\n<meta property=\"og:site_name\" content=\"Tienda Durag\" \/>\n<meta property=\"article:modified_time\" content=\"2024-09-17T14:33:01+00:00\" \/>\n<meta property=\"og:image\" content=\"https:\/\/boutique-durag.com\/wp-content\/uploads\/2023\/05\/product-image-1724686474.jpg\" \/>\n\t<meta property=\"og:image:width\" content=\"640\" \/>\n\t<meta property=\"og:image:height\" content=\"640\" \/>\n\t<meta property=\"og:image:type\" content=\"image\/jpeg\" \/>\n<meta name=\"twitter:card\" content=\"summary_large_image\" \/>\n<meta name=\"twitter:label1\" content=\"Tiempo de lectura\" \/>\n\t<meta name=\"twitter:data1\" content=\"1 minuto\" \/>\n<script type=\"application\/ld+json\" class=\"yoast-schema-graph\">{\"@context\":\"https:\/\/schema.org\",\"@graph\":[{\"@type\":\"WebPage\",\"@id\":\"https:\/\/boutique-durag.com\/es\/producto\/wave-cap-multicolore\/\",\"url\":\"https:\/\/boutique-durag.com\/es\/producto\/wave-cap-multicolore\/\",\"name\":\"gorra ondulada multicolor entrega gratuita | Ahorre un 30% en su pedido\",\"isPartOf\":{\"@id\":\"https:\/\/boutique-durag.com\/es\/#website\"},\"primaryImageOfPage\":{\"@id\":\"https:\/\/boutique-durag.com\/es\/producto\/wave-cap-multicolore\/#primaryimage\"},\"image\":{\"@id\":\"https:\/\/boutique-durag.com\/es\/producto\/wave-cap-multicolore\/#primaryimage\"},\"thumbnailUrl\":\"https:\/\/boutique-durag.com\/wp-content\/uploads\/2023\/05\/product-image-1724686474.jpg\",\"datePublished\":\"2023-05-30T09:11:48+00:00\",\"dateModified\":\"2024-09-17T14:33:01+00:00\",\"description\":\"Reciba su gorra ondulada multicolor hoy mismo y benef\u00edciese de env\u00edo gratuito | 24\/48h dispatch\",\"breadcrumb\":{\"@id\":\"https:\/\/boutique-durag.com\/es\/producto\/wave-cap-multicolore\/#breadcrumb\"},\"inLanguage\":\"es\",\"potentialAction\":[{\"@type\":\"ReadAction\",\"target\":[\"https:\/\/boutique-durag.com\/es\/producto\/wave-cap-multicolore\/\"]}]},{\"@type\":\"ImageObject\",\"inLanguage\":\"es\",\"@id\":\"https:\/\/boutique-durag.com\/es\/producto\/wave-cap-multicolore\/#primaryimage\",\"url\":\"https:\/\/boutique-durag.com\/wp-content\/uploads\/2023\/05\/product-image-1724686474.jpg\",\"contentUrl\":\"https:\/\/boutique-durag.com\/wp-content\/uploads\/2023\/05\/product-image-1724686474.jpg\",\"width\":640,\"height\":640},{\"@type\":\"BreadcrumbList\",\"@id\":\"https:\/\/boutique-durag.com\/es\/producto\/wave-cap-multicolore\/#breadcrumb\",\"itemListElement\":[{\"@type\":\"ListItem\",\"position\":1,\"name\":\"Boutique durag\",\"item\":\"https:\/\/boutique-durag.com\/es\/inicio\/\"},{\"@type\":\"ListItem\",\"position\":2,\"name\":\"Tienda\",\"item\":\"https:\/\/boutique-durag.com\/es\/tienda\/\"},{\"@type\":\"ListItem\",\"position\":3,\"name\":\"Gorra Wave\",\"item\":\"https:\/\/boutique-durag.com\/es\/colecciones\/gorra-wave\/\"},{\"@type\":\"ListItem\",\"position\":4,\"name\":\"gorra ondulada multicolor\"}]},{\"@type\":\"WebSite\",\"@id\":\"https:\/\/boutique-durag.com\/es\/#website\",\"url\":\"https:\/\/boutique-durag.com\/es\/\",\"name\":\"Tienda Durag\",\"description\":\"Tienda francesa de ropa de calle para hombre y mujer dedicada al mundo del durag y la cultura hip-hop. Descubre nuestra selecci\u00f3n de durag.\",\"publisher\":{\"@id\":\"https:\/\/boutique-durag.com\/es\/#organization\"},\"potentialAction\":[{\"@type\":\"SearchAction\",\"target\":{\"@type\":\"EntryPoint\",\"urlTemplate\":\"https:\/\/boutique-durag.com\/es\/?s={search_term_string}\"},\"query-input\":{\"@type\":\"PropertyValueSpecification\",\"valueRequired\":true,\"valueName\":\"search_term_string\"}}],\"inLanguage\":\"es\"},{\"@type\":\"Organization\",\"@id\":\"https:\/\/boutique-durag.com\/es\/#organization\",\"name\":\"Tienda Durag\",\"url\":\"https:\/\/boutique-durag.com\/es\/\",\"logo\":{\"@type\":\"ImageObject\",\"inLanguage\":\"es\",\"@id\":\"https:\/\/boutique-durag.com\/es\/#\/schema\/logo\/image\/\",\"url\":\"https:\/\/boutique-durag.com\/wp-content\/uploads\/2023\/05\/cropped-Site-Logo-3-1.png\",\"contentUrl\":\"https:\/\/boutique-durag.com\/wp-content\/uploads\/2023\/05\/cropped-Site-Logo-3-1.png\",\"width\":400,\"height\":100,\"caption\":\"Tienda Durag\"},\"image\":{\"@id\":\"https:\/\/boutique-durag.com\/es\/#\/schema\/logo\/image\/\"}}]}<\/script>","yoast_head_json":{"title":"gorra ondulada multicolor entrega gratuita | Ahorre un 30% en su pedido","description":"Reciba su gorra ondulada multicolor hoy mismo y benef\u00edciese de env\u00edo gratuito | 24\/48h dispatch","robots":{"index":"index","follow":"follow","max-snippet":"max-snippet:-1","max-image-preview":"max-image-preview:large","max-video-preview":"max-video-preview:-1"},"canonical":"https:\/\/boutique-durag.com\/es\/producto\/wave-cap-multicolore\/","og_locale":"es_ES","og_type":"article","og_title":"gorra ondulada multicolor entrega gratuita | Ahorre un 30% en su pedido","og_description":"Reciba su gorra ondulada multicolor hoy mismo y benef\u00edciese de env\u00edo gratuito | 24\/48h dispatch","og_url":"https:\/\/boutique-durag.com\/es\/producto\/wave-cap-multicolore\/","og_site_name":"Tienda Durag","article_modified_time":"2024-09-17T14:33:01+00:00","og_image":[{"width":640,"height":640,"url":"https:\/\/boutique-durag.com\/wp-content\/uploads\/2023\/05\/product-image-1724686474.jpg","type":"image\/jpeg"}],"twitter_card":"summary_large_image","twitter_misc":{"Tiempo de lectura":"1 minuto"},"schema":{"@context":"https:\/\/schema.org","@graph":[{"@type":"WebPage","@id":"https:\/\/boutique-durag.com\/es\/producto\/wave-cap-multicolore\/","url":"https:\/\/boutique-durag.com\/es\/producto\/wave-cap-multicolore\/","name":"gorra ondulada multicolor entrega gratuita | Ahorre un 30% en su pedido","isPartOf":{"@id":"https:\/\/boutique-durag.com\/es\/#website"},"primaryImageOfPage":{"@id":"https:\/\/boutique-durag.com\/es\/producto\/wave-cap-multicolore\/#primaryimage"},"image":{"@id":"https:\/\/boutique-durag.com\/es\/producto\/wave-cap-multicolore\/#primaryimage"},"thumbnailUrl":"https:\/\/boutique-durag.com\/wp-content\/uploads\/2023\/05\/product-image-1724686474.jpg","datePublished":"2023-05-30T09:11:48+00:00","dateModified":"2024-09-17T14:33:01+00:00","description":"Reciba su gorra ondulada multicolor hoy mismo y benef\u00edciese de env\u00edo gratuito | 24\/48h dispatch","breadcrumb":{"@id":"https:\/\/boutique-durag.com\/es\/producto\/wave-cap-multicolore\/#breadcrumb"},"inLanguage":"es","potentialAction":[{"@type":"ReadAction","target":["https:\/\/boutique-durag.com\/es\/producto\/wave-cap-multicolore\/"]}]},{"@type":"ImageObject","inLanguage":"es","@id":"https:\/\/boutique-durag.com\/es\/producto\/wave-cap-multicolore\/#primaryimage","url":"https:\/\/boutique-durag.com\/wp-content\/uploads\/2023\/05\/product-image-1724686474.jpg","contentUrl":"https:\/\/boutique-durag.com\/wp-content\/uploads\/2023\/05\/product-image-1724686474.jpg","width":640,"height":640},{"@type":"BreadcrumbList","@id":"https:\/\/boutique-durag.com\/es\/producto\/wave-cap-multicolore\/#breadcrumb","itemListElement":[{"@type":"ListItem","position":1,"name":"Boutique durag","item":"https:\/\/boutique-durag.com\/es\/inicio\/"},{"@type":"ListItem","position":2,"name":"Tienda","item":"https:\/\/boutique-durag.com\/es\/tienda\/"},{"@type":"ListItem","position":3,"name":"Gorra Wave","item":"https:\/\/boutique-durag.com\/es\/colecciones\/gorra-wave\/"},{"@type":"ListItem","position":4,"name":"gorra ondulada multicolor"}]},{"@type":"WebSite","@id":"https:\/\/boutique-durag.com\/es\/#website","url":"https:\/\/boutique-durag.com\/es\/","name":"Tienda Durag","description":"Tienda francesa de ropa de calle para hombre y mujer dedicada al mundo del durag y la cultura hip-hop. Descubre nuestra selecci\u00f3n de durag.","publisher":{"@id":"https:\/\/boutique-durag.com\/es\/#organization"},"potentialAction":[{"@type":"SearchAction","target":{"@type":"EntryPoint","urlTemplate":"https:\/\/boutique-durag.com\/es\/?s={search_term_string}"},"query-input":{"@type":"PropertyValueSpecification","valueRequired":true,"valueName":"search_term_string"}}],"inLanguage":"es"},{"@type":"Organization","@id":"https:\/\/boutique-durag.com\/es\/#organization","name":"Tienda Durag","url":"https:\/\/boutique-durag.com\/es\/","logo":{"@type":"ImageObject","inLanguage":"es","@id":"https:\/\/boutique-durag.com\/es\/#\/schema\/logo\/image\/","url":"https:\/\/boutique-durag.com\/wp-content\/uploads\/2023\/05\/cropped-Site-Logo-3-1.png","contentUrl":"https:\/\/boutique-durag.com\/wp-content\/uploads\/2023\/05\/cropped-Site-Logo-3-1.png","width":400,"height":100,"caption":"Tienda Durag"},"image":{"@id":"https:\/\/boutique-durag.com\/es\/#\/schema\/logo\/image\/"}}]}},"_links":{"self":[{"href":"https:\/\/boutique-durag.com\/es\/wp-json\/wp\/v2\/product\/12298"}],"collection":[{"href":"https:\/\/boutique-durag.com\/es\/wp-json\/wp\/v2\/product"}],"about":[{"href":"https:\/\/boutique-durag.com\/es\/wp-json\/wp\/v2\/types\/product"}],"replies":[{"embeddable":true,"href":"https:\/\/boutique-durag.com\/es\/wp-json\/wp\/v2\/comments?post=12298"}],"wp:featuredmedia":[{"embeddable":true,"href":"https:\/\/boutique-durag.com\/es\/wp-json\/wp\/v2\/media\/12205"}],"wp:attachment":[{"href":"https:\/\/boutique-durag.com\/es\/wp-json\/wp\/v2\/media?parent=12298"}],"wp:term":[{"taxonomy":"product_cat","embeddable":true,"href":"https:\/\/boutique-durag.com\/es\/wp-json\/wp\/v2\/product_cat?post=12298"},{"taxonomy":"product_tag","embeddable":true,"href":"https:\/\/boutique-durag.com\/es\/wp-json\/wp\/v2\/product_tag?post=12298"}],"curies":[{"name":"wp","href":"https:\/\/api.w.org\/{rel}","templated":true}]}}