{"id":12291,"date":"2023-05-30T09:11:52","date_gmt":"2023-05-30T09:11:52","guid":{"rendered":"https:\/\/boutique-durag.com\/produit\/wave-cap-militaire\/"},"modified":"2024-09-17T14:32:57","modified_gmt":"2024-09-17T14:32:57","slug":"wave-cap-militaire","status":"publish","type":"product","link":"https:\/\/boutique-durag.com\/es\/producto\/wave-cap-militaire\/","title":{"rendered":"gorra ondulada militar"},"content":{"rendered":"<h2><span data-mce-fragment=\"1\">Los dise\u00f1os de estilo militar son muy agradables desde el punto de vista est\u00e9tico, un aspecto que realmente apreciamos. Por eso te ofrecemos esta <strong>gorra ondulada camuflaje gris<\/strong>, que cuidar\u00e1 tu cabello.<\/span><\/h2>\n<ul>\n<li><strong>Esta gorra ondulada de camuflaje gris<\/strong> es perfecta si est\u00e1s acostumbrado a encontrarte con marcas en la frente de otras gorras. No te molestar\u00e1 y podr\u00e1s llevarlo <strong>durante horas<\/strong> sin problema.<\/li>\n<li>Es <strong>apto para todo tipo de cabello<\/strong>, ideal para conservar tu corte, ya sea que tengas trenzas, peluca o rastas, este <strong>gorro con ondas<\/strong> te ser\u00e1 de gran utilidad.<\/li>\n<li><strong>Esta gorra ondulada de camuflaje gris<\/strong> te ahorrar\u00e1 mucho tiempo, se ajusta <strong>f\u00e1cilmente<\/strong>.<\/li>\n<li>Esta <strong>gorra militar con ondas<\/strong> es <strong>apta para todas las estaciones<\/strong>, en invierno proteger\u00e1 tu cabello de los da\u00f1os causados \u200b\u200bpor el fr\u00edo.<\/li>\n<li><strong>Acabados muy bien logrados<\/strong>.<\/li>\n<li><strong><u>Entrega est\u00e1ndar gratuita<\/u><\/strong>.<\/li>\n<\/ul>\n<p>\u00a1Descubre la <a href=\"https:\/\/boutique-durag.com\/produit\/wave-cap-camouflage-gris\/\">gorra wave camuflaje gris<\/a>!<\/p>\n<p><em><b>\ufeff<\/b><\/em><em>\ufeffcategor\u00eda: <a data-mce-href=\"\/?product_cat=wave-cap\" href=\"https:\/\/boutique- durag.com\/es\/collections\/gorra-wave\/\">gorra ondulada<\/a><\/em><\/p>\n","protected":false},"excerpt":{"rendered":"<p>Los dise\u00f1os de estilo militar son muy agradables desde el punto de vista est\u00e9tico, un aspecto que realmente apreciamos. Por eso te ofrecemos esta gorra ondulada camuflaje gris, que cuidar\u00e1 tu cabello. Esta gorra ondulada de camuflaje gris es perfecta si est\u00e1s acostumbrado a encontrarte con marcas en la frente de otras gorras. No te [&hellip;]<\/p>\n","protected":false},"featured_media":12208,"comment_status":"open","ping_status":"closed","template":"","meta":[],"product_cat":[636],"product_tag":[],"class_list":{"0":"post-12291","1":"product","2":"type-product","3":"status-publish","4":"has-post-thumbnail","6":"product_cat-gorra-wave","8":"first","9":"instock","10":"shipping-taxable","11":"purchasable","12":"product-type-simple"},"yoast_head":"<title>gorra ondulada militar entrega gratuita | Ahorre un 30% en su pedido<\/title>\n<meta name=\"description\" content=\"Reciba su gorra ondulada militar hoy mismo y benef\u00edciese de env\u00edo gratuito | 24\/48h dispatch\" \/>\n<meta name=\"robots\" content=\"index, follow, max-snippet:-1, max-image-preview:large, max-video-preview:-1\" \/>\n<link rel=\"canonical\" href=\"https:\/\/boutique-durag.com\/es\/producto\/wave-cap-militaire\/\" \/>\n<meta property=\"og:locale\" content=\"es_ES\" \/>\n<meta property=\"og:type\" content=\"article\" \/>\n<meta property=\"og:title\" content=\"gorra ondulada militar entrega gratuita | Ahorre un 30% en su pedido\" \/>\n<meta property=\"og:description\" content=\"Reciba su gorra ondulada militar hoy mismo y benef\u00edciese de env\u00edo gratuito | 24\/48h dispatch\" \/>\n<meta property=\"og:url\" content=\"https:\/\/boutique-durag.com\/es\/producto\/wave-cap-militaire\/\" \/>\n<meta property=\"og:site_name\" content=\"Tienda Durag\" \/>\n<meta property=\"article:modified_time\" content=\"2024-09-17T14:32:57+00:00\" \/>\n<meta property=\"og:image\" content=\"https:\/\/boutique-durag.com\/wp-content\/uploads\/2023\/05\/H8004889583354268ba197f12bddd6f91l.jpg\" \/>\n\t<meta property=\"og:image:width\" content=\"800\" \/>\n\t<meta property=\"og:image:height\" content=\"800\" \/>\n\t<meta property=\"og:image:type\" content=\"image\/jpeg\" \/>\n<meta name=\"twitter:card\" content=\"summary_large_image\" \/>\n<meta name=\"twitter:label1\" content=\"Tiempo de lectura\" \/>\n\t<meta name=\"twitter:data1\" content=\"1 minuto\" \/>\n<script type=\"application\/ld+json\" class=\"yoast-schema-graph\">{\"@context\":\"https:\/\/schema.org\",\"@graph\":[{\"@type\":\"WebPage\",\"@id\":\"https:\/\/boutique-durag.com\/es\/producto\/wave-cap-militaire\/\",\"url\":\"https:\/\/boutique-durag.com\/es\/producto\/wave-cap-militaire\/\",\"name\":\"gorra ondulada militar entrega gratuita | Ahorre un 30% en su pedido\",\"isPartOf\":{\"@id\":\"https:\/\/boutique-durag.com\/es\/#website\"},\"primaryImageOfPage\":{\"@id\":\"https:\/\/boutique-durag.com\/es\/producto\/wave-cap-militaire\/#primaryimage\"},\"image\":{\"@id\":\"https:\/\/boutique-durag.com\/es\/producto\/wave-cap-militaire\/#primaryimage\"},\"thumbnailUrl\":\"https:\/\/boutique-durag.com\/wp-content\/uploads\/2023\/05\/H8004889583354268ba197f12bddd6f91l.jpg\",\"datePublished\":\"2023-05-30T09:11:52+00:00\",\"dateModified\":\"2024-09-17T14:32:57+00:00\",\"description\":\"Reciba su gorra ondulada militar hoy mismo y benef\u00edciese de env\u00edo gratuito | 24\/48h dispatch\",\"breadcrumb\":{\"@id\":\"https:\/\/boutique-durag.com\/es\/producto\/wave-cap-militaire\/#breadcrumb\"},\"inLanguage\":\"es\",\"potentialAction\":[{\"@type\":\"ReadAction\",\"target\":[\"https:\/\/boutique-durag.com\/es\/producto\/wave-cap-militaire\/\"]}]},{\"@type\":\"ImageObject\",\"inLanguage\":\"es\",\"@id\":\"https:\/\/boutique-durag.com\/es\/producto\/wave-cap-militaire\/#primaryimage\",\"url\":\"https:\/\/boutique-durag.com\/wp-content\/uploads\/2023\/05\/H8004889583354268ba197f12bddd6f91l.jpg\",\"contentUrl\":\"https:\/\/boutique-durag.com\/wp-content\/uploads\/2023\/05\/H8004889583354268ba197f12bddd6f91l.jpg\",\"width\":800,\"height\":800},{\"@type\":\"BreadcrumbList\",\"@id\":\"https:\/\/boutique-durag.com\/es\/producto\/wave-cap-militaire\/#breadcrumb\",\"itemListElement\":[{\"@type\":\"ListItem\",\"position\":1,\"name\":\"Boutique durag\",\"item\":\"https:\/\/boutique-durag.com\/es\/inicio\/\"},{\"@type\":\"ListItem\",\"position\":2,\"name\":\"Tienda\",\"item\":\"https:\/\/boutique-durag.com\/es\/tienda\/\"},{\"@type\":\"ListItem\",\"position\":3,\"name\":\"Gorra Wave\",\"item\":\"https:\/\/boutique-durag.com\/es\/colecciones\/gorra-wave\/\"},{\"@type\":\"ListItem\",\"position\":4,\"name\":\"gorra ondulada militar\"}]},{\"@type\":\"WebSite\",\"@id\":\"https:\/\/boutique-durag.com\/es\/#website\",\"url\":\"https:\/\/boutique-durag.com\/es\/\",\"name\":\"Tienda Durag\",\"description\":\"Tienda francesa de ropa de calle para hombre y mujer dedicada al mundo del durag y la cultura hip-hop. Descubre nuestra selecci\u00f3n de durag.\",\"publisher\":{\"@id\":\"https:\/\/boutique-durag.com\/es\/#organization\"},\"potentialAction\":[{\"@type\":\"SearchAction\",\"target\":{\"@type\":\"EntryPoint\",\"urlTemplate\":\"https:\/\/boutique-durag.com\/es\/?s={search_term_string}\"},\"query-input\":{\"@type\":\"PropertyValueSpecification\",\"valueRequired\":true,\"valueName\":\"search_term_string\"}}],\"inLanguage\":\"es\"},{\"@type\":\"Organization\",\"@id\":\"https:\/\/boutique-durag.com\/es\/#organization\",\"name\":\"Tienda Durag\",\"url\":\"https:\/\/boutique-durag.com\/es\/\",\"logo\":{\"@type\":\"ImageObject\",\"inLanguage\":\"es\",\"@id\":\"https:\/\/boutique-durag.com\/es\/#\/schema\/logo\/image\/\",\"url\":\"https:\/\/boutique-durag.com\/wp-content\/uploads\/2023\/05\/cropped-Site-Logo-3-1.png\",\"contentUrl\":\"https:\/\/boutique-durag.com\/wp-content\/uploads\/2023\/05\/cropped-Site-Logo-3-1.png\",\"width\":400,\"height\":100,\"caption\":\"Tienda Durag\"},\"image\":{\"@id\":\"https:\/\/boutique-durag.com\/es\/#\/schema\/logo\/image\/\"}}]}<\/script>","yoast_head_json":{"title":"gorra ondulada militar entrega gratuita | Ahorre un 30% en su pedido","description":"Reciba su gorra ondulada militar hoy mismo y benef\u00edciese de env\u00edo gratuito | 24\/48h dispatch","robots":{"index":"index","follow":"follow","max-snippet":"max-snippet:-1","max-image-preview":"max-image-preview:large","max-video-preview":"max-video-preview:-1"},"canonical":"https:\/\/boutique-durag.com\/es\/producto\/wave-cap-militaire\/","og_locale":"es_ES","og_type":"article","og_title":"gorra ondulada militar entrega gratuita | Ahorre un 30% en su pedido","og_description":"Reciba su gorra ondulada militar hoy mismo y benef\u00edciese de env\u00edo gratuito | 24\/48h dispatch","og_url":"https:\/\/boutique-durag.com\/es\/producto\/wave-cap-militaire\/","og_site_name":"Tienda Durag","article_modified_time":"2024-09-17T14:32:57+00:00","og_image":[{"width":800,"height":800,"url":"https:\/\/boutique-durag.com\/wp-content\/uploads\/2023\/05\/H8004889583354268ba197f12bddd6f91l.jpg","type":"image\/jpeg"}],"twitter_card":"summary_large_image","twitter_misc":{"Tiempo de lectura":"1 minuto"},"schema":{"@context":"https:\/\/schema.org","@graph":[{"@type":"WebPage","@id":"https:\/\/boutique-durag.com\/es\/producto\/wave-cap-militaire\/","url":"https:\/\/boutique-durag.com\/es\/producto\/wave-cap-militaire\/","name":"gorra ondulada militar entrega gratuita | Ahorre un 30% en su pedido","isPartOf":{"@id":"https:\/\/boutique-durag.com\/es\/#website"},"primaryImageOfPage":{"@id":"https:\/\/boutique-durag.com\/es\/producto\/wave-cap-militaire\/#primaryimage"},"image":{"@id":"https:\/\/boutique-durag.com\/es\/producto\/wave-cap-militaire\/#primaryimage"},"thumbnailUrl":"https:\/\/boutique-durag.com\/wp-content\/uploads\/2023\/05\/H8004889583354268ba197f12bddd6f91l.jpg","datePublished":"2023-05-30T09:11:52+00:00","dateModified":"2024-09-17T14:32:57+00:00","description":"Reciba su gorra ondulada militar hoy mismo y benef\u00edciese de env\u00edo gratuito | 24\/48h dispatch","breadcrumb":{"@id":"https:\/\/boutique-durag.com\/es\/producto\/wave-cap-militaire\/#breadcrumb"},"inLanguage":"es","potentialAction":[{"@type":"ReadAction","target":["https:\/\/boutique-durag.com\/es\/producto\/wave-cap-militaire\/"]}]},{"@type":"ImageObject","inLanguage":"es","@id":"https:\/\/boutique-durag.com\/es\/producto\/wave-cap-militaire\/#primaryimage","url":"https:\/\/boutique-durag.com\/wp-content\/uploads\/2023\/05\/H8004889583354268ba197f12bddd6f91l.jpg","contentUrl":"https:\/\/boutique-durag.com\/wp-content\/uploads\/2023\/05\/H8004889583354268ba197f12bddd6f91l.jpg","width":800,"height":800},{"@type":"BreadcrumbList","@id":"https:\/\/boutique-durag.com\/es\/producto\/wave-cap-militaire\/#breadcrumb","itemListElement":[{"@type":"ListItem","position":1,"name":"Boutique durag","item":"https:\/\/boutique-durag.com\/es\/inicio\/"},{"@type":"ListItem","position":2,"name":"Tienda","item":"https:\/\/boutique-durag.com\/es\/tienda\/"},{"@type":"ListItem","position":3,"name":"Gorra Wave","item":"https:\/\/boutique-durag.com\/es\/colecciones\/gorra-wave\/"},{"@type":"ListItem","position":4,"name":"gorra ondulada militar"}]},{"@type":"WebSite","@id":"https:\/\/boutique-durag.com\/es\/#website","url":"https:\/\/boutique-durag.com\/es\/","name":"Tienda Durag","description":"Tienda francesa de ropa de calle para hombre y mujer dedicada al mundo del durag y la cultura hip-hop. Descubre nuestra selecci\u00f3n de durag.","publisher":{"@id":"https:\/\/boutique-durag.com\/es\/#organization"},"potentialAction":[{"@type":"SearchAction","target":{"@type":"EntryPoint","urlTemplate":"https:\/\/boutique-durag.com\/es\/?s={search_term_string}"},"query-input":{"@type":"PropertyValueSpecification","valueRequired":true,"valueName":"search_term_string"}}],"inLanguage":"es"},{"@type":"Organization","@id":"https:\/\/boutique-durag.com\/es\/#organization","name":"Tienda Durag","url":"https:\/\/boutique-durag.com\/es\/","logo":{"@type":"ImageObject","inLanguage":"es","@id":"https:\/\/boutique-durag.com\/es\/#\/schema\/logo\/image\/","url":"https:\/\/boutique-durag.com\/wp-content\/uploads\/2023\/05\/cropped-Site-Logo-3-1.png","contentUrl":"https:\/\/boutique-durag.com\/wp-content\/uploads\/2023\/05\/cropped-Site-Logo-3-1.png","width":400,"height":100,"caption":"Tienda Durag"},"image":{"@id":"https:\/\/boutique-durag.com\/es\/#\/schema\/logo\/image\/"}}]}},"_links":{"self":[{"href":"https:\/\/boutique-durag.com\/es\/wp-json\/wp\/v2\/product\/12291"}],"collection":[{"href":"https:\/\/boutique-durag.com\/es\/wp-json\/wp\/v2\/product"}],"about":[{"href":"https:\/\/boutique-durag.com\/es\/wp-json\/wp\/v2\/types\/product"}],"replies":[{"embeddable":true,"href":"https:\/\/boutique-durag.com\/es\/wp-json\/wp\/v2\/comments?post=12291"}],"wp:featuredmedia":[{"embeddable":true,"href":"https:\/\/boutique-durag.com\/es\/wp-json\/wp\/v2\/media\/12208"}],"wp:attachment":[{"href":"https:\/\/boutique-durag.com\/es\/wp-json\/wp\/v2\/media?parent=12291"}],"wp:term":[{"taxonomy":"product_cat","embeddable":true,"href":"https:\/\/boutique-durag.com\/es\/wp-json\/wp\/v2\/product_cat?post=12291"},{"taxonomy":"product_tag","embeddable":true,"href":"https:\/\/boutique-durag.com\/es\/wp-json\/wp\/v2\/product_tag?post=12291"}],"curies":[{"name":"wp","href":"https:\/\/api.w.org\/{rel}","templated":true}]}}