{"id":13458,"date":"2020-10-09T13:39:05","date_gmt":"2020-10-09T13:39:05","guid":{"rendered":"https:\/\/boutique-durag.com\/informacion-legal\/"},"modified":"2024-09-18T07:01:37","modified_gmt":"2024-09-18T07:01:37","slug":"informacion-legal","status":"publish","type":"page","link":"https:\/\/boutique-durag.com\/es\/informacion-legal\/","title":{"rendered":"Informaci\u00f3n legal"},"content":{"rendered":"\t\t<div data-elementor-type=\"wp-post\" data-elementor-id=\"13458\" class=\"elementor elementor-13458 elementor-1004\" data-elementor-post-type=\"page\">\n\t\t\t\t\t\t<section class=\"elementor-section elementor-top-section elementor-element elementor-element-774c4e0 elementor-section-boxed elementor-section-height-default elementor-section-height-default\" data-id=\"774c4e0\" data-element_type=\"section\">\n\t\t\t\t\t\t<div class=\"elementor-container elementor-column-gap-default\">\n\t\t\t\t\t<div class=\"elementor-column elementor-col-100 elementor-top-column elementor-element elementor-element-ab6fb52\" data-id=\"ab6fb52\" data-element_type=\"column\">\n\t\t\t<div class=\"elementor-widget-wrap elementor-element-populated\">\n\t\t\t\t\t\t<div class=\"elementor-element elementor-element-d197a68 elementor-widget elementor-widget-text-editor\" data-id=\"d197a68\" data-element_type=\"widget\" data-widget_type=\"text-editor.default\">\n\t\t\t\t<div class=\"elementor-widget-container\">\n\t\t\t\t\t\t\t<h2>Informaci\u00f3n legal<\/h2>\n<p>INFORMACI\u00d3N LEGAL :<\/p>\n<p>De conformidad con las directrices de los art\u00edculos 6-III y 19 de la Ley n\u00famero 2004-575 de 21 de junio de 2004 relativa a la confianza en la econom\u00eda digital, conocida como L.C.E.N., ponemos en conocimiento de los usuarios del sitio: <a href=\"https:\/\/boutique-durag.com\/es\/\" target=\"_blank\" rel=\"noopener\">boutique-durag.com<\/a> la siguiente informaci\u00f3n:<\/p>\n<h3> <\/h3>\n<p><strong>1. Informaci\u00f3n legal :<\/strong><\/p>\n<p>El sitio web <a href=\"https:\/\/boutique-durag.com\/es\/\" target=\"_blank\" rel=\"noopener\">boutique-durag.com<\/a> es propiedad absoluta de <strong>SASU<\/strong> <strong>Fan Mout<\/strong>, .<\/p>\n<p><strong>SASU<\/strong> <strong>Fan Mout<\/strong> &#8211; Num.<br \/>\nTel\u00e9fono : <strong>0663502464<\/strong> <\/p>\n<p>5<strong>, Rue des Bois<\/strong> <strong>49600 Noyers sur Jabron<\/strong> Inscrita en el Registro de Comercio y Sociedades con el n\u00famero<strong>98765432100012<\/strong><\/p>\n<p>N*TVA : <strong>FR35987654321<\/strong> Direcci\u00f3n de correo electr\u00f3nico :<strong><a href=\"mailto:contact@boutique-durag.com?subject=Contact%20a%20partir%20des%20mentions%20l%C3%A9gales%20via%20le%20site%20boutique-durag.com\">contact@boutique-durag.com<\/a><\/strong><\/p>\n<p>El Desarrollador del Sitio Web es: <strong>Marthe NICOLLE<\/strong> El Director de la Publicaci\u00f3n es:<strong>Neil LEBLANC<\/strong> C\u00f3mo ponerse en contacto con el Director de la Publicaci\u00f3n:<strong><a href=\"mailto:contact@boutique-durag.com?subject=Contact%20a%20partir%20des%20mentions%20l%C3%A9gales%20via%20le%20site%20boutique-durag.com\">contact@boutique-durag.com<\/a><\/strong><\/p>\n<p>La Dise\u00f1adora es: <strong>Binta LOMBARD<\/strong> C\u00f3mo contactar con la Dise\u00f1adora :<strong><a href=\"mailto:contact@boutique-durag.com?subject=Contact%20a%20partir%20des%20mentions%20l%C3%A9gales%20via%20le%20site%20boutique-durag.com\">contact@boutique-durag.com<\/a><\/strong><\/p>\n<p>El sitio web est\u00e1 alojado en: Ionos EURL Registre du commerce et des soci\u00e9t\u00e9s Sarreguemines B 431 303 775 Nomenclatura APE 6311Z Numero TVA : FR 13 431 303 775 Direcci\u00f3n de la sede social: 7 place de la Gare &#8211; 57200 Sarreguemines &#8211; Francia<\/p>\n<p>Estos avisos se crearon utilizando <strong><a href=\"https:\/\/www.generateur-de-mentions-legales.com\/\" target=\"_blank\" rel=\"noopener\">el generador de avisos legales<\/a><\/strong><\/p>\n<h3> <\/h3>\n<p><strong>2. Presentaci\u00f3n :<\/strong><\/p>\n<p>Se considera usuario del sitio web <strong>boutique-durag.<\/strong> com a todo internauta que lo utilice. El sitio web<strong>boutique-durag.com<\/strong> re\u00fane diversos servicios, en el estado, puestos a disposici\u00f3n de los usuarios.<br \/>\nAqu\u00ed se especifica que deben mantener la cortes\u00eda y la buena fe tanto con los dem\u00e1s usuarios como con el Dise\u00f1ador del sitio boutique-durag.com.<br \/>\n<br \/>El sitio boutique-durag.com es actualizado peri\u00f3dicamente por Binta LOMBARD. Neil LEBLANC se esfuerza por ofrecer la informaci\u00f3n m\u00e1s clara posible en el sitio boutique-durag.com (sin perjuicio de las modificaciones que se hayan producido desde su puesta en l\u00ednea), pero no puede garantizar la exactitud, la exhaustividad y la exhaustividad de la informaci\u00f3n transmitida en su sitio, ya sea por su culpa o por la de los terceros colaboradores que proporcionan dicha informaci\u00f3n.<br \/>\nEn dependencia, el usuario reconoce que utiliza esta informaci\u00f3n bajo su exclusiva responsabilidad.   <\/p>\n<h3> <\/h3>\n<p><strong>3. Requisitos de accesibilidad :<\/strong><\/p>\n<p>El siguiente sitio boutique-durag.com es accesible principalmente a los usuarios 24 horas al d\u00eda, 7 d\u00edas a la semana, salvo en caso de mantenimiento, programado o no, de actualizaci\u00f3n o en caso de fuerza mayor.<br \/>\nEn caso de indisponibilidad del servicio, boutique-durag.com se compromete a hacer todo lo posible para restablecer el acceso al sitio siguiente y se esforzar\u00e1 por informar a los usuarios con antelaci\u00f3n de las fechas y horas de la intervenci\u00f3n.<br \/>\nDado que boutique-durag.com s\u00f3lo est\u00e1 sujeta a una remuneraci\u00f3n por los servicios prestados, no podr\u00e1 ser considerada responsable de ning\u00fan da\u00f1o.  <\/p>\n<h3> <\/h3>\n<p><strong>4. Derechos de propiedad intelectual :<\/strong><\/p>\n<p>Neil LEBLANC es el \u00fanico propietario de todos los derechos de propiedad intelectual o titular de los derechos y autorizaciones de uso de todos los elementos accesibles en el sitio web, tanto estructuralmente como en t\u00e9rminos de texto, im\u00e1genes, gr\u00e1ficos, logotipos, sonidos, software, etc.<br \/>Cualquier reproducci\u00f3n total o parcial del sitio boutique-durag.com, representaci\u00f3n, edici\u00f3n, actualizaci\u00f3n total o parcial de uno de estos elementos, cualesquiera que sean los medios o la t\u00e9cnica utilizada, est\u00e1 formalmente prohibida, salvo aceptaci\u00f3n previa por escrito de Neil LEBLANC, responsable del sitio Internet en la direcci\u00f3n de correo electr\u00f3nico: contact@boutique-durag.com, so pena de ser considerada constitutiva de falsificaci\u00f3n y susceptible de acciones judiciales de conformidad con las disposiciones de los art\u00edculos L.335-2 y siguientes del C\u00f3digo de la Propiedad Intelectual.<\/p>\n<p>Toda reproducci\u00f3n del sitio boutique-durag.com, representaci\u00f3n, edici\u00f3n, actualizaci\u00f3n, total o parcial, de cualquiera de estos elementos, cualesquiera que sean los medios o procedimientos utilizados, est\u00e1 estrictamente prohibida, salvo autorizaci\u00f3n previa y por escrito de Neil LEBLANC, propietario del sitio, a la siguiente direcci\u00f3n de correo electr\u00f3nico: contact@boutique-durag.com, de lo contrario se calificar\u00e1 de igual modo de infracci\u00f3n y podr\u00e1 ser perseguida en virtud de las disposiciones de los m\u00faltiples art\u00edculos L.335-2 y siguientes del C\u00f3digo franc\u00e9s de la Propiedad Intelectual.<\/p>\n<p><strong>5. Cookies e hiperv\u00ednculos :<\/strong><\/p>\n<p>El siguiente sitio boutique-durag.com contiene una serie de enlaces de hipertexto hacia otros sitios web (socios, sitios fuente, etc.) puestos en l\u00ednea con la autorizaci\u00f3n de Neil LEBLANC.<a href=\"https:\/\/www.generateur-de-mentions-legales.com\/\"><span style=\"color: #000000;\">.<\/span><\/a><br \/>Sin embargo, Neil LEBLANC no puede comprobar la exhaustividad de la informaci\u00f3n de los sitios consultados y, por lo tanto, no se hace responsable de los riesgos de contenido il\u00edcito. Se informa a los usuarios de que, durante su utilizaci\u00f3n del sitio boutique-durag.com, pueden instalarse autom\u00e1ticamente una o varias cookies en su ordenador a trav\u00e9s del software de su navegador.<br \/>\nUna cookie es un conjunto de datos inform\u00e1ticos que nunca permitir\u00e1 saber qui\u00e9n la utiliza, pero que registra informaci\u00f3n relativa a la navegaci\u00f3n del usuario en el sitio web. <br \/>La configuraci\u00f3n del programa de navegaci\u00f3n permite al usuario ser notificado de la presencia de una cookie y, eventualmente, poder impugnarla mediante el procedimiento descrito en la siguiente direcci\u00f3n: <a href=\"https:\/\/boutique-durag.com\/es\/\">www.boutique-durag.com.<\/a><br \/>\nSin embargo, el usuario puede configurar su navegador para que rechace la instalaci\u00f3n de cookies, teniendo en cuenta que rechazar la instalaci\u00f3n de una cookie podr\u00eda conllevar la imposibilidad de acceder a determinadas \u00e1reas.<br \/>\nSi deseas bloquear las cookies, utiliza tu buscador para buscar: bloqueo de cookies y consulta las instrucciones de tu navegador.   <\/p>\n<h3><strong>6. Protecci\u00f3n de personas y bienes &#8211; Gesti\u00f3n de datos personales :<\/strong><\/h3>\n<p>En Francia, por ejemplo, los datos personales est\u00e1n protegidos por la ley n\u00ba 78-87 de 6 de enero de 1978, la ley n\u00ba 2004-801 de 6 de agosto de 2004, el art\u00edculo L. 226-13 del C\u00f3digo Penal y la Directiva Europea de 24 de octubre de 1995.<\/p>\n<p>En el sitio web boutique-durag.com, Neil LEBLANC no recopila informaci\u00f3n personal (de conformidad con el art\u00edculo 4 de la Ley n.\u00ba 78-17 de 06 de enero de 1978) relativa al usuario m\u00e1s que a efectos de varios servicios prestados por el sitio web boutique-durag.com.<br \/>\nEl usuario facilita la informaci\u00f3n con pleno conocimiento de causa, en particular cuando la introduce \u00e9l mismo.<br \/>\n<br \/>A continuaci\u00f3n, se especifica al usuario del sitio web boutique-durag.com la obligaci\u00f3n o no de proporcionar esta informaci\u00f3n. De conformidad con las disposiciones de los art\u00edculos 38 y otros de la Ley 78-17 de 6 de enero de 1978 relativa a los datos, archivos y libertades, todo usuario dispone de un derecho de acceso, rectificaci\u00f3n, supresi\u00f3n y oposici\u00f3n a la informaci\u00f3n personal.<br \/>\nPara ejercer este derecho, env\u00eda tu solicitud a boutique-durag.com por correo electr\u00f3nico :<strong><a href=\"mailto:contact@boutique-durag.com?subject=Contact%20%C3%A0%20partir%20des%20mentions%20l%C3%A9gales%20via%20le%20site%20boutique-durag.com\">contact@boutique-durag.com<\/a><\/strong> o por carta manuscrita debidamente firmada, adjuntando una copia del documento de identidad y una firma del titular del elemento, mencionando la direcci\u00f3n a la que debe enviarse la respuesta.   <\/p>\n<p>Ninguna informaci\u00f3n personal del usuario del siguiente sitio boutique-durag.com ser\u00e1 publicada sin el conocimiento del usuario, trocada, transmitida, transferida en ning\u00fan soporte a terceros.<br \/>\n<br \/>S\u00f3lo la asunci\u00f3n de la recompra del sitio interno boutique-durag.com y de la totalidad de sus derechos autoriza a Neil LEBLANC a unir informaci\u00f3n con el posible comprador que estar\u00eda entonces a su vez sujeto a la misma obligaci\u00f3n de conservaci\u00f3n y modificaci\u00f3n de los datos relativos al usuario del sitio boutique-durag.com. El sitio web boutique-durag.com est\u00e1 en conformidad con el RGPD para consultar nuestra pol\u00edtica RGPD. <\/p>\n<p>Las bases de datos est\u00e1n protegidas por las obligaciones de la Ley de 1 de julio de 1998 que transpone la Directiva 96\/9 de 11 de marzo de 1996 sobre la protecci\u00f3n jur\u00eddica de las bases de datos.<\/p>\n\t\t\t\t\t\t<\/div>\n\t\t\t\t<\/div>\n\t\t\t\t\t<\/div>\n\t\t<\/div>\n\t\t\t\t\t<\/div>\n\t\t<\/section>\n\t\t\t\t<\/div>\n\t\t","protected":false},"excerpt":{"rendered":"<p>Informaci\u00f3n legal INFORMACI\u00d3N LEGAL : De conformidad con las directrices de los art\u00edculos 6-III y 19 de la Ley n\u00famero 2004-575 de 21 de junio de 2004 relativa a la confianza en la econom\u00eda digital, conocida como L.C.E.N., ponemos en conocimiento de los usuarios del sitio: boutique-durag.com la siguiente informaci\u00f3n: 1. Informaci\u00f3n legal : El [&hellip;]<\/p>\n","protected":false},"author":1,"featured_media":0,"parent":0,"menu_order":0,"comment_status":"closed","ping_status":"closed","template":"","meta":{"footnotes":""},"class_list":["post-13458","page","type-page","status-publish","hentry"],"yoast_head":"<title>Informaci\u00f3n legal<\/title>\n<meta name=\"robots\" content=\"noindex, nofollow\" \/>\n<meta property=\"og:locale\" content=\"es_ES\" \/>\n<meta property=\"og:type\" content=\"article\" \/>\n<meta property=\"og:title\" content=\"Informaci\u00f3n legal\" \/>\n<meta property=\"og:description\" content=\"Informaci\u00f3n legal INFORMACI\u00d3N LEGAL : De conformidad con las directrices de los art\u00edculos 6-III y 19 de la Ley n\u00famero 2004-575 de 21 de junio de 2004 relativa a la confianza en la econom\u00eda digital, conocida como L.C.E.N., ponemos en conocimiento de los usuarios del sitio: boutique-durag.com la siguiente informaci\u00f3n: 1. Informaci\u00f3n legal : El [&hellip;]\" \/>\n<meta property=\"og:url\" content=\"https:\/\/boutique-durag.com\/es\/informacion-legal\/\" \/>\n<meta property=\"og:site_name\" content=\"Tienda Durag\" \/>\n<meta property=\"article:modified_time\" content=\"2024-09-18T07:01:37+00:00\" \/>\n<meta name=\"twitter:card\" content=\"summary_large_image\" \/>\n<meta name=\"twitter:label1\" content=\"Tiempo de lectura\" \/>\n\t<meta name=\"twitter:data1\" content=\"7 minutos\" \/>\n<script type=\"application\/ld+json\" class=\"yoast-schema-graph\">{\"@context\":\"https:\/\/schema.org\",\"@graph\":[{\"@type\":\"WebPage\",\"@id\":\"https:\/\/boutique-durag.com\/es\/informacion-legal\/\",\"url\":\"https:\/\/boutique-durag.com\/es\/informacion-legal\/\",\"name\":\"Informaci\u00f3n legal\",\"isPartOf\":{\"@id\":\"https:\/\/boutique-durag.com\/es\/#website\"},\"datePublished\":\"2020-10-09T13:39:05+00:00\",\"dateModified\":\"2024-09-18T07:01:37+00:00\",\"breadcrumb\":{\"@id\":\"https:\/\/boutique-durag.com\/es\/informacion-legal\/#breadcrumb\"},\"inLanguage\":\"es\",\"potentialAction\":[{\"@type\":\"ReadAction\",\"target\":[\"https:\/\/boutique-durag.com\/es\/informacion-legal\/\"]}]},{\"@type\":\"BreadcrumbList\",\"@id\":\"https:\/\/boutique-durag.com\/es\/informacion-legal\/#breadcrumb\",\"itemListElement\":[{\"@type\":\"ListItem\",\"position\":1,\"name\":\"Boutique durag\",\"item\":\"https:\/\/boutique-durag.com\/es\/inicio\/\"},{\"@type\":\"ListItem\",\"position\":2,\"name\":\"Informaci\u00f3n legal\"}]},{\"@type\":\"WebSite\",\"@id\":\"https:\/\/boutique-durag.com\/es\/#website\",\"url\":\"https:\/\/boutique-durag.com\/es\/\",\"name\":\"Tienda Durag\",\"description\":\"Tienda francesa de ropa de calle para hombre y mujer dedicada al mundo del durag y la cultura hip-hop. Descubre nuestra selecci\u00f3n de durag.\",\"publisher\":{\"@id\":\"https:\/\/boutique-durag.com\/es\/#organization\"},\"potentialAction\":[{\"@type\":\"SearchAction\",\"target\":{\"@type\":\"EntryPoint\",\"urlTemplate\":\"https:\/\/boutique-durag.com\/es\/?s={search_term_string}\"},\"query-input\":{\"@type\":\"PropertyValueSpecification\",\"valueRequired\":true,\"valueName\":\"search_term_string\"}}],\"inLanguage\":\"es\"},{\"@type\":\"Organization\",\"@id\":\"https:\/\/boutique-durag.com\/es\/#organization\",\"name\":\"Tienda Durag\",\"url\":\"https:\/\/boutique-durag.com\/es\/\",\"logo\":{\"@type\":\"ImageObject\",\"inLanguage\":\"es\",\"@id\":\"https:\/\/boutique-durag.com\/es\/#\/schema\/logo\/image\/\",\"url\":\"https:\/\/boutique-durag.com\/wp-content\/uploads\/2023\/05\/cropped-Site-Logo-3-1.png\",\"contentUrl\":\"https:\/\/boutique-durag.com\/wp-content\/uploads\/2023\/05\/cropped-Site-Logo-3-1.png\",\"width\":400,\"height\":100,\"caption\":\"Tienda Durag\"},\"image\":{\"@id\":\"https:\/\/boutique-durag.com\/es\/#\/schema\/logo\/image\/\"}}]}<\/script>","yoast_head_json":{"title":"Informaci\u00f3n legal","robots":{"index":"noindex","follow":"nofollow"},"og_locale":"es_ES","og_type":"article","og_title":"Informaci\u00f3n legal","og_description":"Informaci\u00f3n legal INFORMACI\u00d3N LEGAL : De conformidad con las directrices de los art\u00edculos 6-III y 19 de la Ley n\u00famero 2004-575 de 21 de junio de 2004 relativa a la confianza en la econom\u00eda digital, conocida como L.C.E.N., ponemos en conocimiento de los usuarios del sitio: boutique-durag.com la siguiente informaci\u00f3n: 1. Informaci\u00f3n legal : El [&hellip;]","og_url":"https:\/\/boutique-durag.com\/es\/informacion-legal\/","og_site_name":"Tienda Durag","article_modified_time":"2024-09-18T07:01:37+00:00","twitter_card":"summary_large_image","twitter_misc":{"Tiempo de lectura":"7 minutos"},"schema":{"@context":"https:\/\/schema.org","@graph":[{"@type":"WebPage","@id":"https:\/\/boutique-durag.com\/es\/informacion-legal\/","url":"https:\/\/boutique-durag.com\/es\/informacion-legal\/","name":"Informaci\u00f3n legal","isPartOf":{"@id":"https:\/\/boutique-durag.com\/es\/#website"},"datePublished":"2020-10-09T13:39:05+00:00","dateModified":"2024-09-18T07:01:37+00:00","breadcrumb":{"@id":"https:\/\/boutique-durag.com\/es\/informacion-legal\/#breadcrumb"},"inLanguage":"es","potentialAction":[{"@type":"ReadAction","target":["https:\/\/boutique-durag.com\/es\/informacion-legal\/"]}]},{"@type":"BreadcrumbList","@id":"https:\/\/boutique-durag.com\/es\/informacion-legal\/#breadcrumb","itemListElement":[{"@type":"ListItem","position":1,"name":"Boutique durag","item":"https:\/\/boutique-durag.com\/es\/inicio\/"},{"@type":"ListItem","position":2,"name":"Informaci\u00f3n legal"}]},{"@type":"WebSite","@id":"https:\/\/boutique-durag.com\/es\/#website","url":"https:\/\/boutique-durag.com\/es\/","name":"Tienda Durag","description":"Tienda francesa de ropa de calle para hombre y mujer dedicada al mundo del durag y la cultura hip-hop. Descubre nuestra selecci\u00f3n de durag.","publisher":{"@id":"https:\/\/boutique-durag.com\/es\/#organization"},"potentialAction":[{"@type":"SearchAction","target":{"@type":"EntryPoint","urlTemplate":"https:\/\/boutique-durag.com\/es\/?s={search_term_string}"},"query-input":{"@type":"PropertyValueSpecification","valueRequired":true,"valueName":"search_term_string"}}],"inLanguage":"es"},{"@type":"Organization","@id":"https:\/\/boutique-durag.com\/es\/#organization","name":"Tienda Durag","url":"https:\/\/boutique-durag.com\/es\/","logo":{"@type":"ImageObject","inLanguage":"es","@id":"https:\/\/boutique-durag.com\/es\/#\/schema\/logo\/image\/","url":"https:\/\/boutique-durag.com\/wp-content\/uploads\/2023\/05\/cropped-Site-Logo-3-1.png","contentUrl":"https:\/\/boutique-durag.com\/wp-content\/uploads\/2023\/05\/cropped-Site-Logo-3-1.png","width":400,"height":100,"caption":"Tienda Durag"},"image":{"@id":"https:\/\/boutique-durag.com\/es\/#\/schema\/logo\/image\/"}}]}},"_links":{"self":[{"href":"https:\/\/boutique-durag.com\/es\/wp-json\/wp\/v2\/pages\/13458"}],"collection":[{"href":"https:\/\/boutique-durag.com\/es\/wp-json\/wp\/v2\/pages"}],"about":[{"href":"https:\/\/boutique-durag.com\/es\/wp-json\/wp\/v2\/types\/page"}],"author":[{"embeddable":true,"href":"https:\/\/boutique-durag.com\/es\/wp-json\/wp\/v2\/users\/1"}],"replies":[{"embeddable":true,"href":"https:\/\/boutique-durag.com\/es\/wp-json\/wp\/v2\/comments?post=13458"}],"version-history":[{"count":0,"href":"https:\/\/boutique-durag.com\/es\/wp-json\/wp\/v2\/pages\/13458\/revisions"}],"wp:attachment":[{"href":"https:\/\/boutique-durag.com\/es\/wp-json\/wp\/v2\/media?parent=13458"}],"curies":[{"name":"wp","href":"https:\/\/api.w.org\/{rel}","templated":true}]}}