{"id":13443,"date":"2018-07-07T11:27:10","date_gmt":"2018-07-07T11:27:10","guid":{"rendered":"https:\/\/boutique-durag.com\/contacta-con-nosotros\/"},"modified":"2024-09-18T06:30:44","modified_gmt":"2024-09-18T06:30:44","slug":"contacta-con-nosotros","status":"publish","type":"page","link":"https:\/\/boutique-durag.com\/es\/contacta-con-nosotros\/","title":{"rendered":"Contacta con nosotros"},"content":{"rendered":"\t\t<div data-elementor-type=\"wp-post\" data-elementor-id=\"13443\" class=\"elementor elementor-13443 elementor-1132\" data-elementor-post-type=\"page\">\n\t\t\t\t\t\t<section class=\"elementor-section elementor-top-section elementor-element elementor-element-7d9c881 elementor-section-stretched elementor-section-boxed elementor-section-height-default elementor-section-height-default\" data-id=\"7d9c881\" data-element_type=\"section\" data-settings=\"{&quot;stretch_section&quot;:&quot;section-stretched&quot;,&quot;background_background&quot;:&quot;classic&quot;}\">\n\t\t\t\t\t\t\t<div class=\"elementor-background-overlay\"><\/div>\n\t\t\t\t\t\t\t<div class=\"elementor-container elementor-column-gap-default\">\n\t\t\t\t\t<div class=\"elementor-column elementor-col-100 elementor-top-column elementor-element elementor-element-91559a2\" data-id=\"91559a2\" data-element_type=\"column\">\n\t\t\t<div class=\"elementor-widget-wrap elementor-element-populated\">\n\t\t\t\t\t\t<div class=\"elementor-element elementor-element-a969128 elementor-invisible elementor-widget elementor-widget-heading\" data-id=\"a969128\" data-element_type=\"widget\" data-settings=\"{&quot;_animation&quot;:&quot;fadeInUp&quot;}\" data-widget_type=\"heading.default\">\n\t\t\t\t<div class=\"elementor-widget-container\">\n\t\t\t<h1 class=\"elementor-heading-title elementor-size-default\">P\u00f3ngase en contacto con nosotros<\/h1>\t\t<\/div>\n\t\t\t\t<\/div>\n\t\t\t\t<div class=\"elementor-element elementor-element-f2cb019 elementor-invisible elementor-widget elementor-widget-heading\" data-id=\"f2cb019\" data-element_type=\"widget\" data-settings=\"{&quot;_animation&quot;:&quot;fadeInDown&quot;}\" data-widget_type=\"heading.default\">\n\t\t\t\t<div class=\"elementor-widget-container\">\n\t\t\t<h3 class=\"elementor-heading-title elementor-size-default\">Preguntas m\u00e1s frecuentes<\/h3>\t\t<\/div>\n\t\t\t\t<\/div>\n\t\t\t\t\t<\/div>\n\t\t<\/div>\n\t\t\t\t\t<\/div>\n\t\t<\/section>\n\t\t\t\t<section class=\"elementor-section elementor-top-section elementor-element elementor-element-3fdebd4 elementor-section-content-top elementor-section-boxed elementor-section-height-default elementor-section-height-default\" data-id=\"3fdebd4\" data-element_type=\"section\">\n\t\t\t\t\t\t<div class=\"elementor-container elementor-column-gap-wider\">\n\t\t\t\t\t<div class=\"elementor-column elementor-col-50 elementor-top-column elementor-element elementor-element-d444a98\" data-id=\"d444a98\" data-element_type=\"column\">\n\t\t\t<div class=\"elementor-widget-wrap elementor-element-populated\">\n\t\t\t\t\t\t<div class=\"elementor-element elementor-element-1172d3e elementor-widget elementor-widget-spacer\" data-id=\"1172d3e\" data-element_type=\"widget\" data-widget_type=\"spacer.default\">\n\t\t\t\t<div class=\"elementor-widget-container\">\n\t\t\t\t\t<div class=\"elementor-spacer\">\n\t\t\t<div class=\"elementor-spacer-inner\"><\/div>\n\t\t<\/div>\n\t\t\t\t<\/div>\n\t\t\t\t<\/div>\n\t\t\t\t<div class=\"elementor-element elementor-element-b4cc2c6 elementor-widget elementor-widget-heading\" data-id=\"b4cc2c6\" data-element_type=\"widget\" data-widget_type=\"heading.default\">\n\t\t\t\t<div class=\"elementor-widget-container\">\n\t\t\t<h2 class=\"elementor-heading-title elementor-size-default\">Entrega y pedido<\/h2>\t\t<\/div>\n\t\t\t\t<\/div>\n\t\t\t\t<div class=\"elementor-element elementor-element-aa76579 elementor-widget elementor-widget-accordion\" data-id=\"aa76579\" data-element_type=\"widget\" data-widget_type=\"accordion.default\">\n\t\t\t\t<div class=\"elementor-widget-container\">\n\t\t\t\t\t<div class=\"elementor-accordion\">\n\t\t\t\t\t\t\t<div class=\"elementor-accordion-item\">\n\t\t\t\t\t<div id=\"elementor-tab-title-1781\" class=\"elementor-tab-title\" data-tab=\"1\" role=\"button\" aria-controls=\"elementor-tab-content-1781\" aria-expanded=\"false\">\n\t\t\t\t\t\t\t\t\t\t\t\t\t<span class=\"elementor-accordion-icon elementor-accordion-icon-right\" aria-hidden=\"true\">\n\t\t\t\t\t\t\t\t\t\t\t\t\t\t\t<span class=\"elementor-accordion-icon-closed\"><i class=\"fas fa-angle-down\"><\/i><\/span>\n\t\t\t\t\t\t\t\t<span class=\"elementor-accordion-icon-opened\"><i class=\"fas fa-angle-up\"><\/i><\/span>\n\t\t\t\t\t\t\t\t\t\t\t\t\t\t<\/span>\n\t\t\t\t\t\t\t\t\t\t\t\t<a class=\"elementor-accordion-title\" tabindex=\"0\">\u00bfCU\u00c1NTO TIEMPO SE TARDA EN RECIBIR UN PEDIDO?<\/a>\n\t\t\t\t\t<\/div>\n\t\t\t\t\t<div id=\"elementor-tab-content-1781\" class=\"elementor-tab-content elementor-clearfix\" data-tab=\"1\" role=\"region\" aria-labelledby=\"elementor-tab-title-1781\"><p>Tu pedido se enviar\u00e1 en un plazo de 2 a 3 d\u00edas.<\/p>\n<p>Estimamos unos plazos de entrega medios de entre 7 y 10 d\u00edas laborables en cualquier parte del mundo.  <strong>Tus pedidos pueden tardar hasta 2 semanas en llegar.<\/strong>  Te pedimos disculpas por las molestias.<\/p>\n<\/div>\n\t\t\t\t<\/div>\n\t\t\t\t\t\t\t<div class=\"elementor-accordion-item\">\n\t\t\t\t\t<div id=\"elementor-tab-title-1782\" class=\"elementor-tab-title\" data-tab=\"2\" role=\"button\" aria-controls=\"elementor-tab-content-1782\" aria-expanded=\"false\">\n\t\t\t\t\t\t\t\t\t\t\t\t\t<span class=\"elementor-accordion-icon elementor-accordion-icon-right\" aria-hidden=\"true\">\n\t\t\t\t\t\t\t\t\t\t\t\t\t\t\t<span class=\"elementor-accordion-icon-closed\"><i class=\"fas fa-angle-down\"><\/i><\/span>\n\t\t\t\t\t\t\t\t<span class=\"elementor-accordion-icon-opened\"><i class=\"fas fa-angle-up\"><\/i><\/span>\n\t\t\t\t\t\t\t\t\t\t\t\t\t\t<\/span>\n\t\t\t\t\t\t\t\t\t\t\t\t<a class=\"elementor-accordion-title\" tabindex=\"0\">ME HE EQUIVOCADO DE DIRECCI\u00d3N. \u00bfQU\u00c9 PUEDO HACER?<\/a>\n\t\t\t\t\t<\/div>\n\t\t\t\t\t<div id=\"elementor-tab-content-1782\" class=\"elementor-tab-content elementor-clearfix\" data-tab=\"2\" role=\"region\" aria-labelledby=\"elementor-tab-title-1782\"><p>No te preocupes, si tu pedido a\u00fan no ha sido enviado, ponte en contacto con nosotros inmediatamente y estaremos encantados de actualizar tus datos.  <\/p>\n<\/div>\n\t\t\t\t<\/div>\n\t\t\t\t\t\t\t<div class=\"elementor-accordion-item\">\n\t\t\t\t\t<div id=\"elementor-tab-title-1783\" class=\"elementor-tab-title\" data-tab=\"3\" role=\"button\" aria-controls=\"elementor-tab-content-1783\" aria-expanded=\"false\">\n\t\t\t\t\t\t\t\t\t\t\t\t\t<span class=\"elementor-accordion-icon elementor-accordion-icon-right\" aria-hidden=\"true\">\n\t\t\t\t\t\t\t\t\t\t\t\t\t\t\t<span class=\"elementor-accordion-icon-closed\"><i class=\"fas fa-angle-down\"><\/i><\/span>\n\t\t\t\t\t\t\t\t<span class=\"elementor-accordion-icon-opened\"><i class=\"fas fa-angle-up\"><\/i><\/span>\n\t\t\t\t\t\t\t\t\t\t\t\t\t\t<\/span>\n\t\t\t\t\t\t\t\t\t\t\t\t<a class=\"elementor-accordion-title\" tabindex=\"0\">\u00bfFALTA ALG\u00daN ART\u00cdCULO EN MI PEDIDO?<\/a>\n\t\t\t\t\t<\/div>\n\t\t\t\t\t<div id=\"elementor-tab-content-1783\" class=\"elementor-tab-content elementor-clearfix\" data-tab=\"3\" role=\"region\" aria-labelledby=\"elementor-tab-title-1783\"><p>A veces, nuestros productos se env\u00edan por separado para acortar los plazos de entrega.<br \/>\nLo m\u00e1s probable es que el resto del pedido llegue en breve.<br \/>\nSi a\u00fan no los has recibido, ponte en contacto con nosotros.  <\/p>\n<\/div>\n\t\t\t\t<\/div>\n\t\t\t\t\t\t\t<div class=\"elementor-accordion-item\">\n\t\t\t\t\t<div id=\"elementor-tab-title-1784\" class=\"elementor-tab-title\" data-tab=\"4\" role=\"button\" aria-controls=\"elementor-tab-content-1784\" aria-expanded=\"false\">\n\t\t\t\t\t\t\t\t\t\t\t\t\t<span class=\"elementor-accordion-icon elementor-accordion-icon-right\" aria-hidden=\"true\">\n\t\t\t\t\t\t\t\t\t\t\t\t\t\t\t<span class=\"elementor-accordion-icon-closed\"><i class=\"fas fa-angle-down\"><\/i><\/span>\n\t\t\t\t\t\t\t\t<span class=\"elementor-accordion-icon-opened\"><i class=\"fas fa-angle-up\"><\/i><\/span>\n\t\t\t\t\t\t\t\t\t\t\t\t\t\t<\/span>\n\t\t\t\t\t\t\t\t\t\t\t\t<a class=\"elementor-accordion-title\" tabindex=\"0\">PAGO SEGURO ?<\/a>\n\t\t\t\t\t<\/div>\n\t\t\t\t\t<div id=\"elementor-tab-content-1784\" class=\"elementor-tab-content elementor-clearfix\" data-tab=\"4\" role=\"region\" aria-labelledby=\"elementor-tab-title-1784\"><p>Este sitio es 100% seguro.<br \/>En primer lugar, nuestro sitio est\u00e1 en un servidor HTTPS (el peque\u00f1o candado a la izquierda de la URL en esta p\u00e1gina est\u00e1 ah\u00ed para record\u00e1rtelo).<br \/>La mayor\u00eda de los sitios s\u00f3lo protegen la &#8220;cesta de la compra&#8221; y todo lo relacionado con el pago de los pedidos.<br \/>\nEn este sitio, TODAS LAS P\u00c1GINAS son seguras y no pueden ser pirateadas ni atacadas por software malintencionado. <\/p>\n<\/div>\n\t\t\t\t<\/div>\n\t\t\t\t\t\t\t<div class=\"elementor-accordion-item\">\n\t\t\t\t\t<div id=\"elementor-tab-title-1785\" class=\"elementor-tab-title\" data-tab=\"5\" role=\"button\" aria-controls=\"elementor-tab-content-1785\" aria-expanded=\"false\">\n\t\t\t\t\t\t\t\t\t\t\t\t\t<span class=\"elementor-accordion-icon elementor-accordion-icon-right\" aria-hidden=\"true\">\n\t\t\t\t\t\t\t\t\t\t\t\t\t\t\t<span class=\"elementor-accordion-icon-closed\"><i class=\"fas fa-angle-down\"><\/i><\/span>\n\t\t\t\t\t\t\t\t<span class=\"elementor-accordion-icon-opened\"><i class=\"fas fa-angle-up\"><\/i><\/span>\n\t\t\t\t\t\t\t\t\t\t\t\t\t\t<\/span>\n\t\t\t\t\t\t\t\t\t\t\t\t<a class=\"elementor-accordion-title\" tabindex=\"0\">\u00bfDEVOLVER MI PRODUCTO?<\/a>\n\t\t\t\t\t<\/div>\n\t\t\t\t\t<div id=\"elementor-tab-content-1785\" class=\"elementor-tab-content elementor-clearfix\" data-tab=\"5\" role=\"region\" aria-labelledby=\"elementor-tab-title-1785\"><p>Ofrecemos una garant\u00eda de devoluci\u00f3n del dinero.<\/p>\n<p>Si, por cualquier motivo, el producto no cumple tus expectativas, puedes devolv\u00e9rnoslo en un plazo de 15 d\u00edas a partir de su recepci\u00f3n y te reembolsaremos el precio del art\u00edculo en cuanto lo recibamos.<br \/>\n<br \/>(Se cobrar\u00e1 una tasa de reposici\u00f3n del 25%) No obstante, todos los productos devueltos deben estar en perfectas condiciones y los gastos de devoluci\u00f3n correr\u00e1n de tu cuenta.<br \/>\nA continuaci\u00f3n, deber\u00e1s enviarnos un comprobante de env\u00edo por correo electr\u00f3nico como prueba de entrega.  <\/p>\n<\/div>\n\t\t\t\t<\/div>\n\t\t\t\t\t\t\t\t<\/div>\n\t\t\t\t<\/div>\n\t\t\t\t<\/div>\n\t\t\t\t<div class=\"elementor-element elementor-element-304aff3 elementor-widget elementor-widget-text-editor\" data-id=\"304aff3\" data-element_type=\"widget\" data-widget_type=\"text-editor.default\">\n\t\t\t\t<div class=\"elementor-widget-container\">\n\t\t\t\t\t\t\t<p>Para m\u00e1s informaci\u00f3n:  <p>contact@boutique-durag.com<\/p>\n<\/p>\n\t\t\t\t\t\t<\/div>\n\t\t\t\t<\/div>\n\t\t\t\t\t<\/div>\n\t\t<\/div>\n\t\t\t\t<div class=\"elementor-column elementor-col-50 elementor-top-column elementor-element elementor-element-4e729dc\" data-id=\"4e729dc\" data-element_type=\"column\">\n\t\t\t<div class=\"elementor-widget-wrap elementor-element-populated\">\n\t\t\t\t\t\t<div class=\"elementor-element elementor-element-0b0e079 elementor-widget elementor-widget-heading\" data-id=\"0b0e079\" data-element_type=\"widget\" data-widget_type=\"heading.default\">\n\t\t\t\t<div class=\"elementor-widget-container\">\n\t\t\t<h2 class=\"elementor-heading-title elementor-size-default\">Formulario<\/h2>\t\t<\/div>\n\t\t\t\t<\/div>\n\t\t\t\t\t<\/div>\n\t\t<\/div>\n\t\t\t\t\t<\/div>\n\t\t<\/section>\n\t\t\t\t<\/div>\n\t\t","protected":false},"excerpt":{"rendered":"<p>P\u00f3ngase en contacto con nosotros Preguntas m\u00e1s frecuentes Entrega y pedido \u00bfCU\u00c1NTO TIEMPO SE TARDA EN RECIBIR UN PEDIDO? Tu pedido se enviar\u00e1 en un plazo de 2 a 3 d\u00edas. Estimamos unos plazos de entrega medios de entre 7 y 10 d\u00edas laborables en cualquier parte del mundo. Tus pedidos pueden tardar hasta 2 [&hellip;]<\/p>\n","protected":false},"author":1,"featured_media":0,"parent":0,"menu_order":0,"comment_status":"closed","ping_status":"closed","template":"template-fullwidth-no-heading.php","meta":{"footnotes":""},"class_list":["post-13443","page","type-page","status-publish","hentry"],"yoast_head":"<title>Contacta con nosotros<\/title>\n<meta name=\"robots\" content=\"noindex, nofollow\" \/>\n<meta property=\"og:locale\" content=\"es_ES\" \/>\n<meta property=\"og:type\" content=\"article\" \/>\n<meta property=\"og:title\" content=\"Contacta con nosotros\" \/>\n<meta property=\"og:description\" content=\"P\u00f3ngase en contacto con nosotros Preguntas m\u00e1s frecuentes Entrega y pedido \u00bfCU\u00c1NTO TIEMPO SE TARDA EN RECIBIR UN PEDIDO? Tu pedido se enviar\u00e1 en un plazo de 2 a 3 d\u00edas. Estimamos unos plazos de entrega medios de entre 7 y 10 d\u00edas laborables en cualquier parte del mundo. Tus pedidos pueden tardar hasta 2 [&hellip;]\" \/>\n<meta property=\"og:url\" content=\"https:\/\/boutique-durag.com\/es\/contacta-con-nosotros\/\" \/>\n<meta property=\"og:site_name\" content=\"Tienda Durag\" \/>\n<meta property=\"article:modified_time\" content=\"2024-09-18T06:30:44+00:00\" \/>\n<meta name=\"twitter:card\" content=\"summary_large_image\" \/>\n<meta name=\"twitter:label1\" content=\"Tiempo de lectura\" \/>\n\t<meta name=\"twitter:data1\" content=\"2 minutos\" \/>\n<script type=\"application\/ld+json\" class=\"yoast-schema-graph\">{\"@context\":\"https:\/\/schema.org\",\"@graph\":[{\"@type\":\"WebPage\",\"@id\":\"https:\/\/boutique-durag.com\/es\/contacta-con-nosotros\/\",\"url\":\"https:\/\/boutique-durag.com\/es\/contacta-con-nosotros\/\",\"name\":\"Contacta con nosotros\",\"isPartOf\":{\"@id\":\"https:\/\/boutique-durag.com\/es\/#website\"},\"datePublished\":\"2018-07-07T11:27:10+00:00\",\"dateModified\":\"2024-09-18T06:30:44+00:00\",\"breadcrumb\":{\"@id\":\"https:\/\/boutique-durag.com\/es\/contacta-con-nosotros\/#breadcrumb\"},\"inLanguage\":\"es\",\"potentialAction\":[{\"@type\":\"ReadAction\",\"target\":[\"https:\/\/boutique-durag.com\/es\/contacta-con-nosotros\/\"]}]},{\"@type\":\"BreadcrumbList\",\"@id\":\"https:\/\/boutique-durag.com\/es\/contacta-con-nosotros\/#breadcrumb\",\"itemListElement\":[{\"@type\":\"ListItem\",\"position\":1,\"name\":\"Boutique durag\",\"item\":\"https:\/\/boutique-durag.com\/es\/inicio\/\"},{\"@type\":\"ListItem\",\"position\":2,\"name\":\"Contacta con nosotros\"}]},{\"@type\":\"WebSite\",\"@id\":\"https:\/\/boutique-durag.com\/es\/#website\",\"url\":\"https:\/\/boutique-durag.com\/es\/\",\"name\":\"Tienda Durag\",\"description\":\"Tienda francesa de ropa de calle para hombre y mujer dedicada al mundo del durag y la cultura hip-hop. Descubre nuestra selecci\u00f3n de durag.\",\"publisher\":{\"@id\":\"https:\/\/boutique-durag.com\/es\/#organization\"},\"potentialAction\":[{\"@type\":\"SearchAction\",\"target\":{\"@type\":\"EntryPoint\",\"urlTemplate\":\"https:\/\/boutique-durag.com\/es\/?s={search_term_string}\"},\"query-input\":{\"@type\":\"PropertyValueSpecification\",\"valueRequired\":true,\"valueName\":\"search_term_string\"}}],\"inLanguage\":\"es\"},{\"@type\":\"Organization\",\"@id\":\"https:\/\/boutique-durag.com\/es\/#organization\",\"name\":\"Tienda Durag\",\"url\":\"https:\/\/boutique-durag.com\/es\/\",\"logo\":{\"@type\":\"ImageObject\",\"inLanguage\":\"es\",\"@id\":\"https:\/\/boutique-durag.com\/es\/#\/schema\/logo\/image\/\",\"url\":\"https:\/\/boutique-durag.com\/wp-content\/uploads\/2023\/05\/cropped-Site-Logo-3-1.png\",\"contentUrl\":\"https:\/\/boutique-durag.com\/wp-content\/uploads\/2023\/05\/cropped-Site-Logo-3-1.png\",\"width\":400,\"height\":100,\"caption\":\"Tienda Durag\"},\"image\":{\"@id\":\"https:\/\/boutique-durag.com\/es\/#\/schema\/logo\/image\/\"}}]}<\/script>","yoast_head_json":{"title":"Contacta con nosotros","robots":{"index":"noindex","follow":"nofollow"},"og_locale":"es_ES","og_type":"article","og_title":"Contacta con nosotros","og_description":"P\u00f3ngase en contacto con nosotros Preguntas m\u00e1s frecuentes Entrega y pedido \u00bfCU\u00c1NTO TIEMPO SE TARDA EN RECIBIR UN PEDIDO? Tu pedido se enviar\u00e1 en un plazo de 2 a 3 d\u00edas. Estimamos unos plazos de entrega medios de entre 7 y 10 d\u00edas laborables en cualquier parte del mundo. Tus pedidos pueden tardar hasta 2 [&hellip;]","og_url":"https:\/\/boutique-durag.com\/es\/contacta-con-nosotros\/","og_site_name":"Tienda Durag","article_modified_time":"2024-09-18T06:30:44+00:00","twitter_card":"summary_large_image","twitter_misc":{"Tiempo de lectura":"2 minutos"},"schema":{"@context":"https:\/\/schema.org","@graph":[{"@type":"WebPage","@id":"https:\/\/boutique-durag.com\/es\/contacta-con-nosotros\/","url":"https:\/\/boutique-durag.com\/es\/contacta-con-nosotros\/","name":"Contacta con nosotros","isPartOf":{"@id":"https:\/\/boutique-durag.com\/es\/#website"},"datePublished":"2018-07-07T11:27:10+00:00","dateModified":"2024-09-18T06:30:44+00:00","breadcrumb":{"@id":"https:\/\/boutique-durag.com\/es\/contacta-con-nosotros\/#breadcrumb"},"inLanguage":"es","potentialAction":[{"@type":"ReadAction","target":["https:\/\/boutique-durag.com\/es\/contacta-con-nosotros\/"]}]},{"@type":"BreadcrumbList","@id":"https:\/\/boutique-durag.com\/es\/contacta-con-nosotros\/#breadcrumb","itemListElement":[{"@type":"ListItem","position":1,"name":"Boutique durag","item":"https:\/\/boutique-durag.com\/es\/inicio\/"},{"@type":"ListItem","position":2,"name":"Contacta con nosotros"}]},{"@type":"WebSite","@id":"https:\/\/boutique-durag.com\/es\/#website","url":"https:\/\/boutique-durag.com\/es\/","name":"Tienda Durag","description":"Tienda francesa de ropa de calle para hombre y mujer dedicada al mundo del durag y la cultura hip-hop. Descubre nuestra selecci\u00f3n de durag.","publisher":{"@id":"https:\/\/boutique-durag.com\/es\/#organization"},"potentialAction":[{"@type":"SearchAction","target":{"@type":"EntryPoint","urlTemplate":"https:\/\/boutique-durag.com\/es\/?s={search_term_string}"},"query-input":{"@type":"PropertyValueSpecification","valueRequired":true,"valueName":"search_term_string"}}],"inLanguage":"es"},{"@type":"Organization","@id":"https:\/\/boutique-durag.com\/es\/#organization","name":"Tienda Durag","url":"https:\/\/boutique-durag.com\/es\/","logo":{"@type":"ImageObject","inLanguage":"es","@id":"https:\/\/boutique-durag.com\/es\/#\/schema\/logo\/image\/","url":"https:\/\/boutique-durag.com\/wp-content\/uploads\/2023\/05\/cropped-Site-Logo-3-1.png","contentUrl":"https:\/\/boutique-durag.com\/wp-content\/uploads\/2023\/05\/cropped-Site-Logo-3-1.png","width":400,"height":100,"caption":"Tienda Durag"},"image":{"@id":"https:\/\/boutique-durag.com\/es\/#\/schema\/logo\/image\/"}}]}},"_links":{"self":[{"href":"https:\/\/boutique-durag.com\/es\/wp-json\/wp\/v2\/pages\/13443"}],"collection":[{"href":"https:\/\/boutique-durag.com\/es\/wp-json\/wp\/v2\/pages"}],"about":[{"href":"https:\/\/boutique-durag.com\/es\/wp-json\/wp\/v2\/types\/page"}],"author":[{"embeddable":true,"href":"https:\/\/boutique-durag.com\/es\/wp-json\/wp\/v2\/users\/1"}],"replies":[{"embeddable":true,"href":"https:\/\/boutique-durag.com\/es\/wp-json\/wp\/v2\/comments?post=13443"}],"version-history":[{"count":3,"href":"https:\/\/boutique-durag.com\/es\/wp-json\/wp\/v2\/pages\/13443\/revisions"}],"predecessor-version":[{"id":13446,"href":"https:\/\/boutique-durag.com\/es\/wp-json\/wp\/v2\/pages\/13443\/revisions\/13446"}],"wp:attachment":[{"href":"https:\/\/boutique-durag.com\/es\/wp-json\/wp\/v2\/media?parent=13443"}],"curies":[{"name":"wp","href":"https:\/\/api.w.org\/{rel}","templated":true}]}}